{"id":8540,"date":"2025-04-01T18:28:36","date_gmt":"2025-04-01T23:28:36","guid":{"rendered":"https:\/\/giftronic04.com\/?post_type=product&#038;p=8540"},"modified":"2025-06-25T11:31:13","modified_gmt":"2025-06-25T16:31:13","slug":"tablet-samsung-11-galaxy-tab-a9-5g-ram-8gb-128gb-graphite","status":"publish","type":"product","link":"https:\/\/giftronic04.com\/index.php\/product\/tablet-samsung-11-galaxy-tab-a9-5g-ram-8gb-128gb-graphite\/","title":{"rendered":"Tablet SAMSUNG 11&#8242; Galaxy Tab A9+ 5G RAM 8GB 128GB Graphite"},"content":{"rendered":"<p>Caracter\u00edsticas<\/p>\n<p>Marca: SAMSUNG<\/p>\n<p>Referencia: SM-X216B<\/p>\n<p>Tipo: TABLET<\/p>\n<p>Procesador<\/p>\n<p>Velocidad CPU<\/p>\n<p>2.2GHz, 1.8GHz<\/p>\n<p>Tipo CPU<\/p>\n<p>Octa-Core<\/p>\n<p>Pantalla<\/p>\n<p>Tama\u00f1o (Pantalla principal)<\/p>\n<p>11.0&#8243; (278.2mm)<\/p>\n<p>Resoluci\u00f3n (Pantalla principal)<\/p>\n<p>1920 x 1200 (WUXGA)<\/p>\n<p>Tecnolog\u00eda (Pantalla principal)<\/p>\n<p>TFT<\/p>\n<p>C\u00e1mara<\/p>\n<p>C\u00e1mara principal &#8211; Resoluci\u00f3n<\/p>\n<p>8.0 MP<\/p>\n<p>C\u00e1mara principal &#8211; Autofocus<\/p>\n<p>S\u00ed<\/p>\n<p>C\u00e1mara frontal &#8211; Resoluci\u00f3n<\/p>\n<p>5.0 MP<\/p>\n<p>C\u00e1mara principal &#8211; Flash<\/p>\n<p>No<\/p>\n<p>Resoluci\u00f3n de grabaci\u00f3n de v\u00eddeo<\/p>\n<p>FHD (1920 x 1080)@30fps<\/p>\n<p>Memoria RAM 8GB<\/p>\n<p>Almacenamiento 128gb<\/p>\n<p>Soporte de almacenamiento externo<\/p>\n<p>MicroSD (hasta 1TB)<\/p>\n<p>Red 5G LTE<\/p>\n<p>Conectividad<\/p>\n<p>Versi\u00f3n USB<\/p>\n<p>USB 2.0<\/p>\n<p>Auriculares<\/p>\n<p>3.5mm Stereo<\/p>\n<p>Wi-Fi<\/p>\n<p>802.11 a\/b\/g\/n\/ac 2.4G+5GHz, VHT80<\/p>\n<p>Wi-Fi Direct<\/p>\n<p>S\u00ed<\/p>\n<p>Versi\u00f3n Bluetooth<\/p>\n<p>Bluetooth v5.1<\/p>\n<p>Sistema Operativo<\/p>\n<p>Android<\/p>\n<p>Bater\u00eda<\/p>\n<p>Capacidad de bater\u00eda (mAh, t\u00edpico)<\/p>\n<p>7040<\/p>\n<p>No incluye Cargador.<\/p>\n<p>Resumen del producto<\/p>\n<p>Una tablet vers\u00e1til para sus elementos esenciales y entretenimiento cotidianos. La Tablet SAMSUNG serie Galaxy Tab A9+5G est\u00e1 dise\u00f1ada para ser incre\u00edblemente port\u00e1til y admite sus necesidades diarias. Los altavoces de pantalla y cu\u00e1druples m\u00e1s grandes y suaves no solo te permiten sumergirte en tus videos y juegos favoritos, sino que tambi\u00e9n proporcionan un aprendizaje divertido para los ni\u00f1os, y el poderoso chipset hiper-r\u00e1pido lo ayudan a mantenerse conectado con el mundo y multitarea como un profesional<\/p>\n<p>Recomendaciones<\/p>\n<p>Lea cuidadosamente la descripci\u00f3n del producto y condiciones de venta.<\/p>\n<p>Se otorga 1 a\u00f1o de respaldo por defectos de fabricaci\u00f3n directamente con la marca \u2018Conservando empaques originales\u2019. No cubre da\u00f1os ocasionados por manipulaci\u00f3n no autorizada, golpes, derrames o mal uso del equipo, Las im\u00e1genes publicadas en esta p\u00e1gina son representaciones fotogr\u00e1ficas que ilustran de manera aproximada las caracter\u00edsticas de los equipos en venta y pueden variar respecto a la realidad seg\u00fan la resoluci\u00f3n de estas y del dispositivo que se utilice para observarlas. Para cualquier proceso de garant\u00eda debes entregar el producto con los empaques y accesorios ORIGINALES.<\/p>\n","protected":false},"excerpt":{"rendered":"[video width=\"1280\" height=\"720\" mp4=\"https:\/\/giftronic04.com\/wp-content\/uploads\/2025\/04\/HD.mp4\"][\/video]\n","protected":false},"featured_media":8541,"comment_status":"open","ping_status":"closed","template":"","meta":{"_surecart_dashboard_logo_width":"180px","_surecart_dashboard_show_logo":true,"_surecart_dashboard_navigation_orders":true,"_surecart_dashboard_navigation_invoices":true,"_surecart_dashboard_navigation_subscriptions":true,"_surecart_dashboard_navigation_downloads":true,"_surecart_dashboard_navigation_billing":true,"_surecart_dashboard_navigation_account":true,"site-sidebar-layout":"default","site-content-layout":"","ast-site-content-layout":"default","site-content-style":"default","site-sidebar-style":"default","ast-global-header-display":"","ast-banner-title-visibility":"","ast-main-header-display":"","ast-hfb-above-header-display":"","ast-hfb-below-header-display":"","ast-hfb-mobile-header-display":"","site-post-title":"","ast-breadcrumbs-content":"","ast-featured-img":"","footer-sml-layout":"","ast-disable-related-posts":"","theme-transparent-header-meta":"","adv-header-id-meta":"","stick-header-meta":"","header-above-stick-meta":"","header-main-stick-meta":"","header-below-stick-meta":"","astra-migrate-meta-layouts":"default","ast-page-background-enabled":"default","ast-page-background-meta":{"desktop":{"background-color":"var(--ast-global-color-4)","background-image":"","background-repeat":"repeat","background-position":"center center","background-size":"auto","background-attachment":"scroll","background-type":"","background-media":"","overlay-type":"","overlay-color":"","overlay-opacity":"","overlay-gradient":""},"tablet":{"background-color":"","background-image":"","background-repeat":"repeat","background-position":"center center","background-size":"auto","background-attachment":"scroll","background-type":"","background-media":"","overlay-type":"","overlay-color":"","overlay-opacity":"","overlay-gradient":""},"mobile":{"background-color":"","background-image":"","background-repeat":"repeat","background-position":"center center","background-size":"auto","background-attachment":"scroll","background-type":"","background-media":"","overlay-type":"","overlay-color":"","overlay-opacity":"","overlay-gradient":""}},"ast-content-background-meta":{"desktop":{"background-color":"var(--ast-global-color-5)","background-image":"","background-repeat":"repeat","background-position":"center center","background-size":"auto","background-attachment":"scroll","background-type":"","background-media":"","overlay-type":"","overlay-color":"","overlay-opacity":"","overlay-gradient":""},"tablet":{"background-color":"var(--ast-global-color-5)","background-image":"","background-repeat":"repeat","background-position":"center center","background-size":"auto","background-attachment":"scroll","background-type":"","background-media":"","overlay-type":"","overlay-color":"","overlay-opacity":"","overlay-gradient":""},"mobile":{"background-color":"var(--ast-global-color-5)","background-image":"","background-repeat":"repeat","background-position":"center center","background-size":"auto","background-attachment":"scroll","background-type":"","background-media":"","overlay-type":"","overlay-color":"","overlay-opacity":"","overlay-gradient":""}}},"product_brand":[],"product_cat":[22,30],"product_tag":[],"class_list":{"0":"post-8540","1":"product","2":"type-product","3":"status-publish","4":"has-post-thumbnail","6":"product_cat-computacion","7":"product_cat-componentes-de-pc-portatiles","8":"desktop-align-left","9":"tablet-align-left","10":"mobile-align-left","12":"first","13":"outofstock","14":"sale","15":"taxable","16":"shipping-taxable","17":"purchasable","18":"product-type-simple"},"yoast_head":"<!-- This site is optimized with the Yoast SEO plugin v27.5 - https:\/\/yoast.com\/product\/yoast-seo-wordpress\/ -->\n<title>Tablet SAMSUNG 11&#039; Galaxy Tab A9+ 5G RAM 8GB 128GB Graphite - Giftronic.04<\/title>\n<meta name=\"robots\" content=\"index, follow, max-snippet:-1, max-image-preview:large, max-video-preview:-1\" \/>\n<link rel=\"canonical\" href=\"https:\/\/giftronic04.com\/index.php\/product\/tablet-samsung-11-galaxy-tab-a9-5g-ram-8gb-128gb-graphite\/\" \/>\n<meta property=\"og:locale\" content=\"es_ES\" \/>\n<meta property=\"og:type\" content=\"article\" \/>\n<meta property=\"og:title\" content=\"Tablet SAMSUNG 11&#039; Galaxy Tab A9+ 5G RAM 8GB 128GB Graphite - Giftronic.04\" \/>\n<meta property=\"og:url\" content=\"https:\/\/giftronic04.com\/index.php\/product\/tablet-samsung-11-galaxy-tab-a9-5g-ram-8gb-128gb-graphite\/\" \/>\n<meta property=\"og:site_name\" content=\"Giftronic.04\" \/>\n<meta property=\"article:modified_time\" content=\"2025-06-25T16:31:13+00:00\" \/>\n<meta property=\"og:image\" content=\"https:\/\/giftronic04.com\/wp-content\/uploads\/2025\/04\/1.jpg\" \/>\n\t<meta property=\"og:image:width\" content=\"2000\" \/>\n\t<meta property=\"og:image:height\" content=\"2000\" \/>\n\t<meta property=\"og:image:type\" content=\"image\/jpeg\" \/>\n<meta name=\"twitter:card\" content=\"summary_large_image\" \/>\n<meta name=\"twitter:description\" content=\"[video width=&quot;1280&quot; height=&quot;720&quot; mp4=&quot;https:\/\/giftronic04.com\/wp-content\/uploads\/2025\/04\/HD.mp4&quot;][\/video]\" \/>\n<meta name=\"twitter:label1\" content=\"Tiempo de lectura\" \/>\n\t<meta name=\"twitter:data1\" content=\"2 minutos\" \/>\n<script type=\"application\/ld+json\" class=\"yoast-schema-graph\">{\"@context\":\"https:\\\/\\\/schema.org\",\"@graph\":[{\"@type\":\"WebPage\",\"@id\":\"https:\\\/\\\/giftronic04.com\\\/index.php\\\/product\\\/tablet-samsung-11-galaxy-tab-a9-5g-ram-8gb-128gb-graphite\\\/\",\"url\":\"https:\\\/\\\/giftronic04.com\\\/index.php\\\/product\\\/tablet-samsung-11-galaxy-tab-a9-5g-ram-8gb-128gb-graphite\\\/\",\"name\":\"Tablet SAMSUNG 11' Galaxy Tab A9+ 5G RAM 8GB 128GB Graphite - Giftronic.04\",\"isPartOf\":{\"@id\":\"https:\\\/\\\/giftronic04.com\\\/#website\"},\"primaryImageOfPage\":{\"@id\":\"https:\\\/\\\/giftronic04.com\\\/index.php\\\/product\\\/tablet-samsung-11-galaxy-tab-a9-5g-ram-8gb-128gb-graphite\\\/#primaryimage\"},\"image\":{\"@id\":\"https:\\\/\\\/giftronic04.com\\\/index.php\\\/product\\\/tablet-samsung-11-galaxy-tab-a9-5g-ram-8gb-128gb-graphite\\\/#primaryimage\"},\"thumbnailUrl\":\"https:\\\/\\\/giftronic04.com\\\/wp-content\\\/uploads\\\/2025\\\/04\\\/1.jpg\",\"datePublished\":\"2025-04-01T23:28:36+00:00\",\"dateModified\":\"2025-06-25T16:31:13+00:00\",\"breadcrumb\":{\"@id\":\"https:\\\/\\\/giftronic04.com\\\/index.php\\\/product\\\/tablet-samsung-11-galaxy-tab-a9-5g-ram-8gb-128gb-graphite\\\/#breadcrumb\"},\"inLanguage\":\"es\",\"potentialAction\":[{\"@type\":\"ReadAction\",\"target\":[\"https:\\\/\\\/giftronic04.com\\\/index.php\\\/product\\\/tablet-samsung-11-galaxy-tab-a9-5g-ram-8gb-128gb-graphite\\\/\"]}]},{\"@type\":\"ImageObject\",\"inLanguage\":\"es\",\"@id\":\"https:\\\/\\\/giftronic04.com\\\/index.php\\\/product\\\/tablet-samsung-11-galaxy-tab-a9-5g-ram-8gb-128gb-graphite\\\/#primaryimage\",\"url\":\"https:\\\/\\\/giftronic04.com\\\/wp-content\\\/uploads\\\/2025\\\/04\\\/1.jpg\",\"contentUrl\":\"https:\\\/\\\/giftronic04.com\\\/wp-content\\\/uploads\\\/2025\\\/04\\\/1.jpg\",\"width\":2000,\"height\":2000},{\"@type\":\"BreadcrumbList\",\"@id\":\"https:\\\/\\\/giftronic04.com\\\/index.php\\\/product\\\/tablet-samsung-11-galaxy-tab-a9-5g-ram-8gb-128gb-graphite\\\/#breadcrumb\",\"itemListElement\":[{\"@type\":\"ListItem\",\"position\":1,\"name\":\"Portada\",\"item\":\"https:\\\/\\\/giftronic04.com\\\/\"},{\"@type\":\"ListItem\",\"position\":2,\"name\":\"Tienda\",\"item\":\"https:\\\/\\\/giftronic04.com\\\/index.php\\\/shop\\\/\"},{\"@type\":\"ListItem\",\"position\":3,\"name\":\"Tablet SAMSUNG 11&#8242; Galaxy Tab A9+ 5G RAM 8GB 128GB Graphite\"}]},{\"@type\":\"WebSite\",\"@id\":\"https:\\\/\\\/giftronic04.com\\\/#website\",\"url\":\"https:\\\/\\\/giftronic04.com\\\/\",\"name\":\"Giftronic.04\",\"description\":\"Venta de equipos tecnologicos\",\"publisher\":{\"@id\":\"https:\\\/\\\/giftronic04.com\\\/#organization\"},\"potentialAction\":[{\"@type\":\"SearchAction\",\"target\":{\"@type\":\"EntryPoint\",\"urlTemplate\":\"https:\\\/\\\/giftronic04.com\\\/?s={search_term_string}\"},\"query-input\":{\"@type\":\"PropertyValueSpecification\",\"valueRequired\":true,\"valueName\":\"search_term_string\"}}],\"inLanguage\":\"es\"},{\"@type\":\"Organization\",\"@id\":\"https:\\\/\\\/giftronic04.com\\\/#organization\",\"name\":\"giftronic04\",\"url\":\"https:\\\/\\\/giftronic04.com\\\/\",\"logo\":{\"@type\":\"ImageObject\",\"inLanguage\":\"es\",\"@id\":\"https:\\\/\\\/giftronic04.com\\\/#\\\/schema\\\/logo\\\/image\\\/\",\"url\":\"https:\\\/\\\/giftronic04.com\\\/wp-content\\\/uploads\\\/2021\\\/08\\\/logo.png\",\"contentUrl\":\"https:\\\/\\\/giftronic04.com\\\/wp-content\\\/uploads\\\/2021\\\/08\\\/logo.png\",\"width\":6640,\"height\":2192,\"caption\":\"giftronic04\"},\"image\":{\"@id\":\"https:\\\/\\\/giftronic04.com\\\/#\\\/schema\\\/logo\\\/image\\\/\"},\"sameAs\":[\"https:\\\/\\\/www.instagram.com\\\/giftronic.04\\\/\"]}]}<\/script>\n<!-- \/ Yoast SEO plugin. -->","yoast_head_json":{"title":"Tablet SAMSUNG 11' Galaxy Tab A9+ 5G RAM 8GB 128GB Graphite - Giftronic.04","robots":{"index":"index","follow":"follow","max-snippet":"max-snippet:-1","max-image-preview":"max-image-preview:large","max-video-preview":"max-video-preview:-1"},"canonical":"https:\/\/giftronic04.com\/index.php\/product\/tablet-samsung-11-galaxy-tab-a9-5g-ram-8gb-128gb-graphite\/","og_locale":"es_ES","og_type":"article","og_title":"Tablet SAMSUNG 11' Galaxy Tab A9+ 5G RAM 8GB 128GB Graphite - Giftronic.04","og_url":"https:\/\/giftronic04.com\/index.php\/product\/tablet-samsung-11-galaxy-tab-a9-5g-ram-8gb-128gb-graphite\/","og_site_name":"Giftronic.04","article_modified_time":"2025-06-25T16:31:13+00:00","og_image":[{"width":2000,"height":2000,"url":"https:\/\/giftronic04.com\/wp-content\/uploads\/2025\/04\/1.jpg","type":"image\/jpeg"}],"twitter_card":"summary_large_image","twitter_description":"[video width=\"1280\" height=\"720\" mp4=\"https:\/\/giftronic04.com\/wp-content\/uploads\/2025\/04\/HD.mp4\"][\/video]","twitter_misc":{"Tiempo de lectura":"2 minutos"},"schema":{"@context":"https:\/\/schema.org","@graph":[{"@type":"WebPage","@id":"https:\/\/giftronic04.com\/index.php\/product\/tablet-samsung-11-galaxy-tab-a9-5g-ram-8gb-128gb-graphite\/","url":"https:\/\/giftronic04.com\/index.php\/product\/tablet-samsung-11-galaxy-tab-a9-5g-ram-8gb-128gb-graphite\/","name":"Tablet SAMSUNG 11' Galaxy Tab A9+ 5G RAM 8GB 128GB Graphite - Giftronic.04","isPartOf":{"@id":"https:\/\/giftronic04.com\/#website"},"primaryImageOfPage":{"@id":"https:\/\/giftronic04.com\/index.php\/product\/tablet-samsung-11-galaxy-tab-a9-5g-ram-8gb-128gb-graphite\/#primaryimage"},"image":{"@id":"https:\/\/giftronic04.com\/index.php\/product\/tablet-samsung-11-galaxy-tab-a9-5g-ram-8gb-128gb-graphite\/#primaryimage"},"thumbnailUrl":"https:\/\/giftronic04.com\/wp-content\/uploads\/2025\/04\/1.jpg","datePublished":"2025-04-01T23:28:36+00:00","dateModified":"2025-06-25T16:31:13+00:00","breadcrumb":{"@id":"https:\/\/giftronic04.com\/index.php\/product\/tablet-samsung-11-galaxy-tab-a9-5g-ram-8gb-128gb-graphite\/#breadcrumb"},"inLanguage":"es","potentialAction":[{"@type":"ReadAction","target":["https:\/\/giftronic04.com\/index.php\/product\/tablet-samsung-11-galaxy-tab-a9-5g-ram-8gb-128gb-graphite\/"]}]},{"@type":"ImageObject","inLanguage":"es","@id":"https:\/\/giftronic04.com\/index.php\/product\/tablet-samsung-11-galaxy-tab-a9-5g-ram-8gb-128gb-graphite\/#primaryimage","url":"https:\/\/giftronic04.com\/wp-content\/uploads\/2025\/04\/1.jpg","contentUrl":"https:\/\/giftronic04.com\/wp-content\/uploads\/2025\/04\/1.jpg","width":2000,"height":2000},{"@type":"BreadcrumbList","@id":"https:\/\/giftronic04.com\/index.php\/product\/tablet-samsung-11-galaxy-tab-a9-5g-ram-8gb-128gb-graphite\/#breadcrumb","itemListElement":[{"@type":"ListItem","position":1,"name":"Portada","item":"https:\/\/giftronic04.com\/"},{"@type":"ListItem","position":2,"name":"Tienda","item":"https:\/\/giftronic04.com\/index.php\/shop\/"},{"@type":"ListItem","position":3,"name":"Tablet SAMSUNG 11&#8242; Galaxy Tab A9+ 5G RAM 8GB 128GB Graphite"}]},{"@type":"WebSite","@id":"https:\/\/giftronic04.com\/#website","url":"https:\/\/giftronic04.com\/","name":"Giftronic.04","description":"Venta de equipos tecnologicos","publisher":{"@id":"https:\/\/giftronic04.com\/#organization"},"potentialAction":[{"@type":"SearchAction","target":{"@type":"EntryPoint","urlTemplate":"https:\/\/giftronic04.com\/?s={search_term_string}"},"query-input":{"@type":"PropertyValueSpecification","valueRequired":true,"valueName":"search_term_string"}}],"inLanguage":"es"},{"@type":"Organization","@id":"https:\/\/giftronic04.com\/#organization","name":"giftronic04","url":"https:\/\/giftronic04.com\/","logo":{"@type":"ImageObject","inLanguage":"es","@id":"https:\/\/giftronic04.com\/#\/schema\/logo\/image\/","url":"https:\/\/giftronic04.com\/wp-content\/uploads\/2021\/08\/logo.png","contentUrl":"https:\/\/giftronic04.com\/wp-content\/uploads\/2021\/08\/logo.png","width":6640,"height":2192,"caption":"giftronic04"},"image":{"@id":"https:\/\/giftronic04.com\/#\/schema\/logo\/image\/"},"sameAs":["https:\/\/www.instagram.com\/giftronic.04\/"]}]}},"jetpack_sharing_enabled":true,"_links":{"self":[{"href":"https:\/\/giftronic04.com\/index.php\/wp-json\/wp\/v2\/product\/8540","targetHints":{"allow":["GET"]}}],"collection":[{"href":"https:\/\/giftronic04.com\/index.php\/wp-json\/wp\/v2\/product"}],"about":[{"href":"https:\/\/giftronic04.com\/index.php\/wp-json\/wp\/v2\/types\/product"}],"replies":[{"embeddable":true,"href":"https:\/\/giftronic04.com\/index.php\/wp-json\/wp\/v2\/comments?post=8540"}],"wp:featuredmedia":[{"embeddable":true,"href":"https:\/\/giftronic04.com\/index.php\/wp-json\/wp\/v2\/media\/8541"}],"wp:attachment":[{"href":"https:\/\/giftronic04.com\/index.php\/wp-json\/wp\/v2\/media?parent=8540"}],"wp:term":[{"taxonomy":"product_brand","embeddable":true,"href":"https:\/\/giftronic04.com\/index.php\/wp-json\/wp\/v2\/product_brand?post=8540"},{"taxonomy":"product_cat","embeddable":true,"href":"https:\/\/giftronic04.com\/index.php\/wp-json\/wp\/v2\/product_cat?post=8540"},{"taxonomy":"product_tag","embeddable":true,"href":"https:\/\/giftronic04.com\/index.php\/wp-json\/wp\/v2\/product_tag?post=8540"}],"curies":[{"name":"wp","href":"https:\/\/api.w.org\/{rel}","templated":true}]}}