{"id":8564,"date":"2025-04-04T13:17:06","date_gmt":"2025-04-04T18:17:06","guid":{"rendered":"https:\/\/giftronic04.com\/?post_type=product&#038;p=8564"},"modified":"2025-06-25T11:31:19","modified_gmt":"2025-06-25T16:31:19","slug":"tablet-samsung-galaxy-tab-a9-sm-x115-pantalla-8-7-64gb-ram-4gb-wifi-4g-lte-graphite","status":"publish","type":"product","link":"https:\/\/giftronic04.com\/index.php\/product\/tablet-samsung-galaxy-tab-a9-sm-x115-pantalla-8-7-64gb-ram-4gb-wifi-4g-lte-graphite\/","title":{"rendered":"TABLET SAMSUNG GALAXY TAB A9 SM-X115 Pantalla 8.7&#8243; 64GB RAM 4GB WiFi 4G LTE Graphite"},"content":{"rendered":"<p>Caracter\u00edsticas<\/p>\n<p>Marca: SAMSUNG<\/p>\n<p>Referencia: SM-X115<\/p>\n<p>Tipo: TABLET<\/p>\n<p>Procesador: Mediatek Helio G99<\/p>\n<p>N\u00facleos del procesador: Octa Core<\/p>\n<p>Tama\u00f1o de la pantalla: 8.7 Pulgadas<\/p>\n<p>Resoluci\u00f3n: 1340 x 800 (WXGA+)<\/p>\n<p>Velocidad del procesador: 2.2GHz,2GHz<\/p>\n<p>Memoria RAM: 4GB<\/p>\n<p>Capacidad de almacenamiento: 64GB<\/p>\n<p>Memoria expandible: Hasta 1TB<\/p>\n<p>Memoria externa incluida: No<\/p>\n<p>C\u00e1mara frontal: 2 MP<\/p>\n<p>C\u00e1mara posterior: 8 MP<\/p>\n<p>Red: 4G LTE<\/p>\n<p>Conectividad: WiFi\/Bluetooth<\/p>\n<p>Conexi\u00f3n Bluetooth: S\u00ed<\/p>\n<p>Entradas HDMI: No incluye<\/p>\n<p>Sistema operativo: Android 13<\/p>\n<p>Caracter\u00edsticas de la pantalla: TFT<\/p>\n<p>Alto: 12.47 cm<\/p>\n<p>Ancho: 21.1 cm<\/p>\n<p>Profundidad: 0.8 cm<\/p>\n<p>Peso del producto: 0.627 kg<\/p>\n<p>\u00bfQu\u00e9 incluye?: Cable USB<\/p>\n<p>Tasa de refresco: 60 Hz<\/p>\n<p>Condici\u00f3n del producto: Nuevo<\/p>\n<p>Capacidad de la bater\u00eda 5100 (mAh, Typical)<\/p>\n<p>Color: Graphite<\/p>\n<p>No incluye Cargador.<\/p>\n<p>Resumen del producto<\/p>\n<p>SAMSUNG con la Galaxy Tab A9 ofrece una tablet vers\u00e1til para sus elementos esenciales y entretenimiento cotidianos. Est\u00e1 dise\u00f1ada para ser incre\u00edblemente port\u00e1til y admite sus necesidades diarias. Los altavoces de pantalla y cu\u00e1druples m\u00e1s grandes y suaves no solo te permiten sumergirte en tus videos y juegos favoritos, sino que tambi\u00e9n proporcionan un aprendizaje divertido para los ni\u00f1os, y el poderoso chipset hiper-r\u00e1pido lo ayudan a mantenerse conectado con el mundo y multitarea como un profesional.<\/p>\n<p>Recomendaciones<\/p>\n<p>Lea cuidadosamente la descripci\u00f3n del producto y condiciones de venta.<\/p>\n<p>Se otorga 1 a\u00f1o de respaldo por defectos de fabricaci\u00f3n directamente con la marca \u2018Conservando empaques originales\u2019. No cubre da\u00f1os ocasionados por manipulaci\u00f3n no autorizada, golpes, derrames o mal uso del equipo, Las im\u00e1genes publicadas en esta p\u00e1gina son representaciones fotogr\u00e1ficas que ilustran de manera aproximada las caracter\u00edsticas de los equipos en venta y pueden variar respecto a la realidad seg\u00fan la resoluci\u00f3n de estas y del dispositivo que se utilice para observarlas. Para cualquier proceso de garant\u00eda debes entregar el producto con los empaques y accesorios ORIGINALES.<\/p>\n","protected":false},"excerpt":{"rendered":"<p>Caracter\u00edsticas Marca: SAMSUNG Referencia: SM-X115 Tipo: TABLET Procesador: Mediatek Helio G99 N\u00facleos del procesador: Octa Core Tama\u00f1o de la pantalla: 8.7 Pulgadas Resoluci\u00f3n: 1340 x 800 (WXGA+) Velocidad del procesador: 2.2GHz,2GHz Memoria RAM: 4GB Capacidad de almacenamiento: 64GB Memoria expandible: Hasta 1TB Memoria externa incluida: No C\u00e1mara frontal: 2 MP C\u00e1mara posterior: 8 MP Red: [&hellip;]<\/p>\n","protected":false},"featured_media":8565,"comment_status":"open","ping_status":"closed","template":"","meta":{"_surecart_dashboard_logo_width":"180px","_surecart_dashboard_show_logo":true,"_surecart_dashboard_navigation_orders":true,"_surecart_dashboard_navigation_invoices":true,"_surecart_dashboard_navigation_subscriptions":true,"_surecart_dashboard_navigation_downloads":true,"_surecart_dashboard_navigation_billing":true,"_surecart_dashboard_navigation_account":true,"site-sidebar-layout":"default","site-content-layout":"","ast-site-content-layout":"default","site-content-style":"default","site-sidebar-style":"default","ast-global-header-display":"","ast-banner-title-visibility":"","ast-main-header-display":"","ast-hfb-above-header-display":"","ast-hfb-below-header-display":"","ast-hfb-mobile-header-display":"","site-post-title":"","ast-breadcrumbs-content":"","ast-featured-img":"","footer-sml-layout":"","ast-disable-related-posts":"","theme-transparent-header-meta":"","adv-header-id-meta":"","stick-header-meta":"","header-above-stick-meta":"","header-main-stick-meta":"","header-below-stick-meta":"","astra-migrate-meta-layouts":"default","ast-page-background-enabled":"default","ast-page-background-meta":{"desktop":{"background-color":"var(--ast-global-color-4)","background-image":"","background-repeat":"repeat","background-position":"center center","background-size":"auto","background-attachment":"scroll","background-type":"","background-media":"","overlay-type":"","overlay-color":"","overlay-opacity":"","overlay-gradient":""},"tablet":{"background-color":"","background-image":"","background-repeat":"repeat","background-position":"center center","background-size":"auto","background-attachment":"scroll","background-type":"","background-media":"","overlay-type":"","overlay-color":"","overlay-opacity":"","overlay-gradient":""},"mobile":{"background-color":"","background-image":"","background-repeat":"repeat","background-position":"center center","background-size":"auto","background-attachment":"scroll","background-type":"","background-media":"","overlay-type":"","overlay-color":"","overlay-opacity":"","overlay-gradient":""}},"ast-content-background-meta":{"desktop":{"background-color":"var(--ast-global-color-5)","background-image":"","background-repeat":"repeat","background-position":"center center","background-size":"auto","background-attachment":"scroll","background-type":"","background-media":"","overlay-type":"","overlay-color":"","overlay-opacity":"","overlay-gradient":""},"tablet":{"background-color":"var(--ast-global-color-5)","background-image":"","background-repeat":"repeat","background-position":"center center","background-size":"auto","background-attachment":"scroll","background-type":"","background-media":"","overlay-type":"","overlay-color":"","overlay-opacity":"","overlay-gradient":""},"mobile":{"background-color":"var(--ast-global-color-5)","background-image":"","background-repeat":"repeat","background-position":"center center","background-size":"auto","background-attachment":"scroll","background-type":"","background-media":"","overlay-type":"","overlay-color":"","overlay-opacity":"","overlay-gradient":""}}},"product_brand":[],"product_cat":[38],"product_tag":[],"class_list":{"0":"post-8564","1":"product","2":"type-product","3":"status-publish","4":"has-post-thumbnail","6":"product_cat-tablets-y-accesorios","7":"desktop-align-left","8":"tablet-align-left","9":"mobile-align-left","11":"first","12":"outofstock","13":"sale","14":"taxable","15":"shipping-taxable","16":"purchasable","17":"product-type-simple"},"yoast_head":"<!-- This site is optimized with the Yoast SEO plugin v27.4 - https:\/\/yoast.com\/product\/yoast-seo-wordpress\/ -->\n<title>TABLET SAMSUNG GALAXY TAB A9 SM-X115 Pantalla 8.7&quot; 64GB RAM 4GB WiFi 4G LTE Graphite - Giftronic.04<\/title>\n<meta name=\"robots\" content=\"index, follow, max-snippet:-1, max-image-preview:large, max-video-preview:-1\" \/>\n<link rel=\"canonical\" href=\"https:\/\/giftronic04.com\/index.php\/product\/tablet-samsung-galaxy-tab-a9-sm-x115-pantalla-8-7-64gb-ram-4gb-wifi-4g-lte-graphite\/\" \/>\n<meta property=\"og:locale\" content=\"es_ES\" \/>\n<meta property=\"og:type\" content=\"article\" \/>\n<meta property=\"og:title\" content=\"TABLET SAMSUNG GALAXY TAB A9 SM-X115 Pantalla 8.7&quot; 64GB RAM 4GB WiFi 4G LTE Graphite - Giftronic.04\" \/>\n<meta property=\"og:description\" content=\"Caracter\u00edsticas Marca: SAMSUNG Referencia: SM-X115 Tipo: TABLET Procesador: Mediatek Helio G99 N\u00facleos del procesador: Octa Core Tama\u00f1o de la pantalla: 8.7 Pulgadas Resoluci\u00f3n: 1340 x 800 (WXGA+) Velocidad del procesador: 2.2GHz,2GHz Memoria RAM: 4GB Capacidad de almacenamiento: 64GB Memoria expandible: Hasta 1TB Memoria externa incluida: No C\u00e1mara frontal: 2 MP C\u00e1mara posterior: 8 MP Red: [&hellip;]\" \/>\n<meta property=\"og:url\" content=\"https:\/\/giftronic04.com\/index.php\/product\/tablet-samsung-galaxy-tab-a9-sm-x115-pantalla-8-7-64gb-ram-4gb-wifi-4g-lte-graphite\/\" \/>\n<meta property=\"og:site_name\" content=\"Giftronic.04\" \/>\n<meta property=\"article:modified_time\" content=\"2025-06-25T16:31:19+00:00\" \/>\n<meta property=\"og:image\" content=\"https:\/\/giftronic04.com\/wp-content\/uploads\/2025\/04\/1-2.jpg\" \/>\n\t<meta property=\"og:image:width\" content=\"2000\" \/>\n\t<meta property=\"og:image:height\" content=\"2000\" \/>\n\t<meta property=\"og:image:type\" content=\"image\/jpeg\" \/>\n<meta name=\"twitter:card\" content=\"summary_large_image\" \/>\n<meta name=\"twitter:label1\" content=\"Tiempo de lectura\" \/>\n\t<meta name=\"twitter:data1\" content=\"2 minutos\" \/>\n<script type=\"application\/ld+json\" class=\"yoast-schema-graph\">{\"@context\":\"https:\\\/\\\/schema.org\",\"@graph\":[{\"@type\":\"WebPage\",\"@id\":\"https:\\\/\\\/giftronic04.com\\\/index.php\\\/product\\\/tablet-samsung-galaxy-tab-a9-sm-x115-pantalla-8-7-64gb-ram-4gb-wifi-4g-lte-graphite\\\/\",\"url\":\"https:\\\/\\\/giftronic04.com\\\/index.php\\\/product\\\/tablet-samsung-galaxy-tab-a9-sm-x115-pantalla-8-7-64gb-ram-4gb-wifi-4g-lte-graphite\\\/\",\"name\":\"TABLET SAMSUNG GALAXY TAB A9 SM-X115 Pantalla 8.7\\\" 64GB RAM 4GB WiFi 4G LTE Graphite - Giftronic.04\",\"isPartOf\":{\"@id\":\"https:\\\/\\\/giftronic04.com\\\/#website\"},\"primaryImageOfPage\":{\"@id\":\"https:\\\/\\\/giftronic04.com\\\/index.php\\\/product\\\/tablet-samsung-galaxy-tab-a9-sm-x115-pantalla-8-7-64gb-ram-4gb-wifi-4g-lte-graphite\\\/#primaryimage\"},\"image\":{\"@id\":\"https:\\\/\\\/giftronic04.com\\\/index.php\\\/product\\\/tablet-samsung-galaxy-tab-a9-sm-x115-pantalla-8-7-64gb-ram-4gb-wifi-4g-lte-graphite\\\/#primaryimage\"},\"thumbnailUrl\":\"https:\\\/\\\/giftronic04.com\\\/wp-content\\\/uploads\\\/2025\\\/04\\\/1-2.jpg\",\"datePublished\":\"2025-04-04T18:17:06+00:00\",\"dateModified\":\"2025-06-25T16:31:19+00:00\",\"breadcrumb\":{\"@id\":\"https:\\\/\\\/giftronic04.com\\\/index.php\\\/product\\\/tablet-samsung-galaxy-tab-a9-sm-x115-pantalla-8-7-64gb-ram-4gb-wifi-4g-lte-graphite\\\/#breadcrumb\"},\"inLanguage\":\"es\",\"potentialAction\":[{\"@type\":\"ReadAction\",\"target\":[\"https:\\\/\\\/giftronic04.com\\\/index.php\\\/product\\\/tablet-samsung-galaxy-tab-a9-sm-x115-pantalla-8-7-64gb-ram-4gb-wifi-4g-lte-graphite\\\/\"]}]},{\"@type\":\"ImageObject\",\"inLanguage\":\"es\",\"@id\":\"https:\\\/\\\/giftronic04.com\\\/index.php\\\/product\\\/tablet-samsung-galaxy-tab-a9-sm-x115-pantalla-8-7-64gb-ram-4gb-wifi-4g-lte-graphite\\\/#primaryimage\",\"url\":\"https:\\\/\\\/giftronic04.com\\\/wp-content\\\/uploads\\\/2025\\\/04\\\/1-2.jpg\",\"contentUrl\":\"https:\\\/\\\/giftronic04.com\\\/wp-content\\\/uploads\\\/2025\\\/04\\\/1-2.jpg\",\"width\":2000,\"height\":2000},{\"@type\":\"BreadcrumbList\",\"@id\":\"https:\\\/\\\/giftronic04.com\\\/index.php\\\/product\\\/tablet-samsung-galaxy-tab-a9-sm-x115-pantalla-8-7-64gb-ram-4gb-wifi-4g-lte-graphite\\\/#breadcrumb\",\"itemListElement\":[{\"@type\":\"ListItem\",\"position\":1,\"name\":\"Portada\",\"item\":\"https:\\\/\\\/giftronic04.com\\\/\"},{\"@type\":\"ListItem\",\"position\":2,\"name\":\"Tienda\",\"item\":\"https:\\\/\\\/giftronic04.com\\\/index.php\\\/shop\\\/\"},{\"@type\":\"ListItem\",\"position\":3,\"name\":\"TABLET SAMSUNG GALAXY TAB A9 SM-X115 Pantalla 8.7&#8243; 64GB RAM 4GB WiFi 4G LTE Graphite\"}]},{\"@type\":\"WebSite\",\"@id\":\"https:\\\/\\\/giftronic04.com\\\/#website\",\"url\":\"https:\\\/\\\/giftronic04.com\\\/\",\"name\":\"Giftronic.04\",\"description\":\"Venta de equipos tecnologicos\",\"publisher\":{\"@id\":\"https:\\\/\\\/giftronic04.com\\\/#organization\"},\"potentialAction\":[{\"@type\":\"SearchAction\",\"target\":{\"@type\":\"EntryPoint\",\"urlTemplate\":\"https:\\\/\\\/giftronic04.com\\\/?s={search_term_string}\"},\"query-input\":{\"@type\":\"PropertyValueSpecification\",\"valueRequired\":true,\"valueName\":\"search_term_string\"}}],\"inLanguage\":\"es\"},{\"@type\":\"Organization\",\"@id\":\"https:\\\/\\\/giftronic04.com\\\/#organization\",\"name\":\"giftronic04\",\"url\":\"https:\\\/\\\/giftronic04.com\\\/\",\"logo\":{\"@type\":\"ImageObject\",\"inLanguage\":\"es\",\"@id\":\"https:\\\/\\\/giftronic04.com\\\/#\\\/schema\\\/logo\\\/image\\\/\",\"url\":\"https:\\\/\\\/giftronic04.com\\\/wp-content\\\/uploads\\\/2021\\\/08\\\/logo.png\",\"contentUrl\":\"https:\\\/\\\/giftronic04.com\\\/wp-content\\\/uploads\\\/2021\\\/08\\\/logo.png\",\"width\":6640,\"height\":2192,\"caption\":\"giftronic04\"},\"image\":{\"@id\":\"https:\\\/\\\/giftronic04.com\\\/#\\\/schema\\\/logo\\\/image\\\/\"},\"sameAs\":[\"https:\\\/\\\/www.instagram.com\\\/giftronic.04\\\/\"]}]}<\/script>\n<!-- \/ Yoast SEO plugin. -->","yoast_head_json":{"title":"TABLET SAMSUNG GALAXY TAB A9 SM-X115 Pantalla 8.7\" 64GB RAM 4GB WiFi 4G LTE Graphite - Giftronic.04","robots":{"index":"index","follow":"follow","max-snippet":"max-snippet:-1","max-image-preview":"max-image-preview:large","max-video-preview":"max-video-preview:-1"},"canonical":"https:\/\/giftronic04.com\/index.php\/product\/tablet-samsung-galaxy-tab-a9-sm-x115-pantalla-8-7-64gb-ram-4gb-wifi-4g-lte-graphite\/","og_locale":"es_ES","og_type":"article","og_title":"TABLET SAMSUNG GALAXY TAB A9 SM-X115 Pantalla 8.7\" 64GB RAM 4GB WiFi 4G LTE Graphite - Giftronic.04","og_description":"Caracter\u00edsticas Marca: SAMSUNG Referencia: SM-X115 Tipo: TABLET Procesador: Mediatek Helio G99 N\u00facleos del procesador: Octa Core Tama\u00f1o de la pantalla: 8.7 Pulgadas Resoluci\u00f3n: 1340 x 800 (WXGA+) Velocidad del procesador: 2.2GHz,2GHz Memoria RAM: 4GB Capacidad de almacenamiento: 64GB Memoria expandible: Hasta 1TB Memoria externa incluida: No C\u00e1mara frontal: 2 MP C\u00e1mara posterior: 8 MP Red: [&hellip;]","og_url":"https:\/\/giftronic04.com\/index.php\/product\/tablet-samsung-galaxy-tab-a9-sm-x115-pantalla-8-7-64gb-ram-4gb-wifi-4g-lte-graphite\/","og_site_name":"Giftronic.04","article_modified_time":"2025-06-25T16:31:19+00:00","og_image":[{"width":2000,"height":2000,"url":"https:\/\/giftronic04.com\/wp-content\/uploads\/2025\/04\/1-2.jpg","type":"image\/jpeg"}],"twitter_card":"summary_large_image","twitter_misc":{"Tiempo de lectura":"2 minutos"},"schema":{"@context":"https:\/\/schema.org","@graph":[{"@type":"WebPage","@id":"https:\/\/giftronic04.com\/index.php\/product\/tablet-samsung-galaxy-tab-a9-sm-x115-pantalla-8-7-64gb-ram-4gb-wifi-4g-lte-graphite\/","url":"https:\/\/giftronic04.com\/index.php\/product\/tablet-samsung-galaxy-tab-a9-sm-x115-pantalla-8-7-64gb-ram-4gb-wifi-4g-lte-graphite\/","name":"TABLET SAMSUNG GALAXY TAB A9 SM-X115 Pantalla 8.7\" 64GB RAM 4GB WiFi 4G LTE Graphite - Giftronic.04","isPartOf":{"@id":"https:\/\/giftronic04.com\/#website"},"primaryImageOfPage":{"@id":"https:\/\/giftronic04.com\/index.php\/product\/tablet-samsung-galaxy-tab-a9-sm-x115-pantalla-8-7-64gb-ram-4gb-wifi-4g-lte-graphite\/#primaryimage"},"image":{"@id":"https:\/\/giftronic04.com\/index.php\/product\/tablet-samsung-galaxy-tab-a9-sm-x115-pantalla-8-7-64gb-ram-4gb-wifi-4g-lte-graphite\/#primaryimage"},"thumbnailUrl":"https:\/\/giftronic04.com\/wp-content\/uploads\/2025\/04\/1-2.jpg","datePublished":"2025-04-04T18:17:06+00:00","dateModified":"2025-06-25T16:31:19+00:00","breadcrumb":{"@id":"https:\/\/giftronic04.com\/index.php\/product\/tablet-samsung-galaxy-tab-a9-sm-x115-pantalla-8-7-64gb-ram-4gb-wifi-4g-lte-graphite\/#breadcrumb"},"inLanguage":"es","potentialAction":[{"@type":"ReadAction","target":["https:\/\/giftronic04.com\/index.php\/product\/tablet-samsung-galaxy-tab-a9-sm-x115-pantalla-8-7-64gb-ram-4gb-wifi-4g-lte-graphite\/"]}]},{"@type":"ImageObject","inLanguage":"es","@id":"https:\/\/giftronic04.com\/index.php\/product\/tablet-samsung-galaxy-tab-a9-sm-x115-pantalla-8-7-64gb-ram-4gb-wifi-4g-lte-graphite\/#primaryimage","url":"https:\/\/giftronic04.com\/wp-content\/uploads\/2025\/04\/1-2.jpg","contentUrl":"https:\/\/giftronic04.com\/wp-content\/uploads\/2025\/04\/1-2.jpg","width":2000,"height":2000},{"@type":"BreadcrumbList","@id":"https:\/\/giftronic04.com\/index.php\/product\/tablet-samsung-galaxy-tab-a9-sm-x115-pantalla-8-7-64gb-ram-4gb-wifi-4g-lte-graphite\/#breadcrumb","itemListElement":[{"@type":"ListItem","position":1,"name":"Portada","item":"https:\/\/giftronic04.com\/"},{"@type":"ListItem","position":2,"name":"Tienda","item":"https:\/\/giftronic04.com\/index.php\/shop\/"},{"@type":"ListItem","position":3,"name":"TABLET SAMSUNG GALAXY TAB A9 SM-X115 Pantalla 8.7&#8243; 64GB RAM 4GB WiFi 4G LTE Graphite"}]},{"@type":"WebSite","@id":"https:\/\/giftronic04.com\/#website","url":"https:\/\/giftronic04.com\/","name":"Giftronic.04","description":"Venta de equipos tecnologicos","publisher":{"@id":"https:\/\/giftronic04.com\/#organization"},"potentialAction":[{"@type":"SearchAction","target":{"@type":"EntryPoint","urlTemplate":"https:\/\/giftronic04.com\/?s={search_term_string}"},"query-input":{"@type":"PropertyValueSpecification","valueRequired":true,"valueName":"search_term_string"}}],"inLanguage":"es"},{"@type":"Organization","@id":"https:\/\/giftronic04.com\/#organization","name":"giftronic04","url":"https:\/\/giftronic04.com\/","logo":{"@type":"ImageObject","inLanguage":"es","@id":"https:\/\/giftronic04.com\/#\/schema\/logo\/image\/","url":"https:\/\/giftronic04.com\/wp-content\/uploads\/2021\/08\/logo.png","contentUrl":"https:\/\/giftronic04.com\/wp-content\/uploads\/2021\/08\/logo.png","width":6640,"height":2192,"caption":"giftronic04"},"image":{"@id":"https:\/\/giftronic04.com\/#\/schema\/logo\/image\/"},"sameAs":["https:\/\/www.instagram.com\/giftronic.04\/"]}]}},"jetpack_sharing_enabled":true,"_links":{"self":[{"href":"https:\/\/giftronic04.com\/index.php\/wp-json\/wp\/v2\/product\/8564","targetHints":{"allow":["GET"]}}],"collection":[{"href":"https:\/\/giftronic04.com\/index.php\/wp-json\/wp\/v2\/product"}],"about":[{"href":"https:\/\/giftronic04.com\/index.php\/wp-json\/wp\/v2\/types\/product"}],"replies":[{"embeddable":true,"href":"https:\/\/giftronic04.com\/index.php\/wp-json\/wp\/v2\/comments?post=8564"}],"wp:featuredmedia":[{"embeddable":true,"href":"https:\/\/giftronic04.com\/index.php\/wp-json\/wp\/v2\/media\/8565"}],"wp:attachment":[{"href":"https:\/\/giftronic04.com\/index.php\/wp-json\/wp\/v2\/media?parent=8564"}],"wp:term":[{"taxonomy":"product_brand","embeddable":true,"href":"https:\/\/giftronic04.com\/index.php\/wp-json\/wp\/v2\/product_brand?post=8564"},{"taxonomy":"product_cat","embeddable":true,"href":"https:\/\/giftronic04.com\/index.php\/wp-json\/wp\/v2\/product_cat?post=8564"},{"taxonomy":"product_tag","embeddable":true,"href":"https:\/\/giftronic04.com\/index.php\/wp-json\/wp\/v2\/product_tag?post=8564"}],"curies":[{"name":"wp","href":"https:\/\/api.w.org\/{rel}","templated":true}]}}