{"id":8600,"date":"2025-04-09T13:12:55","date_gmt":"2025-04-09T18:12:55","guid":{"rendered":"https:\/\/giftronic04.com\/?post_type=product&#038;p=8600"},"modified":"2025-06-25T11:31:25","modified_gmt":"2025-06-25T16:31:25","slug":"tablet-samsung-galaxy-tab-a9-sm-x110-pantalla-8-7-128gb-ram-8gb-wifi-graphite","status":"publish","type":"product","link":"https:\/\/giftronic04.com\/index.php\/product\/tablet-samsung-galaxy-tab-a9-sm-x110-pantalla-8-7-128gb-ram-8gb-wifi-graphite\/","title":{"rendered":"TABLET SAMSUNG GALAXY TAB A9 SM-X110 Pantalla 8.7&#8243; 128GB RAM 8GB WiFi Graphite"},"content":{"rendered":"<p>Caracter\u00edsticas<\/p>\n<p>Marca: Samsung<\/p>\n<p>Referencia: SM-X110<\/p>\n<p>Tipo: Tablet<\/p>\n<p>Memoria Interna<\/p>\n<p>128 GB<\/p>\n<p>Memoria RAM<\/p>\n<p>8 GB<\/p>\n<p>Marca del Procesador<\/p>\n<p>Mediatek<\/p>\n<p>Sistema Operativo<\/p>\n<p>Android<\/p>\n<p>Versi\u00f3n Sistema Operativo<\/p>\n<p>13<\/p>\n<p>Velocidad del Procesador<\/p>\n<p>2,2<\/p>\n<p>N\u00famero de N\u00facleos (m\u00e1s n\u00facleos m\u00e1s multitareas)<\/p>\n<p>8 N\u00facleos<\/p>\n<p>Imagen y Pantalla<\/p>\n<p>Resoluci\u00f3n Pantalla<\/p>\n<p>1340 x 800<\/p>\n<p>Tama\u00f1o Pantalla<\/p>\n<p>8.7 Pulgadas<\/p>\n<p>Caracter\u00edsticas T\u00e9cnicas<\/p>\n<p>Resoluci\u00f3n C\u00e1mara Frontal<\/p>\n<p>2\u00a0 Mpx<\/p>\n<p>Resoluci\u00f3n C\u00e1mara Posterior<\/p>\n<p>8\u00a0 Mpx<\/p>\n<p>Duraci\u00f3n de la Bater\u00eda<\/p>\n<p>8 Horas Aproximadas<\/p>\n<p>Conectividad<\/p>\n<p>Conexi\u00f3n a Datos<\/p>\n<p>WiFi<\/p>\n<p>Fuentes de Alimentaci\u00f3n de Energ\u00eda<\/p>\n<p>Bater\u00eda Recargable Interna<\/p>\n<p>Tipos de Puertos Entradas y Salidas<\/p>\n<p>Entrada Tarjeta Micro SD<\/p>\n<p>Puerto USB Tipo C<\/p>\n<p>Opciones de Conectividad<\/p>\n<p>Bluetooth<\/p>\n<p>WiFi<\/p>\n<p>Color Gris<\/p>\n<p>No incluye Cargador.<\/p>\n<p>Caracter\u00edsticas destacadas<\/p>\n<p>Tasa de refresco de 60 Hz, mayor velocidad y fluidez<\/p>\n<p>4 altavoces que te sumergen en tus v\u00eddeos y juegos favoritos<\/p>\n<p>Bater\u00eda de 5,100 mAh, brinda hasta 8 horas de autonom\u00eda<\/p>\n<p>Aumenta la productividad con la multitarea mejorada<\/p>\n<p>Almacenamiento expandible hasta 1 TB con MicroSD<\/p>\n<p>Resumen del producto<\/p>\n<p>SAMSUNG con la Galaxy Tab A9 ofrece una tablet vers\u00e1til para sus elementos esenciales y entretenimiento cotidianos. Est\u00e1 dise\u00f1ada para ser incre\u00edblemente port\u00e1til y admite sus necesidades diarias. Los altavoces de pantalla y cu\u00e1druples m\u00e1s grandes y suaves no solo te permiten sumergirte en tus videos y juegos favoritos, sino que tambi\u00e9n proporcionan un aprendizaje divertido para los ni\u00f1os, y el poderoso chipset hiper-r\u00e1pido lo ayudan a mantenerse conectado con el mundo y multitarea como un profesional.<\/p>\n<p>Recomendaciones<\/p>\n<p>Lea cuidadosamente la descripci\u00f3n del producto y condiciones de venta.<\/p>\n<p>Se otorga 1 a\u00f1o de respaldo por defectos de fabricaci\u00f3n directamente con la marca \u2018Conservando empaques originales\u2019. No cubre da\u00f1os ocasionados por manipulaci\u00f3n no autorizada, golpes, derrames o mal uso del equipo, Las im\u00e1genes publicadas en esta p\u00e1gina son representaciones fotogr\u00e1ficas que ilustran de manera aproximada las caracter\u00edsticas de los equipos en venta y pueden variar respecto a la realidad seg\u00fan la resoluci\u00f3n de estas y del dispositivo que se utilice para observarlas. Para cualquier proceso de garant\u00eda debes entregar el producto con los empaques y accesorios ORIGINALES.<\/p>\n","protected":false},"excerpt":{"rendered":"<p>Caracter\u00edsticas Marca: Samsung Referencia: SM-X110 Tipo: Tablet Memoria Interna 128 GB Memoria RAM 8 GB Marca del Procesador Mediatek Sistema Operativo Android Versi\u00f3n Sistema Operativo 13 Velocidad del Procesador 2,2 N\u00famero de N\u00facleos (m\u00e1s n\u00facleos m\u00e1s multitareas) 8 N\u00facleos Imagen y Pantalla Resoluci\u00f3n Pantalla 1340 x 800 Tama\u00f1o Pantalla 8.7 Pulgadas Caracter\u00edsticas T\u00e9cnicas Resoluci\u00f3n C\u00e1mara [&hellip;]<\/p>\n","protected":false},"featured_media":8602,"comment_status":"open","ping_status":"closed","template":"","meta":{"_surecart_dashboard_logo_width":"180px","_surecart_dashboard_show_logo":true,"_surecart_dashboard_navigation_orders":true,"_surecart_dashboard_navigation_invoices":true,"_surecart_dashboard_navigation_subscriptions":true,"_surecart_dashboard_navigation_downloads":true,"_surecart_dashboard_navigation_billing":true,"_surecart_dashboard_navigation_account":true,"site-sidebar-layout":"default","site-content-layout":"","ast-site-content-layout":"default","site-content-style":"default","site-sidebar-style":"default","ast-global-header-display":"","ast-banner-title-visibility":"","ast-main-header-display":"","ast-hfb-above-header-display":"","ast-hfb-below-header-display":"","ast-hfb-mobile-header-display":"","site-post-title":"","ast-breadcrumbs-content":"","ast-featured-img":"","footer-sml-layout":"","ast-disable-related-posts":"","theme-transparent-header-meta":"","adv-header-id-meta":"","stick-header-meta":"","header-above-stick-meta":"","header-main-stick-meta":"","header-below-stick-meta":"","astra-migrate-meta-layouts":"default","ast-page-background-enabled":"default","ast-page-background-meta":{"desktop":{"background-color":"var(--ast-global-color-4)","background-image":"","background-repeat":"repeat","background-position":"center center","background-size":"auto","background-attachment":"scroll","background-type":"","background-media":"","overlay-type":"","overlay-color":"","overlay-opacity":"","overlay-gradient":""},"tablet":{"background-color":"","background-image":"","background-repeat":"repeat","background-position":"center center","background-size":"auto","background-attachment":"scroll","background-type":"","background-media":"","overlay-type":"","overlay-color":"","overlay-opacity":"","overlay-gradient":""},"mobile":{"background-color":"","background-image":"","background-repeat":"repeat","background-position":"center center","background-size":"auto","background-attachment":"scroll","background-type":"","background-media":"","overlay-type":"","overlay-color":"","overlay-opacity":"","overlay-gradient":""}},"ast-content-background-meta":{"desktop":{"background-color":"var(--ast-global-color-5)","background-image":"","background-repeat":"repeat","background-position":"center center","background-size":"auto","background-attachment":"scroll","background-type":"","background-media":"","overlay-type":"","overlay-color":"","overlay-opacity":"","overlay-gradient":""},"tablet":{"background-color":"var(--ast-global-color-5)","background-image":"","background-repeat":"repeat","background-position":"center center","background-size":"auto","background-attachment":"scroll","background-type":"","background-media":"","overlay-type":"","overlay-color":"","overlay-opacity":"","overlay-gradient":""},"mobile":{"background-color":"var(--ast-global-color-5)","background-image":"","background-repeat":"repeat","background-position":"center center","background-size":"auto","background-attachment":"scroll","background-type":"","background-media":"","overlay-type":"","overlay-color":"","overlay-opacity":"","overlay-gradient":""}}},"product_brand":[],"product_cat":[38],"product_tag":[],"class_list":{"0":"post-8600","1":"product","2":"type-product","3":"status-publish","4":"has-post-thumbnail","6":"product_cat-tablets-y-accesorios","7":"desktop-align-left","8":"tablet-align-left","9":"mobile-align-left","11":"first","12":"outofstock","13":"sale","14":"taxable","15":"shipping-taxable","16":"purchasable","17":"product-type-simple"},"yoast_head":"<!-- This site is optimized with the Yoast SEO plugin v27.5 - https:\/\/yoast.com\/product\/yoast-seo-wordpress\/ -->\n<title>TABLET SAMSUNG GALAXY TAB A9 SM-X110 Pantalla 8.7&quot; 128GB RAM 8GB WiFi Graphite - Giftronic.04<\/title>\n<meta name=\"robots\" content=\"index, follow, max-snippet:-1, max-image-preview:large, max-video-preview:-1\" \/>\n<link rel=\"canonical\" href=\"https:\/\/giftronic04.com\/index.php\/product\/tablet-samsung-galaxy-tab-a9-sm-x110-pantalla-8-7-128gb-ram-8gb-wifi-graphite\/\" \/>\n<meta property=\"og:locale\" content=\"es_ES\" \/>\n<meta property=\"og:type\" content=\"article\" \/>\n<meta property=\"og:title\" content=\"TABLET SAMSUNG GALAXY TAB A9 SM-X110 Pantalla 8.7&quot; 128GB RAM 8GB WiFi Graphite - Giftronic.04\" \/>\n<meta property=\"og:description\" content=\"Caracter\u00edsticas Marca: Samsung Referencia: SM-X110 Tipo: Tablet Memoria Interna 128 GB Memoria RAM 8 GB Marca del Procesador Mediatek Sistema Operativo Android Versi\u00f3n Sistema Operativo 13 Velocidad del Procesador 2,2 N\u00famero de N\u00facleos (m\u00e1s n\u00facleos m\u00e1s multitareas) 8 N\u00facleos Imagen y Pantalla Resoluci\u00f3n Pantalla 1340 x 800 Tama\u00f1o Pantalla 8.7 Pulgadas Caracter\u00edsticas T\u00e9cnicas Resoluci\u00f3n C\u00e1mara [&hellip;]\" \/>\n<meta property=\"og:url\" content=\"https:\/\/giftronic04.com\/index.php\/product\/tablet-samsung-galaxy-tab-a9-sm-x110-pantalla-8-7-128gb-ram-8gb-wifi-graphite\/\" \/>\n<meta property=\"og:site_name\" content=\"Giftronic.04\" \/>\n<meta property=\"article:modified_time\" content=\"2025-06-25T16:31:25+00:00\" \/>\n<meta property=\"og:image\" content=\"https:\/\/giftronic04.com\/wp-content\/uploads\/2025\/04\/1-5.jpg\" \/>\n\t<meta property=\"og:image:width\" content=\"2000\" \/>\n\t<meta property=\"og:image:height\" content=\"2000\" \/>\n\t<meta property=\"og:image:type\" content=\"image\/jpeg\" \/>\n<meta name=\"twitter:card\" content=\"summary_large_image\" \/>\n<meta name=\"twitter:label1\" content=\"Tiempo de lectura\" \/>\n\t<meta name=\"twitter:data1\" content=\"2 minutos\" \/>\n<script type=\"application\/ld+json\" class=\"yoast-schema-graph\">{\"@context\":\"https:\\\/\\\/schema.org\",\"@graph\":[{\"@type\":\"WebPage\",\"@id\":\"https:\\\/\\\/giftronic04.com\\\/index.php\\\/product\\\/tablet-samsung-galaxy-tab-a9-sm-x110-pantalla-8-7-128gb-ram-8gb-wifi-graphite\\\/\",\"url\":\"https:\\\/\\\/giftronic04.com\\\/index.php\\\/product\\\/tablet-samsung-galaxy-tab-a9-sm-x110-pantalla-8-7-128gb-ram-8gb-wifi-graphite\\\/\",\"name\":\"TABLET SAMSUNG GALAXY TAB A9 SM-X110 Pantalla 8.7\\\" 128GB RAM 8GB WiFi Graphite - Giftronic.04\",\"isPartOf\":{\"@id\":\"https:\\\/\\\/giftronic04.com\\\/#website\"},\"primaryImageOfPage\":{\"@id\":\"https:\\\/\\\/giftronic04.com\\\/index.php\\\/product\\\/tablet-samsung-galaxy-tab-a9-sm-x110-pantalla-8-7-128gb-ram-8gb-wifi-graphite\\\/#primaryimage\"},\"image\":{\"@id\":\"https:\\\/\\\/giftronic04.com\\\/index.php\\\/product\\\/tablet-samsung-galaxy-tab-a9-sm-x110-pantalla-8-7-128gb-ram-8gb-wifi-graphite\\\/#primaryimage\"},\"thumbnailUrl\":\"https:\\\/\\\/giftronic04.com\\\/wp-content\\\/uploads\\\/2025\\\/04\\\/1-5.jpg\",\"datePublished\":\"2025-04-09T18:12:55+00:00\",\"dateModified\":\"2025-06-25T16:31:25+00:00\",\"breadcrumb\":{\"@id\":\"https:\\\/\\\/giftronic04.com\\\/index.php\\\/product\\\/tablet-samsung-galaxy-tab-a9-sm-x110-pantalla-8-7-128gb-ram-8gb-wifi-graphite\\\/#breadcrumb\"},\"inLanguage\":\"es\",\"potentialAction\":[{\"@type\":\"ReadAction\",\"target\":[\"https:\\\/\\\/giftronic04.com\\\/index.php\\\/product\\\/tablet-samsung-galaxy-tab-a9-sm-x110-pantalla-8-7-128gb-ram-8gb-wifi-graphite\\\/\"]}]},{\"@type\":\"ImageObject\",\"inLanguage\":\"es\",\"@id\":\"https:\\\/\\\/giftronic04.com\\\/index.php\\\/product\\\/tablet-samsung-galaxy-tab-a9-sm-x110-pantalla-8-7-128gb-ram-8gb-wifi-graphite\\\/#primaryimage\",\"url\":\"https:\\\/\\\/giftronic04.com\\\/wp-content\\\/uploads\\\/2025\\\/04\\\/1-5.jpg\",\"contentUrl\":\"https:\\\/\\\/giftronic04.com\\\/wp-content\\\/uploads\\\/2025\\\/04\\\/1-5.jpg\",\"width\":2000,\"height\":2000},{\"@type\":\"BreadcrumbList\",\"@id\":\"https:\\\/\\\/giftronic04.com\\\/index.php\\\/product\\\/tablet-samsung-galaxy-tab-a9-sm-x110-pantalla-8-7-128gb-ram-8gb-wifi-graphite\\\/#breadcrumb\",\"itemListElement\":[{\"@type\":\"ListItem\",\"position\":1,\"name\":\"Portada\",\"item\":\"https:\\\/\\\/giftronic04.com\\\/\"},{\"@type\":\"ListItem\",\"position\":2,\"name\":\"Tienda\",\"item\":\"https:\\\/\\\/giftronic04.com\\\/index.php\\\/shop\\\/\"},{\"@type\":\"ListItem\",\"position\":3,\"name\":\"TABLET SAMSUNG GALAXY TAB A9 SM-X110 Pantalla 8.7&#8243; 128GB RAM 8GB WiFi Graphite\"}]},{\"@type\":\"WebSite\",\"@id\":\"https:\\\/\\\/giftronic04.com\\\/#website\",\"url\":\"https:\\\/\\\/giftronic04.com\\\/\",\"name\":\"Giftronic.04\",\"description\":\"Venta de equipos tecnologicos\",\"publisher\":{\"@id\":\"https:\\\/\\\/giftronic04.com\\\/#organization\"},\"potentialAction\":[{\"@type\":\"SearchAction\",\"target\":{\"@type\":\"EntryPoint\",\"urlTemplate\":\"https:\\\/\\\/giftronic04.com\\\/?s={search_term_string}\"},\"query-input\":{\"@type\":\"PropertyValueSpecification\",\"valueRequired\":true,\"valueName\":\"search_term_string\"}}],\"inLanguage\":\"es\"},{\"@type\":\"Organization\",\"@id\":\"https:\\\/\\\/giftronic04.com\\\/#organization\",\"name\":\"giftronic04\",\"url\":\"https:\\\/\\\/giftronic04.com\\\/\",\"logo\":{\"@type\":\"ImageObject\",\"inLanguage\":\"es\",\"@id\":\"https:\\\/\\\/giftronic04.com\\\/#\\\/schema\\\/logo\\\/image\\\/\",\"url\":\"https:\\\/\\\/giftronic04.com\\\/wp-content\\\/uploads\\\/2021\\\/08\\\/logo.png\",\"contentUrl\":\"https:\\\/\\\/giftronic04.com\\\/wp-content\\\/uploads\\\/2021\\\/08\\\/logo.png\",\"width\":6640,\"height\":2192,\"caption\":\"giftronic04\"},\"image\":{\"@id\":\"https:\\\/\\\/giftronic04.com\\\/#\\\/schema\\\/logo\\\/image\\\/\"},\"sameAs\":[\"https:\\\/\\\/www.instagram.com\\\/giftronic.04\\\/\"]}]}<\/script>\n<!-- \/ Yoast SEO plugin. -->","yoast_head_json":{"title":"TABLET SAMSUNG GALAXY TAB A9 SM-X110 Pantalla 8.7\" 128GB RAM 8GB WiFi Graphite - Giftronic.04","robots":{"index":"index","follow":"follow","max-snippet":"max-snippet:-1","max-image-preview":"max-image-preview:large","max-video-preview":"max-video-preview:-1"},"canonical":"https:\/\/giftronic04.com\/index.php\/product\/tablet-samsung-galaxy-tab-a9-sm-x110-pantalla-8-7-128gb-ram-8gb-wifi-graphite\/","og_locale":"es_ES","og_type":"article","og_title":"TABLET SAMSUNG GALAXY TAB A9 SM-X110 Pantalla 8.7\" 128GB RAM 8GB WiFi Graphite - Giftronic.04","og_description":"Caracter\u00edsticas Marca: Samsung Referencia: SM-X110 Tipo: Tablet Memoria Interna 128 GB Memoria RAM 8 GB Marca del Procesador Mediatek Sistema Operativo Android Versi\u00f3n Sistema Operativo 13 Velocidad del Procesador 2,2 N\u00famero de N\u00facleos (m\u00e1s n\u00facleos m\u00e1s multitareas) 8 N\u00facleos Imagen y Pantalla Resoluci\u00f3n Pantalla 1340 x 800 Tama\u00f1o Pantalla 8.7 Pulgadas Caracter\u00edsticas T\u00e9cnicas Resoluci\u00f3n C\u00e1mara [&hellip;]","og_url":"https:\/\/giftronic04.com\/index.php\/product\/tablet-samsung-galaxy-tab-a9-sm-x110-pantalla-8-7-128gb-ram-8gb-wifi-graphite\/","og_site_name":"Giftronic.04","article_modified_time":"2025-06-25T16:31:25+00:00","og_image":[{"width":2000,"height":2000,"url":"https:\/\/giftronic04.com\/wp-content\/uploads\/2025\/04\/1-5.jpg","type":"image\/jpeg"}],"twitter_card":"summary_large_image","twitter_misc":{"Tiempo de lectura":"2 minutos"},"schema":{"@context":"https:\/\/schema.org","@graph":[{"@type":"WebPage","@id":"https:\/\/giftronic04.com\/index.php\/product\/tablet-samsung-galaxy-tab-a9-sm-x110-pantalla-8-7-128gb-ram-8gb-wifi-graphite\/","url":"https:\/\/giftronic04.com\/index.php\/product\/tablet-samsung-galaxy-tab-a9-sm-x110-pantalla-8-7-128gb-ram-8gb-wifi-graphite\/","name":"TABLET SAMSUNG GALAXY TAB A9 SM-X110 Pantalla 8.7\" 128GB RAM 8GB WiFi Graphite - Giftronic.04","isPartOf":{"@id":"https:\/\/giftronic04.com\/#website"},"primaryImageOfPage":{"@id":"https:\/\/giftronic04.com\/index.php\/product\/tablet-samsung-galaxy-tab-a9-sm-x110-pantalla-8-7-128gb-ram-8gb-wifi-graphite\/#primaryimage"},"image":{"@id":"https:\/\/giftronic04.com\/index.php\/product\/tablet-samsung-galaxy-tab-a9-sm-x110-pantalla-8-7-128gb-ram-8gb-wifi-graphite\/#primaryimage"},"thumbnailUrl":"https:\/\/giftronic04.com\/wp-content\/uploads\/2025\/04\/1-5.jpg","datePublished":"2025-04-09T18:12:55+00:00","dateModified":"2025-06-25T16:31:25+00:00","breadcrumb":{"@id":"https:\/\/giftronic04.com\/index.php\/product\/tablet-samsung-galaxy-tab-a9-sm-x110-pantalla-8-7-128gb-ram-8gb-wifi-graphite\/#breadcrumb"},"inLanguage":"es","potentialAction":[{"@type":"ReadAction","target":["https:\/\/giftronic04.com\/index.php\/product\/tablet-samsung-galaxy-tab-a9-sm-x110-pantalla-8-7-128gb-ram-8gb-wifi-graphite\/"]}]},{"@type":"ImageObject","inLanguage":"es","@id":"https:\/\/giftronic04.com\/index.php\/product\/tablet-samsung-galaxy-tab-a9-sm-x110-pantalla-8-7-128gb-ram-8gb-wifi-graphite\/#primaryimage","url":"https:\/\/giftronic04.com\/wp-content\/uploads\/2025\/04\/1-5.jpg","contentUrl":"https:\/\/giftronic04.com\/wp-content\/uploads\/2025\/04\/1-5.jpg","width":2000,"height":2000},{"@type":"BreadcrumbList","@id":"https:\/\/giftronic04.com\/index.php\/product\/tablet-samsung-galaxy-tab-a9-sm-x110-pantalla-8-7-128gb-ram-8gb-wifi-graphite\/#breadcrumb","itemListElement":[{"@type":"ListItem","position":1,"name":"Portada","item":"https:\/\/giftronic04.com\/"},{"@type":"ListItem","position":2,"name":"Tienda","item":"https:\/\/giftronic04.com\/index.php\/shop\/"},{"@type":"ListItem","position":3,"name":"TABLET SAMSUNG GALAXY TAB A9 SM-X110 Pantalla 8.7&#8243; 128GB RAM 8GB WiFi Graphite"}]},{"@type":"WebSite","@id":"https:\/\/giftronic04.com\/#website","url":"https:\/\/giftronic04.com\/","name":"Giftronic.04","description":"Venta de equipos tecnologicos","publisher":{"@id":"https:\/\/giftronic04.com\/#organization"},"potentialAction":[{"@type":"SearchAction","target":{"@type":"EntryPoint","urlTemplate":"https:\/\/giftronic04.com\/?s={search_term_string}"},"query-input":{"@type":"PropertyValueSpecification","valueRequired":true,"valueName":"search_term_string"}}],"inLanguage":"es"},{"@type":"Organization","@id":"https:\/\/giftronic04.com\/#organization","name":"giftronic04","url":"https:\/\/giftronic04.com\/","logo":{"@type":"ImageObject","inLanguage":"es","@id":"https:\/\/giftronic04.com\/#\/schema\/logo\/image\/","url":"https:\/\/giftronic04.com\/wp-content\/uploads\/2021\/08\/logo.png","contentUrl":"https:\/\/giftronic04.com\/wp-content\/uploads\/2021\/08\/logo.png","width":6640,"height":2192,"caption":"giftronic04"},"image":{"@id":"https:\/\/giftronic04.com\/#\/schema\/logo\/image\/"},"sameAs":["https:\/\/www.instagram.com\/giftronic.04\/"]}]}},"jetpack_sharing_enabled":true,"_links":{"self":[{"href":"https:\/\/giftronic04.com\/index.php\/wp-json\/wp\/v2\/product\/8600","targetHints":{"allow":["GET"]}}],"collection":[{"href":"https:\/\/giftronic04.com\/index.php\/wp-json\/wp\/v2\/product"}],"about":[{"href":"https:\/\/giftronic04.com\/index.php\/wp-json\/wp\/v2\/types\/product"}],"replies":[{"embeddable":true,"href":"https:\/\/giftronic04.com\/index.php\/wp-json\/wp\/v2\/comments?post=8600"}],"wp:featuredmedia":[{"embeddable":true,"href":"https:\/\/giftronic04.com\/index.php\/wp-json\/wp\/v2\/media\/8602"}],"wp:attachment":[{"href":"https:\/\/giftronic04.com\/index.php\/wp-json\/wp\/v2\/media?parent=8600"}],"wp:term":[{"taxonomy":"product_brand","embeddable":true,"href":"https:\/\/giftronic04.com\/index.php\/wp-json\/wp\/v2\/product_brand?post=8600"},{"taxonomy":"product_cat","embeddable":true,"href":"https:\/\/giftronic04.com\/index.php\/wp-json\/wp\/v2\/product_cat?post=8600"},{"taxonomy":"product_tag","embeddable":true,"href":"https:\/\/giftronic04.com\/index.php\/wp-json\/wp\/v2\/product_tag?post=8600"}],"curies":[{"name":"wp","href":"https:\/\/api.w.org\/{rel}","templated":true}]}}