{"id":8641,"date":"2025-04-21T18:32:17","date_gmt":"2025-04-21T23:32:17","guid":{"rendered":"https:\/\/giftronic04.com\/?post_type=product&#038;p=8641"},"modified":"2025-05-22T17:29:50","modified_gmt":"2025-05-22T22:29:50","slug":"televisor-samsung-40-led-fhd-smart-tv-un40t5290ak-black","status":"publish","type":"product","link":"https:\/\/giftronic04.com\/index.php\/product\/televisor-samsung-40-led-fhd-smart-tv-un40t5290ak-black\/","title":{"rendered":"Televisor Samsung 40&#8243; LED FHD Smart TV UN40T5290AK Black"},"content":{"rendered":"<p>Caracter\u00edsticas<\/p>\n<p>Marca: SAMSUNG<\/p>\n<p>Referencia: UN40T5290AK<\/p>\n<p>Tipo: TV<\/p>\n<p>Resoluci\u00f3n Pantalla Full HD (1920&#215;1080)<\/p>\n<p>Tama\u00f1o Pantalla\u00a0\u00a0\u00a0\u00a0 40\u2019\u2019 Pulgadas<\/p>\n<p>Dise\u00f1o de la pantalla<\/p>\n<p>Plano<\/p>\n<p>Tama\u00f1o Pantalla<\/p>\n<p>102 cent\u00edmetros<\/p>\n<p>Tipo de Pantalla<\/p>\n<p>LED<\/p>\n<p>Caracter\u00edsticas T\u00e9cnicas<\/p>\n<p>Smart TV<\/p>\n<p>SI es Smart TV<\/p>\n<p>Asistente de Voz<\/p>\n<p>No Soporta Asistente de Voz<\/p>\n<p>Sistema Operativo<\/p>\n<p>TIZEN<\/p>\n<p>Sintonizador Digital DVB T2<\/p>\n<p>Si Tiene Sintonizador Digital DVB-T2<\/p>\n<p>Tiene Tecnolog\u00eda Para Compartir Pantalla<\/p>\n<p>No Tiene Opci\u00f3n de Compartir Pantalla<\/p>\n<p>Potencia de Audio<\/p>\n<p>20 Watts<\/p>\n<p>Tasa de Refresco del TV<\/p>\n<p>60 Hz<\/p>\n<p>Caracter\u00edsticas F\u00edsicas<\/p>\n<p>Tonalidad de Color<\/p>\n<p>Negro<\/p>\n<p>Dimensiones<\/p>\n<p>Ancho o Frente (Sin Base)<\/p>\n<p>92.27\u00a0 Cent\u00edmetros<\/p>\n<p>Alto (Sin Base)<\/p>\n<p>53.1\u00a0 Cent\u00edmetros<\/p>\n<p>Fondo (Sin Base)<\/p>\n<p>7.26\u00a0 Cent\u00edmetros<\/p>\n<p>Medidas del TV. Sin la base (Ancho x Alto x Fondo)<\/p>\n<p>92,27 x 53,1 x 7,26 Cent\u00edmetros<\/p>\n<p>Ancho o Frente (Con Base)<\/p>\n<p>92.27\u00a0 Cent\u00edmetros<\/p>\n<p>Alto (Con Base)<\/p>\n<p>55.25\u00a0 Cent\u00edmetros<\/p>\n<p>Fondo (Con Base)<\/p>\n<p>17.03\u00a0 Cent\u00edmetros<\/p>\n<p>Conectividad<\/p>\n<p>No. Puertos HDMI<\/p>\n<p>2 Puertos HDMI<\/p>\n<p>No. Puertos USB<\/p>\n<p>1\u00a0 Puertos<\/p>\n<p>Fuentes de Alimentaci\u00f3n de Energ\u00eda<\/p>\n<p>Energ\u00eda El\u00e9ctrica<\/p>\n<p>Tipos de Puertos Entradas y Salidas<\/p>\n<p>Puerto HDMI<\/p>\n<p>Puerto USB<\/p>\n<p>Opciones de Conectividad<\/p>\n<p>Conexi\u00f3n Con Cable<\/p>\n<p>USB<\/p>\n<p>Wifi<\/p>\n<p>Aplicaciones Preinstaladas<\/p>\n<p>Netflix, YouTube<\/p>\n<p>Qu\u00e9 incluye el producto<\/p>\n<p>SAMSUNG con su TV FHD 40\u2019 T5290, te llevar\u00e1 a disfrutar de tus pel\u00edculas y programas de televisi\u00f3n favoritos gracias al detalle que ofrece con la tecnolog\u00eda de Alto Rango Din\u00e1mico (HDR), el cual optimiza la regulaci\u00f3n de brillo del TV para que puedas disfrutar de un inmenso espectro de colores y detalles visuales, incluso en las escenas m\u00e1s oscuras. Adem\u00e1s, cuenta con una resoluci\u00f3n FHD intensa y v\u00edvida con el doble de resoluci\u00f3n que un televisor HD, es un TV practico y elegante para t\u00fa hogar.<\/p>\n<p>Recomendaciones<\/p>\n<p>Lea cuidadosamente la descripci\u00f3n del producto y condiciones de venta.<\/p>\n<p>Se otorga 1 a\u00f1o de respaldo por defectos de fabricaci\u00f3n directamente con la marca \u2018Conservando empaques originales\u2019. No cubre da\u00f1os ocasionados por manipulaci\u00f3n no autorizada, golpes, derrames o mal uso del equipo, Las im\u00e1genes publicadas en esta p\u00e1gina son representaciones fotogr\u00e1ficas que ilustran de manera aproximada las caracter\u00edsticas de los equipos en venta y pueden variar respecto a la realidad seg\u00fan la resoluci\u00f3n de estas y del dispositivo que se utilice para observarlas. Para cualquier proceso de garant\u00eda debes entregar el producto con los empaques y accesorios ORIGINALES.<\/p>\n","protected":false},"excerpt":{"rendered":"<p>Caracter\u00edsticas Marca: SAMSUNG Referencia: UN40T5290AK Tipo: TV Resoluci\u00f3n Pantalla Full HD (1920&#215;1080) Tama\u00f1o Pantalla\u00a0\u00a0\u00a0\u00a0 40\u2019\u2019 Pulgadas Dise\u00f1o de la pantalla Plano Tama\u00f1o Pantalla 102 cent\u00edmetros Tipo de Pantalla LED Caracter\u00edsticas T\u00e9cnicas Smart TV SI es Smart TV Asistente de Voz No Soporta Asistente de Voz Sistema Operativo TIZEN Sintonizador Digital DVB T2 Si Tiene Sintonizador [&hellip;]<\/p>\n","protected":false},"featured_media":8642,"comment_status":"open","ping_status":"closed","template":"","meta":{"_surecart_dashboard_logo_width":"180px","_surecart_dashboard_show_logo":true,"_surecart_dashboard_navigation_orders":true,"_surecart_dashboard_navigation_invoices":true,"_surecart_dashboard_navigation_subscriptions":true,"_surecart_dashboard_navigation_downloads":true,"_surecart_dashboard_navigation_billing":true,"_surecart_dashboard_navigation_account":true,"site-sidebar-layout":"default","site-content-layout":"","ast-site-content-layout":"default","site-content-style":"default","site-sidebar-style":"default","ast-global-header-display":"","ast-banner-title-visibility":"","ast-main-header-display":"","ast-hfb-above-header-display":"","ast-hfb-below-header-display":"","ast-hfb-mobile-header-display":"","site-post-title":"","ast-breadcrumbs-content":"","ast-featured-img":"","footer-sml-layout":"","ast-disable-related-posts":"","theme-transparent-header-meta":"","adv-header-id-meta":"","stick-header-meta":"","header-above-stick-meta":"","header-main-stick-meta":"","header-below-stick-meta":"","astra-migrate-meta-layouts":"default","ast-page-background-enabled":"default","ast-page-background-meta":{"desktop":{"background-color":"var(--ast-global-color-4)","background-image":"","background-repeat":"repeat","background-position":"center center","background-size":"auto","background-attachment":"scroll","background-type":"","background-media":"","overlay-type":"","overlay-color":"","overlay-opacity":"","overlay-gradient":""},"tablet":{"background-color":"","background-image":"","background-repeat":"repeat","background-position":"center center","background-size":"auto","background-attachment":"scroll","background-type":"","background-media":"","overlay-type":"","overlay-color":"","overlay-opacity":"","overlay-gradient":""},"mobile":{"background-color":"","background-image":"","background-repeat":"repeat","background-position":"center center","background-size":"auto","background-attachment":"scroll","background-type":"","background-media":"","overlay-type":"","overlay-color":"","overlay-opacity":"","overlay-gradient":""}},"ast-content-background-meta":{"desktop":{"background-color":"var(--ast-global-color-5)","background-image":"","background-repeat":"repeat","background-position":"center center","background-size":"auto","background-attachment":"scroll","background-type":"","background-media":"","overlay-type":"","overlay-color":"","overlay-opacity":"","overlay-gradient":""},"tablet":{"background-color":"var(--ast-global-color-5)","background-image":"","background-repeat":"repeat","background-position":"center center","background-size":"auto","background-attachment":"scroll","background-type":"","background-media":"","overlay-type":"","overlay-color":"","overlay-opacity":"","overlay-gradient":""},"mobile":{"background-color":"var(--ast-global-color-5)","background-image":"","background-repeat":"repeat","background-position":"center center","background-size":"auto","background-attachment":"scroll","background-type":"","background-media":"","overlay-type":"","overlay-color":"","overlay-opacity":"","overlay-gradient":""}}},"product_brand":[],"product_cat":[86],"product_tag":[],"class_list":{"0":"post-8641","1":"product","2":"type-product","3":"status-publish","4":"has-post-thumbnail","6":"product_cat-tv","7":"desktop-align-left","8":"tablet-align-left","9":"mobile-align-left","11":"first","12":"outofstock","13":"sale","14":"taxable","15":"shipping-taxable","16":"purchasable","17":"product-type-simple"},"yoast_head":"<!-- This site is optimized with the Yoast SEO plugin v27.5 - https:\/\/yoast.com\/product\/yoast-seo-wordpress\/ -->\n<title>Televisor Samsung 40&quot; LED FHD Smart TV UN40T5290AK Black - Giftronic.04<\/title>\n<meta name=\"robots\" content=\"index, follow, max-snippet:-1, max-image-preview:large, max-video-preview:-1\" \/>\n<link rel=\"canonical\" href=\"https:\/\/giftronic04.com\/index.php\/product\/televisor-samsung-40-led-fhd-smart-tv-un40t5290ak-black\/\" \/>\n<meta property=\"og:locale\" content=\"es_ES\" \/>\n<meta property=\"og:type\" content=\"article\" \/>\n<meta property=\"og:title\" content=\"Televisor Samsung 40&quot; LED FHD Smart TV UN40T5290AK Black - Giftronic.04\" \/>\n<meta property=\"og:description\" content=\"Caracter\u00edsticas Marca: SAMSUNG Referencia: UN40T5290AK Tipo: TV Resoluci\u00f3n Pantalla Full HD (1920&#215;1080) Tama\u00f1o Pantalla\u00a0\u00a0\u00a0\u00a0 40\u2019\u2019 Pulgadas Dise\u00f1o de la pantalla Plano Tama\u00f1o Pantalla 102 cent\u00edmetros Tipo de Pantalla LED Caracter\u00edsticas T\u00e9cnicas Smart TV SI es Smart TV Asistente de Voz No Soporta Asistente de Voz Sistema Operativo TIZEN Sintonizador Digital DVB T2 Si Tiene Sintonizador [&hellip;]\" \/>\n<meta property=\"og:url\" content=\"https:\/\/giftronic04.com\/index.php\/product\/televisor-samsung-40-led-fhd-smart-tv-un40t5290ak-black\/\" \/>\n<meta property=\"og:site_name\" content=\"Giftronic.04\" \/>\n<meta property=\"article:modified_time\" content=\"2025-05-22T22:29:50+00:00\" \/>\n<meta property=\"og:image\" content=\"https:\/\/giftronic04.com\/wp-content\/uploads\/2025\/04\/1-6.jpg\" \/>\n\t<meta property=\"og:image:width\" content=\"2000\" \/>\n\t<meta property=\"og:image:height\" content=\"2000\" \/>\n\t<meta property=\"og:image:type\" content=\"image\/jpeg\" \/>\n<meta name=\"twitter:card\" content=\"summary_large_image\" \/>\n<meta name=\"twitter:label1\" content=\"Tiempo de lectura\" \/>\n\t<meta name=\"twitter:data1\" content=\"2 minutos\" \/>\n<script type=\"application\/ld+json\" class=\"yoast-schema-graph\">{\"@context\":\"https:\\\/\\\/schema.org\",\"@graph\":[{\"@type\":\"WebPage\",\"@id\":\"https:\\\/\\\/giftronic04.com\\\/index.php\\\/product\\\/televisor-samsung-40-led-fhd-smart-tv-un40t5290ak-black\\\/\",\"url\":\"https:\\\/\\\/giftronic04.com\\\/index.php\\\/product\\\/televisor-samsung-40-led-fhd-smart-tv-un40t5290ak-black\\\/\",\"name\":\"Televisor Samsung 40\\\" LED FHD Smart TV UN40T5290AK Black - Giftronic.04\",\"isPartOf\":{\"@id\":\"https:\\\/\\\/giftronic04.com\\\/#website\"},\"primaryImageOfPage\":{\"@id\":\"https:\\\/\\\/giftronic04.com\\\/index.php\\\/product\\\/televisor-samsung-40-led-fhd-smart-tv-un40t5290ak-black\\\/#primaryimage\"},\"image\":{\"@id\":\"https:\\\/\\\/giftronic04.com\\\/index.php\\\/product\\\/televisor-samsung-40-led-fhd-smart-tv-un40t5290ak-black\\\/#primaryimage\"},\"thumbnailUrl\":\"https:\\\/\\\/giftronic04.com\\\/wp-content\\\/uploads\\\/2025\\\/04\\\/1-6.jpg\",\"datePublished\":\"2025-04-21T23:32:17+00:00\",\"dateModified\":\"2025-05-22T22:29:50+00:00\",\"breadcrumb\":{\"@id\":\"https:\\\/\\\/giftronic04.com\\\/index.php\\\/product\\\/televisor-samsung-40-led-fhd-smart-tv-un40t5290ak-black\\\/#breadcrumb\"},\"inLanguage\":\"es\",\"potentialAction\":[{\"@type\":\"ReadAction\",\"target\":[\"https:\\\/\\\/giftronic04.com\\\/index.php\\\/product\\\/televisor-samsung-40-led-fhd-smart-tv-un40t5290ak-black\\\/\"]}]},{\"@type\":\"ImageObject\",\"inLanguage\":\"es\",\"@id\":\"https:\\\/\\\/giftronic04.com\\\/index.php\\\/product\\\/televisor-samsung-40-led-fhd-smart-tv-un40t5290ak-black\\\/#primaryimage\",\"url\":\"https:\\\/\\\/giftronic04.com\\\/wp-content\\\/uploads\\\/2025\\\/04\\\/1-6.jpg\",\"contentUrl\":\"https:\\\/\\\/giftronic04.com\\\/wp-content\\\/uploads\\\/2025\\\/04\\\/1-6.jpg\",\"width\":2000,\"height\":2000},{\"@type\":\"BreadcrumbList\",\"@id\":\"https:\\\/\\\/giftronic04.com\\\/index.php\\\/product\\\/televisor-samsung-40-led-fhd-smart-tv-un40t5290ak-black\\\/#breadcrumb\",\"itemListElement\":[{\"@type\":\"ListItem\",\"position\":1,\"name\":\"Portada\",\"item\":\"https:\\\/\\\/giftronic04.com\\\/\"},{\"@type\":\"ListItem\",\"position\":2,\"name\":\"Tienda\",\"item\":\"https:\\\/\\\/giftronic04.com\\\/index.php\\\/shop\\\/\"},{\"@type\":\"ListItem\",\"position\":3,\"name\":\"Televisor Samsung 40&#8243; LED FHD Smart TV UN40T5290AK Black\"}]},{\"@type\":\"WebSite\",\"@id\":\"https:\\\/\\\/giftronic04.com\\\/#website\",\"url\":\"https:\\\/\\\/giftronic04.com\\\/\",\"name\":\"Giftronic.04\",\"description\":\"Venta de equipos tecnologicos\",\"publisher\":{\"@id\":\"https:\\\/\\\/giftronic04.com\\\/#organization\"},\"potentialAction\":[{\"@type\":\"SearchAction\",\"target\":{\"@type\":\"EntryPoint\",\"urlTemplate\":\"https:\\\/\\\/giftronic04.com\\\/?s={search_term_string}\"},\"query-input\":{\"@type\":\"PropertyValueSpecification\",\"valueRequired\":true,\"valueName\":\"search_term_string\"}}],\"inLanguage\":\"es\"},{\"@type\":\"Organization\",\"@id\":\"https:\\\/\\\/giftronic04.com\\\/#organization\",\"name\":\"giftronic04\",\"url\":\"https:\\\/\\\/giftronic04.com\\\/\",\"logo\":{\"@type\":\"ImageObject\",\"inLanguage\":\"es\",\"@id\":\"https:\\\/\\\/giftronic04.com\\\/#\\\/schema\\\/logo\\\/image\\\/\",\"url\":\"https:\\\/\\\/giftronic04.com\\\/wp-content\\\/uploads\\\/2021\\\/08\\\/logo.png\",\"contentUrl\":\"https:\\\/\\\/giftronic04.com\\\/wp-content\\\/uploads\\\/2021\\\/08\\\/logo.png\",\"width\":6640,\"height\":2192,\"caption\":\"giftronic04\"},\"image\":{\"@id\":\"https:\\\/\\\/giftronic04.com\\\/#\\\/schema\\\/logo\\\/image\\\/\"},\"sameAs\":[\"https:\\\/\\\/www.instagram.com\\\/giftronic.04\\\/\"]}]}<\/script>\n<!-- \/ Yoast SEO plugin. -->","yoast_head_json":{"title":"Televisor Samsung 40\" LED FHD Smart TV UN40T5290AK Black - Giftronic.04","robots":{"index":"index","follow":"follow","max-snippet":"max-snippet:-1","max-image-preview":"max-image-preview:large","max-video-preview":"max-video-preview:-1"},"canonical":"https:\/\/giftronic04.com\/index.php\/product\/televisor-samsung-40-led-fhd-smart-tv-un40t5290ak-black\/","og_locale":"es_ES","og_type":"article","og_title":"Televisor Samsung 40\" LED FHD Smart TV UN40T5290AK Black - Giftronic.04","og_description":"Caracter\u00edsticas Marca: SAMSUNG Referencia: UN40T5290AK Tipo: TV Resoluci\u00f3n Pantalla Full HD (1920&#215;1080) Tama\u00f1o Pantalla\u00a0\u00a0\u00a0\u00a0 40\u2019\u2019 Pulgadas Dise\u00f1o de la pantalla Plano Tama\u00f1o Pantalla 102 cent\u00edmetros Tipo de Pantalla LED Caracter\u00edsticas T\u00e9cnicas Smart TV SI es Smart TV Asistente de Voz No Soporta Asistente de Voz Sistema Operativo TIZEN Sintonizador Digital DVB T2 Si Tiene Sintonizador [&hellip;]","og_url":"https:\/\/giftronic04.com\/index.php\/product\/televisor-samsung-40-led-fhd-smart-tv-un40t5290ak-black\/","og_site_name":"Giftronic.04","article_modified_time":"2025-05-22T22:29:50+00:00","og_image":[{"width":2000,"height":2000,"url":"https:\/\/giftronic04.com\/wp-content\/uploads\/2025\/04\/1-6.jpg","type":"image\/jpeg"}],"twitter_card":"summary_large_image","twitter_misc":{"Tiempo de lectura":"2 minutos"},"schema":{"@context":"https:\/\/schema.org","@graph":[{"@type":"WebPage","@id":"https:\/\/giftronic04.com\/index.php\/product\/televisor-samsung-40-led-fhd-smart-tv-un40t5290ak-black\/","url":"https:\/\/giftronic04.com\/index.php\/product\/televisor-samsung-40-led-fhd-smart-tv-un40t5290ak-black\/","name":"Televisor Samsung 40\" LED FHD Smart TV UN40T5290AK Black - Giftronic.04","isPartOf":{"@id":"https:\/\/giftronic04.com\/#website"},"primaryImageOfPage":{"@id":"https:\/\/giftronic04.com\/index.php\/product\/televisor-samsung-40-led-fhd-smart-tv-un40t5290ak-black\/#primaryimage"},"image":{"@id":"https:\/\/giftronic04.com\/index.php\/product\/televisor-samsung-40-led-fhd-smart-tv-un40t5290ak-black\/#primaryimage"},"thumbnailUrl":"https:\/\/giftronic04.com\/wp-content\/uploads\/2025\/04\/1-6.jpg","datePublished":"2025-04-21T23:32:17+00:00","dateModified":"2025-05-22T22:29:50+00:00","breadcrumb":{"@id":"https:\/\/giftronic04.com\/index.php\/product\/televisor-samsung-40-led-fhd-smart-tv-un40t5290ak-black\/#breadcrumb"},"inLanguage":"es","potentialAction":[{"@type":"ReadAction","target":["https:\/\/giftronic04.com\/index.php\/product\/televisor-samsung-40-led-fhd-smart-tv-un40t5290ak-black\/"]}]},{"@type":"ImageObject","inLanguage":"es","@id":"https:\/\/giftronic04.com\/index.php\/product\/televisor-samsung-40-led-fhd-smart-tv-un40t5290ak-black\/#primaryimage","url":"https:\/\/giftronic04.com\/wp-content\/uploads\/2025\/04\/1-6.jpg","contentUrl":"https:\/\/giftronic04.com\/wp-content\/uploads\/2025\/04\/1-6.jpg","width":2000,"height":2000},{"@type":"BreadcrumbList","@id":"https:\/\/giftronic04.com\/index.php\/product\/televisor-samsung-40-led-fhd-smart-tv-un40t5290ak-black\/#breadcrumb","itemListElement":[{"@type":"ListItem","position":1,"name":"Portada","item":"https:\/\/giftronic04.com\/"},{"@type":"ListItem","position":2,"name":"Tienda","item":"https:\/\/giftronic04.com\/index.php\/shop\/"},{"@type":"ListItem","position":3,"name":"Televisor Samsung 40&#8243; LED FHD Smart TV UN40T5290AK Black"}]},{"@type":"WebSite","@id":"https:\/\/giftronic04.com\/#website","url":"https:\/\/giftronic04.com\/","name":"Giftronic.04","description":"Venta de equipos tecnologicos","publisher":{"@id":"https:\/\/giftronic04.com\/#organization"},"potentialAction":[{"@type":"SearchAction","target":{"@type":"EntryPoint","urlTemplate":"https:\/\/giftronic04.com\/?s={search_term_string}"},"query-input":{"@type":"PropertyValueSpecification","valueRequired":true,"valueName":"search_term_string"}}],"inLanguage":"es"},{"@type":"Organization","@id":"https:\/\/giftronic04.com\/#organization","name":"giftronic04","url":"https:\/\/giftronic04.com\/","logo":{"@type":"ImageObject","inLanguage":"es","@id":"https:\/\/giftronic04.com\/#\/schema\/logo\/image\/","url":"https:\/\/giftronic04.com\/wp-content\/uploads\/2021\/08\/logo.png","contentUrl":"https:\/\/giftronic04.com\/wp-content\/uploads\/2021\/08\/logo.png","width":6640,"height":2192,"caption":"giftronic04"},"image":{"@id":"https:\/\/giftronic04.com\/#\/schema\/logo\/image\/"},"sameAs":["https:\/\/www.instagram.com\/giftronic.04\/"]}]}},"jetpack_sharing_enabled":true,"_links":{"self":[{"href":"https:\/\/giftronic04.com\/index.php\/wp-json\/wp\/v2\/product\/8641","targetHints":{"allow":["GET"]}}],"collection":[{"href":"https:\/\/giftronic04.com\/index.php\/wp-json\/wp\/v2\/product"}],"about":[{"href":"https:\/\/giftronic04.com\/index.php\/wp-json\/wp\/v2\/types\/product"}],"replies":[{"embeddable":true,"href":"https:\/\/giftronic04.com\/index.php\/wp-json\/wp\/v2\/comments?post=8641"}],"wp:featuredmedia":[{"embeddable":true,"href":"https:\/\/giftronic04.com\/index.php\/wp-json\/wp\/v2\/media\/8642"}],"wp:attachment":[{"href":"https:\/\/giftronic04.com\/index.php\/wp-json\/wp\/v2\/media?parent=8641"}],"wp:term":[{"taxonomy":"product_brand","embeddable":true,"href":"https:\/\/giftronic04.com\/index.php\/wp-json\/wp\/v2\/product_brand?post=8641"},{"taxonomy":"product_cat","embeddable":true,"href":"https:\/\/giftronic04.com\/index.php\/wp-json\/wp\/v2\/product_cat?post=8641"},{"taxonomy":"product_tag","embeddable":true,"href":"https:\/\/giftronic04.com\/index.php\/wp-json\/wp\/v2\/product_tag?post=8641"}],"curies":[{"name":"wp","href":"https:\/\/api.w.org\/{rel}","templated":true}]}}