{"id":8668,"date":"2025-04-24T13:03:05","date_gmt":"2025-04-24T18:03:05","guid":{"rendered":"https:\/\/giftronic04.com\/?post_type=product&#038;p=8668"},"modified":"2025-04-24T13:03:05","modified_gmt":"2025-04-24T18:03:05","slug":"mouse-hp-alambrico-optico-150-wired-negro","status":"publish","type":"product","link":"https:\/\/giftronic04.com\/index.php\/product\/mouse-hp-alambrico-optico-150-wired-negro\/","title":{"rendered":"Mouse HP Al\u00e1mbrico \u00d3ptico 150 Wired Negro"},"content":{"rendered":"<p>Caracter\u00edsticas<\/p>\n<p>Marca: HP<\/p>\n<p>Referencia: 240J6AA#ABM<\/p>\n<p>Tipo: MOUSE<\/p>\n<p>Sensor \u00d3ptico<\/p>\n<p>1600\u00a0 Dpi<\/p>\n<p>Opciones de Conectividad<\/p>\n<p>USB<\/p>\n<p>Apto para Manejo con Mano<\/p>\n<p>Ambidiestra<\/p>\n<p>Distancia Max de Operaci\u00f3n<\/p>\n<p>150 cent\u00edmetros<\/p>\n<p>Sistema Operativo Compatible<\/p>\n<p>Compatible con Cualquier Sistema Operativo<\/p>\n<p>Pilas Bater\u00edas que Requiere<\/p>\n<p>No Requiere Pilas o Bater\u00edas<\/p>\n<p>Caracter\u00edsticas F\u00edsicas<\/p>\n<p>Tonalidad de Color<\/p>\n<p>Negro<\/p>\n<p>Uso<\/p>\n<p>Computadores<\/p>\n<p>Dise\u00f1o Ergon\u00f3mico<\/p>\n<p>SI Tiene Dise\u00f1o Ergon\u00f3mico<\/p>\n<p>Conexi\u00f3n<\/p>\n<p>Al\u00e1mbrica<\/p>\n<p>No. Botones<\/p>\n<p>3 Botones<\/p>\n<p>Tipo de Mouse<\/p>\n<p>\u00d3ptico<\/p>\n<p>Plug and Play<\/p>\n<p>Si Es Plug and Play<\/p>\n<p>Caracter\u00edsticas destacadas<\/p>\n<p>F\u00e1cil conexi\u00f3n USB, para que uses inmediato tu computador<\/p>\n<p>Dise\u00f1ado para que trabajes con la mano izquierda o derecha<\/p>\n<p>Contiene 3 botones y rueda de desplazamiento para productividad<\/p>\n<p>Una soluci\u00f3n de tres botones y una rueda de desplazamiento para mejorar la productividad<\/p>\n<p>Obt\u00e9n mayor velocidad con 1600 DPI<\/p>\n<p>Resumen del producto<\/p>\n<p>Este mouse Al\u00e1mbrico est\u00e1 dise\u00f1ado para ayudarte en tu trabajo, ofreci\u00e9ndote comodidad del uso de los computadores. Cuenta con un cable de 1.5 metros especialmente para que tengas mayor movilidad y espacio en tu desempe\u00f1o.<\/p>\n<p>Recomendaciones<\/p>\n<p>Lea cuidadosamente la descripci\u00f3n del producto y condiciones de venta.<\/p>\n<p>Se otorga 1 a\u00f1o de respaldo por defectos de fabricaci\u00f3n directamente con la marca \u2018Conservando empaques originales\u2019. No cubre da\u00f1os ocasionados por manipulaci\u00f3n no autorizada, golpes, derrames o mal uso del equipo, Las im\u00e1genes publicadas en esta p\u00e1gina son representaciones fotogr\u00e1ficas que ilustran de manera aproximada las caracter\u00edsticas de los equipos en venta y pueden variar respecto a la realidad seg\u00fan la resoluci\u00f3n de estas y del dispositivo que se utilice para observarlas. Para cualquier proceso de garant\u00eda debes entregar el producto con los empaques y accesorios ORIGINALES.<\/p>\n","protected":false},"excerpt":{"rendered":"<p>Caracter\u00edsticas Marca: HP Referencia: 240J6AA#ABM Tipo: MOUSE Sensor \u00d3ptico 1600\u00a0 Dpi Opciones de Conectividad USB Apto para Manejo con Mano Ambidiestra Distancia Max de Operaci\u00f3n 150 cent\u00edmetros Sistema Operativo Compatible Compatible con Cualquier Sistema Operativo Pilas Bater\u00edas que Requiere No Requiere Pilas o Bater\u00edas Caracter\u00edsticas F\u00edsicas Tonalidad de Color Negro Uso Computadores Dise\u00f1o Ergon\u00f3mico SI [&hellip;]<\/p>\n","protected":false},"featured_media":8669,"comment_status":"open","ping_status":"closed","template":"","meta":{"_surecart_dashboard_logo_width":"180px","_surecart_dashboard_show_logo":true,"_surecart_dashboard_navigation_orders":true,"_surecart_dashboard_navigation_invoices":true,"_surecart_dashboard_navigation_subscriptions":true,"_surecart_dashboard_navigation_downloads":true,"_surecart_dashboard_navigation_billing":true,"_surecart_dashboard_navigation_account":true,"site-sidebar-layout":"default","site-content-layout":"","ast-site-content-layout":"default","site-content-style":"default","site-sidebar-style":"default","ast-global-header-display":"","ast-banner-title-visibility":"","ast-main-header-display":"","ast-hfb-above-header-display":"","ast-hfb-below-header-display":"","ast-hfb-mobile-header-display":"","site-post-title":"","ast-breadcrumbs-content":"","ast-featured-img":"","footer-sml-layout":"","ast-disable-related-posts":"","theme-transparent-header-meta":"","adv-header-id-meta":"","stick-header-meta":"","header-above-stick-meta":"","header-main-stick-meta":"","header-below-stick-meta":"","astra-migrate-meta-layouts":"default","ast-page-background-enabled":"default","ast-page-background-meta":{"desktop":{"background-color":"var(--ast-global-color-4)","background-image":"","background-repeat":"repeat","background-position":"center center","background-size":"auto","background-attachment":"scroll","background-type":"","background-media":"","overlay-type":"","overlay-color":"","overlay-opacity":"","overlay-gradient":""},"tablet":{"background-color":"","background-image":"","background-repeat":"repeat","background-position":"center center","background-size":"auto","background-attachment":"scroll","background-type":"","background-media":"","overlay-type":"","overlay-color":"","overlay-opacity":"","overlay-gradient":""},"mobile":{"background-color":"","background-image":"","background-repeat":"repeat","background-position":"center center","background-size":"auto","background-attachment":"scroll","background-type":"","background-media":"","overlay-type":"","overlay-color":"","overlay-opacity":"","overlay-gradient":""}},"ast-content-background-meta":{"desktop":{"background-color":"var(--ast-global-color-5)","background-image":"","background-repeat":"repeat","background-position":"center center","background-size":"auto","background-attachment":"scroll","background-type":"","background-media":"","overlay-type":"","overlay-color":"","overlay-opacity":"","overlay-gradient":""},"tablet":{"background-color":"var(--ast-global-color-5)","background-image":"","background-repeat":"repeat","background-position":"center center","background-size":"auto","background-attachment":"scroll","background-type":"","background-media":"","overlay-type":"","overlay-color":"","overlay-opacity":"","overlay-gradient":""},"mobile":{"background-color":"var(--ast-global-color-5)","background-image":"","background-repeat":"repeat","background-position":"center center","background-size":"auto","background-attachment":"scroll","background-type":"","background-media":"","overlay-type":"","overlay-color":"","overlay-opacity":"","overlay-gradient":""}}},"product_brand":[],"product_cat":[52],"product_tag":[],"class_list":{"0":"post-8668","1":"product","2":"type-product","3":"status-publish","4":"has-post-thumbnail","6":"product_cat-mouses-y-teclados","7":"desktop-align-left","8":"tablet-align-left","9":"mobile-align-left","11":"first","12":"instock","13":"sale","14":"taxable","15":"shipping-taxable","16":"purchasable","17":"product-type-simple"},"yoast_head":"<!-- This site is optimized with the Yoast SEO plugin v27.5 - https:\/\/yoast.com\/product\/yoast-seo-wordpress\/ -->\n<title>Mouse HP Al\u00e1mbrico \u00d3ptico 150 Wired Negro - Giftronic.04<\/title>\n<meta name=\"robots\" content=\"index, follow, max-snippet:-1, max-image-preview:large, max-video-preview:-1\" \/>\n<link rel=\"canonical\" href=\"https:\/\/giftronic04.com\/index.php\/product\/mouse-hp-alambrico-optico-150-wired-negro\/\" \/>\n<meta property=\"og:locale\" content=\"es_ES\" \/>\n<meta property=\"og:type\" content=\"article\" \/>\n<meta property=\"og:title\" content=\"Mouse HP Al\u00e1mbrico \u00d3ptico 150 Wired Negro - Giftronic.04\" \/>\n<meta property=\"og:description\" content=\"Caracter\u00edsticas Marca: HP Referencia: 240J6AA#ABM Tipo: MOUSE Sensor \u00d3ptico 1600\u00a0 Dpi Opciones de Conectividad USB Apto para Manejo con Mano Ambidiestra Distancia Max de Operaci\u00f3n 150 cent\u00edmetros Sistema Operativo Compatible Compatible con Cualquier Sistema Operativo Pilas Bater\u00edas que Requiere No Requiere Pilas o Bater\u00edas Caracter\u00edsticas F\u00edsicas Tonalidad de Color Negro Uso Computadores Dise\u00f1o Ergon\u00f3mico SI [&hellip;]\" \/>\n<meta property=\"og:url\" content=\"https:\/\/giftronic04.com\/index.php\/product\/mouse-hp-alambrico-optico-150-wired-negro\/\" \/>\n<meta property=\"og:site_name\" content=\"Giftronic.04\" \/>\n<meta property=\"og:image\" content=\"https:\/\/giftronic04.com\/wp-content\/uploads\/2025\/04\/1-8.jpg\" \/>\n\t<meta property=\"og:image:width\" content=\"2000\" \/>\n\t<meta property=\"og:image:height\" content=\"2000\" \/>\n\t<meta property=\"og:image:type\" content=\"image\/jpeg\" \/>\n<meta name=\"twitter:card\" content=\"summary_large_image\" \/>\n<meta name=\"twitter:label1\" content=\"Tiempo de lectura\" \/>\n\t<meta name=\"twitter:data1\" content=\"2 minutos\" \/>\n<script type=\"application\/ld+json\" class=\"yoast-schema-graph\">{\"@context\":\"https:\\\/\\\/schema.org\",\"@graph\":[{\"@type\":\"WebPage\",\"@id\":\"https:\\\/\\\/giftronic04.com\\\/index.php\\\/product\\\/mouse-hp-alambrico-optico-150-wired-negro\\\/\",\"url\":\"https:\\\/\\\/giftronic04.com\\\/index.php\\\/product\\\/mouse-hp-alambrico-optico-150-wired-negro\\\/\",\"name\":\"Mouse HP Al\u00e1mbrico \u00d3ptico 150 Wired Negro - Giftronic.04\",\"isPartOf\":{\"@id\":\"https:\\\/\\\/giftronic04.com\\\/#website\"},\"primaryImageOfPage\":{\"@id\":\"https:\\\/\\\/giftronic04.com\\\/index.php\\\/product\\\/mouse-hp-alambrico-optico-150-wired-negro\\\/#primaryimage\"},\"image\":{\"@id\":\"https:\\\/\\\/giftronic04.com\\\/index.php\\\/product\\\/mouse-hp-alambrico-optico-150-wired-negro\\\/#primaryimage\"},\"thumbnailUrl\":\"https:\\\/\\\/giftronic04.com\\\/wp-content\\\/uploads\\\/2025\\\/04\\\/1-8.jpg\",\"datePublished\":\"2025-04-24T18:03:05+00:00\",\"breadcrumb\":{\"@id\":\"https:\\\/\\\/giftronic04.com\\\/index.php\\\/product\\\/mouse-hp-alambrico-optico-150-wired-negro\\\/#breadcrumb\"},\"inLanguage\":\"es\",\"potentialAction\":[{\"@type\":\"ReadAction\",\"target\":[\"https:\\\/\\\/giftronic04.com\\\/index.php\\\/product\\\/mouse-hp-alambrico-optico-150-wired-negro\\\/\"]}]},{\"@type\":\"ImageObject\",\"inLanguage\":\"es\",\"@id\":\"https:\\\/\\\/giftronic04.com\\\/index.php\\\/product\\\/mouse-hp-alambrico-optico-150-wired-negro\\\/#primaryimage\",\"url\":\"https:\\\/\\\/giftronic04.com\\\/wp-content\\\/uploads\\\/2025\\\/04\\\/1-8.jpg\",\"contentUrl\":\"https:\\\/\\\/giftronic04.com\\\/wp-content\\\/uploads\\\/2025\\\/04\\\/1-8.jpg\",\"width\":2000,\"height\":2000},{\"@type\":\"BreadcrumbList\",\"@id\":\"https:\\\/\\\/giftronic04.com\\\/index.php\\\/product\\\/mouse-hp-alambrico-optico-150-wired-negro\\\/#breadcrumb\",\"itemListElement\":[{\"@type\":\"ListItem\",\"position\":1,\"name\":\"Portada\",\"item\":\"https:\\\/\\\/giftronic04.com\\\/\"},{\"@type\":\"ListItem\",\"position\":2,\"name\":\"Tienda\",\"item\":\"https:\\\/\\\/giftronic04.com\\\/index.php\\\/shop\\\/\"},{\"@type\":\"ListItem\",\"position\":3,\"name\":\"Mouse HP Al\u00e1mbrico \u00d3ptico 150 Wired Negro\"}]},{\"@type\":\"WebSite\",\"@id\":\"https:\\\/\\\/giftronic04.com\\\/#website\",\"url\":\"https:\\\/\\\/giftronic04.com\\\/\",\"name\":\"Giftronic.04\",\"description\":\"Venta de equipos tecnologicos\",\"publisher\":{\"@id\":\"https:\\\/\\\/giftronic04.com\\\/#organization\"},\"potentialAction\":[{\"@type\":\"SearchAction\",\"target\":{\"@type\":\"EntryPoint\",\"urlTemplate\":\"https:\\\/\\\/giftronic04.com\\\/?s={search_term_string}\"},\"query-input\":{\"@type\":\"PropertyValueSpecification\",\"valueRequired\":true,\"valueName\":\"search_term_string\"}}],\"inLanguage\":\"es\"},{\"@type\":\"Organization\",\"@id\":\"https:\\\/\\\/giftronic04.com\\\/#organization\",\"name\":\"giftronic04\",\"url\":\"https:\\\/\\\/giftronic04.com\\\/\",\"logo\":{\"@type\":\"ImageObject\",\"inLanguage\":\"es\",\"@id\":\"https:\\\/\\\/giftronic04.com\\\/#\\\/schema\\\/logo\\\/image\\\/\",\"url\":\"https:\\\/\\\/giftronic04.com\\\/wp-content\\\/uploads\\\/2021\\\/08\\\/logo.png\",\"contentUrl\":\"https:\\\/\\\/giftronic04.com\\\/wp-content\\\/uploads\\\/2021\\\/08\\\/logo.png\",\"width\":6640,\"height\":2192,\"caption\":\"giftronic04\"},\"image\":{\"@id\":\"https:\\\/\\\/giftronic04.com\\\/#\\\/schema\\\/logo\\\/image\\\/\"},\"sameAs\":[\"https:\\\/\\\/www.instagram.com\\\/giftronic.04\\\/\"]}]}<\/script>\n<!-- \/ Yoast SEO plugin. -->","yoast_head_json":{"title":"Mouse HP Al\u00e1mbrico \u00d3ptico 150 Wired Negro - Giftronic.04","robots":{"index":"index","follow":"follow","max-snippet":"max-snippet:-1","max-image-preview":"max-image-preview:large","max-video-preview":"max-video-preview:-1"},"canonical":"https:\/\/giftronic04.com\/index.php\/product\/mouse-hp-alambrico-optico-150-wired-negro\/","og_locale":"es_ES","og_type":"article","og_title":"Mouse HP Al\u00e1mbrico \u00d3ptico 150 Wired Negro - Giftronic.04","og_description":"Caracter\u00edsticas Marca: HP Referencia: 240J6AA#ABM Tipo: MOUSE Sensor \u00d3ptico 1600\u00a0 Dpi Opciones de Conectividad USB Apto para Manejo con Mano Ambidiestra Distancia Max de Operaci\u00f3n 150 cent\u00edmetros Sistema Operativo Compatible Compatible con Cualquier Sistema Operativo Pilas Bater\u00edas que Requiere No Requiere Pilas o Bater\u00edas Caracter\u00edsticas F\u00edsicas Tonalidad de Color Negro Uso Computadores Dise\u00f1o Ergon\u00f3mico SI [&hellip;]","og_url":"https:\/\/giftronic04.com\/index.php\/product\/mouse-hp-alambrico-optico-150-wired-negro\/","og_site_name":"Giftronic.04","og_image":[{"width":2000,"height":2000,"url":"https:\/\/giftronic04.com\/wp-content\/uploads\/2025\/04\/1-8.jpg","type":"image\/jpeg"}],"twitter_card":"summary_large_image","twitter_misc":{"Tiempo de lectura":"2 minutos"},"schema":{"@context":"https:\/\/schema.org","@graph":[{"@type":"WebPage","@id":"https:\/\/giftronic04.com\/index.php\/product\/mouse-hp-alambrico-optico-150-wired-negro\/","url":"https:\/\/giftronic04.com\/index.php\/product\/mouse-hp-alambrico-optico-150-wired-negro\/","name":"Mouse HP Al\u00e1mbrico \u00d3ptico 150 Wired Negro - Giftronic.04","isPartOf":{"@id":"https:\/\/giftronic04.com\/#website"},"primaryImageOfPage":{"@id":"https:\/\/giftronic04.com\/index.php\/product\/mouse-hp-alambrico-optico-150-wired-negro\/#primaryimage"},"image":{"@id":"https:\/\/giftronic04.com\/index.php\/product\/mouse-hp-alambrico-optico-150-wired-negro\/#primaryimage"},"thumbnailUrl":"https:\/\/giftronic04.com\/wp-content\/uploads\/2025\/04\/1-8.jpg","datePublished":"2025-04-24T18:03:05+00:00","breadcrumb":{"@id":"https:\/\/giftronic04.com\/index.php\/product\/mouse-hp-alambrico-optico-150-wired-negro\/#breadcrumb"},"inLanguage":"es","potentialAction":[{"@type":"ReadAction","target":["https:\/\/giftronic04.com\/index.php\/product\/mouse-hp-alambrico-optico-150-wired-negro\/"]}]},{"@type":"ImageObject","inLanguage":"es","@id":"https:\/\/giftronic04.com\/index.php\/product\/mouse-hp-alambrico-optico-150-wired-negro\/#primaryimage","url":"https:\/\/giftronic04.com\/wp-content\/uploads\/2025\/04\/1-8.jpg","contentUrl":"https:\/\/giftronic04.com\/wp-content\/uploads\/2025\/04\/1-8.jpg","width":2000,"height":2000},{"@type":"BreadcrumbList","@id":"https:\/\/giftronic04.com\/index.php\/product\/mouse-hp-alambrico-optico-150-wired-negro\/#breadcrumb","itemListElement":[{"@type":"ListItem","position":1,"name":"Portada","item":"https:\/\/giftronic04.com\/"},{"@type":"ListItem","position":2,"name":"Tienda","item":"https:\/\/giftronic04.com\/index.php\/shop\/"},{"@type":"ListItem","position":3,"name":"Mouse HP Al\u00e1mbrico \u00d3ptico 150 Wired Negro"}]},{"@type":"WebSite","@id":"https:\/\/giftronic04.com\/#website","url":"https:\/\/giftronic04.com\/","name":"Giftronic.04","description":"Venta de equipos tecnologicos","publisher":{"@id":"https:\/\/giftronic04.com\/#organization"},"potentialAction":[{"@type":"SearchAction","target":{"@type":"EntryPoint","urlTemplate":"https:\/\/giftronic04.com\/?s={search_term_string}"},"query-input":{"@type":"PropertyValueSpecification","valueRequired":true,"valueName":"search_term_string"}}],"inLanguage":"es"},{"@type":"Organization","@id":"https:\/\/giftronic04.com\/#organization","name":"giftronic04","url":"https:\/\/giftronic04.com\/","logo":{"@type":"ImageObject","inLanguage":"es","@id":"https:\/\/giftronic04.com\/#\/schema\/logo\/image\/","url":"https:\/\/giftronic04.com\/wp-content\/uploads\/2021\/08\/logo.png","contentUrl":"https:\/\/giftronic04.com\/wp-content\/uploads\/2021\/08\/logo.png","width":6640,"height":2192,"caption":"giftronic04"},"image":{"@id":"https:\/\/giftronic04.com\/#\/schema\/logo\/image\/"},"sameAs":["https:\/\/www.instagram.com\/giftronic.04\/"]}]}},"jetpack_sharing_enabled":true,"_links":{"self":[{"href":"https:\/\/giftronic04.com\/index.php\/wp-json\/wp\/v2\/product\/8668","targetHints":{"allow":["GET"]}}],"collection":[{"href":"https:\/\/giftronic04.com\/index.php\/wp-json\/wp\/v2\/product"}],"about":[{"href":"https:\/\/giftronic04.com\/index.php\/wp-json\/wp\/v2\/types\/product"}],"replies":[{"embeddable":true,"href":"https:\/\/giftronic04.com\/index.php\/wp-json\/wp\/v2\/comments?post=8668"}],"wp:featuredmedia":[{"embeddable":true,"href":"https:\/\/giftronic04.com\/index.php\/wp-json\/wp\/v2\/media\/8669"}],"wp:attachment":[{"href":"https:\/\/giftronic04.com\/index.php\/wp-json\/wp\/v2\/media?parent=8668"}],"wp:term":[{"taxonomy":"product_brand","embeddable":true,"href":"https:\/\/giftronic04.com\/index.php\/wp-json\/wp\/v2\/product_brand?post=8668"},{"taxonomy":"product_cat","embeddable":true,"href":"https:\/\/giftronic04.com\/index.php\/wp-json\/wp\/v2\/product_cat?post=8668"},{"taxonomy":"product_tag","embeddable":true,"href":"https:\/\/giftronic04.com\/index.php\/wp-json\/wp\/v2\/product_tag?post=8668"}],"curies":[{"name":"wp","href":"https:\/\/api.w.org\/{rel}","templated":true}]}}