{"id":8705,"date":"2025-04-26T10:47:33","date_gmt":"2025-04-26T15:47:33","guid":{"rendered":"https:\/\/giftronic04.com\/?post_type=product&#038;p=8705"},"modified":"2025-04-26T10:47:33","modified_gmt":"2025-04-26T15:47:33","slug":"televisor-xkim-32-hd-x3210hdw-smart-tv-web-os","status":"publish","type":"product","link":"https:\/\/giftronic04.com\/index.php\/product\/televisor-xkim-32-hd-x3210hdw-smart-tv-web-os\/","title":{"rendered":"Televisor XKIM 32&#8242; HD X3210HDW Smart Tv Web OS"},"content":{"rendered":"<p>Caracter\u00edsticas<\/p>\n<p>Marca: XKIM<\/p>\n<p>Referencia: X3210HDW<\/p>\n<p>Tipo: TELEVISOR<\/p>\n<p>Resoluci\u00f3n Pantalla 1366&#215;768 (HD+)<\/p>\n<p>Tipo de pantalla LED<\/p>\n<p>Dise\u00f1o de la pantalla<\/p>\n<p>Plano<\/p>\n<p>Tecnolog\u00eda SMART TV<\/p>\n<p>Tama\u00f1o Pantalla\u00a0\u00a0\u00a0\u00a0 32\u2019 Pulgadas<\/p>\n<p>Sistema operativo \u00a0 WebOS 2.0<\/p>\n<p>Aplicaciones Preinstaladas Netflix, YouTube entre otras.<\/p>\n<p>Sintonizador Digital DVB T2<\/p>\n<p>Conexiones<\/p>\n<p>Wi-Fi<\/p>\n<p>Bluetooth<\/p>\n<p>HDMI<\/p>\n<p>USB<\/p>\n<p>Fuentes de Alimentaci\u00f3n de Energ\u00eda<\/p>\n<p>Energ\u00eda El\u00e9ctrica<\/p>\n<p>Color Negro<\/p>\n<p>Resumen del producto<\/p>\n<p>El Televisor XKIM 32&#8243; X3210HDW SMART TV es mucho m\u00e1s que solo una pantalla: es una ventana a un universo de entretenimiento sin l\u00edmites, dise\u00f1ada para ofrecerte una experiencia visual \u00fanica. Con una pantalla LED de 32 pulgadas y resoluci\u00f3n HD (1366&#215;768), cada imagen cobra vida con detalles n\u00edtidos y colores vibrantes, envolvi\u00e9ndote en una claridad que te atrapa en cada escena. Ya sea que est\u00e9s viendo tu serie favorita, disfrutando de una pel\u00edcula de acci\u00f3n o navegando por tus apps preferidas, la fluidez de su pantalla garantiza momentos de disfrute continuo.<\/p>\n<p>Recomendaciones<\/p>\n<p>Lea cuidadosamente la descripci\u00f3n del producto y condiciones de venta.<\/p>\n<p>Se otorga 1 a\u00f1o de respaldo por defectos de fabricaci\u00f3n directamente con la marca \u2018Conservando empaques originales\u2019. No cubre da\u00f1os ocasionados por manipulaci\u00f3n no autorizada, golpes, derrames o mal uso del equipo, Las im\u00e1genes publicadas en esta p\u00e1gina son representaciones fotogr\u00e1ficas que ilustran de manera aproximada las caracter\u00edsticas de los equipos en venta y pueden variar respecto a la realidad seg\u00fan la resoluci\u00f3n de estas y del dispositivo que se utilice para observarlas. Para cualquier proceso de garant\u00eda debes entregar el producto con los empaques y accesorios ORIGINALES.<\/p>\n","protected":false},"excerpt":{"rendered":"<p>Caracter\u00edsticas Marca: XKIM Referencia: X3210HDW Tipo: TELEVISOR Resoluci\u00f3n Pantalla 1366&#215;768 (HD+) Tipo de pantalla LED Dise\u00f1o de la pantalla Plano Tecnolog\u00eda SMART TV Tama\u00f1o Pantalla\u00a0\u00a0\u00a0\u00a0 32\u2019 Pulgadas Sistema operativo \u00a0 WebOS 2.0 Aplicaciones Preinstaladas Netflix, YouTube entre otras. Sintonizador Digital DVB T2 Conexiones Wi-Fi Bluetooth HDMI USB Fuentes de Alimentaci\u00f3n de Energ\u00eda Energ\u00eda El\u00e9ctrica Color [&hellip;]<\/p>\n","protected":false},"featured_media":8698,"comment_status":"open","ping_status":"closed","template":"","meta":{"_surecart_dashboard_logo_width":"180px","_surecart_dashboard_show_logo":true,"_surecart_dashboard_navigation_orders":true,"_surecart_dashboard_navigation_invoices":true,"_surecart_dashboard_navigation_subscriptions":true,"_surecart_dashboard_navigation_downloads":true,"_surecart_dashboard_navigation_billing":true,"_surecart_dashboard_navigation_account":true,"site-sidebar-layout":"default","site-content-layout":"","ast-site-content-layout":"default","site-content-style":"default","site-sidebar-style":"default","ast-global-header-display":"","ast-banner-title-visibility":"","ast-main-header-display":"","ast-hfb-above-header-display":"","ast-hfb-below-header-display":"","ast-hfb-mobile-header-display":"","site-post-title":"","ast-breadcrumbs-content":"","ast-featured-img":"","footer-sml-layout":"","ast-disable-related-posts":"","theme-transparent-header-meta":"","adv-header-id-meta":"","stick-header-meta":"","header-above-stick-meta":"","header-main-stick-meta":"","header-below-stick-meta":"","astra-migrate-meta-layouts":"default","ast-page-background-enabled":"default","ast-page-background-meta":{"desktop":{"background-color":"var(--ast-global-color-4)","background-image":"","background-repeat":"repeat","background-position":"center center","background-size":"auto","background-attachment":"scroll","background-type":"","background-media":"","overlay-type":"","overlay-color":"","overlay-opacity":"","overlay-gradient":""},"tablet":{"background-color":"","background-image":"","background-repeat":"repeat","background-position":"center center","background-size":"auto","background-attachment":"scroll","background-type":"","background-media":"","overlay-type":"","overlay-color":"","overlay-opacity":"","overlay-gradient":""},"mobile":{"background-color":"","background-image":"","background-repeat":"repeat","background-position":"center center","background-size":"auto","background-attachment":"scroll","background-type":"","background-media":"","overlay-type":"","overlay-color":"","overlay-opacity":"","overlay-gradient":""}},"ast-content-background-meta":{"desktop":{"background-color":"var(--ast-global-color-5)","background-image":"","background-repeat":"repeat","background-position":"center center","background-size":"auto","background-attachment":"scroll","background-type":"","background-media":"","overlay-type":"","overlay-color":"","overlay-opacity":"","overlay-gradient":""},"tablet":{"background-color":"var(--ast-global-color-5)","background-image":"","background-repeat":"repeat","background-position":"center center","background-size":"auto","background-attachment":"scroll","background-type":"","background-media":"","overlay-type":"","overlay-color":"","overlay-opacity":"","overlay-gradient":""},"mobile":{"background-color":"var(--ast-global-color-5)","background-image":"","background-repeat":"repeat","background-position":"center center","background-size":"auto","background-attachment":"scroll","background-type":"","background-media":"","overlay-type":"","overlay-color":"","overlay-opacity":"","overlay-gradient":""}}},"product_brand":[],"product_cat":[86],"product_tag":[],"class_list":{"0":"post-8705","1":"product","2":"type-product","3":"status-publish","4":"has-post-thumbnail","6":"product_cat-tv","7":"desktop-align-left","8":"tablet-align-left","9":"mobile-align-left","11":"first","12":"instock","13":"sale","14":"taxable","15":"shipping-taxable","16":"purchasable","17":"product-type-simple"},"yoast_head":"<!-- This site is optimized with the Yoast SEO plugin v27.5 - https:\/\/yoast.com\/product\/yoast-seo-wordpress\/ -->\n<title>Televisor XKIM 32&#039; HD X3210HDW Smart Tv Web OS - Giftronic.04<\/title>\n<meta name=\"robots\" content=\"index, follow, max-snippet:-1, max-image-preview:large, max-video-preview:-1\" \/>\n<link rel=\"canonical\" href=\"https:\/\/giftronic04.com\/index.php\/product\/televisor-xkim-32-hd-x3210hdw-smart-tv-web-os\/\" \/>\n<meta property=\"og:locale\" content=\"es_ES\" \/>\n<meta property=\"og:type\" content=\"article\" \/>\n<meta property=\"og:title\" content=\"Televisor XKIM 32&#039; HD X3210HDW Smart Tv Web OS - Giftronic.04\" \/>\n<meta property=\"og:description\" content=\"Caracter\u00edsticas Marca: XKIM Referencia: X3210HDW Tipo: TELEVISOR Resoluci\u00f3n Pantalla 1366&#215;768 (HD+) Tipo de pantalla LED Dise\u00f1o de la pantalla Plano Tecnolog\u00eda SMART TV Tama\u00f1o Pantalla\u00a0\u00a0\u00a0\u00a0 32\u2019 Pulgadas Sistema operativo \u00a0 WebOS 2.0 Aplicaciones Preinstaladas Netflix, YouTube entre otras. Sintonizador Digital DVB T2 Conexiones Wi-Fi Bluetooth HDMI USB Fuentes de Alimentaci\u00f3n de Energ\u00eda Energ\u00eda El\u00e9ctrica Color [&hellip;]\" \/>\n<meta property=\"og:url\" content=\"https:\/\/giftronic04.com\/index.php\/product\/televisor-xkim-32-hd-x3210hdw-smart-tv-web-os\/\" \/>\n<meta property=\"og:site_name\" content=\"Giftronic.04\" \/>\n<meta property=\"og:image\" content=\"https:\/\/giftronic04.com\/wp-content\/uploads\/2025\/04\/w1500h1500fitpad.png\" \/>\n\t<meta property=\"og:image:width\" content=\"2000\" \/>\n\t<meta property=\"og:image:height\" content=\"2000\" \/>\n\t<meta property=\"og:image:type\" content=\"image\/png\" \/>\n<meta name=\"twitter:card\" content=\"summary_large_image\" \/>\n<meta name=\"twitter:label1\" content=\"Tiempo de lectura\" \/>\n\t<meta name=\"twitter:data1\" content=\"2 minutos\" \/>\n<script type=\"application\/ld+json\" class=\"yoast-schema-graph\">{\"@context\":\"https:\\\/\\\/schema.org\",\"@graph\":[{\"@type\":\"WebPage\",\"@id\":\"https:\\\/\\\/giftronic04.com\\\/index.php\\\/product\\\/televisor-xkim-32-hd-x3210hdw-smart-tv-web-os\\\/\",\"url\":\"https:\\\/\\\/giftronic04.com\\\/index.php\\\/product\\\/televisor-xkim-32-hd-x3210hdw-smart-tv-web-os\\\/\",\"name\":\"Televisor XKIM 32' HD X3210HDW Smart Tv Web OS - Giftronic.04\",\"isPartOf\":{\"@id\":\"https:\\\/\\\/giftronic04.com\\\/#website\"},\"primaryImageOfPage\":{\"@id\":\"https:\\\/\\\/giftronic04.com\\\/index.php\\\/product\\\/televisor-xkim-32-hd-x3210hdw-smart-tv-web-os\\\/#primaryimage\"},\"image\":{\"@id\":\"https:\\\/\\\/giftronic04.com\\\/index.php\\\/product\\\/televisor-xkim-32-hd-x3210hdw-smart-tv-web-os\\\/#primaryimage\"},\"thumbnailUrl\":\"https:\\\/\\\/giftronic04.com\\\/wp-content\\\/uploads\\\/2025\\\/04\\\/w1500h1500fitpad.png\",\"datePublished\":\"2025-04-26T15:47:33+00:00\",\"breadcrumb\":{\"@id\":\"https:\\\/\\\/giftronic04.com\\\/index.php\\\/product\\\/televisor-xkim-32-hd-x3210hdw-smart-tv-web-os\\\/#breadcrumb\"},\"inLanguage\":\"es\",\"potentialAction\":[{\"@type\":\"ReadAction\",\"target\":[\"https:\\\/\\\/giftronic04.com\\\/index.php\\\/product\\\/televisor-xkim-32-hd-x3210hdw-smart-tv-web-os\\\/\"]}]},{\"@type\":\"ImageObject\",\"inLanguage\":\"es\",\"@id\":\"https:\\\/\\\/giftronic04.com\\\/index.php\\\/product\\\/televisor-xkim-32-hd-x3210hdw-smart-tv-web-os\\\/#primaryimage\",\"url\":\"https:\\\/\\\/giftronic04.com\\\/wp-content\\\/uploads\\\/2025\\\/04\\\/w1500h1500fitpad.png\",\"contentUrl\":\"https:\\\/\\\/giftronic04.com\\\/wp-content\\\/uploads\\\/2025\\\/04\\\/w1500h1500fitpad.png\",\"width\":2000,\"height\":2000},{\"@type\":\"BreadcrumbList\",\"@id\":\"https:\\\/\\\/giftronic04.com\\\/index.php\\\/product\\\/televisor-xkim-32-hd-x3210hdw-smart-tv-web-os\\\/#breadcrumb\",\"itemListElement\":[{\"@type\":\"ListItem\",\"position\":1,\"name\":\"Portada\",\"item\":\"https:\\\/\\\/giftronic04.com\\\/\"},{\"@type\":\"ListItem\",\"position\":2,\"name\":\"Tienda\",\"item\":\"https:\\\/\\\/giftronic04.com\\\/index.php\\\/shop\\\/\"},{\"@type\":\"ListItem\",\"position\":3,\"name\":\"Televisor XKIM 32&#8242; HD X3210HDW Smart Tv Web OS\"}]},{\"@type\":\"WebSite\",\"@id\":\"https:\\\/\\\/giftronic04.com\\\/#website\",\"url\":\"https:\\\/\\\/giftronic04.com\\\/\",\"name\":\"Giftronic.04\",\"description\":\"Venta de equipos tecnologicos\",\"publisher\":{\"@id\":\"https:\\\/\\\/giftronic04.com\\\/#organization\"},\"potentialAction\":[{\"@type\":\"SearchAction\",\"target\":{\"@type\":\"EntryPoint\",\"urlTemplate\":\"https:\\\/\\\/giftronic04.com\\\/?s={search_term_string}\"},\"query-input\":{\"@type\":\"PropertyValueSpecification\",\"valueRequired\":true,\"valueName\":\"search_term_string\"}}],\"inLanguage\":\"es\"},{\"@type\":\"Organization\",\"@id\":\"https:\\\/\\\/giftronic04.com\\\/#organization\",\"name\":\"giftronic04\",\"url\":\"https:\\\/\\\/giftronic04.com\\\/\",\"logo\":{\"@type\":\"ImageObject\",\"inLanguage\":\"es\",\"@id\":\"https:\\\/\\\/giftronic04.com\\\/#\\\/schema\\\/logo\\\/image\\\/\",\"url\":\"https:\\\/\\\/giftronic04.com\\\/wp-content\\\/uploads\\\/2021\\\/08\\\/logo.png\",\"contentUrl\":\"https:\\\/\\\/giftronic04.com\\\/wp-content\\\/uploads\\\/2021\\\/08\\\/logo.png\",\"width\":6640,\"height\":2192,\"caption\":\"giftronic04\"},\"image\":{\"@id\":\"https:\\\/\\\/giftronic04.com\\\/#\\\/schema\\\/logo\\\/image\\\/\"},\"sameAs\":[\"https:\\\/\\\/www.instagram.com\\\/giftronic.04\\\/\"]}]}<\/script>\n<!-- \/ Yoast SEO plugin. -->","yoast_head_json":{"title":"Televisor XKIM 32' HD X3210HDW Smart Tv Web OS - Giftronic.04","robots":{"index":"index","follow":"follow","max-snippet":"max-snippet:-1","max-image-preview":"max-image-preview:large","max-video-preview":"max-video-preview:-1"},"canonical":"https:\/\/giftronic04.com\/index.php\/product\/televisor-xkim-32-hd-x3210hdw-smart-tv-web-os\/","og_locale":"es_ES","og_type":"article","og_title":"Televisor XKIM 32' HD X3210HDW Smart Tv Web OS - Giftronic.04","og_description":"Caracter\u00edsticas Marca: XKIM Referencia: X3210HDW Tipo: TELEVISOR Resoluci\u00f3n Pantalla 1366&#215;768 (HD+) Tipo de pantalla LED Dise\u00f1o de la pantalla Plano Tecnolog\u00eda SMART TV Tama\u00f1o Pantalla\u00a0\u00a0\u00a0\u00a0 32\u2019 Pulgadas Sistema operativo \u00a0 WebOS 2.0 Aplicaciones Preinstaladas Netflix, YouTube entre otras. Sintonizador Digital DVB T2 Conexiones Wi-Fi Bluetooth HDMI USB Fuentes de Alimentaci\u00f3n de Energ\u00eda Energ\u00eda El\u00e9ctrica Color [&hellip;]","og_url":"https:\/\/giftronic04.com\/index.php\/product\/televisor-xkim-32-hd-x3210hdw-smart-tv-web-os\/","og_site_name":"Giftronic.04","og_image":[{"width":2000,"height":2000,"url":"https:\/\/giftronic04.com\/wp-content\/uploads\/2025\/04\/w1500h1500fitpad.png","type":"image\/png"}],"twitter_card":"summary_large_image","twitter_misc":{"Tiempo de lectura":"2 minutos"},"schema":{"@context":"https:\/\/schema.org","@graph":[{"@type":"WebPage","@id":"https:\/\/giftronic04.com\/index.php\/product\/televisor-xkim-32-hd-x3210hdw-smart-tv-web-os\/","url":"https:\/\/giftronic04.com\/index.php\/product\/televisor-xkim-32-hd-x3210hdw-smart-tv-web-os\/","name":"Televisor XKIM 32' HD X3210HDW Smart Tv Web OS - Giftronic.04","isPartOf":{"@id":"https:\/\/giftronic04.com\/#website"},"primaryImageOfPage":{"@id":"https:\/\/giftronic04.com\/index.php\/product\/televisor-xkim-32-hd-x3210hdw-smart-tv-web-os\/#primaryimage"},"image":{"@id":"https:\/\/giftronic04.com\/index.php\/product\/televisor-xkim-32-hd-x3210hdw-smart-tv-web-os\/#primaryimage"},"thumbnailUrl":"https:\/\/giftronic04.com\/wp-content\/uploads\/2025\/04\/w1500h1500fitpad.png","datePublished":"2025-04-26T15:47:33+00:00","breadcrumb":{"@id":"https:\/\/giftronic04.com\/index.php\/product\/televisor-xkim-32-hd-x3210hdw-smart-tv-web-os\/#breadcrumb"},"inLanguage":"es","potentialAction":[{"@type":"ReadAction","target":["https:\/\/giftronic04.com\/index.php\/product\/televisor-xkim-32-hd-x3210hdw-smart-tv-web-os\/"]}]},{"@type":"ImageObject","inLanguage":"es","@id":"https:\/\/giftronic04.com\/index.php\/product\/televisor-xkim-32-hd-x3210hdw-smart-tv-web-os\/#primaryimage","url":"https:\/\/giftronic04.com\/wp-content\/uploads\/2025\/04\/w1500h1500fitpad.png","contentUrl":"https:\/\/giftronic04.com\/wp-content\/uploads\/2025\/04\/w1500h1500fitpad.png","width":2000,"height":2000},{"@type":"BreadcrumbList","@id":"https:\/\/giftronic04.com\/index.php\/product\/televisor-xkim-32-hd-x3210hdw-smart-tv-web-os\/#breadcrumb","itemListElement":[{"@type":"ListItem","position":1,"name":"Portada","item":"https:\/\/giftronic04.com\/"},{"@type":"ListItem","position":2,"name":"Tienda","item":"https:\/\/giftronic04.com\/index.php\/shop\/"},{"@type":"ListItem","position":3,"name":"Televisor XKIM 32&#8242; HD X3210HDW Smart Tv Web OS"}]},{"@type":"WebSite","@id":"https:\/\/giftronic04.com\/#website","url":"https:\/\/giftronic04.com\/","name":"Giftronic.04","description":"Venta de equipos tecnologicos","publisher":{"@id":"https:\/\/giftronic04.com\/#organization"},"potentialAction":[{"@type":"SearchAction","target":{"@type":"EntryPoint","urlTemplate":"https:\/\/giftronic04.com\/?s={search_term_string}"},"query-input":{"@type":"PropertyValueSpecification","valueRequired":true,"valueName":"search_term_string"}}],"inLanguage":"es"},{"@type":"Organization","@id":"https:\/\/giftronic04.com\/#organization","name":"giftronic04","url":"https:\/\/giftronic04.com\/","logo":{"@type":"ImageObject","inLanguage":"es","@id":"https:\/\/giftronic04.com\/#\/schema\/logo\/image\/","url":"https:\/\/giftronic04.com\/wp-content\/uploads\/2021\/08\/logo.png","contentUrl":"https:\/\/giftronic04.com\/wp-content\/uploads\/2021\/08\/logo.png","width":6640,"height":2192,"caption":"giftronic04"},"image":{"@id":"https:\/\/giftronic04.com\/#\/schema\/logo\/image\/"},"sameAs":["https:\/\/www.instagram.com\/giftronic.04\/"]}]}},"jetpack_sharing_enabled":true,"_links":{"self":[{"href":"https:\/\/giftronic04.com\/index.php\/wp-json\/wp\/v2\/product\/8705","targetHints":{"allow":["GET"]}}],"collection":[{"href":"https:\/\/giftronic04.com\/index.php\/wp-json\/wp\/v2\/product"}],"about":[{"href":"https:\/\/giftronic04.com\/index.php\/wp-json\/wp\/v2\/types\/product"}],"replies":[{"embeddable":true,"href":"https:\/\/giftronic04.com\/index.php\/wp-json\/wp\/v2\/comments?post=8705"}],"wp:featuredmedia":[{"embeddable":true,"href":"https:\/\/giftronic04.com\/index.php\/wp-json\/wp\/v2\/media\/8698"}],"wp:attachment":[{"href":"https:\/\/giftronic04.com\/index.php\/wp-json\/wp\/v2\/media?parent=8705"}],"wp:term":[{"taxonomy":"product_brand","embeddable":true,"href":"https:\/\/giftronic04.com\/index.php\/wp-json\/wp\/v2\/product_brand?post=8705"},{"taxonomy":"product_cat","embeddable":true,"href":"https:\/\/giftronic04.com\/index.php\/wp-json\/wp\/v2\/product_cat?post=8705"},{"taxonomy":"product_tag","embeddable":true,"href":"https:\/\/giftronic04.com\/index.php\/wp-json\/wp\/v2\/product_tag?post=8705"}],"curies":[{"name":"wp","href":"https:\/\/api.w.org\/{rel}","templated":true}]}}