{"id":8716,"date":"2025-04-29T17:59:56","date_gmt":"2025-04-29T22:59:56","guid":{"rendered":"https:\/\/giftronic04.com\/?post_type=product&#038;p=8716"},"modified":"2025-04-29T17:59:56","modified_gmt":"2025-04-29T22:59:56","slug":"televisor-xkim-43-fhd-x4310fhdw-smart-tv-web-os","status":"publish","type":"product","link":"https:\/\/giftronic04.com\/index.php\/product\/televisor-xkim-43-fhd-x4310fhdw-smart-tv-web-os\/","title":{"rendered":"Televisor XKIM 43&#8242; FHD X4310FHDW Smart Tv Web Os"},"content":{"rendered":"<p>Caracter\u00edsticas<\/p>\n<p>Marca: XKIM<\/p>\n<p>Referencia: X4310FHDW<\/p>\n<p>Tipo: TELEVISOR<\/p>\n<p>Resoluci\u00f3n Pantalla:\u00a0 Full HD (1920&#215;1080)<\/p>\n<p>Tipo de pantalla LED<\/p>\n<p>Dise\u00f1o de la pantalla<\/p>\n<p>Plano<\/p>\n<p>Tecnolog\u00eda SMART TV<\/p>\n<p>Tama\u00f1o Pantalla\u00a0 \u00a0 \u00a043\u2019 Pulgadas<\/p>\n<p>Sistema operativo \u00a0 WebOS 2.0<\/p>\n<p>Aplicaciones Preinstaladas Netflix, YouTube entre otras.<\/p>\n<p>Sintonizador Digital DVB T2<\/p>\n<p>Conexiones<\/p>\n<p>Wi-Fi<\/p>\n<p>Bluetooth<\/p>\n<p>HDMI<\/p>\n<p>USB<\/p>\n<p>Fuentes de Alimentaci\u00f3n de Energ\u00eda<\/p>\n<p>Energ\u00eda El\u00e9ctrica<\/p>\n<p>Color Negro<\/p>\n<p>Descubre un mundo de entretenimiento sin l\u00edmites con el Televisor XKIM 43&#8243; XKM43FHDW FHD SMART TV, un televisor dise\u00f1ado para ofrecerte una experiencia visual impresionante. Con una pantalla de 43 pulgadas y resoluci\u00f3n Full HD (1920&#215;1080), cada imagen cobra vida con detalles vibrantes y colores llenos de profundidad. Su dise\u00f1o sin borde no solo maximiza la pantalla, sino que tambi\u00e9n aporta elegancia y modernidad a tu espacio.<\/p>\n<p>Su panel LED TV ofrece una excelente claridad y brillo, haci\u00e9ndolo perfecto para cualquier entorno, ya sea de d\u00eda o de noche.<\/p>\n<p>Recomendaciones<\/p>\n<p>Lea cuidadosamente la descripci\u00f3n del producto y condiciones de venta.<\/p>\n<p>Se otorga 1 a\u00f1o de respaldo por defectos de fabricaci\u00f3n directamente con la marca \u2018Conservando empaques originales\u2019. No cubre da\u00f1os ocasionados por manipulaci\u00f3n no autorizada, golpes, derrames o mal uso del equipo, Las im\u00e1genes publicadas en esta p\u00e1gina son representaciones fotogr\u00e1ficas que ilustran de manera aproximada las caracter\u00edsticas de los equipos en venta y pueden variar respecto a la realidad seg\u00fan la resoluci\u00f3n de estas y del dispositivo que se utilice para observarlas. Para cualquier proceso de garant\u00eda debes entregar el producto con los empaques y accesorios ORIGINALES.<\/p>\n","protected":false},"excerpt":{"rendered":"<p>Caracter\u00edsticas Marca: XKIM Referencia: X4310FHDW Tipo: TELEVISOR Resoluci\u00f3n Pantalla:\u00a0 Full HD (1920&#215;1080) Tipo de pantalla LED Dise\u00f1o de la pantalla Plano Tecnolog\u00eda SMART TV Tama\u00f1o Pantalla\u00a0 \u00a0 \u00a043\u2019 Pulgadas Sistema operativo \u00a0 WebOS 2.0 Aplicaciones Preinstaladas Netflix, YouTube entre otras. Sintonizador Digital DVB T2 Conexiones Wi-Fi Bluetooth HDMI USB Fuentes de Alimentaci\u00f3n de Energ\u00eda Energ\u00eda [&hellip;]<\/p>\n","protected":false},"featured_media":8717,"comment_status":"open","ping_status":"closed","template":"","meta":{"_surecart_dashboard_logo_width":"180px","_surecart_dashboard_show_logo":true,"_surecart_dashboard_navigation_orders":true,"_surecart_dashboard_navigation_invoices":true,"_surecart_dashboard_navigation_subscriptions":true,"_surecart_dashboard_navigation_downloads":true,"_surecart_dashboard_navigation_billing":true,"_surecart_dashboard_navigation_account":true,"site-sidebar-layout":"default","site-content-layout":"","ast-site-content-layout":"default","site-content-style":"default","site-sidebar-style":"default","ast-global-header-display":"","ast-banner-title-visibility":"","ast-main-header-display":"","ast-hfb-above-header-display":"","ast-hfb-below-header-display":"","ast-hfb-mobile-header-display":"","site-post-title":"","ast-breadcrumbs-content":"","ast-featured-img":"","footer-sml-layout":"","ast-disable-related-posts":"","theme-transparent-header-meta":"","adv-header-id-meta":"","stick-header-meta":"","header-above-stick-meta":"","header-main-stick-meta":"","header-below-stick-meta":"","astra-migrate-meta-layouts":"default","ast-page-background-enabled":"default","ast-page-background-meta":{"desktop":{"background-color":"var(--ast-global-color-4)","background-image":"","background-repeat":"repeat","background-position":"center center","background-size":"auto","background-attachment":"scroll","background-type":"","background-media":"","overlay-type":"","overlay-color":"","overlay-opacity":"","overlay-gradient":""},"tablet":{"background-color":"","background-image":"","background-repeat":"repeat","background-position":"center center","background-size":"auto","background-attachment":"scroll","background-type":"","background-media":"","overlay-type":"","overlay-color":"","overlay-opacity":"","overlay-gradient":""},"mobile":{"background-color":"","background-image":"","background-repeat":"repeat","background-position":"center center","background-size":"auto","background-attachment":"scroll","background-type":"","background-media":"","overlay-type":"","overlay-color":"","overlay-opacity":"","overlay-gradient":""}},"ast-content-background-meta":{"desktop":{"background-color":"var(--ast-global-color-5)","background-image":"","background-repeat":"repeat","background-position":"center center","background-size":"auto","background-attachment":"scroll","background-type":"","background-media":"","overlay-type":"","overlay-color":"","overlay-opacity":"","overlay-gradient":""},"tablet":{"background-color":"var(--ast-global-color-5)","background-image":"","background-repeat":"repeat","background-position":"center center","background-size":"auto","background-attachment":"scroll","background-type":"","background-media":"","overlay-type":"","overlay-color":"","overlay-opacity":"","overlay-gradient":""},"mobile":{"background-color":"var(--ast-global-color-5)","background-image":"","background-repeat":"repeat","background-position":"center center","background-size":"auto","background-attachment":"scroll","background-type":"","background-media":"","overlay-type":"","overlay-color":"","overlay-opacity":"","overlay-gradient":""}}},"product_brand":[],"product_cat":[86],"product_tag":[],"class_list":{"0":"post-8716","1":"product","2":"type-product","3":"status-publish","4":"has-post-thumbnail","6":"product_cat-tv","7":"desktop-align-left","8":"tablet-align-left","9":"mobile-align-left","11":"first","12":"instock","13":"sale","14":"taxable","15":"shipping-taxable","16":"purchasable","17":"product-type-simple"},"yoast_head":"<!-- This site is optimized with the Yoast SEO plugin v27.5 - https:\/\/yoast.com\/product\/yoast-seo-wordpress\/ -->\n<title>Televisor XKIM 43&#039; FHD X4310FHDW Smart Tv Web Os - Giftronic.04<\/title>\n<meta name=\"robots\" content=\"index, follow, max-snippet:-1, max-image-preview:large, max-video-preview:-1\" \/>\n<link rel=\"canonical\" href=\"https:\/\/giftronic04.com\/index.php\/product\/televisor-xkim-43-fhd-x4310fhdw-smart-tv-web-os\/\" \/>\n<meta property=\"og:locale\" content=\"es_ES\" \/>\n<meta property=\"og:type\" content=\"article\" \/>\n<meta property=\"og:title\" content=\"Televisor XKIM 43&#039; FHD X4310FHDW Smart Tv Web Os - Giftronic.04\" \/>\n<meta property=\"og:description\" content=\"Caracter\u00edsticas Marca: XKIM Referencia: X4310FHDW Tipo: TELEVISOR Resoluci\u00f3n Pantalla:\u00a0 Full HD (1920&#215;1080) Tipo de pantalla LED Dise\u00f1o de la pantalla Plano Tecnolog\u00eda SMART TV Tama\u00f1o Pantalla\u00a0 \u00a0 \u00a043\u2019 Pulgadas Sistema operativo \u00a0 WebOS 2.0 Aplicaciones Preinstaladas Netflix, YouTube entre otras. Sintonizador Digital DVB T2 Conexiones Wi-Fi Bluetooth HDMI USB Fuentes de Alimentaci\u00f3n de Energ\u00eda Energ\u00eda [&hellip;]\" \/>\n<meta property=\"og:url\" content=\"https:\/\/giftronic04.com\/index.php\/product\/televisor-xkim-43-fhd-x4310fhdw-smart-tv-web-os\/\" \/>\n<meta property=\"og:site_name\" content=\"Giftronic.04\" \/>\n<meta property=\"og:image\" content=\"https:\/\/giftronic04.com\/wp-content\/uploads\/2025\/04\/w1500h1500fitpad-2.png\" \/>\n\t<meta property=\"og:image:width\" content=\"2000\" \/>\n\t<meta property=\"og:image:height\" content=\"2000\" \/>\n\t<meta property=\"og:image:type\" content=\"image\/png\" \/>\n<meta name=\"twitter:card\" content=\"summary_large_image\" \/>\n<meta name=\"twitter:label1\" content=\"Tiempo de lectura\" \/>\n\t<meta name=\"twitter:data1\" content=\"2 minutos\" \/>\n<script type=\"application\/ld+json\" class=\"yoast-schema-graph\">{\"@context\":\"https:\\\/\\\/schema.org\",\"@graph\":[{\"@type\":\"WebPage\",\"@id\":\"https:\\\/\\\/giftronic04.com\\\/index.php\\\/product\\\/televisor-xkim-43-fhd-x4310fhdw-smart-tv-web-os\\\/\",\"url\":\"https:\\\/\\\/giftronic04.com\\\/index.php\\\/product\\\/televisor-xkim-43-fhd-x4310fhdw-smart-tv-web-os\\\/\",\"name\":\"Televisor XKIM 43' FHD X4310FHDW Smart Tv Web Os - Giftronic.04\",\"isPartOf\":{\"@id\":\"https:\\\/\\\/giftronic04.com\\\/#website\"},\"primaryImageOfPage\":{\"@id\":\"https:\\\/\\\/giftronic04.com\\\/index.php\\\/product\\\/televisor-xkim-43-fhd-x4310fhdw-smart-tv-web-os\\\/#primaryimage\"},\"image\":{\"@id\":\"https:\\\/\\\/giftronic04.com\\\/index.php\\\/product\\\/televisor-xkim-43-fhd-x4310fhdw-smart-tv-web-os\\\/#primaryimage\"},\"thumbnailUrl\":\"https:\\\/\\\/giftronic04.com\\\/wp-content\\\/uploads\\\/2025\\\/04\\\/w1500h1500fitpad-2.png\",\"datePublished\":\"2025-04-29T22:59:56+00:00\",\"breadcrumb\":{\"@id\":\"https:\\\/\\\/giftronic04.com\\\/index.php\\\/product\\\/televisor-xkim-43-fhd-x4310fhdw-smart-tv-web-os\\\/#breadcrumb\"},\"inLanguage\":\"es\",\"potentialAction\":[{\"@type\":\"ReadAction\",\"target\":[\"https:\\\/\\\/giftronic04.com\\\/index.php\\\/product\\\/televisor-xkim-43-fhd-x4310fhdw-smart-tv-web-os\\\/\"]}]},{\"@type\":\"ImageObject\",\"inLanguage\":\"es\",\"@id\":\"https:\\\/\\\/giftronic04.com\\\/index.php\\\/product\\\/televisor-xkim-43-fhd-x4310fhdw-smart-tv-web-os\\\/#primaryimage\",\"url\":\"https:\\\/\\\/giftronic04.com\\\/wp-content\\\/uploads\\\/2025\\\/04\\\/w1500h1500fitpad-2.png\",\"contentUrl\":\"https:\\\/\\\/giftronic04.com\\\/wp-content\\\/uploads\\\/2025\\\/04\\\/w1500h1500fitpad-2.png\",\"width\":2000,\"height\":2000},{\"@type\":\"BreadcrumbList\",\"@id\":\"https:\\\/\\\/giftronic04.com\\\/index.php\\\/product\\\/televisor-xkim-43-fhd-x4310fhdw-smart-tv-web-os\\\/#breadcrumb\",\"itemListElement\":[{\"@type\":\"ListItem\",\"position\":1,\"name\":\"Portada\",\"item\":\"https:\\\/\\\/giftronic04.com\\\/\"},{\"@type\":\"ListItem\",\"position\":2,\"name\":\"Tienda\",\"item\":\"https:\\\/\\\/giftronic04.com\\\/index.php\\\/shop\\\/\"},{\"@type\":\"ListItem\",\"position\":3,\"name\":\"Televisor XKIM 43&#8242; FHD X4310FHDW Smart Tv Web Os\"}]},{\"@type\":\"WebSite\",\"@id\":\"https:\\\/\\\/giftronic04.com\\\/#website\",\"url\":\"https:\\\/\\\/giftronic04.com\\\/\",\"name\":\"Giftronic.04\",\"description\":\"Venta de equipos tecnologicos\",\"publisher\":{\"@id\":\"https:\\\/\\\/giftronic04.com\\\/#organization\"},\"potentialAction\":[{\"@type\":\"SearchAction\",\"target\":{\"@type\":\"EntryPoint\",\"urlTemplate\":\"https:\\\/\\\/giftronic04.com\\\/?s={search_term_string}\"},\"query-input\":{\"@type\":\"PropertyValueSpecification\",\"valueRequired\":true,\"valueName\":\"search_term_string\"}}],\"inLanguage\":\"es\"},{\"@type\":\"Organization\",\"@id\":\"https:\\\/\\\/giftronic04.com\\\/#organization\",\"name\":\"giftronic04\",\"url\":\"https:\\\/\\\/giftronic04.com\\\/\",\"logo\":{\"@type\":\"ImageObject\",\"inLanguage\":\"es\",\"@id\":\"https:\\\/\\\/giftronic04.com\\\/#\\\/schema\\\/logo\\\/image\\\/\",\"url\":\"https:\\\/\\\/giftronic04.com\\\/wp-content\\\/uploads\\\/2021\\\/08\\\/logo.png\",\"contentUrl\":\"https:\\\/\\\/giftronic04.com\\\/wp-content\\\/uploads\\\/2021\\\/08\\\/logo.png\",\"width\":6640,\"height\":2192,\"caption\":\"giftronic04\"},\"image\":{\"@id\":\"https:\\\/\\\/giftronic04.com\\\/#\\\/schema\\\/logo\\\/image\\\/\"},\"sameAs\":[\"https:\\\/\\\/www.instagram.com\\\/giftronic.04\\\/\"]}]}<\/script>\n<!-- \/ Yoast SEO plugin. -->","yoast_head_json":{"title":"Televisor XKIM 43' FHD X4310FHDW Smart Tv Web Os - Giftronic.04","robots":{"index":"index","follow":"follow","max-snippet":"max-snippet:-1","max-image-preview":"max-image-preview:large","max-video-preview":"max-video-preview:-1"},"canonical":"https:\/\/giftronic04.com\/index.php\/product\/televisor-xkim-43-fhd-x4310fhdw-smart-tv-web-os\/","og_locale":"es_ES","og_type":"article","og_title":"Televisor XKIM 43' FHD X4310FHDW Smart Tv Web Os - Giftronic.04","og_description":"Caracter\u00edsticas Marca: XKIM Referencia: X4310FHDW Tipo: TELEVISOR Resoluci\u00f3n Pantalla:\u00a0 Full HD (1920&#215;1080) Tipo de pantalla LED Dise\u00f1o de la pantalla Plano Tecnolog\u00eda SMART TV Tama\u00f1o Pantalla\u00a0 \u00a0 \u00a043\u2019 Pulgadas Sistema operativo \u00a0 WebOS 2.0 Aplicaciones Preinstaladas Netflix, YouTube entre otras. Sintonizador Digital DVB T2 Conexiones Wi-Fi Bluetooth HDMI USB Fuentes de Alimentaci\u00f3n de Energ\u00eda Energ\u00eda [&hellip;]","og_url":"https:\/\/giftronic04.com\/index.php\/product\/televisor-xkim-43-fhd-x4310fhdw-smart-tv-web-os\/","og_site_name":"Giftronic.04","og_image":[{"width":2000,"height":2000,"url":"https:\/\/giftronic04.com\/wp-content\/uploads\/2025\/04\/w1500h1500fitpad-2.png","type":"image\/png"}],"twitter_card":"summary_large_image","twitter_misc":{"Tiempo de lectura":"2 minutos"},"schema":{"@context":"https:\/\/schema.org","@graph":[{"@type":"WebPage","@id":"https:\/\/giftronic04.com\/index.php\/product\/televisor-xkim-43-fhd-x4310fhdw-smart-tv-web-os\/","url":"https:\/\/giftronic04.com\/index.php\/product\/televisor-xkim-43-fhd-x4310fhdw-smart-tv-web-os\/","name":"Televisor XKIM 43' FHD X4310FHDW Smart Tv Web Os - Giftronic.04","isPartOf":{"@id":"https:\/\/giftronic04.com\/#website"},"primaryImageOfPage":{"@id":"https:\/\/giftronic04.com\/index.php\/product\/televisor-xkim-43-fhd-x4310fhdw-smart-tv-web-os\/#primaryimage"},"image":{"@id":"https:\/\/giftronic04.com\/index.php\/product\/televisor-xkim-43-fhd-x4310fhdw-smart-tv-web-os\/#primaryimage"},"thumbnailUrl":"https:\/\/giftronic04.com\/wp-content\/uploads\/2025\/04\/w1500h1500fitpad-2.png","datePublished":"2025-04-29T22:59:56+00:00","breadcrumb":{"@id":"https:\/\/giftronic04.com\/index.php\/product\/televisor-xkim-43-fhd-x4310fhdw-smart-tv-web-os\/#breadcrumb"},"inLanguage":"es","potentialAction":[{"@type":"ReadAction","target":["https:\/\/giftronic04.com\/index.php\/product\/televisor-xkim-43-fhd-x4310fhdw-smart-tv-web-os\/"]}]},{"@type":"ImageObject","inLanguage":"es","@id":"https:\/\/giftronic04.com\/index.php\/product\/televisor-xkim-43-fhd-x4310fhdw-smart-tv-web-os\/#primaryimage","url":"https:\/\/giftronic04.com\/wp-content\/uploads\/2025\/04\/w1500h1500fitpad-2.png","contentUrl":"https:\/\/giftronic04.com\/wp-content\/uploads\/2025\/04\/w1500h1500fitpad-2.png","width":2000,"height":2000},{"@type":"BreadcrumbList","@id":"https:\/\/giftronic04.com\/index.php\/product\/televisor-xkim-43-fhd-x4310fhdw-smart-tv-web-os\/#breadcrumb","itemListElement":[{"@type":"ListItem","position":1,"name":"Portada","item":"https:\/\/giftronic04.com\/"},{"@type":"ListItem","position":2,"name":"Tienda","item":"https:\/\/giftronic04.com\/index.php\/shop\/"},{"@type":"ListItem","position":3,"name":"Televisor XKIM 43&#8242; FHD X4310FHDW Smart Tv Web Os"}]},{"@type":"WebSite","@id":"https:\/\/giftronic04.com\/#website","url":"https:\/\/giftronic04.com\/","name":"Giftronic.04","description":"Venta de equipos tecnologicos","publisher":{"@id":"https:\/\/giftronic04.com\/#organization"},"potentialAction":[{"@type":"SearchAction","target":{"@type":"EntryPoint","urlTemplate":"https:\/\/giftronic04.com\/?s={search_term_string}"},"query-input":{"@type":"PropertyValueSpecification","valueRequired":true,"valueName":"search_term_string"}}],"inLanguage":"es"},{"@type":"Organization","@id":"https:\/\/giftronic04.com\/#organization","name":"giftronic04","url":"https:\/\/giftronic04.com\/","logo":{"@type":"ImageObject","inLanguage":"es","@id":"https:\/\/giftronic04.com\/#\/schema\/logo\/image\/","url":"https:\/\/giftronic04.com\/wp-content\/uploads\/2021\/08\/logo.png","contentUrl":"https:\/\/giftronic04.com\/wp-content\/uploads\/2021\/08\/logo.png","width":6640,"height":2192,"caption":"giftronic04"},"image":{"@id":"https:\/\/giftronic04.com\/#\/schema\/logo\/image\/"},"sameAs":["https:\/\/www.instagram.com\/giftronic.04\/"]}]}},"jetpack_sharing_enabled":true,"_links":{"self":[{"href":"https:\/\/giftronic04.com\/index.php\/wp-json\/wp\/v2\/product\/8716","targetHints":{"allow":["GET"]}}],"collection":[{"href":"https:\/\/giftronic04.com\/index.php\/wp-json\/wp\/v2\/product"}],"about":[{"href":"https:\/\/giftronic04.com\/index.php\/wp-json\/wp\/v2\/types\/product"}],"replies":[{"embeddable":true,"href":"https:\/\/giftronic04.com\/index.php\/wp-json\/wp\/v2\/comments?post=8716"}],"wp:featuredmedia":[{"embeddable":true,"href":"https:\/\/giftronic04.com\/index.php\/wp-json\/wp\/v2\/media\/8717"}],"wp:attachment":[{"href":"https:\/\/giftronic04.com\/index.php\/wp-json\/wp\/v2\/media?parent=8716"}],"wp:term":[{"taxonomy":"product_brand","embeddable":true,"href":"https:\/\/giftronic04.com\/index.php\/wp-json\/wp\/v2\/product_brand?post=8716"},{"taxonomy":"product_cat","embeddable":true,"href":"https:\/\/giftronic04.com\/index.php\/wp-json\/wp\/v2\/product_cat?post=8716"},{"taxonomy":"product_tag","embeddable":true,"href":"https:\/\/giftronic04.com\/index.php\/wp-json\/wp\/v2\/product_tag?post=8716"}],"curies":[{"name":"wp","href":"https:\/\/api.w.org\/{rel}","templated":true}]}}