{"id":8722,"date":"2025-04-30T11:50:40","date_gmt":"2025-04-30T16:50:40","guid":{"rendered":"https:\/\/giftronic04.com\/?post_type=product&#038;p=8722"},"modified":"2025-04-30T11:50:41","modified_gmt":"2025-04-30T16:50:41","slug":"televisor-xkim-x504kw-smar-tv-50-4k-web-os-black","status":"publish","type":"product","link":"https:\/\/giftronic04.com\/index.php\/product\/televisor-xkim-x504kw-smar-tv-50-4k-web-os-black\/","title":{"rendered":"Televisor XKIM X504KW SMAR TV 50&#8242; 4K Web OS Black"},"content":{"rendered":"<p>Caracter\u00edsticas<\/p>\n<p>Marca: XKIM<\/p>\n<p>Referencia: X504KW<\/p>\n<p>Tipo: TELEVISOR<\/p>\n<p>Resoluci\u00f3n Pantalla: 4K<\/p>\n<p>Tipo de pantalla LED<\/p>\n<p>Dise\u00f1o de la pantalla<\/p>\n<p>Plano<\/p>\n<p>Tecnolog\u00eda SMART TV<\/p>\n<p>Tama\u00f1o Pantalla\u00a0 \u00a0 \u00a050\u2019 Pulgadas<\/p>\n<p>Sistema operativo \u00a0 WebOS 2.0<\/p>\n<p>Aplicaciones Preinstaladas Netflix, YouTube entre otras.<\/p>\n<p>Sintonizador Digital DVB T2<\/p>\n<p>Conexiones<\/p>\n<p>Wi-Fi<\/p>\n<p>Bluetooth<\/p>\n<p>HDMI<\/p>\n<p>USB<\/p>\n<p>Fuentes de Alimentaci\u00f3n de Energ\u00eda<\/p>\n<p>Energ\u00eda El\u00e9ctrica<\/p>\n<p>Color Negro<\/p>\n<p data-start=\"102\" data-end=\"574\">Descubre el poder de la tecnolog\u00eda avanzada con el\u00a0<strong data-start=\"153\" data-end=\"182\">Televisor XKIM 50&#8243; X504KW<\/strong> SMART TV. Equipado con una pantalla de 50 pulgadas y una resoluci\u00f3n 4K, este televisor ofrece im\u00e1genes n\u00edtidas y vibrantes, ideales para disfrutar de tus series, pel\u00edculas y videojuegos con una claridad impresionante. Su dise\u00f1o elegante sin borde maximiza el \u00e1rea de visualizaci\u00f3n, d\u00e1ndote una experiencia inmersiva y moderna en cualquier espacio de tu hogar.<\/p>\n<p data-start=\"576\" data-end=\"965\">Con la potencia de\u00a0<strong data-start=\"595\" data-end=\"604\">WebOS<\/strong>, el\u00a0<strong data-start=\"609\" data-end=\"621\">XKIM 50&#8243;<\/strong>\u00a0te permite acceder de manera r\u00e1pida y sencilla a tus aplicaciones favoritas como\u00a0<strong data-start=\"703\" data-end=\"714\">Netflix<\/strong>,\u00a0<strong data-start=\"716\" data-end=\"727\">YouTube<\/strong>,\u00a0<strong data-start=\"729\" data-end=\"740\">Disney+<\/strong>, y mucho m\u00e1s, todo al alcance de un solo clic. Adem\u00e1s, su conectividad\u00a0<strong data-start=\"812\" data-end=\"829\">Bluetooth 5.0<\/strong>\u00a0te da la libertad de conectar tus dispositivos inal\u00e1mbricos, como aud\u00edfonos o altavoces, para una experiencia de sonido m\u00e1s envolvente.<\/p>\n<p data-start=\"967\" data-end=\"1357\">Disfruta de un rendimiento de audio excepcional con\u00a0<strong data-start=\"1019\" data-end=\"1041\">2 parlantes de 10W<\/strong>\u00a0cada uno, que incorporan tecnolog\u00eda\u00a0<strong data-start=\"1078\" data-end=\"1087\">Dolby<\/strong>\u00a0para ofrecer un sonido m\u00e1s claro y potente, ideal para acompa\u00f1ar la calidad visual de este incre\u00edble televisor. La tasa de refresco de\u00a0<strong data-start=\"1223\" data-end=\"1231\">60Hz<\/strong>\u00a0y el bajo tiempo de respuesta de\u00a0<strong data-start=\"1265\" data-end=\"1275\">8,5 ms<\/strong>\u00a0aseguran que los movimientos sean fluidos, tanto en deportes como en videojuegos.<\/p>\n<p>Recomendaciones<\/p>\n<p>Lea cuidadosamente la descripci\u00f3n del producto y condiciones de venta.<\/p>\n<p>Se otorga 1 a\u00f1o de respaldo por defectos de fabricaci\u00f3n directamente con la marca \u2018Conservando empaques originales\u2019. No cubre da\u00f1os ocasionados por manipulaci\u00f3n no autorizada, golpes, derrames o mal uso del equipo, Las im\u00e1genes publicadas en esta p\u00e1gina son representaciones fotogr\u00e1ficas que ilustran de manera aproximada las caracter\u00edsticas de los equipos en venta y pueden variar respecto a la realidad seg\u00fan la resoluci\u00f3n de estas y del dispositivo que se utilice para observarlas. Para cualquier proceso de garant\u00eda debes entregar el producto con los empaques y accesorios ORIGINALES.<\/p>\n","protected":false},"excerpt":{"rendered":"<p>Caracter\u00edsticas Marca: XKIM Referencia: X504KW Tipo: TELEVISOR Resoluci\u00f3n Pantalla: 4K Tipo de pantalla LED Dise\u00f1o de la pantalla Plano Tecnolog\u00eda SMART TV Tama\u00f1o Pantalla\u00a0 \u00a0 \u00a050\u2019 Pulgadas Sistema operativo \u00a0 WebOS 2.0 Aplicaciones Preinstaladas Netflix, YouTube entre otras. Sintonizador Digital DVB T2 Conexiones Wi-Fi Bluetooth HDMI USB Fuentes de Alimentaci\u00f3n de Energ\u00eda Energ\u00eda El\u00e9ctrica Color [&hellip;]<\/p>\n","protected":false},"featured_media":8723,"comment_status":"open","ping_status":"closed","template":"","meta":{"_surecart_dashboard_logo_width":"180px","_surecart_dashboard_show_logo":true,"_surecart_dashboard_navigation_orders":true,"_surecart_dashboard_navigation_invoices":true,"_surecart_dashboard_navigation_subscriptions":true,"_surecart_dashboard_navigation_downloads":true,"_surecart_dashboard_navigation_billing":true,"_surecart_dashboard_navigation_account":true,"site-sidebar-layout":"default","site-content-layout":"","ast-site-content-layout":"default","site-content-style":"default","site-sidebar-style":"default","ast-global-header-display":"","ast-banner-title-visibility":"","ast-main-header-display":"","ast-hfb-above-header-display":"","ast-hfb-below-header-display":"","ast-hfb-mobile-header-display":"","site-post-title":"","ast-breadcrumbs-content":"","ast-featured-img":"","footer-sml-layout":"","ast-disable-related-posts":"","theme-transparent-header-meta":"","adv-header-id-meta":"","stick-header-meta":"","header-above-stick-meta":"","header-main-stick-meta":"","header-below-stick-meta":"","astra-migrate-meta-layouts":"default","ast-page-background-enabled":"default","ast-page-background-meta":{"desktop":{"background-color":"var(--ast-global-color-4)","background-image":"","background-repeat":"repeat","background-position":"center center","background-size":"auto","background-attachment":"scroll","background-type":"","background-media":"","overlay-type":"","overlay-color":"","overlay-opacity":"","overlay-gradient":""},"tablet":{"background-color":"","background-image":"","background-repeat":"repeat","background-position":"center center","background-size":"auto","background-attachment":"scroll","background-type":"","background-media":"","overlay-type":"","overlay-color":"","overlay-opacity":"","overlay-gradient":""},"mobile":{"background-color":"","background-image":"","background-repeat":"repeat","background-position":"center center","background-size":"auto","background-attachment":"scroll","background-type":"","background-media":"","overlay-type":"","overlay-color":"","overlay-opacity":"","overlay-gradient":""}},"ast-content-background-meta":{"desktop":{"background-color":"var(--ast-global-color-5)","background-image":"","background-repeat":"repeat","background-position":"center center","background-size":"auto","background-attachment":"scroll","background-type":"","background-media":"","overlay-type":"","overlay-color":"","overlay-opacity":"","overlay-gradient":""},"tablet":{"background-color":"var(--ast-global-color-5)","background-image":"","background-repeat":"repeat","background-position":"center center","background-size":"auto","background-attachment":"scroll","background-type":"","background-media":"","overlay-type":"","overlay-color":"","overlay-opacity":"","overlay-gradient":""},"mobile":{"background-color":"var(--ast-global-color-5)","background-image":"","background-repeat":"repeat","background-position":"center center","background-size":"auto","background-attachment":"scroll","background-type":"","background-media":"","overlay-type":"","overlay-color":"","overlay-opacity":"","overlay-gradient":""}}},"product_brand":[],"product_cat":[86],"product_tag":[],"class_list":{"0":"post-8722","1":"product","2":"type-product","3":"status-publish","4":"has-post-thumbnail","6":"product_cat-tv","7":"desktop-align-left","8":"tablet-align-left","9":"mobile-align-left","11":"first","12":"instock","13":"sale","14":"taxable","15":"shipping-taxable","16":"purchasable","17":"product-type-simple"},"yoast_head":"<!-- This site is optimized with the Yoast SEO plugin v27.5 - https:\/\/yoast.com\/product\/yoast-seo-wordpress\/ -->\n<title>Televisor XKIM X504KW SMAR TV 50&#039; 4K Web OS Black - Giftronic.04<\/title>\n<meta name=\"robots\" content=\"index, follow, max-snippet:-1, max-image-preview:large, max-video-preview:-1\" \/>\n<link rel=\"canonical\" href=\"https:\/\/giftronic04.com\/index.php\/product\/televisor-xkim-x504kw-smar-tv-50-4k-web-os-black\/\" \/>\n<meta property=\"og:locale\" content=\"es_ES\" \/>\n<meta property=\"og:type\" content=\"article\" \/>\n<meta property=\"og:title\" content=\"Televisor XKIM X504KW SMAR TV 50&#039; 4K Web OS Black - Giftronic.04\" \/>\n<meta property=\"og:description\" content=\"Caracter\u00edsticas Marca: XKIM Referencia: X504KW Tipo: TELEVISOR Resoluci\u00f3n Pantalla: 4K Tipo de pantalla LED Dise\u00f1o de la pantalla Plano Tecnolog\u00eda SMART TV Tama\u00f1o Pantalla\u00a0 \u00a0 \u00a050\u2019 Pulgadas Sistema operativo \u00a0 WebOS 2.0 Aplicaciones Preinstaladas Netflix, YouTube entre otras. Sintonizador Digital DVB T2 Conexiones Wi-Fi Bluetooth HDMI USB Fuentes de Alimentaci\u00f3n de Energ\u00eda Energ\u00eda El\u00e9ctrica Color [&hellip;]\" \/>\n<meta property=\"og:url\" content=\"https:\/\/giftronic04.com\/index.php\/product\/televisor-xkim-x504kw-smar-tv-50-4k-web-os-black\/\" \/>\n<meta property=\"og:site_name\" content=\"Giftronic.04\" \/>\n<meta property=\"article:modified_time\" content=\"2025-04-30T16:50:41+00:00\" \/>\n<meta property=\"og:image\" content=\"https:\/\/giftronic04.com\/wp-content\/uploads\/2025\/04\/w1500h1500fitpad-4.png\" \/>\n\t<meta property=\"og:image:width\" content=\"2000\" \/>\n\t<meta property=\"og:image:height\" content=\"2000\" \/>\n\t<meta property=\"og:image:type\" content=\"image\/png\" \/>\n<meta name=\"twitter:card\" content=\"summary_large_image\" \/>\n<meta name=\"twitter:label1\" content=\"Tiempo de lectura\" \/>\n\t<meta name=\"twitter:data1\" content=\"2 minutos\" \/>\n<script type=\"application\/ld+json\" class=\"yoast-schema-graph\">{\"@context\":\"https:\\\/\\\/schema.org\",\"@graph\":[{\"@type\":\"WebPage\",\"@id\":\"https:\\\/\\\/giftronic04.com\\\/index.php\\\/product\\\/televisor-xkim-x504kw-smar-tv-50-4k-web-os-black\\\/\",\"url\":\"https:\\\/\\\/giftronic04.com\\\/index.php\\\/product\\\/televisor-xkim-x504kw-smar-tv-50-4k-web-os-black\\\/\",\"name\":\"Televisor XKIM X504KW SMAR TV 50' 4K Web OS Black - Giftronic.04\",\"isPartOf\":{\"@id\":\"https:\\\/\\\/giftronic04.com\\\/#website\"},\"primaryImageOfPage\":{\"@id\":\"https:\\\/\\\/giftronic04.com\\\/index.php\\\/product\\\/televisor-xkim-x504kw-smar-tv-50-4k-web-os-black\\\/#primaryimage\"},\"image\":{\"@id\":\"https:\\\/\\\/giftronic04.com\\\/index.php\\\/product\\\/televisor-xkim-x504kw-smar-tv-50-4k-web-os-black\\\/#primaryimage\"},\"thumbnailUrl\":\"https:\\\/\\\/giftronic04.com\\\/wp-content\\\/uploads\\\/2025\\\/04\\\/w1500h1500fitpad-4.png\",\"datePublished\":\"2025-04-30T16:50:40+00:00\",\"dateModified\":\"2025-04-30T16:50:41+00:00\",\"breadcrumb\":{\"@id\":\"https:\\\/\\\/giftronic04.com\\\/index.php\\\/product\\\/televisor-xkim-x504kw-smar-tv-50-4k-web-os-black\\\/#breadcrumb\"},\"inLanguage\":\"es\",\"potentialAction\":[{\"@type\":\"ReadAction\",\"target\":[\"https:\\\/\\\/giftronic04.com\\\/index.php\\\/product\\\/televisor-xkim-x504kw-smar-tv-50-4k-web-os-black\\\/\"]}]},{\"@type\":\"ImageObject\",\"inLanguage\":\"es\",\"@id\":\"https:\\\/\\\/giftronic04.com\\\/index.php\\\/product\\\/televisor-xkim-x504kw-smar-tv-50-4k-web-os-black\\\/#primaryimage\",\"url\":\"https:\\\/\\\/giftronic04.com\\\/wp-content\\\/uploads\\\/2025\\\/04\\\/w1500h1500fitpad-4.png\",\"contentUrl\":\"https:\\\/\\\/giftronic04.com\\\/wp-content\\\/uploads\\\/2025\\\/04\\\/w1500h1500fitpad-4.png\",\"width\":2000,\"height\":2000},{\"@type\":\"BreadcrumbList\",\"@id\":\"https:\\\/\\\/giftronic04.com\\\/index.php\\\/product\\\/televisor-xkim-x504kw-smar-tv-50-4k-web-os-black\\\/#breadcrumb\",\"itemListElement\":[{\"@type\":\"ListItem\",\"position\":1,\"name\":\"Portada\",\"item\":\"https:\\\/\\\/giftronic04.com\\\/\"},{\"@type\":\"ListItem\",\"position\":2,\"name\":\"Tienda\",\"item\":\"https:\\\/\\\/giftronic04.com\\\/index.php\\\/shop\\\/\"},{\"@type\":\"ListItem\",\"position\":3,\"name\":\"Televisor XKIM X504KW SMAR TV 50&#8242; 4K Web OS Black\"}]},{\"@type\":\"WebSite\",\"@id\":\"https:\\\/\\\/giftronic04.com\\\/#website\",\"url\":\"https:\\\/\\\/giftronic04.com\\\/\",\"name\":\"Giftronic.04\",\"description\":\"Venta de equipos tecnologicos\",\"publisher\":{\"@id\":\"https:\\\/\\\/giftronic04.com\\\/#organization\"},\"potentialAction\":[{\"@type\":\"SearchAction\",\"target\":{\"@type\":\"EntryPoint\",\"urlTemplate\":\"https:\\\/\\\/giftronic04.com\\\/?s={search_term_string}\"},\"query-input\":{\"@type\":\"PropertyValueSpecification\",\"valueRequired\":true,\"valueName\":\"search_term_string\"}}],\"inLanguage\":\"es\"},{\"@type\":\"Organization\",\"@id\":\"https:\\\/\\\/giftronic04.com\\\/#organization\",\"name\":\"giftronic04\",\"url\":\"https:\\\/\\\/giftronic04.com\\\/\",\"logo\":{\"@type\":\"ImageObject\",\"inLanguage\":\"es\",\"@id\":\"https:\\\/\\\/giftronic04.com\\\/#\\\/schema\\\/logo\\\/image\\\/\",\"url\":\"https:\\\/\\\/giftronic04.com\\\/wp-content\\\/uploads\\\/2021\\\/08\\\/logo.png\",\"contentUrl\":\"https:\\\/\\\/giftronic04.com\\\/wp-content\\\/uploads\\\/2021\\\/08\\\/logo.png\",\"width\":6640,\"height\":2192,\"caption\":\"giftronic04\"},\"image\":{\"@id\":\"https:\\\/\\\/giftronic04.com\\\/#\\\/schema\\\/logo\\\/image\\\/\"},\"sameAs\":[\"https:\\\/\\\/www.instagram.com\\\/giftronic.04\\\/\"]}]}<\/script>\n<!-- \/ Yoast SEO plugin. -->","yoast_head_json":{"title":"Televisor XKIM X504KW SMAR TV 50' 4K Web OS Black - Giftronic.04","robots":{"index":"index","follow":"follow","max-snippet":"max-snippet:-1","max-image-preview":"max-image-preview:large","max-video-preview":"max-video-preview:-1"},"canonical":"https:\/\/giftronic04.com\/index.php\/product\/televisor-xkim-x504kw-smar-tv-50-4k-web-os-black\/","og_locale":"es_ES","og_type":"article","og_title":"Televisor XKIM X504KW SMAR TV 50' 4K Web OS Black - Giftronic.04","og_description":"Caracter\u00edsticas Marca: XKIM Referencia: X504KW Tipo: TELEVISOR Resoluci\u00f3n Pantalla: 4K Tipo de pantalla LED Dise\u00f1o de la pantalla Plano Tecnolog\u00eda SMART TV Tama\u00f1o Pantalla\u00a0 \u00a0 \u00a050\u2019 Pulgadas Sistema operativo \u00a0 WebOS 2.0 Aplicaciones Preinstaladas Netflix, YouTube entre otras. Sintonizador Digital DVB T2 Conexiones Wi-Fi Bluetooth HDMI USB Fuentes de Alimentaci\u00f3n de Energ\u00eda Energ\u00eda El\u00e9ctrica Color [&hellip;]","og_url":"https:\/\/giftronic04.com\/index.php\/product\/televisor-xkim-x504kw-smar-tv-50-4k-web-os-black\/","og_site_name":"Giftronic.04","article_modified_time":"2025-04-30T16:50:41+00:00","og_image":[{"width":2000,"height":2000,"url":"https:\/\/giftronic04.com\/wp-content\/uploads\/2025\/04\/w1500h1500fitpad-4.png","type":"image\/png"}],"twitter_card":"summary_large_image","twitter_misc":{"Tiempo de lectura":"2 minutos"},"schema":{"@context":"https:\/\/schema.org","@graph":[{"@type":"WebPage","@id":"https:\/\/giftronic04.com\/index.php\/product\/televisor-xkim-x504kw-smar-tv-50-4k-web-os-black\/","url":"https:\/\/giftronic04.com\/index.php\/product\/televisor-xkim-x504kw-smar-tv-50-4k-web-os-black\/","name":"Televisor XKIM X504KW SMAR TV 50' 4K Web OS Black - Giftronic.04","isPartOf":{"@id":"https:\/\/giftronic04.com\/#website"},"primaryImageOfPage":{"@id":"https:\/\/giftronic04.com\/index.php\/product\/televisor-xkim-x504kw-smar-tv-50-4k-web-os-black\/#primaryimage"},"image":{"@id":"https:\/\/giftronic04.com\/index.php\/product\/televisor-xkim-x504kw-smar-tv-50-4k-web-os-black\/#primaryimage"},"thumbnailUrl":"https:\/\/giftronic04.com\/wp-content\/uploads\/2025\/04\/w1500h1500fitpad-4.png","datePublished":"2025-04-30T16:50:40+00:00","dateModified":"2025-04-30T16:50:41+00:00","breadcrumb":{"@id":"https:\/\/giftronic04.com\/index.php\/product\/televisor-xkim-x504kw-smar-tv-50-4k-web-os-black\/#breadcrumb"},"inLanguage":"es","potentialAction":[{"@type":"ReadAction","target":["https:\/\/giftronic04.com\/index.php\/product\/televisor-xkim-x504kw-smar-tv-50-4k-web-os-black\/"]}]},{"@type":"ImageObject","inLanguage":"es","@id":"https:\/\/giftronic04.com\/index.php\/product\/televisor-xkim-x504kw-smar-tv-50-4k-web-os-black\/#primaryimage","url":"https:\/\/giftronic04.com\/wp-content\/uploads\/2025\/04\/w1500h1500fitpad-4.png","contentUrl":"https:\/\/giftronic04.com\/wp-content\/uploads\/2025\/04\/w1500h1500fitpad-4.png","width":2000,"height":2000},{"@type":"BreadcrumbList","@id":"https:\/\/giftronic04.com\/index.php\/product\/televisor-xkim-x504kw-smar-tv-50-4k-web-os-black\/#breadcrumb","itemListElement":[{"@type":"ListItem","position":1,"name":"Portada","item":"https:\/\/giftronic04.com\/"},{"@type":"ListItem","position":2,"name":"Tienda","item":"https:\/\/giftronic04.com\/index.php\/shop\/"},{"@type":"ListItem","position":3,"name":"Televisor XKIM X504KW SMAR TV 50&#8242; 4K Web OS Black"}]},{"@type":"WebSite","@id":"https:\/\/giftronic04.com\/#website","url":"https:\/\/giftronic04.com\/","name":"Giftronic.04","description":"Venta de equipos tecnologicos","publisher":{"@id":"https:\/\/giftronic04.com\/#organization"},"potentialAction":[{"@type":"SearchAction","target":{"@type":"EntryPoint","urlTemplate":"https:\/\/giftronic04.com\/?s={search_term_string}"},"query-input":{"@type":"PropertyValueSpecification","valueRequired":true,"valueName":"search_term_string"}}],"inLanguage":"es"},{"@type":"Organization","@id":"https:\/\/giftronic04.com\/#organization","name":"giftronic04","url":"https:\/\/giftronic04.com\/","logo":{"@type":"ImageObject","inLanguage":"es","@id":"https:\/\/giftronic04.com\/#\/schema\/logo\/image\/","url":"https:\/\/giftronic04.com\/wp-content\/uploads\/2021\/08\/logo.png","contentUrl":"https:\/\/giftronic04.com\/wp-content\/uploads\/2021\/08\/logo.png","width":6640,"height":2192,"caption":"giftronic04"},"image":{"@id":"https:\/\/giftronic04.com\/#\/schema\/logo\/image\/"},"sameAs":["https:\/\/www.instagram.com\/giftronic.04\/"]}]}},"jetpack_sharing_enabled":true,"_links":{"self":[{"href":"https:\/\/giftronic04.com\/index.php\/wp-json\/wp\/v2\/product\/8722","targetHints":{"allow":["GET"]}}],"collection":[{"href":"https:\/\/giftronic04.com\/index.php\/wp-json\/wp\/v2\/product"}],"about":[{"href":"https:\/\/giftronic04.com\/index.php\/wp-json\/wp\/v2\/types\/product"}],"replies":[{"embeddable":true,"href":"https:\/\/giftronic04.com\/index.php\/wp-json\/wp\/v2\/comments?post=8722"}],"wp:featuredmedia":[{"embeddable":true,"href":"https:\/\/giftronic04.com\/index.php\/wp-json\/wp\/v2\/media\/8723"}],"wp:attachment":[{"href":"https:\/\/giftronic04.com\/index.php\/wp-json\/wp\/v2\/media?parent=8722"}],"wp:term":[{"taxonomy":"product_brand","embeddable":true,"href":"https:\/\/giftronic04.com\/index.php\/wp-json\/wp\/v2\/product_brand?post=8722"},{"taxonomy":"product_cat","embeddable":true,"href":"https:\/\/giftronic04.com\/index.php\/wp-json\/wp\/v2\/product_cat?post=8722"},{"taxonomy":"product_tag","embeddable":true,"href":"https:\/\/giftronic04.com\/index.php\/wp-json\/wp\/v2\/product_tag?post=8722"}],"curies":[{"name":"wp","href":"https:\/\/api.w.org\/{rel}","templated":true}]}}