{"id":8826,"date":"2025-05-21T13:45:33","date_gmt":"2025-05-21T18:45:33","guid":{"rendered":"https:\/\/giftronic04.com\/?post_type=product&#038;p=8826"},"modified":"2025-07-12T14:39:04","modified_gmt":"2025-07-12T19:39:04","slug":"portatil-hp-255-g10-156-hd-amd-r3-7330u-ram-12gb-512gb-ssd-silver","status":"publish","type":"product","link":"https:\/\/giftronic04.com\/index.php\/product\/portatil-hp-255-g10-156-hd-amd-r3-7330u-ram-12gb-512gb-ssd-silver\/","title":{"rendered":"PORTATIL HP 255 G10 15,6&#8242; HD AMD R3-7330U RAM 12GB 512GB SSD SILVER"},"content":{"rendered":"<p>Caracter\u00edsticas<\/p>\n<p>Marca: HP<\/p>\n<p>Referencia: HP 255 G10<\/p>\n<p>Tipo: LAPTOPS<\/p>\n<p>Resoluci\u00f3n Pantalla HD (1366 x 768)<\/p>\n<p>Tama\u00f1o Pantalla\u00a0\u00a0\u00a0\u00a0 15,6\u2019 Pulgadas<\/p>\n<p>Memoria RAM: 12GB<\/p>\n<p>Tipos de Discos que Incluye\u00a0\u00a0\u00a0\u00a0\u00a0\u00a0\u00a0 Disco Estado Solido (SSD)<\/p>\n<p>Capacidad de Disco \u00a0\u00a0512GB SSD<\/p>\n<p>Marca del Procesador\u00a0\u00a0\u00a0\u00a0\u00a0\u00a0\u00a0 AMD<\/p>\n<p>Procesador AMD Ryzen\u2122 3 7330U<\/p>\n<p>Sistema Operativo: Linux<\/p>\n<p>Sistema Operativo Opcional:\u00a0\u00a0\u00a0\u00a0\u00a0\u00a0\u00a0 Windows 11 de prueba<\/p>\n<p>N\u00facleos del Procesador\u00a0\u00a0\u00a0\u00a0 4 N\u00facleos<\/p>\n<p>Velocidad del Procesador: Reloj base 2.3GHz M\u00e1x. Hasta 4.3GHz<\/p>\n<p>Peso\u00a0\u00a0 1,6 Kilogramos<\/p>\n<p>Caracter\u00edsticas Especiales<\/p>\n<p>C\u00e1mara WEB Integrada<\/p>\n<p>No. Puertos HDMI\u00a0\u00a0 1 Puertos<\/p>\n<p>No. Puertos USB\u00a0\u00a0\u00a0\u00a0 2 Puertos<\/p>\n<p>No. Puertos USB TIPO C 1 Puertos<\/p>\n<p>No. Salidas de Audio\u00a0\u00a0\u00a0\u00a0\u00a0\u00a0\u00a0\u00a0 1 Puertos<\/p>\n<p>Tipos de Puertos Entradas y Salidas<\/p>\n<p>Puerto HDMI<\/p>\n<p>Puerto USB<\/p>\n<p>Salida de Aud\u00edfonos<\/p>\n<p>Opciones de Conexi\u00f3n<\/p>\n<p>Bluetooth<\/p>\n<p>Wifi<\/p>\n<p>Fuente de Alimentaci\u00f3n de Energ\u00eda<\/p>\n<p>Tonalidad de Color\u00a0 Silver<\/p>\n<p>La duraci\u00f3n de la bater\u00eda es un valor aproximado y depende del uso que se le d\u00e9 al equipo.<\/p>\n<p>Resumen del producto<\/p>\n<p>La laptop HP 255 G10, econ\u00f3mica y lista para las grandes superficies, ofrece funciones esenciales de potencia y productividad en un dise\u00f1o fino y liviano con una gran pantalla de 15,6\u2019 pulgadas en diagonal. Creado con un dise\u00f1o delgado y moderno para mantenerte conectado y con todas las tareas bajo control, con rendimiento confiable y bater\u00eda duradera. Dise\u00f1o atractivo y ligero, que se ve tan bien como funciona para que la lleves siempre contigo.<\/p>\n<p>Recomendaciones<\/p>\n<p>Lea cuidadosamente la descripci\u00f3n del producto y condiciones de venta.<\/p>\n<p>Se otorga 1 a\u00f1o de respaldo por defectos de fabricaci\u00f3n directamente con la marca \u2018Conservando empaques originales\u2019. No cubre da\u00f1os ocasionados por manipulaci\u00f3n no autorizada, golpes, derrames o mal uso del equipo, Las im\u00e1genes publicadas en esta p\u00e1gina son representaciones fotogr\u00e1ficas que ilustran de manera aproximada las caracter\u00edsticas de los equipos en venta y pueden variar respecto a la realidad seg\u00fan la resoluci\u00f3n de estas y del dispositivo que se utilice para observarlas. Para cualquier proceso de garant\u00eda debes entregar el producto con los empaques y accesorios ORIGINALES.<\/p>\n<p>Este producto es 100% nuevo y original que ha sido repotencializado en una de sus partes para un mayor rendimiento.<\/p>\n<p>&nbsp;<\/p>\n<p>&nbsp;<\/p>\n","protected":false},"excerpt":{"rendered":"<p>Caracter\u00edsticas Marca: HP Referencia: HP 255 G10 Tipo: LAPTOPS Resoluci\u00f3n Pantalla HD (1366 x 768) Tama\u00f1o Pantalla\u00a0\u00a0\u00a0\u00a0 15,6\u2019 Pulgadas Memoria RAM: 12GB Tipos de Discos que Incluye\u00a0\u00a0\u00a0\u00a0\u00a0\u00a0\u00a0 Disco Estado Solido (SSD) Capacidad de Disco \u00a0\u00a0512GB SSD Marca del Procesador\u00a0\u00a0\u00a0\u00a0\u00a0\u00a0\u00a0 AMD Procesador AMD Ryzen\u2122 3 7330U Sistema Operativo: Linux Sistema Operativo Opcional:\u00a0\u00a0\u00a0\u00a0\u00a0\u00a0\u00a0 Windows 11 de prueba [&hellip;]<\/p>\n","protected":false},"featured_media":8827,"comment_status":"open","ping_status":"closed","template":"","meta":{"_surecart_dashboard_logo_width":"180px","_surecart_dashboard_show_logo":true,"_surecart_dashboard_navigation_orders":true,"_surecart_dashboard_navigation_invoices":true,"_surecart_dashboard_navigation_subscriptions":true,"_surecart_dashboard_navigation_downloads":true,"_surecart_dashboard_navigation_billing":true,"_surecart_dashboard_navigation_account":true,"site-sidebar-layout":"default","site-content-layout":"","ast-site-content-layout":"default","site-content-style":"default","site-sidebar-style":"default","ast-global-header-display":"","ast-banner-title-visibility":"","ast-main-header-display":"","ast-hfb-above-header-display":"","ast-hfb-below-header-display":"","ast-hfb-mobile-header-display":"","site-post-title":"","ast-breadcrumbs-content":"","ast-featured-img":"","footer-sml-layout":"","ast-disable-related-posts":"","theme-transparent-header-meta":"","adv-header-id-meta":"","stick-header-meta":"","header-above-stick-meta":"","header-main-stick-meta":"","header-below-stick-meta":"","astra-migrate-meta-layouts":"default","ast-page-background-enabled":"default","ast-page-background-meta":{"desktop":{"background-color":"var(--ast-global-color-4)","background-image":"","background-repeat":"repeat","background-position":"center center","background-size":"auto","background-attachment":"scroll","background-type":"","background-media":"","overlay-type":"","overlay-color":"","overlay-opacity":"","overlay-gradient":""},"tablet":{"background-color":"","background-image":"","background-repeat":"repeat","background-position":"center center","background-size":"auto","background-attachment":"scroll","background-type":"","background-media":"","overlay-type":"","overlay-color":"","overlay-opacity":"","overlay-gradient":""},"mobile":{"background-color":"","background-image":"","background-repeat":"repeat","background-position":"center center","background-size":"auto","background-attachment":"scroll","background-type":"","background-media":"","overlay-type":"","overlay-color":"","overlay-opacity":"","overlay-gradient":""}},"ast-content-background-meta":{"desktop":{"background-color":"var(--ast-global-color-5)","background-image":"","background-repeat":"repeat","background-position":"center center","background-size":"auto","background-attachment":"scroll","background-type":"","background-media":"","overlay-type":"","overlay-color":"","overlay-opacity":"","overlay-gradient":""},"tablet":{"background-color":"var(--ast-global-color-5)","background-image":"","background-repeat":"repeat","background-position":"center center","background-size":"auto","background-attachment":"scroll","background-type":"","background-media":"","overlay-type":"","overlay-color":"","overlay-opacity":"","overlay-gradient":""},"mobile":{"background-color":"var(--ast-global-color-5)","background-image":"","background-repeat":"repeat","background-position":"center center","background-size":"auto","background-attachment":"scroll","background-type":"","background-media":"","overlay-type":"","overlay-color":"","overlay-opacity":"","overlay-gradient":""}}},"product_brand":[],"product_cat":[22,30],"product_tag":[],"class_list":{"0":"post-8826","1":"product","2":"type-product","3":"status-publish","4":"has-post-thumbnail","6":"product_cat-computacion","7":"product_cat-componentes-de-pc-portatiles","8":"desktop-align-left","9":"tablet-align-left","10":"mobile-align-left","12":"first","13":"outofstock","14":"sale","15":"taxable","16":"shipping-taxable","17":"purchasable","18":"product-type-simple"},"yoast_head":"<!-- This site is optimized with the Yoast SEO plugin v27.5 - https:\/\/yoast.com\/product\/yoast-seo-wordpress\/ -->\n<title>PORTATIL HP 255 G10 15,6&#039; HD AMD R3-7330U RAM 12GB 512GB SSD SILVER - Giftronic.04<\/title>\n<meta name=\"robots\" content=\"index, follow, max-snippet:-1, max-image-preview:large, max-video-preview:-1\" \/>\n<link rel=\"canonical\" href=\"https:\/\/giftronic04.com\/index.php\/product\/portatil-hp-255-g10-156-hd-amd-r3-7330u-ram-12gb-512gb-ssd-silver\/\" \/>\n<meta property=\"og:locale\" content=\"es_ES\" \/>\n<meta property=\"og:type\" content=\"article\" \/>\n<meta property=\"og:title\" content=\"PORTATIL HP 255 G10 15,6&#039; HD AMD R3-7330U RAM 12GB 512GB SSD SILVER - Giftronic.04\" \/>\n<meta property=\"og:description\" content=\"Caracter\u00edsticas Marca: HP Referencia: HP 255 G10 Tipo: LAPTOPS Resoluci\u00f3n Pantalla HD (1366 x 768) Tama\u00f1o Pantalla\u00a0\u00a0\u00a0\u00a0 15,6\u2019 Pulgadas Memoria RAM: 12GB Tipos de Discos que Incluye\u00a0\u00a0\u00a0\u00a0\u00a0\u00a0\u00a0 Disco Estado Solido (SSD) Capacidad de Disco \u00a0\u00a0512GB SSD Marca del Procesador\u00a0\u00a0\u00a0\u00a0\u00a0\u00a0\u00a0 AMD Procesador AMD Ryzen\u2122 3 7330U Sistema Operativo: Linux Sistema Operativo Opcional:\u00a0\u00a0\u00a0\u00a0\u00a0\u00a0\u00a0 Windows 11 de prueba [&hellip;]\" \/>\n<meta property=\"og:url\" content=\"https:\/\/giftronic04.com\/index.php\/product\/portatil-hp-255-g10-156-hd-amd-r3-7330u-ram-12gb-512gb-ssd-silver\/\" \/>\n<meta property=\"og:site_name\" content=\"Giftronic.04\" \/>\n<meta property=\"article:modified_time\" content=\"2025-07-12T19:39:04+00:00\" \/>\n<meta property=\"og:image\" content=\"https:\/\/giftronic04.com\/wp-content\/uploads\/2025\/05\/12GB-512SSD-LOGO-1.jpg\" \/>\n\t<meta property=\"og:image:width\" content=\"2000\" \/>\n\t<meta property=\"og:image:height\" content=\"2000\" \/>\n\t<meta property=\"og:image:type\" content=\"image\/jpeg\" \/>\n<meta name=\"twitter:card\" content=\"summary_large_image\" \/>\n<meta name=\"twitter:label1\" content=\"Tiempo de lectura\" \/>\n\t<meta name=\"twitter:data1\" content=\"2 minutos\" \/>\n<script type=\"application\/ld+json\" class=\"yoast-schema-graph\">{\"@context\":\"https:\\\/\\\/schema.org\",\"@graph\":[{\"@type\":\"WebPage\",\"@id\":\"https:\\\/\\\/giftronic04.com\\\/index.php\\\/product\\\/portatil-hp-255-g10-156-hd-amd-r3-7330u-ram-12gb-512gb-ssd-silver\\\/\",\"url\":\"https:\\\/\\\/giftronic04.com\\\/index.php\\\/product\\\/portatil-hp-255-g10-156-hd-amd-r3-7330u-ram-12gb-512gb-ssd-silver\\\/\",\"name\":\"PORTATIL HP 255 G10 15,6' HD AMD R3-7330U RAM 12GB 512GB SSD SILVER - Giftronic.04\",\"isPartOf\":{\"@id\":\"https:\\\/\\\/giftronic04.com\\\/#website\"},\"primaryImageOfPage\":{\"@id\":\"https:\\\/\\\/giftronic04.com\\\/index.php\\\/product\\\/portatil-hp-255-g10-156-hd-amd-r3-7330u-ram-12gb-512gb-ssd-silver\\\/#primaryimage\"},\"image\":{\"@id\":\"https:\\\/\\\/giftronic04.com\\\/index.php\\\/product\\\/portatil-hp-255-g10-156-hd-amd-r3-7330u-ram-12gb-512gb-ssd-silver\\\/#primaryimage\"},\"thumbnailUrl\":\"https:\\\/\\\/giftronic04.com\\\/wp-content\\\/uploads\\\/2025\\\/05\\\/12GB-512SSD-LOGO-1.jpg\",\"datePublished\":\"2025-05-21T18:45:33+00:00\",\"dateModified\":\"2025-07-12T19:39:04+00:00\",\"breadcrumb\":{\"@id\":\"https:\\\/\\\/giftronic04.com\\\/index.php\\\/product\\\/portatil-hp-255-g10-156-hd-amd-r3-7330u-ram-12gb-512gb-ssd-silver\\\/#breadcrumb\"},\"inLanguage\":\"es\",\"potentialAction\":[{\"@type\":\"ReadAction\",\"target\":[\"https:\\\/\\\/giftronic04.com\\\/index.php\\\/product\\\/portatil-hp-255-g10-156-hd-amd-r3-7330u-ram-12gb-512gb-ssd-silver\\\/\"]}]},{\"@type\":\"ImageObject\",\"inLanguage\":\"es\",\"@id\":\"https:\\\/\\\/giftronic04.com\\\/index.php\\\/product\\\/portatil-hp-255-g10-156-hd-amd-r3-7330u-ram-12gb-512gb-ssd-silver\\\/#primaryimage\",\"url\":\"https:\\\/\\\/giftronic04.com\\\/wp-content\\\/uploads\\\/2025\\\/05\\\/12GB-512SSD-LOGO-1.jpg\",\"contentUrl\":\"https:\\\/\\\/giftronic04.com\\\/wp-content\\\/uploads\\\/2025\\\/05\\\/12GB-512SSD-LOGO-1.jpg\",\"width\":2000,\"height\":2000},{\"@type\":\"BreadcrumbList\",\"@id\":\"https:\\\/\\\/giftronic04.com\\\/index.php\\\/product\\\/portatil-hp-255-g10-156-hd-amd-r3-7330u-ram-12gb-512gb-ssd-silver\\\/#breadcrumb\",\"itemListElement\":[{\"@type\":\"ListItem\",\"position\":1,\"name\":\"Portada\",\"item\":\"https:\\\/\\\/giftronic04.com\\\/\"},{\"@type\":\"ListItem\",\"position\":2,\"name\":\"Tienda\",\"item\":\"https:\\\/\\\/giftronic04.com\\\/index.php\\\/shop\\\/\"},{\"@type\":\"ListItem\",\"position\":3,\"name\":\"PORTATIL HP 255 G10 15,6&#8242; HD AMD R3-7330U RAM 12GB 512GB SSD SILVER\"}]},{\"@type\":\"WebSite\",\"@id\":\"https:\\\/\\\/giftronic04.com\\\/#website\",\"url\":\"https:\\\/\\\/giftronic04.com\\\/\",\"name\":\"Giftronic.04\",\"description\":\"Venta de equipos tecnologicos\",\"publisher\":{\"@id\":\"https:\\\/\\\/giftronic04.com\\\/#organization\"},\"potentialAction\":[{\"@type\":\"SearchAction\",\"target\":{\"@type\":\"EntryPoint\",\"urlTemplate\":\"https:\\\/\\\/giftronic04.com\\\/?s={search_term_string}\"},\"query-input\":{\"@type\":\"PropertyValueSpecification\",\"valueRequired\":true,\"valueName\":\"search_term_string\"}}],\"inLanguage\":\"es\"},{\"@type\":\"Organization\",\"@id\":\"https:\\\/\\\/giftronic04.com\\\/#organization\",\"name\":\"giftronic04\",\"url\":\"https:\\\/\\\/giftronic04.com\\\/\",\"logo\":{\"@type\":\"ImageObject\",\"inLanguage\":\"es\",\"@id\":\"https:\\\/\\\/giftronic04.com\\\/#\\\/schema\\\/logo\\\/image\\\/\",\"url\":\"https:\\\/\\\/giftronic04.com\\\/wp-content\\\/uploads\\\/2021\\\/08\\\/logo.png\",\"contentUrl\":\"https:\\\/\\\/giftronic04.com\\\/wp-content\\\/uploads\\\/2021\\\/08\\\/logo.png\",\"width\":6640,\"height\":2192,\"caption\":\"giftronic04\"},\"image\":{\"@id\":\"https:\\\/\\\/giftronic04.com\\\/#\\\/schema\\\/logo\\\/image\\\/\"},\"sameAs\":[\"https:\\\/\\\/www.instagram.com\\\/giftronic.04\\\/\"]}]}<\/script>\n<!-- \/ Yoast SEO plugin. -->","yoast_head_json":{"title":"PORTATIL HP 255 G10 15,6' HD AMD R3-7330U RAM 12GB 512GB SSD SILVER - Giftronic.04","robots":{"index":"index","follow":"follow","max-snippet":"max-snippet:-1","max-image-preview":"max-image-preview:large","max-video-preview":"max-video-preview:-1"},"canonical":"https:\/\/giftronic04.com\/index.php\/product\/portatil-hp-255-g10-156-hd-amd-r3-7330u-ram-12gb-512gb-ssd-silver\/","og_locale":"es_ES","og_type":"article","og_title":"PORTATIL HP 255 G10 15,6' HD AMD R3-7330U RAM 12GB 512GB SSD SILVER - Giftronic.04","og_description":"Caracter\u00edsticas Marca: HP Referencia: HP 255 G10 Tipo: LAPTOPS Resoluci\u00f3n Pantalla HD (1366 x 768) Tama\u00f1o Pantalla\u00a0\u00a0\u00a0\u00a0 15,6\u2019 Pulgadas Memoria RAM: 12GB Tipos de Discos que Incluye\u00a0\u00a0\u00a0\u00a0\u00a0\u00a0\u00a0 Disco Estado Solido (SSD) Capacidad de Disco \u00a0\u00a0512GB SSD Marca del Procesador\u00a0\u00a0\u00a0\u00a0\u00a0\u00a0\u00a0 AMD Procesador AMD Ryzen\u2122 3 7330U Sistema Operativo: Linux Sistema Operativo Opcional:\u00a0\u00a0\u00a0\u00a0\u00a0\u00a0\u00a0 Windows 11 de prueba [&hellip;]","og_url":"https:\/\/giftronic04.com\/index.php\/product\/portatil-hp-255-g10-156-hd-amd-r3-7330u-ram-12gb-512gb-ssd-silver\/","og_site_name":"Giftronic.04","article_modified_time":"2025-07-12T19:39:04+00:00","og_image":[{"width":2000,"height":2000,"url":"https:\/\/giftronic04.com\/wp-content\/uploads\/2025\/05\/12GB-512SSD-LOGO-1.jpg","type":"image\/jpeg"}],"twitter_card":"summary_large_image","twitter_misc":{"Tiempo de lectura":"2 minutos"},"schema":{"@context":"https:\/\/schema.org","@graph":[{"@type":"WebPage","@id":"https:\/\/giftronic04.com\/index.php\/product\/portatil-hp-255-g10-156-hd-amd-r3-7330u-ram-12gb-512gb-ssd-silver\/","url":"https:\/\/giftronic04.com\/index.php\/product\/portatil-hp-255-g10-156-hd-amd-r3-7330u-ram-12gb-512gb-ssd-silver\/","name":"PORTATIL HP 255 G10 15,6' HD AMD R3-7330U RAM 12GB 512GB SSD SILVER - Giftronic.04","isPartOf":{"@id":"https:\/\/giftronic04.com\/#website"},"primaryImageOfPage":{"@id":"https:\/\/giftronic04.com\/index.php\/product\/portatil-hp-255-g10-156-hd-amd-r3-7330u-ram-12gb-512gb-ssd-silver\/#primaryimage"},"image":{"@id":"https:\/\/giftronic04.com\/index.php\/product\/portatil-hp-255-g10-156-hd-amd-r3-7330u-ram-12gb-512gb-ssd-silver\/#primaryimage"},"thumbnailUrl":"https:\/\/giftronic04.com\/wp-content\/uploads\/2025\/05\/12GB-512SSD-LOGO-1.jpg","datePublished":"2025-05-21T18:45:33+00:00","dateModified":"2025-07-12T19:39:04+00:00","breadcrumb":{"@id":"https:\/\/giftronic04.com\/index.php\/product\/portatil-hp-255-g10-156-hd-amd-r3-7330u-ram-12gb-512gb-ssd-silver\/#breadcrumb"},"inLanguage":"es","potentialAction":[{"@type":"ReadAction","target":["https:\/\/giftronic04.com\/index.php\/product\/portatil-hp-255-g10-156-hd-amd-r3-7330u-ram-12gb-512gb-ssd-silver\/"]}]},{"@type":"ImageObject","inLanguage":"es","@id":"https:\/\/giftronic04.com\/index.php\/product\/portatil-hp-255-g10-156-hd-amd-r3-7330u-ram-12gb-512gb-ssd-silver\/#primaryimage","url":"https:\/\/giftronic04.com\/wp-content\/uploads\/2025\/05\/12GB-512SSD-LOGO-1.jpg","contentUrl":"https:\/\/giftronic04.com\/wp-content\/uploads\/2025\/05\/12GB-512SSD-LOGO-1.jpg","width":2000,"height":2000},{"@type":"BreadcrumbList","@id":"https:\/\/giftronic04.com\/index.php\/product\/portatil-hp-255-g10-156-hd-amd-r3-7330u-ram-12gb-512gb-ssd-silver\/#breadcrumb","itemListElement":[{"@type":"ListItem","position":1,"name":"Portada","item":"https:\/\/giftronic04.com\/"},{"@type":"ListItem","position":2,"name":"Tienda","item":"https:\/\/giftronic04.com\/index.php\/shop\/"},{"@type":"ListItem","position":3,"name":"PORTATIL HP 255 G10 15,6&#8242; HD AMD R3-7330U RAM 12GB 512GB SSD SILVER"}]},{"@type":"WebSite","@id":"https:\/\/giftronic04.com\/#website","url":"https:\/\/giftronic04.com\/","name":"Giftronic.04","description":"Venta de equipos tecnologicos","publisher":{"@id":"https:\/\/giftronic04.com\/#organization"},"potentialAction":[{"@type":"SearchAction","target":{"@type":"EntryPoint","urlTemplate":"https:\/\/giftronic04.com\/?s={search_term_string}"},"query-input":{"@type":"PropertyValueSpecification","valueRequired":true,"valueName":"search_term_string"}}],"inLanguage":"es"},{"@type":"Organization","@id":"https:\/\/giftronic04.com\/#organization","name":"giftronic04","url":"https:\/\/giftronic04.com\/","logo":{"@type":"ImageObject","inLanguage":"es","@id":"https:\/\/giftronic04.com\/#\/schema\/logo\/image\/","url":"https:\/\/giftronic04.com\/wp-content\/uploads\/2021\/08\/logo.png","contentUrl":"https:\/\/giftronic04.com\/wp-content\/uploads\/2021\/08\/logo.png","width":6640,"height":2192,"caption":"giftronic04"},"image":{"@id":"https:\/\/giftronic04.com\/#\/schema\/logo\/image\/"},"sameAs":["https:\/\/www.instagram.com\/giftronic.04\/"]}]}},"jetpack_sharing_enabled":true,"_links":{"self":[{"href":"https:\/\/giftronic04.com\/index.php\/wp-json\/wp\/v2\/product\/8826","targetHints":{"allow":["GET"]}}],"collection":[{"href":"https:\/\/giftronic04.com\/index.php\/wp-json\/wp\/v2\/product"}],"about":[{"href":"https:\/\/giftronic04.com\/index.php\/wp-json\/wp\/v2\/types\/product"}],"replies":[{"embeddable":true,"href":"https:\/\/giftronic04.com\/index.php\/wp-json\/wp\/v2\/comments?post=8826"}],"wp:featuredmedia":[{"embeddable":true,"href":"https:\/\/giftronic04.com\/index.php\/wp-json\/wp\/v2\/media\/8827"}],"wp:attachment":[{"href":"https:\/\/giftronic04.com\/index.php\/wp-json\/wp\/v2\/media?parent=8826"}],"wp:term":[{"taxonomy":"product_brand","embeddable":true,"href":"https:\/\/giftronic04.com\/index.php\/wp-json\/wp\/v2\/product_brand?post=8826"},{"taxonomy":"product_cat","embeddable":true,"href":"https:\/\/giftronic04.com\/index.php\/wp-json\/wp\/v2\/product_cat?post=8826"},{"taxonomy":"product_tag","embeddable":true,"href":"https:\/\/giftronic04.com\/index.php\/wp-json\/wp\/v2\/product_tag?post=8826"}],"curies":[{"name":"wp","href":"https:\/\/api.w.org\/{rel}","templated":true}]}}