{"id":8836,"date":"2025-05-23T11:57:51","date_gmt":"2025-05-23T16:57:51","guid":{"rendered":"https:\/\/giftronic04.com\/?post_type=product&#038;p=8836"},"modified":"2025-12-12T11:39:37","modified_gmt":"2025-12-12T16:39:37","slug":"giftronic04-com-tecnologia-computadores-gamer-9","status":"publish","type":"product","link":"https:\/\/giftronic04.com\/index.php\/product\/giftronic04-com-tecnologia-computadores-gamer-9\/","title":{"rendered":"AIO HP 27-cr0011la FHD IPS AMD Ryzen\u2122 7-7730U RAM 32GB DDR4 512GB SSD Blanco W11"},"content":{"rendered":"<p>El <strong>HP\u00a0All-in-One 27-CR0011LA<\/strong>\u00a0combina potencia y dise\u00f1o moderno para una experiencia fluida en productividad y entretenimiento. Equipado con un\u00a0<strong>AMD Ryzen 7 7730U<\/strong>, ofrece\u00a0<strong>8 n\u00facleos y 16 hilos<\/strong>, alcanzando hasta\u00a0<strong>4.5 GHz<\/strong>\u00a0para un rendimiento eficiente. Su\u00a0<strong>pantalla Full HD de 27\u201d<\/strong>\u00a0con tecnolog\u00eda\u00a0<strong>IPS antirreflejo<\/strong>\u00a0proporciona colores vibrantes y \u00e1ngulos amplios de visi\u00f3n. Con\u00a0<strong>16GB de RAM DDR4<\/strong>\u00a0y\u00a0<strong>512GB SSD PCIe NVMe<\/strong>, asegura multitarea fluida y tiempos de carga r\u00e1pidos. Adem\u00e1s, cuenta con\u00a0<strong>Wi-Fi 6, Bluetooth 5.3<\/strong>, m\u00faltiples puertos USB y una\u00a0<strong>c\u00e1mara HD<\/strong>\u00a0con micr\u00f3fono dual para videollamadas n\u00edtidas. Su dise\u00f1o elegante y compacto lo convierte en una opci\u00f3n ideal para espacios modernos<\/p>\n<ul>\n<li><strong>Procesador:<\/strong>\u00a0<strong>AMD Ryzen 7 7730U<\/strong>\u00a0(hasta 4.5 GHz, 8 n\u00facleos, 16 subprocesos), mejorando la experiencia.<\/li>\n<li><strong>Memoria RAM:<\/strong> <strong>32<\/strong><strong>\u00a0GB DDR4-3200 MH<\/strong>z (2 x 16 GB), velocidad y rendimiento.<\/li>\n<li><strong>Almacenamiento:<\/strong>\u00a0<strong>SSD de 512 GB,\u00a0<\/strong>mejor experiencia en multitarea.<\/li>\n<li><strong>Pantalla:<\/strong>\u00a0<strong>27 FHD<\/strong>\u00a0IPS (1920 x 1080), calidad garantizada.<\/li>\n<li><strong>Extras:<\/strong>\u00a0C\u00e1mara FHD HP True Vision con reducci\u00f3n de ruido, teclado y mouse inal\u00e1mbricos HP 510SP<\/li>\n<\/ul>\n<p>Resumen del producto<\/p>\n<p>Trabaja y disfruta al m\u00e1ximo con el poderoso All In One 27-cr0011la de HP, Se dise\u00f1\u00f3 conscientemente pensando en el planeta comienza a usar estos equipos confiables que superan f\u00e1cilmente la prueba de buena vibra. Los equipos HP est\u00e1n fabricados con tecnolog\u00eda confiable, potencia de primer nivel y desempe\u00f1o s\u00f3lido que convierte tu lista de tareas pendientes en una lista de tareas ya hechas aprovechando su potente procesador AMD Ryzen 7000 Series y un almacenamiento SSD M.2 disfruta al m\u00e1ximo su desempe\u00f1o y velocidad.<\/p>\n<p>Recomendaciones<\/p>\n<p>Lea cuidadosamente la descripci\u00f3n del producto y condiciones de venta.<\/p>\n<p>Se otorga 1 a\u00f1o de respaldo por defectos de fabricaci\u00f3n directamente con la marca \u2018Conservando empaques originales\u2019. No cubre da\u00f1os ocasionados por manipulaci\u00f3n no autorizada, golpes, derrames o mal uso del equipo, Las im\u00e1genes publicadas en esta p\u00e1gina son representaciones fotogr\u00e1ficas que ilustran de manera aproximada las caracter\u00edsticas de los equipos en venta y pueden variar respecto a la realidad seg\u00fan la resoluci\u00f3n de estas y del dispositivo que se utilice para observarlas. Para cualquier proceso de garant\u00eda debes entregar el producto con los empaques y accesorios ORIGINALES.<\/p>\n<p>Este producto es 100% nuevo y original que ha sido repotencializado en una de sus partes para un mayor rendimiento.<\/p>\n","protected":false},"excerpt":{"rendered":"<p>El HP\u00a0All-in-One 27-CR0011LA\u00a0combina potencia y dise\u00f1o moderno para una experiencia fluida en productividad y entretenimiento. Equipado con un\u00a0AMD Ryzen 7 7730U, ofrece\u00a08 n\u00facleos y 16 hilos, alcanzando hasta\u00a04.5 GHz\u00a0para un rendimiento eficiente. Su\u00a0pantalla Full HD de 27\u201d\u00a0con tecnolog\u00eda\u00a0IPS antirreflejo\u00a0proporciona colores vibrantes y \u00e1ngulos amplios de visi\u00f3n. Con\u00a016GB de RAM DDR4\u00a0y\u00a0512GB SSD PCIe NVMe, asegura multitarea [&hellip;]<\/p>\n","protected":false},"featured_media":8837,"comment_status":"open","ping_status":"closed","template":"","meta":{"_surecart_dashboard_logo_width":"180px","_surecart_dashboard_show_logo":true,"_surecart_dashboard_navigation_orders":true,"_surecart_dashboard_navigation_invoices":true,"_surecart_dashboard_navigation_subscriptions":true,"_surecart_dashboard_navigation_downloads":true,"_surecart_dashboard_navigation_billing":true,"_surecart_dashboard_navigation_account":true,"site-sidebar-layout":"default","site-content-layout":"","ast-site-content-layout":"default","site-content-style":"default","site-sidebar-style":"default","ast-global-header-display":"","ast-banner-title-visibility":"","ast-main-header-display":"","ast-hfb-above-header-display":"","ast-hfb-below-header-display":"","ast-hfb-mobile-header-display":"","site-post-title":"","ast-breadcrumbs-content":"","ast-featured-img":"","footer-sml-layout":"","ast-disable-related-posts":"","theme-transparent-header-meta":"default","adv-header-id-meta":"","stick-header-meta":"","header-above-stick-meta":"","header-main-stick-meta":"","header-below-stick-meta":"","astra-migrate-meta-layouts":"set","ast-page-background-enabled":"default","ast-page-background-meta":{"desktop":{"background-color":"var(--ast-global-color-4)","background-image":"","background-repeat":"repeat","background-position":"center center","background-size":"auto","background-attachment":"scroll","background-type":"","background-media":"","overlay-type":"","overlay-color":"","overlay-opacity":"","overlay-gradient":""},"tablet":{"background-color":"","background-image":"","background-repeat":"repeat","background-position":"center center","background-size":"auto","background-attachment":"scroll","background-type":"","background-media":"","overlay-type":"","overlay-color":"","overlay-opacity":"","overlay-gradient":""},"mobile":{"background-color":"","background-image":"","background-repeat":"repeat","background-position":"center center","background-size":"auto","background-attachment":"scroll","background-type":"","background-media":"","overlay-type":"","overlay-color":"","overlay-opacity":"","overlay-gradient":""}},"ast-content-background-meta":{"desktop":{"background-color":"var(--ast-global-color-5)","background-image":"","background-repeat":"repeat","background-position":"center center","background-size":"auto","background-attachment":"scroll","background-type":"","background-media":"","overlay-type":"","overlay-color":"","overlay-opacity":"","overlay-gradient":""},"tablet":{"background-color":"var(--ast-global-color-5)","background-image":"","background-repeat":"repeat","background-position":"center center","background-size":"auto","background-attachment":"scroll","background-type":"","background-media":"","overlay-type":"","overlay-color":"","overlay-opacity":"","overlay-gradient":""},"mobile":{"background-color":"var(--ast-global-color-5)","background-image":"","background-repeat":"repeat","background-position":"center center","background-size":"auto","background-attachment":"scroll","background-type":"","background-media":"","overlay-type":"","overlay-color":"","overlay-opacity":"","overlay-gradient":""}}},"product_brand":[],"product_cat":[56],"product_tag":[],"class_list":{"0":"post-8836","1":"product","2":"type-product","3":"status-publish","4":"has-post-thumbnail","6":"product_cat-all-in-one","7":"desktop-align-left","8":"tablet-align-left","9":"mobile-align-left","11":"first","12":"outofstock","13":"sale","14":"taxable","15":"shipping-taxable","16":"purchasable","17":"product-type-simple"},"yoast_head":"<!-- This site is optimized with the Yoast SEO plugin v27.5 - https:\/\/yoast.com\/product\/yoast-seo-wordpress\/ -->\n<title>AIO HP 27-cr0011la FHD IPS AMD Ryzen\u2122 7-7730U RAM 32GB DDR4 512GB SSD Blanco W11 - Giftronic.04 giftronic04<\/title>\n<meta name=\"description\" content=\"Descubre en nuestra tienda Giftronic04 lo \u00faltimo en computadores, televisores y accesorios tecnol\u00f3gicos. Calidad, innovaci\u00f3n y las mejores marcas para equipar tu hogar u oficina. \u00a1Tu pr\u00f3xima mejora tecnol\u00f3gica te espera!\" \/>\n<meta name=\"robots\" content=\"index, follow, max-snippet:-1, max-image-preview:large, max-video-preview:-1\" \/>\n<link rel=\"canonical\" href=\"https:\/\/giftronic04.com\/index.php\/product\/giftronic04-com-tecnologia-computadores-gamer-9\/\" \/>\n<meta property=\"og:locale\" content=\"es_ES\" \/>\n<meta property=\"og:type\" content=\"article\" \/>\n<meta property=\"og:title\" content=\"AIO HP 27-cr0011la FHD IPS AMD Ryzen\u2122 7-7730U RAM 32GB DDR4 512GB SSD Blanco W11 - Giftronic.04 giftronic04\" \/>\n<meta property=\"og:description\" content=\"Descubre en nuestra tienda Giftronic04 lo \u00faltimo en computadores, televisores y accesorios tecnol\u00f3gicos. Calidad, innovaci\u00f3n y las mejores marcas para equipar tu hogar u oficina. \u00a1Tu pr\u00f3xima mejora tecnol\u00f3gica te espera!\" \/>\n<meta property=\"og:url\" content=\"https:\/\/giftronic04.com\/index.php\/product\/giftronic04-com-tecnologia-computadores-gamer-9\/\" \/>\n<meta property=\"og:site_name\" content=\"Giftronic.04\" \/>\n<meta property=\"article:modified_time\" content=\"2025-12-12T16:39:37+00:00\" \/>\n<meta property=\"og:image\" content=\"https:\/\/giftronic04.com\/wp-content\/uploads\/2025\/05\/32GB-512SSD-LOGO-1.jpg\" \/>\n\t<meta property=\"og:image:width\" content=\"2000\" \/>\n\t<meta property=\"og:image:height\" content=\"2000\" \/>\n\t<meta property=\"og:image:type\" content=\"image\/jpeg\" \/>\n<meta name=\"twitter:card\" content=\"summary_large_image\" \/>\n<meta name=\"twitter:label1\" content=\"Tiempo de lectura\" \/>\n\t<meta name=\"twitter:data1\" content=\"2 minutos\" \/>\n<script type=\"application\/ld+json\" class=\"yoast-schema-graph\">{\"@context\":\"https:\\\/\\\/schema.org\",\"@graph\":[{\"@type\":\"WebPage\",\"@id\":\"https:\\\/\\\/giftronic04.com\\\/index.php\\\/product\\\/giftronic04-com-tecnologia-computadores-gamer-9\\\/\",\"url\":\"https:\\\/\\\/giftronic04.com\\\/index.php\\\/product\\\/giftronic04-com-tecnologia-computadores-gamer-9\\\/\",\"name\":\"AIO HP 27-cr0011la FHD IPS AMD Ryzen\u2122 7-7730U RAM 32GB DDR4 512GB SSD Blanco W11 - Giftronic.04 giftronic04\",\"isPartOf\":{\"@id\":\"https:\\\/\\\/giftronic04.com\\\/#website\"},\"primaryImageOfPage\":{\"@id\":\"https:\\\/\\\/giftronic04.com\\\/index.php\\\/product\\\/giftronic04-com-tecnologia-computadores-gamer-9\\\/#primaryimage\"},\"image\":{\"@id\":\"https:\\\/\\\/giftronic04.com\\\/index.php\\\/product\\\/giftronic04-com-tecnologia-computadores-gamer-9\\\/#primaryimage\"},\"thumbnailUrl\":\"https:\\\/\\\/giftronic04.com\\\/wp-content\\\/uploads\\\/2025\\\/05\\\/32GB-512SSD-LOGO-1.jpg\",\"datePublished\":\"2025-05-23T16:57:51+00:00\",\"dateModified\":\"2025-12-12T16:39:37+00:00\",\"description\":\"Descubre en nuestra tienda Giftronic04 lo \u00faltimo en computadores, televisores y accesorios tecnol\u00f3gicos. Calidad, innovaci\u00f3n y las mejores marcas para equipar tu hogar u oficina. \u00a1Tu pr\u00f3xima mejora tecnol\u00f3gica te espera!\",\"breadcrumb\":{\"@id\":\"https:\\\/\\\/giftronic04.com\\\/index.php\\\/product\\\/giftronic04-com-tecnologia-computadores-gamer-9\\\/#breadcrumb\"},\"inLanguage\":\"es\",\"potentialAction\":[{\"@type\":\"ReadAction\",\"target\":[\"https:\\\/\\\/giftronic04.com\\\/index.php\\\/product\\\/giftronic04-com-tecnologia-computadores-gamer-9\\\/\"]}]},{\"@type\":\"ImageObject\",\"inLanguage\":\"es\",\"@id\":\"https:\\\/\\\/giftronic04.com\\\/index.php\\\/product\\\/giftronic04-com-tecnologia-computadores-gamer-9\\\/#primaryimage\",\"url\":\"https:\\\/\\\/giftronic04.com\\\/wp-content\\\/uploads\\\/2025\\\/05\\\/32GB-512SSD-LOGO-1.jpg\",\"contentUrl\":\"https:\\\/\\\/giftronic04.com\\\/wp-content\\\/uploads\\\/2025\\\/05\\\/32GB-512SSD-LOGO-1.jpg\",\"width\":2000,\"height\":2000},{\"@type\":\"BreadcrumbList\",\"@id\":\"https:\\\/\\\/giftronic04.com\\\/index.php\\\/product\\\/giftronic04-com-tecnologia-computadores-gamer-9\\\/#breadcrumb\",\"itemListElement\":[{\"@type\":\"ListItem\",\"position\":1,\"name\":\"Portada\",\"item\":\"https:\\\/\\\/giftronic04.com\\\/\"},{\"@type\":\"ListItem\",\"position\":2,\"name\":\"Tienda\",\"item\":\"https:\\\/\\\/giftronic04.com\\\/index.php\\\/shop\\\/\"},{\"@type\":\"ListItem\",\"position\":3,\"name\":\"AIO HP 27-cr0011la FHD IPS AMD Ryzen\u2122 7-7730U RAM 32GB DDR4 512GB SSD Blanco W11\"}]},{\"@type\":\"WebSite\",\"@id\":\"https:\\\/\\\/giftronic04.com\\\/#website\",\"url\":\"https:\\\/\\\/giftronic04.com\\\/\",\"name\":\"Giftronic.04\",\"description\":\"Venta de equipos tecnologicos\",\"publisher\":{\"@id\":\"https:\\\/\\\/giftronic04.com\\\/#organization\"},\"potentialAction\":[{\"@type\":\"SearchAction\",\"target\":{\"@type\":\"EntryPoint\",\"urlTemplate\":\"https:\\\/\\\/giftronic04.com\\\/?s={search_term_string}\"},\"query-input\":{\"@type\":\"PropertyValueSpecification\",\"valueRequired\":true,\"valueName\":\"search_term_string\"}}],\"inLanguage\":\"es\"},{\"@type\":\"Organization\",\"@id\":\"https:\\\/\\\/giftronic04.com\\\/#organization\",\"name\":\"giftronic04\",\"url\":\"https:\\\/\\\/giftronic04.com\\\/\",\"logo\":{\"@type\":\"ImageObject\",\"inLanguage\":\"es\",\"@id\":\"https:\\\/\\\/giftronic04.com\\\/#\\\/schema\\\/logo\\\/image\\\/\",\"url\":\"https:\\\/\\\/giftronic04.com\\\/wp-content\\\/uploads\\\/2021\\\/08\\\/logo.png\",\"contentUrl\":\"https:\\\/\\\/giftronic04.com\\\/wp-content\\\/uploads\\\/2021\\\/08\\\/logo.png\",\"width\":6640,\"height\":2192,\"caption\":\"giftronic04\"},\"image\":{\"@id\":\"https:\\\/\\\/giftronic04.com\\\/#\\\/schema\\\/logo\\\/image\\\/\"},\"sameAs\":[\"https:\\\/\\\/www.instagram.com\\\/giftronic.04\\\/\"]}]}<\/script>\n<!-- \/ Yoast SEO plugin. -->","yoast_head_json":{"title":"AIO HP 27-cr0011la FHD IPS AMD Ryzen\u2122 7-7730U RAM 32GB DDR4 512GB SSD Blanco W11 - Giftronic.04 giftronic04","description":"Descubre en nuestra tienda Giftronic04 lo \u00faltimo en computadores, televisores y accesorios tecnol\u00f3gicos. Calidad, innovaci\u00f3n y las mejores marcas para equipar tu hogar u oficina. \u00a1Tu pr\u00f3xima mejora tecnol\u00f3gica te espera!","robots":{"index":"index","follow":"follow","max-snippet":"max-snippet:-1","max-image-preview":"max-image-preview:large","max-video-preview":"max-video-preview:-1"},"canonical":"https:\/\/giftronic04.com\/index.php\/product\/giftronic04-com-tecnologia-computadores-gamer-9\/","og_locale":"es_ES","og_type":"article","og_title":"AIO HP 27-cr0011la FHD IPS AMD Ryzen\u2122 7-7730U RAM 32GB DDR4 512GB SSD Blanco W11 - Giftronic.04 giftronic04","og_description":"Descubre en nuestra tienda Giftronic04 lo \u00faltimo en computadores, televisores y accesorios tecnol\u00f3gicos. Calidad, innovaci\u00f3n y las mejores marcas para equipar tu hogar u oficina. \u00a1Tu pr\u00f3xima mejora tecnol\u00f3gica te espera!","og_url":"https:\/\/giftronic04.com\/index.php\/product\/giftronic04-com-tecnologia-computadores-gamer-9\/","og_site_name":"Giftronic.04","article_modified_time":"2025-12-12T16:39:37+00:00","og_image":[{"width":2000,"height":2000,"url":"https:\/\/giftronic04.com\/wp-content\/uploads\/2025\/05\/32GB-512SSD-LOGO-1.jpg","type":"image\/jpeg"}],"twitter_card":"summary_large_image","twitter_misc":{"Tiempo de lectura":"2 minutos"},"schema":{"@context":"https:\/\/schema.org","@graph":[{"@type":"WebPage","@id":"https:\/\/giftronic04.com\/index.php\/product\/giftronic04-com-tecnologia-computadores-gamer-9\/","url":"https:\/\/giftronic04.com\/index.php\/product\/giftronic04-com-tecnologia-computadores-gamer-9\/","name":"AIO HP 27-cr0011la FHD IPS AMD Ryzen\u2122 7-7730U RAM 32GB DDR4 512GB SSD Blanco W11 - Giftronic.04 giftronic04","isPartOf":{"@id":"https:\/\/giftronic04.com\/#website"},"primaryImageOfPage":{"@id":"https:\/\/giftronic04.com\/index.php\/product\/giftronic04-com-tecnologia-computadores-gamer-9\/#primaryimage"},"image":{"@id":"https:\/\/giftronic04.com\/index.php\/product\/giftronic04-com-tecnologia-computadores-gamer-9\/#primaryimage"},"thumbnailUrl":"https:\/\/giftronic04.com\/wp-content\/uploads\/2025\/05\/32GB-512SSD-LOGO-1.jpg","datePublished":"2025-05-23T16:57:51+00:00","dateModified":"2025-12-12T16:39:37+00:00","description":"Descubre en nuestra tienda Giftronic04 lo \u00faltimo en computadores, televisores y accesorios tecnol\u00f3gicos. Calidad, innovaci\u00f3n y las mejores marcas para equipar tu hogar u oficina. \u00a1Tu pr\u00f3xima mejora tecnol\u00f3gica te espera!","breadcrumb":{"@id":"https:\/\/giftronic04.com\/index.php\/product\/giftronic04-com-tecnologia-computadores-gamer-9\/#breadcrumb"},"inLanguage":"es","potentialAction":[{"@type":"ReadAction","target":["https:\/\/giftronic04.com\/index.php\/product\/giftronic04-com-tecnologia-computadores-gamer-9\/"]}]},{"@type":"ImageObject","inLanguage":"es","@id":"https:\/\/giftronic04.com\/index.php\/product\/giftronic04-com-tecnologia-computadores-gamer-9\/#primaryimage","url":"https:\/\/giftronic04.com\/wp-content\/uploads\/2025\/05\/32GB-512SSD-LOGO-1.jpg","contentUrl":"https:\/\/giftronic04.com\/wp-content\/uploads\/2025\/05\/32GB-512SSD-LOGO-1.jpg","width":2000,"height":2000},{"@type":"BreadcrumbList","@id":"https:\/\/giftronic04.com\/index.php\/product\/giftronic04-com-tecnologia-computadores-gamer-9\/#breadcrumb","itemListElement":[{"@type":"ListItem","position":1,"name":"Portada","item":"https:\/\/giftronic04.com\/"},{"@type":"ListItem","position":2,"name":"Tienda","item":"https:\/\/giftronic04.com\/index.php\/shop\/"},{"@type":"ListItem","position":3,"name":"AIO HP 27-cr0011la FHD IPS AMD Ryzen\u2122 7-7730U RAM 32GB DDR4 512GB SSD Blanco W11"}]},{"@type":"WebSite","@id":"https:\/\/giftronic04.com\/#website","url":"https:\/\/giftronic04.com\/","name":"Giftronic.04","description":"Venta de equipos tecnologicos","publisher":{"@id":"https:\/\/giftronic04.com\/#organization"},"potentialAction":[{"@type":"SearchAction","target":{"@type":"EntryPoint","urlTemplate":"https:\/\/giftronic04.com\/?s={search_term_string}"},"query-input":{"@type":"PropertyValueSpecification","valueRequired":true,"valueName":"search_term_string"}}],"inLanguage":"es"},{"@type":"Organization","@id":"https:\/\/giftronic04.com\/#organization","name":"giftronic04","url":"https:\/\/giftronic04.com\/","logo":{"@type":"ImageObject","inLanguage":"es","@id":"https:\/\/giftronic04.com\/#\/schema\/logo\/image\/","url":"https:\/\/giftronic04.com\/wp-content\/uploads\/2021\/08\/logo.png","contentUrl":"https:\/\/giftronic04.com\/wp-content\/uploads\/2021\/08\/logo.png","width":6640,"height":2192,"caption":"giftronic04"},"image":{"@id":"https:\/\/giftronic04.com\/#\/schema\/logo\/image\/"},"sameAs":["https:\/\/www.instagram.com\/giftronic.04\/"]}]}},"jetpack_sharing_enabled":true,"_links":{"self":[{"href":"https:\/\/giftronic04.com\/index.php\/wp-json\/wp\/v2\/product\/8836","targetHints":{"allow":["GET"]}}],"collection":[{"href":"https:\/\/giftronic04.com\/index.php\/wp-json\/wp\/v2\/product"}],"about":[{"href":"https:\/\/giftronic04.com\/index.php\/wp-json\/wp\/v2\/types\/product"}],"replies":[{"embeddable":true,"href":"https:\/\/giftronic04.com\/index.php\/wp-json\/wp\/v2\/comments?post=8836"}],"wp:featuredmedia":[{"embeddable":true,"href":"https:\/\/giftronic04.com\/index.php\/wp-json\/wp\/v2\/media\/8837"}],"wp:attachment":[{"href":"https:\/\/giftronic04.com\/index.php\/wp-json\/wp\/v2\/media?parent=8836"}],"wp:term":[{"taxonomy":"product_brand","embeddable":true,"href":"https:\/\/giftronic04.com\/index.php\/wp-json\/wp\/v2\/product_brand?post=8836"},{"taxonomy":"product_cat","embeddable":true,"href":"https:\/\/giftronic04.com\/index.php\/wp-json\/wp\/v2\/product_cat?post=8836"},{"taxonomy":"product_tag","embeddable":true,"href":"https:\/\/giftronic04.com\/index.php\/wp-json\/wp\/v2\/product_tag?post=8836"}],"curies":[{"name":"wp","href":"https:\/\/api.w.org\/{rel}","templated":true}]}}