{"id":8931,"date":"2025-06-11T13:16:10","date_gmt":"2025-06-11T18:16:10","guid":{"rendered":"https:\/\/giftronic04.com\/?post_type=product&#038;p=8931"},"modified":"2025-08-20T16:30:37","modified_gmt":"2025-08-20T21:30:37","slug":"tv-samsung-50-un50du8000kxzl-4k-uhd-led-crystal-smart-tv-black","status":"publish","type":"product","link":"https:\/\/giftronic04.com\/index.php\/product\/tv-samsung-50-un50du8000kxzl-4k-uhd-led-crystal-smart-tv-black\/","title":{"rendered":"TV SAMSUNG 50&#8243; UN50DU8000KXZL 4K UHD LED Crystal Smart TV Black"},"content":{"rendered":"<p>Caracter\u00edsticas<\/p>\n<p>Marca: SAMSUNG<\/p>\n<p>Referencia: UN50DU8000KXZL<\/p>\n<p>Tipo: TELEVISOR<\/p>\n<p>Resoluci\u00f3n Pantalla<\/p>\n<p>4K-UHD<\/p>\n<p>Dise\u00f1o de la pantalla<\/p>\n<p>Plano<\/p>\n<p>Tama\u00f1o Pantalla<\/p>\n<p>50 Pulgadas<\/p>\n<p>Tama\u00f1o Pantalla<\/p>\n<p>127 Cent\u00edmetros<\/p>\n<p>Tipo de Pantalla<\/p>\n<p>LED<\/p>\n<p>Caracter\u00edsticas T\u00e9cnicas<\/p>\n<p>Smart TV<\/p>\n<p>SI es Smart TV<\/p>\n<p>Asistente de Voz<\/p>\n<p>Si Soporta Asistente de Voz<\/p>\n<p>Sistema Operativo<\/p>\n<p>TIZEN<\/p>\n<p>Sintonizador Digital DVB T2<\/p>\n<p>Si Tiene Sintonizador Digital DVB-T2<\/p>\n<p>Tiene Tecnolog\u00eda Para Compartir Pantalla<\/p>\n<p>Si Tiene Opci\u00f3n de Compartir Pantalla<\/p>\n<p>Potencia de Audio<\/p>\n<p>20\u00a0 Watts<\/p>\n<p>Tasa de Refresco del TV<\/p>\n<p>60 Hz<\/p>\n<p>Caracter\u00edsticas F\u00edsicas<\/p>\n<p>Tonalidad de Color<\/p>\n<p>Negro<\/p>\n<p>Dimensiones<\/p>\n<p>Ancho o Frente (Sin Base)<\/p>\n<p>111.83\u00a0 Cent\u00edmetros<\/p>\n<p>Alto (Sin Base)<\/p>\n<p>64.46\u00a0 Cent\u00edmetros<\/p>\n<p>Fondo (Sin Base)<\/p>\n<p>2.57\u00a0 Cent\u00edmetros<\/p>\n<p>Medidas del TV. Sin la base (Ancho x Alto x Fondo)<\/p>\n<p>111.83 x 64.46 x 2.57 Cent\u00edmetros<\/p>\n<p>Ancho o Frente (Con Base)<\/p>\n<p>111.83\u00a0 Cent\u00edmetros<\/p>\n<p>Alto (Con Base)<\/p>\n<p>68.46\u00a0 Cent\u00edmetros<\/p>\n<p>Fondo (Con Base)<\/p>\n<p>22.63\u00a0 Cent\u00edmetros<\/p>\n<p>Conectividad<\/p>\n<p>No. Puertos HDMI<\/p>\n<p>3 Puertos HDMI<\/p>\n<p>No. Puertos USB<\/p>\n<p>2\u00a0 Puertos<\/p>\n<p>Fuentes de Alimentaci\u00f3n de Energ\u00eda<\/p>\n<p>Energ\u00eda El\u00e9ctrica<\/p>\n<p>Tipos de Puertos Entradas y Salidas<\/p>\n<p>Cable \u00f3ptico digital<\/p>\n<p>Puerto HDMI<\/p>\n<p>Puerto LAN\/Ethernet<\/p>\n<p>Puerto USB<\/p>\n<p>Opciones de Conectividad<\/p>\n<p>Bluetooth, USB, WiFi<\/p>\n<p>Salida Optica<\/p>\n<p>Si Tiene Salida \u00d3ptica<\/p>\n<p>Entrada Coaxial<\/p>\n<p>Si Tiene Entrada Coaxial<\/p>\n<p>Aplicaciones Preinstaladas<\/p>\n<p>Amazon Prime Video ,Apple TV, Disney+<\/p>\n<p>Internet Browser \/ Navegador<\/p>\n<p>Netflix, Youtube<\/p>\n<p>Qu\u00e9 incluye el producto<\/p>\n<p>Control remoto ECO, Manual del usuario, cable de poder.<\/p>\n<p>Resumen del producto<\/p>\n<p>\u00a1Mejora tu experiencia de entretenimiento con el TV 50DU8000 Crystal UHD 4K de Samsung! Su dise\u00f1o delgado y f\u00e1cil de instalar te permite disfrutar de tu contenido favorito en cualquier espacio. Adem\u00e1s, su potente procesador utiliza inteligencia artificial para mejorar la resoluci\u00f3n de cualquier contenido, permiti\u00e9ndote ver escenas m\u00e1s reales aun si no son originalmente en 4K. Con el Control Remoto Eco, olv\u00eddate de las bater\u00edas y contribuye al medio ambiente gracias a su panel solar. Adem\u00e1s, su funci\u00f3n de pantalla m\u00faltiple te permite observar 2 contenidos al mismo tiempo.<\/p>\n<p>Recomendaciones<\/p>\n<p>Lea cuidadosamente la descripci\u00f3n del producto y condiciones de venta.<\/p>\n<p>Se otorga 1 a\u00f1o de respaldo por defectos de fabricaci\u00f3n directamente con la marca \u2018Conservando empaques originales\u2019. No cubre da\u00f1os ocasionados por manipulaci\u00f3n no autorizada, golpes, derrames o mal uso del equipo, Las im\u00e1genes publicadas en esta p\u00e1gina son representaciones fotogr\u00e1ficas que ilustran de manera aproximada las caracter\u00edsticas de los equipos en venta y pueden variar respecto a la realidad seg\u00fan la resoluci\u00f3n de estas y del dispositivo que se utilice para observarlas. Para cualquier proceso de garant\u00eda debes entregar el producto con los empaques y accesorios ORIGINALES.<\/p>\n","protected":false},"excerpt":{"rendered":"[video width=\"1440\" height=\"720\" webm=\"https:\/\/giftronic04.com\/wp-content\/uploads\/2025\/06\/2024-smart-tv-07-one-remote-f03-solarcell-remote-pc.webm\"][\/video]\n","protected":false},"featured_media":8942,"comment_status":"open","ping_status":"closed","template":"","meta":{"_surecart_dashboard_logo_width":"180px","_surecart_dashboard_show_logo":true,"_surecart_dashboard_navigation_orders":true,"_surecart_dashboard_navigation_invoices":true,"_surecart_dashboard_navigation_subscriptions":true,"_surecart_dashboard_navigation_downloads":true,"_surecart_dashboard_navigation_billing":true,"_surecart_dashboard_navigation_account":true,"site-sidebar-layout":"default","site-content-layout":"","ast-site-content-layout":"default","site-content-style":"default","site-sidebar-style":"default","ast-global-header-display":"","ast-banner-title-visibility":"","ast-main-header-display":"","ast-hfb-above-header-display":"","ast-hfb-below-header-display":"","ast-hfb-mobile-header-display":"","site-post-title":"","ast-breadcrumbs-content":"","ast-featured-img":"","footer-sml-layout":"","ast-disable-related-posts":"","theme-transparent-header-meta":"","adv-header-id-meta":"","stick-header-meta":"","header-above-stick-meta":"","header-main-stick-meta":"","header-below-stick-meta":"","astra-migrate-meta-layouts":"default","ast-page-background-enabled":"default","ast-page-background-meta":{"desktop":{"background-color":"var(--ast-global-color-4)","background-image":"","background-repeat":"repeat","background-position":"center center","background-size":"auto","background-attachment":"scroll","background-type":"","background-media":"","overlay-type":"","overlay-color":"","overlay-opacity":"","overlay-gradient":""},"tablet":{"background-color":"","background-image":"","background-repeat":"repeat","background-position":"center center","background-size":"auto","background-attachment":"scroll","background-type":"","background-media":"","overlay-type":"","overlay-color":"","overlay-opacity":"","overlay-gradient":""},"mobile":{"background-color":"","background-image":"","background-repeat":"repeat","background-position":"center center","background-size":"auto","background-attachment":"scroll","background-type":"","background-media":"","overlay-type":"","overlay-color":"","overlay-opacity":"","overlay-gradient":""}},"ast-content-background-meta":{"desktop":{"background-color":"var(--ast-global-color-5)","background-image":"","background-repeat":"repeat","background-position":"center center","background-size":"auto","background-attachment":"scroll","background-type":"","background-media":"","overlay-type":"","overlay-color":"","overlay-opacity":"","overlay-gradient":""},"tablet":{"background-color":"var(--ast-global-color-5)","background-image":"","background-repeat":"repeat","background-position":"center center","background-size":"auto","background-attachment":"scroll","background-type":"","background-media":"","overlay-type":"","overlay-color":"","overlay-opacity":"","overlay-gradient":""},"mobile":{"background-color":"var(--ast-global-color-5)","background-image":"","background-repeat":"repeat","background-position":"center center","background-size":"auto","background-attachment":"scroll","background-type":"","background-media":"","overlay-type":"","overlay-color":"","overlay-opacity":"","overlay-gradient":""}}},"product_brand":[],"product_cat":[86],"product_tag":[],"class_list":{"0":"post-8931","1":"product","2":"type-product","3":"status-publish","4":"has-post-thumbnail","6":"product_cat-tv","7":"desktop-align-left","8":"tablet-align-left","9":"mobile-align-left","11":"first","12":"outofstock","13":"sale","14":"taxable","15":"shipping-taxable","16":"purchasable","17":"product-type-simple"},"yoast_head":"<!-- This site is optimized with the Yoast SEO plugin v27.5 - https:\/\/yoast.com\/product\/yoast-seo-wordpress\/ -->\n<title>TV SAMSUNG 50&quot; UN50DU8000KXZL 4K UHD LED Crystal Smart TV Black - Giftronic.04<\/title>\n<meta name=\"description\" content=\"TV SAMSUNG 50&quot; UN50DU8000KXZL 4K UHD LED Crystal Smart TV Black\" \/>\n<meta name=\"robots\" content=\"index, follow, max-snippet:-1, max-image-preview:large, max-video-preview:-1\" \/>\n<link rel=\"canonical\" href=\"https:\/\/giftronic04.com\/index.php\/product\/tv-samsung-50-un50du8000kxzl-4k-uhd-led-crystal-smart-tv-black\/\" \/>\n<meta property=\"og:locale\" content=\"es_ES\" \/>\n<meta property=\"og:type\" content=\"article\" \/>\n<meta property=\"og:title\" content=\"TV SAMSUNG 50&quot; UN50DU8000KXZL 4K UHD LED Crystal Smart TV Black - Giftronic.04\" \/>\n<meta property=\"og:description\" content=\"TV SAMSUNG 50&quot; UN50DU8000KXZL 4K UHD LED Crystal Smart TV Black\" \/>\n<meta property=\"og:url\" content=\"https:\/\/giftronic04.com\/index.php\/product\/tv-samsung-50-un50du8000kxzl-4k-uhd-led-crystal-smart-tv-black\/\" \/>\n<meta property=\"og:site_name\" content=\"Giftronic.04\" \/>\n<meta property=\"article:modified_time\" content=\"2025-08-20T21:30:37+00:00\" \/>\n<meta property=\"og:image\" content=\"https:\/\/giftronic04.com\/wp-content\/uploads\/2025\/06\/Eco.jpg\" \/>\n\t<meta property=\"og:image:width\" content=\"2000\" \/>\n\t<meta property=\"og:image:height\" content=\"2000\" \/>\n\t<meta property=\"og:image:type\" content=\"image\/jpeg\" \/>\n<meta name=\"twitter:card\" content=\"summary_large_image\" \/>\n<meta name=\"twitter:label1\" content=\"Tiempo de lectura\" \/>\n\t<meta name=\"twitter:data1\" content=\"3 minutos\" \/>\n<script type=\"application\/ld+json\" class=\"yoast-schema-graph\">{\"@context\":\"https:\\\/\\\/schema.org\",\"@graph\":[{\"@type\":\"WebPage\",\"@id\":\"https:\\\/\\\/giftronic04.com\\\/index.php\\\/product\\\/tv-samsung-50-un50du8000kxzl-4k-uhd-led-crystal-smart-tv-black\\\/\",\"url\":\"https:\\\/\\\/giftronic04.com\\\/index.php\\\/product\\\/tv-samsung-50-un50du8000kxzl-4k-uhd-led-crystal-smart-tv-black\\\/\",\"name\":\"TV SAMSUNG 50\\\" UN50DU8000KXZL 4K UHD LED Crystal Smart TV Black - Giftronic.04\",\"isPartOf\":{\"@id\":\"https:\\\/\\\/giftronic04.com\\\/#website\"},\"primaryImageOfPage\":{\"@id\":\"https:\\\/\\\/giftronic04.com\\\/index.php\\\/product\\\/tv-samsung-50-un50du8000kxzl-4k-uhd-led-crystal-smart-tv-black\\\/#primaryimage\"},\"image\":{\"@id\":\"https:\\\/\\\/giftronic04.com\\\/index.php\\\/product\\\/tv-samsung-50-un50du8000kxzl-4k-uhd-led-crystal-smart-tv-black\\\/#primaryimage\"},\"thumbnailUrl\":\"https:\\\/\\\/giftronic04.com\\\/wp-content\\\/uploads\\\/2025\\\/06\\\/Eco.jpg\",\"datePublished\":\"2025-06-11T18:16:10+00:00\",\"dateModified\":\"2025-08-20T21:30:37+00:00\",\"description\":\"TV SAMSUNG 50\\\" UN50DU8000KXZL 4K UHD LED Crystal Smart TV Black\",\"breadcrumb\":{\"@id\":\"https:\\\/\\\/giftronic04.com\\\/index.php\\\/product\\\/tv-samsung-50-un50du8000kxzl-4k-uhd-led-crystal-smart-tv-black\\\/#breadcrumb\"},\"inLanguage\":\"es\",\"potentialAction\":[{\"@type\":\"ReadAction\",\"target\":[\"https:\\\/\\\/giftronic04.com\\\/index.php\\\/product\\\/tv-samsung-50-un50du8000kxzl-4k-uhd-led-crystal-smart-tv-black\\\/\"]}]},{\"@type\":\"ImageObject\",\"inLanguage\":\"es\",\"@id\":\"https:\\\/\\\/giftronic04.com\\\/index.php\\\/product\\\/tv-samsung-50-un50du8000kxzl-4k-uhd-led-crystal-smart-tv-black\\\/#primaryimage\",\"url\":\"https:\\\/\\\/giftronic04.com\\\/wp-content\\\/uploads\\\/2025\\\/06\\\/Eco.jpg\",\"contentUrl\":\"https:\\\/\\\/giftronic04.com\\\/wp-content\\\/uploads\\\/2025\\\/06\\\/Eco.jpg\",\"width\":2000,\"height\":2000},{\"@type\":\"BreadcrumbList\",\"@id\":\"https:\\\/\\\/giftronic04.com\\\/index.php\\\/product\\\/tv-samsung-50-un50du8000kxzl-4k-uhd-led-crystal-smart-tv-black\\\/#breadcrumb\",\"itemListElement\":[{\"@type\":\"ListItem\",\"position\":1,\"name\":\"Portada\",\"item\":\"https:\\\/\\\/giftronic04.com\\\/\"},{\"@type\":\"ListItem\",\"position\":2,\"name\":\"Tienda\",\"item\":\"https:\\\/\\\/giftronic04.com\\\/index.php\\\/shop\\\/\"},{\"@type\":\"ListItem\",\"position\":3,\"name\":\"TV SAMSUNG 50&#8243; UN50DU8000KXZL 4K UHD LED Crystal Smart TV Black\"}]},{\"@type\":\"WebSite\",\"@id\":\"https:\\\/\\\/giftronic04.com\\\/#website\",\"url\":\"https:\\\/\\\/giftronic04.com\\\/\",\"name\":\"Giftronic.04\",\"description\":\"Venta de equipos tecnologicos\",\"publisher\":{\"@id\":\"https:\\\/\\\/giftronic04.com\\\/#organization\"},\"potentialAction\":[{\"@type\":\"SearchAction\",\"target\":{\"@type\":\"EntryPoint\",\"urlTemplate\":\"https:\\\/\\\/giftronic04.com\\\/?s={search_term_string}\"},\"query-input\":{\"@type\":\"PropertyValueSpecification\",\"valueRequired\":true,\"valueName\":\"search_term_string\"}}],\"inLanguage\":\"es\"},{\"@type\":\"Organization\",\"@id\":\"https:\\\/\\\/giftronic04.com\\\/#organization\",\"name\":\"giftronic04\",\"url\":\"https:\\\/\\\/giftronic04.com\\\/\",\"logo\":{\"@type\":\"ImageObject\",\"inLanguage\":\"es\",\"@id\":\"https:\\\/\\\/giftronic04.com\\\/#\\\/schema\\\/logo\\\/image\\\/\",\"url\":\"https:\\\/\\\/giftronic04.com\\\/wp-content\\\/uploads\\\/2021\\\/08\\\/logo.png\",\"contentUrl\":\"https:\\\/\\\/giftronic04.com\\\/wp-content\\\/uploads\\\/2021\\\/08\\\/logo.png\",\"width\":6640,\"height\":2192,\"caption\":\"giftronic04\"},\"image\":{\"@id\":\"https:\\\/\\\/giftronic04.com\\\/#\\\/schema\\\/logo\\\/image\\\/\"},\"sameAs\":[\"https:\\\/\\\/www.instagram.com\\\/giftronic.04\\\/\"]}]}<\/script>\n<!-- \/ Yoast SEO plugin. -->","yoast_head_json":{"title":"TV SAMSUNG 50\" UN50DU8000KXZL 4K UHD LED Crystal Smart TV Black - Giftronic.04","description":"TV SAMSUNG 50\" UN50DU8000KXZL 4K UHD LED Crystal Smart TV Black","robots":{"index":"index","follow":"follow","max-snippet":"max-snippet:-1","max-image-preview":"max-image-preview:large","max-video-preview":"max-video-preview:-1"},"canonical":"https:\/\/giftronic04.com\/index.php\/product\/tv-samsung-50-un50du8000kxzl-4k-uhd-led-crystal-smart-tv-black\/","og_locale":"es_ES","og_type":"article","og_title":"TV SAMSUNG 50\" UN50DU8000KXZL 4K UHD LED Crystal Smart TV Black - Giftronic.04","og_description":"TV SAMSUNG 50\" UN50DU8000KXZL 4K UHD LED Crystal Smart TV Black","og_url":"https:\/\/giftronic04.com\/index.php\/product\/tv-samsung-50-un50du8000kxzl-4k-uhd-led-crystal-smart-tv-black\/","og_site_name":"Giftronic.04","article_modified_time":"2025-08-20T21:30:37+00:00","og_image":[{"width":2000,"height":2000,"url":"https:\/\/giftronic04.com\/wp-content\/uploads\/2025\/06\/Eco.jpg","type":"image\/jpeg"}],"twitter_card":"summary_large_image","twitter_misc":{"Tiempo de lectura":"3 minutos"},"schema":{"@context":"https:\/\/schema.org","@graph":[{"@type":"WebPage","@id":"https:\/\/giftronic04.com\/index.php\/product\/tv-samsung-50-un50du8000kxzl-4k-uhd-led-crystal-smart-tv-black\/","url":"https:\/\/giftronic04.com\/index.php\/product\/tv-samsung-50-un50du8000kxzl-4k-uhd-led-crystal-smart-tv-black\/","name":"TV SAMSUNG 50\" UN50DU8000KXZL 4K UHD LED Crystal Smart TV Black - Giftronic.04","isPartOf":{"@id":"https:\/\/giftronic04.com\/#website"},"primaryImageOfPage":{"@id":"https:\/\/giftronic04.com\/index.php\/product\/tv-samsung-50-un50du8000kxzl-4k-uhd-led-crystal-smart-tv-black\/#primaryimage"},"image":{"@id":"https:\/\/giftronic04.com\/index.php\/product\/tv-samsung-50-un50du8000kxzl-4k-uhd-led-crystal-smart-tv-black\/#primaryimage"},"thumbnailUrl":"https:\/\/giftronic04.com\/wp-content\/uploads\/2025\/06\/Eco.jpg","datePublished":"2025-06-11T18:16:10+00:00","dateModified":"2025-08-20T21:30:37+00:00","description":"TV SAMSUNG 50\" UN50DU8000KXZL 4K UHD LED Crystal Smart TV Black","breadcrumb":{"@id":"https:\/\/giftronic04.com\/index.php\/product\/tv-samsung-50-un50du8000kxzl-4k-uhd-led-crystal-smart-tv-black\/#breadcrumb"},"inLanguage":"es","potentialAction":[{"@type":"ReadAction","target":["https:\/\/giftronic04.com\/index.php\/product\/tv-samsung-50-un50du8000kxzl-4k-uhd-led-crystal-smart-tv-black\/"]}]},{"@type":"ImageObject","inLanguage":"es","@id":"https:\/\/giftronic04.com\/index.php\/product\/tv-samsung-50-un50du8000kxzl-4k-uhd-led-crystal-smart-tv-black\/#primaryimage","url":"https:\/\/giftronic04.com\/wp-content\/uploads\/2025\/06\/Eco.jpg","contentUrl":"https:\/\/giftronic04.com\/wp-content\/uploads\/2025\/06\/Eco.jpg","width":2000,"height":2000},{"@type":"BreadcrumbList","@id":"https:\/\/giftronic04.com\/index.php\/product\/tv-samsung-50-un50du8000kxzl-4k-uhd-led-crystal-smart-tv-black\/#breadcrumb","itemListElement":[{"@type":"ListItem","position":1,"name":"Portada","item":"https:\/\/giftronic04.com\/"},{"@type":"ListItem","position":2,"name":"Tienda","item":"https:\/\/giftronic04.com\/index.php\/shop\/"},{"@type":"ListItem","position":3,"name":"TV SAMSUNG 50&#8243; UN50DU8000KXZL 4K UHD LED Crystal Smart TV Black"}]},{"@type":"WebSite","@id":"https:\/\/giftronic04.com\/#website","url":"https:\/\/giftronic04.com\/","name":"Giftronic.04","description":"Venta de equipos tecnologicos","publisher":{"@id":"https:\/\/giftronic04.com\/#organization"},"potentialAction":[{"@type":"SearchAction","target":{"@type":"EntryPoint","urlTemplate":"https:\/\/giftronic04.com\/?s={search_term_string}"},"query-input":{"@type":"PropertyValueSpecification","valueRequired":true,"valueName":"search_term_string"}}],"inLanguage":"es"},{"@type":"Organization","@id":"https:\/\/giftronic04.com\/#organization","name":"giftronic04","url":"https:\/\/giftronic04.com\/","logo":{"@type":"ImageObject","inLanguage":"es","@id":"https:\/\/giftronic04.com\/#\/schema\/logo\/image\/","url":"https:\/\/giftronic04.com\/wp-content\/uploads\/2021\/08\/logo.png","contentUrl":"https:\/\/giftronic04.com\/wp-content\/uploads\/2021\/08\/logo.png","width":6640,"height":2192,"caption":"giftronic04"},"image":{"@id":"https:\/\/giftronic04.com\/#\/schema\/logo\/image\/"},"sameAs":["https:\/\/www.instagram.com\/giftronic.04\/"]}]}},"jetpack_sharing_enabled":true,"_links":{"self":[{"href":"https:\/\/giftronic04.com\/index.php\/wp-json\/wp\/v2\/product\/8931","targetHints":{"allow":["GET"]}}],"collection":[{"href":"https:\/\/giftronic04.com\/index.php\/wp-json\/wp\/v2\/product"}],"about":[{"href":"https:\/\/giftronic04.com\/index.php\/wp-json\/wp\/v2\/types\/product"}],"replies":[{"embeddable":true,"href":"https:\/\/giftronic04.com\/index.php\/wp-json\/wp\/v2\/comments?post=8931"}],"wp:featuredmedia":[{"embeddable":true,"href":"https:\/\/giftronic04.com\/index.php\/wp-json\/wp\/v2\/media\/8942"}],"wp:attachment":[{"href":"https:\/\/giftronic04.com\/index.php\/wp-json\/wp\/v2\/media?parent=8931"}],"wp:term":[{"taxonomy":"product_brand","embeddable":true,"href":"https:\/\/giftronic04.com\/index.php\/wp-json\/wp\/v2\/product_brand?post=8931"},{"taxonomy":"product_cat","embeddable":true,"href":"https:\/\/giftronic04.com\/index.php\/wp-json\/wp\/v2\/product_cat?post=8931"},{"taxonomy":"product_tag","embeddable":true,"href":"https:\/\/giftronic04.com\/index.php\/wp-json\/wp\/v2\/product_tag?post=8931"}],"curies":[{"name":"wp","href":"https:\/\/api.w.org\/{rel}","templated":true}]}}