{"id":9106,"date":"2025-07-15T11:09:06","date_gmt":"2025-07-15T16:09:06","guid":{"rendered":"https:\/\/giftronic04.com\/?post_type=product&#038;p=9106"},"modified":"2025-12-12T11:33:43","modified_gmt":"2025-12-12T16:33:43","slug":"hp-victus-15-fa0021la-gaming-i5-rtx3050-6","status":"publish","type":"product","link":"https:\/\/giftronic04.com\/index.php\/product\/hp-victus-15-fa0021la-gaming-i5-rtx3050-6\/","title":{"rendered":"Port\u00e1til Gamer Victus HP 15-Fa0021la | Intel Core i5-12450H | 24GB RAM 1TB SSD | RTX 3050"},"content":{"rendered":"<h2>Descripci\u00f3n<\/h2>\n<h3><b>HP Victus 15-fa0021la: Un port\u00e1til gaming que lo tiene todo<\/b><\/h3>\n<p>&nbsp;<\/p>\n<p>El port\u00e1til\u00a0<b>HP Victus 15-fa0021la<\/b>\u00a0est\u00e1 dise\u00f1ado para llevar tu experiencia de juego al siguiente nivel y manejar todas tus tareas diarias sin problemas. Con un potente procesador Intel\u00ae Core\u2122 i5 y gr\u00e1ficos NVIDIA\u00ae GeForce RTX\u2122 3050, tendr\u00e1s la potencia que necesitas para dominar cualquier juego.<\/p>\n<hr \/>\n<p>&nbsp;<\/p>\n<h3><b>Caracter\u00edsticas principales<\/b><\/h3>\n<p>&nbsp;<\/p>\n<ul>\n<li><b>Rendimiento optimizado<\/b>: Con un procesador Intel\u00ae Core\u2122 i5 de 12.\u00aa generaci\u00f3n y una tarjeta gr\u00e1fica\u00a0<b>NVIDIA\u00ae GeForce RTX\u2122 3050 de 4GB<\/b>, este equipo te ofrece un rendimiento fluido y r\u00e1pido.<\/li>\n<li><b>Pantalla inmersiva<\/b>: Disfruta de una pantalla de\u00a0<b>15,6 pulgadas Full HD (1920\u00d71080) con una tasa de refresco de 144Hz<\/b>, perfecta para juegos competitivos y ver contenido multimedia con gran detalle.<\/li>\n<li><b>Almacenamiento r\u00e1pido<\/b>: El\u00a0<b>SSD<\/b>\u00a0te permite iniciar el sistema y cargar tus juegos en segundos.<\/li>\n<li><b>Audio de alta calidad<\/b>: Gracias a\u00a0<b>Audio by B&amp;O<\/b>\u00a0y los altavoces dobles, el sonido es claro y potente, ideal para sumergirte en tus juegos.<\/li>\n<\/ul>\n<hr \/>\n<p>&nbsp;<\/p>\n<h3><b>Especificaciones t\u00e9cnicas detalladas<\/b><\/h3>\n<p>&nbsp;<\/p>\n<ul>\n<li><b>Marca y modelo<\/b>: HP Victus 15-fa0021la<\/li>\n<li><b>Procesador<\/b>: Intel\u00ae Core\u2122 i5-12450H (hasta 4,4 GHz, 8 n\u00facleos y 12 subprocesos)<\/li>\n<li><b>Memoria RAM<\/b>: 24GB DDR4-3200<\/li>\n<li><b>Almacenamiento<\/b>: 1TB SSD M.2 NVMe\u00ae<\/li>\n<li><b>Tarjeta gr\u00e1fica<\/b>: NVIDIA\u00ae GeForce RTX\u2122 3050 4GB GDDR6<\/li>\n<li><b>Pantalla<\/b>: 15,6\u2033 Full HD (1920\u00d71080), 144Hz, IPS<\/li>\n<li><b>Peso<\/b>: 2,3 Kg<\/li>\n<li><b>Conectividad<\/b>: Wi-Fi\u00ae, Bluetooth, Ethernet (RJ-45)<\/li>\n<li><b>Puertos<\/b>: 2x USB-A, 1x USB-C\u00ae, 1x HDMI\u00ae, 1x Lector SD, 1x Conector de audio, 1x Conector de alimentaci\u00f3n<\/li>\n<\/ul>\n<hr \/>\n<p>&nbsp;<\/p>\n<h3><b>Informaci\u00f3n importante sobre la compra<\/b><\/h3>\n<p>&nbsp;<\/p>\n<ul>\n<li><b>Garant\u00eda<\/b>: 1 a\u00f1o de garant\u00eda por defectos de fabricaci\u00f3n directamente con la marca, conservando los empaques originales. No cubre da\u00f1os por mal uso, golpes o derrames.<\/li>\n<li><b>Factura<\/b>: La factura electr\u00f3nica no admite cambios una vez emitida. Por favor, verifica tus datos de facturaci\u00f3n antes de finalizar la compra.<\/li>\n<li><b>Condici\u00f3n del producto<\/b>: Este producto es\u00a0<b>100% nuevo y original<\/b>. Ha sido repotenciado en una de sus partes para un mayor rendimiento.<\/li>\n<\/ul>\n<p>&nbsp;<\/p>\n","protected":false},"excerpt":{"rendered":"[video width=\"1920\" height=\"1080\" mp4=\"https:\/\/giftronic04.com\/wp-content\/uploads\/2025\/07\/1920X1080-1.mp4\"][\/video]\n","protected":false},"featured_media":9107,"comment_status":"open","ping_status":"closed","template":"","meta":{"_surecart_dashboard_logo_width":"180px","_surecart_dashboard_show_logo":true,"_surecart_dashboard_navigation_orders":true,"_surecart_dashboard_navigation_invoices":true,"_surecart_dashboard_navigation_subscriptions":true,"_surecart_dashboard_navigation_downloads":true,"_surecart_dashboard_navigation_billing":true,"_surecart_dashboard_navigation_account":true,"site-sidebar-layout":"default","site-content-layout":"","ast-site-content-layout":"default","site-content-style":"default","site-sidebar-style":"default","ast-global-header-display":"","ast-banner-title-visibility":"","ast-main-header-display":"","ast-hfb-above-header-display":"","ast-hfb-below-header-display":"","ast-hfb-mobile-header-display":"","site-post-title":"","ast-breadcrumbs-content":"","ast-featured-img":"","footer-sml-layout":"","ast-disable-related-posts":"","theme-transparent-header-meta":"","adv-header-id-meta":"","stick-header-meta":"","header-above-stick-meta":"","header-main-stick-meta":"","header-below-stick-meta":"","astra-migrate-meta-layouts":"default","ast-page-background-enabled":"default","ast-page-background-meta":{"desktop":{"background-color":"var(--ast-global-color-4)","background-image":"","background-repeat":"repeat","background-position":"center center","background-size":"auto","background-attachment":"scroll","background-type":"","background-media":"","overlay-type":"","overlay-color":"","overlay-opacity":"","overlay-gradient":""},"tablet":{"background-color":"","background-image":"","background-repeat":"repeat","background-position":"center center","background-size":"auto","background-attachment":"scroll","background-type":"","background-media":"","overlay-type":"","overlay-color":"","overlay-opacity":"","overlay-gradient":""},"mobile":{"background-color":"","background-image":"","background-repeat":"repeat","background-position":"center center","background-size":"auto","background-attachment":"scroll","background-type":"","background-media":"","overlay-type":"","overlay-color":"","overlay-opacity":"","overlay-gradient":""}},"ast-content-background-meta":{"desktop":{"background-color":"var(--ast-global-color-5)","background-image":"","background-repeat":"repeat","background-position":"center center","background-size":"auto","background-attachment":"scroll","background-type":"","background-media":"","overlay-type":"","overlay-color":"","overlay-opacity":"","overlay-gradient":""},"tablet":{"background-color":"var(--ast-global-color-5)","background-image":"","background-repeat":"repeat","background-position":"center center","background-size":"auto","background-attachment":"scroll","background-type":"","background-media":"","overlay-type":"","overlay-color":"","overlay-opacity":"","overlay-gradient":""},"mobile":{"background-color":"var(--ast-global-color-5)","background-image":"","background-repeat":"repeat","background-position":"center center","background-size":"auto","background-attachment":"scroll","background-type":"","background-media":"","overlay-type":"","overlay-color":"","overlay-opacity":"","overlay-gradient":""}}},"product_brand":[],"product_cat":[22,30],"product_tag":[],"class_list":{"0":"post-9106","1":"product","2":"type-product","3":"status-publish","4":"has-post-thumbnail","6":"product_cat-computacion","7":"product_cat-componentes-de-pc-portatiles","8":"desktop-align-left","9":"tablet-align-left","10":"mobile-align-left","12":"first","13":"outofstock","14":"sale","15":"taxable","16":"shipping-taxable","17":"purchasable","18":"product-type-simple"},"yoast_head":"<!-- This site is optimized with the Yoast SEO plugin v27.5 - https:\/\/yoast.com\/product\/yoast-seo-wordpress\/ -->\n<title>Port\u00e1til Victus Fa0021la Gaming: i5-12450H, RAM 24GB RTX 3050<\/title>\n<meta name=\"description\" content=\"Lleva tu experiencia de juego al siguiente nivel con el port\u00e1til HP Victus 15-Fa0021la. Con un procesador Intel i5, tarjeta gr\u00e1fica NVIDIA RTX 3050 y pantalla FHD de 144Hz, tendr\u00e1s el rendimiento que necesitas para dominar cada partida. \u00a1C\u00f3mpralo ahora!\" \/>\n<meta name=\"robots\" content=\"index, follow, max-snippet:-1, max-image-preview:large, max-video-preview:-1\" \/>\n<link rel=\"canonical\" href=\"https:\/\/giftronic04.com\/index.php\/product\/hp-victus-15-fa0021la-gaming-i5-rtx3050-6\/\" \/>\n<meta property=\"og:locale\" content=\"es_ES\" \/>\n<meta property=\"og:type\" content=\"article\" \/>\n<meta property=\"og:title\" content=\"Port\u00e1til Victus Fa0021la Gaming: i5-12450H, RAM 24GB RTX 3050\" \/>\n<meta property=\"og:description\" content=\"Lleva tu experiencia de juego al siguiente nivel con el port\u00e1til HP Victus 15-Fa0021la. Con un procesador Intel i5, tarjeta gr\u00e1fica NVIDIA RTX 3050 y pantalla FHD de 144Hz, tendr\u00e1s el rendimiento que necesitas para dominar cada partida. \u00a1C\u00f3mpralo ahora!\" \/>\n<meta property=\"og:url\" content=\"https:\/\/giftronic04.com\/index.php\/product\/hp-victus-15-fa0021la-gaming-i5-rtx3050-6\/\" \/>\n<meta property=\"og:site_name\" content=\"Giftronic.04\" \/>\n<meta property=\"article:modified_time\" content=\"2025-12-12T16:33:43+00:00\" \/>\n<meta property=\"og:image\" content=\"https:\/\/giftronic04.com\/wp-content\/uploads\/2025\/07\/24GB-1TB-SSD-LOGO.jpg\" \/>\n\t<meta property=\"og:image:width\" content=\"2000\" \/>\n\t<meta property=\"og:image:height\" content=\"2000\" \/>\n\t<meta property=\"og:image:type\" content=\"image\/jpeg\" \/>\n<meta name=\"twitter:card\" content=\"summary_large_image\" \/>\n<meta name=\"twitter:label1\" content=\"Tiempo de lectura\" \/>\n\t<meta name=\"twitter:data1\" content=\"2 minutos\" \/>\n<script type=\"application\/ld+json\" class=\"yoast-schema-graph\">{\"@context\":\"https:\\\/\\\/schema.org\",\"@graph\":[{\"@type\":\"WebPage\",\"@id\":\"https:\\\/\\\/giftronic04.com\\\/index.php\\\/product\\\/hp-victus-15-fa0021la-gaming-i5-rtx3050-6\\\/\",\"url\":\"https:\\\/\\\/giftronic04.com\\\/index.php\\\/product\\\/hp-victus-15-fa0021la-gaming-i5-rtx3050-6\\\/\",\"name\":\"Port\u00e1til Victus Fa0021la Gaming: i5-12450H, RAM 24GB RTX 3050\",\"isPartOf\":{\"@id\":\"https:\\\/\\\/giftronic04.com\\\/#website\"},\"primaryImageOfPage\":{\"@id\":\"https:\\\/\\\/giftronic04.com\\\/index.php\\\/product\\\/hp-victus-15-fa0021la-gaming-i5-rtx3050-6\\\/#primaryimage\"},\"image\":{\"@id\":\"https:\\\/\\\/giftronic04.com\\\/index.php\\\/product\\\/hp-victus-15-fa0021la-gaming-i5-rtx3050-6\\\/#primaryimage\"},\"thumbnailUrl\":\"https:\\\/\\\/giftronic04.com\\\/wp-content\\\/uploads\\\/2025\\\/07\\\/24GB-1TB-SSD-LOGO.jpg\",\"datePublished\":\"2025-07-15T16:09:06+00:00\",\"dateModified\":\"2025-12-12T16:33:43+00:00\",\"description\":\"Lleva tu experiencia de juego al siguiente nivel con el port\u00e1til HP Victus 15-Fa0021la. Con un procesador Intel i5, tarjeta gr\u00e1fica NVIDIA RTX 3050 y pantalla FHD de 144Hz, tendr\u00e1s el rendimiento que necesitas para dominar cada partida. \u00a1C\u00f3mpralo ahora!\",\"breadcrumb\":{\"@id\":\"https:\\\/\\\/giftronic04.com\\\/index.php\\\/product\\\/hp-victus-15-fa0021la-gaming-i5-rtx3050-6\\\/#breadcrumb\"},\"inLanguage\":\"es\",\"potentialAction\":[{\"@type\":\"ReadAction\",\"target\":[\"https:\\\/\\\/giftronic04.com\\\/index.php\\\/product\\\/hp-victus-15-fa0021la-gaming-i5-rtx3050-6\\\/\"]}]},{\"@type\":\"ImageObject\",\"inLanguage\":\"es\",\"@id\":\"https:\\\/\\\/giftronic04.com\\\/index.php\\\/product\\\/hp-victus-15-fa0021la-gaming-i5-rtx3050-6\\\/#primaryimage\",\"url\":\"https:\\\/\\\/giftronic04.com\\\/wp-content\\\/uploads\\\/2025\\\/07\\\/24GB-1TB-SSD-LOGO.jpg\",\"contentUrl\":\"https:\\\/\\\/giftronic04.com\\\/wp-content\\\/uploads\\\/2025\\\/07\\\/24GB-1TB-SSD-LOGO.jpg\",\"width\":2000,\"height\":2000},{\"@type\":\"BreadcrumbList\",\"@id\":\"https:\\\/\\\/giftronic04.com\\\/index.php\\\/product\\\/hp-victus-15-fa0021la-gaming-i5-rtx3050-6\\\/#breadcrumb\",\"itemListElement\":[{\"@type\":\"ListItem\",\"position\":1,\"name\":\"Portada\",\"item\":\"https:\\\/\\\/giftronic04.com\\\/\"},{\"@type\":\"ListItem\",\"position\":2,\"name\":\"Tienda\",\"item\":\"https:\\\/\\\/giftronic04.com\\\/index.php\\\/shop\\\/\"},{\"@type\":\"ListItem\",\"position\":3,\"name\":\"Port\u00e1til Gamer Victus HP 15-Fa0021la | Intel Core i5-12450H | 24GB RAM 1TB SSD | RTX 3050\"}]},{\"@type\":\"WebSite\",\"@id\":\"https:\\\/\\\/giftronic04.com\\\/#website\",\"url\":\"https:\\\/\\\/giftronic04.com\\\/\",\"name\":\"Giftronic.04\",\"description\":\"Venta de equipos tecnologicos\",\"publisher\":{\"@id\":\"https:\\\/\\\/giftronic04.com\\\/#organization\"},\"potentialAction\":[{\"@type\":\"SearchAction\",\"target\":{\"@type\":\"EntryPoint\",\"urlTemplate\":\"https:\\\/\\\/giftronic04.com\\\/?s={search_term_string}\"},\"query-input\":{\"@type\":\"PropertyValueSpecification\",\"valueRequired\":true,\"valueName\":\"search_term_string\"}}],\"inLanguage\":\"es\"},{\"@type\":\"Organization\",\"@id\":\"https:\\\/\\\/giftronic04.com\\\/#organization\",\"name\":\"giftronic04\",\"url\":\"https:\\\/\\\/giftronic04.com\\\/\",\"logo\":{\"@type\":\"ImageObject\",\"inLanguage\":\"es\",\"@id\":\"https:\\\/\\\/giftronic04.com\\\/#\\\/schema\\\/logo\\\/image\\\/\",\"url\":\"https:\\\/\\\/giftronic04.com\\\/wp-content\\\/uploads\\\/2021\\\/08\\\/logo.png\",\"contentUrl\":\"https:\\\/\\\/giftronic04.com\\\/wp-content\\\/uploads\\\/2021\\\/08\\\/logo.png\",\"width\":6640,\"height\":2192,\"caption\":\"giftronic04\"},\"image\":{\"@id\":\"https:\\\/\\\/giftronic04.com\\\/#\\\/schema\\\/logo\\\/image\\\/\"},\"sameAs\":[\"https:\\\/\\\/www.instagram.com\\\/giftronic.04\\\/\"]}]}<\/script>\n<!-- \/ Yoast SEO plugin. -->","yoast_head_json":{"title":"Port\u00e1til Victus Fa0021la Gaming: i5-12450H, RAM 24GB RTX 3050","description":"Lleva tu experiencia de juego al siguiente nivel con el port\u00e1til HP Victus 15-Fa0021la. Con un procesador Intel i5, tarjeta gr\u00e1fica NVIDIA RTX 3050 y pantalla FHD de 144Hz, tendr\u00e1s el rendimiento que necesitas para dominar cada partida. \u00a1C\u00f3mpralo ahora!","robots":{"index":"index","follow":"follow","max-snippet":"max-snippet:-1","max-image-preview":"max-image-preview:large","max-video-preview":"max-video-preview:-1"},"canonical":"https:\/\/giftronic04.com\/index.php\/product\/hp-victus-15-fa0021la-gaming-i5-rtx3050-6\/","og_locale":"es_ES","og_type":"article","og_title":"Port\u00e1til Victus Fa0021la Gaming: i5-12450H, RAM 24GB RTX 3050","og_description":"Lleva tu experiencia de juego al siguiente nivel con el port\u00e1til HP Victus 15-Fa0021la. Con un procesador Intel i5, tarjeta gr\u00e1fica NVIDIA RTX 3050 y pantalla FHD de 144Hz, tendr\u00e1s el rendimiento que necesitas para dominar cada partida. \u00a1C\u00f3mpralo ahora!","og_url":"https:\/\/giftronic04.com\/index.php\/product\/hp-victus-15-fa0021la-gaming-i5-rtx3050-6\/","og_site_name":"Giftronic.04","article_modified_time":"2025-12-12T16:33:43+00:00","og_image":[{"width":2000,"height":2000,"url":"https:\/\/giftronic04.com\/wp-content\/uploads\/2025\/07\/24GB-1TB-SSD-LOGO.jpg","type":"image\/jpeg"}],"twitter_card":"summary_large_image","twitter_misc":{"Tiempo de lectura":"2 minutos"},"schema":{"@context":"https:\/\/schema.org","@graph":[{"@type":"WebPage","@id":"https:\/\/giftronic04.com\/index.php\/product\/hp-victus-15-fa0021la-gaming-i5-rtx3050-6\/","url":"https:\/\/giftronic04.com\/index.php\/product\/hp-victus-15-fa0021la-gaming-i5-rtx3050-6\/","name":"Port\u00e1til Victus Fa0021la Gaming: i5-12450H, RAM 24GB RTX 3050","isPartOf":{"@id":"https:\/\/giftronic04.com\/#website"},"primaryImageOfPage":{"@id":"https:\/\/giftronic04.com\/index.php\/product\/hp-victus-15-fa0021la-gaming-i5-rtx3050-6\/#primaryimage"},"image":{"@id":"https:\/\/giftronic04.com\/index.php\/product\/hp-victus-15-fa0021la-gaming-i5-rtx3050-6\/#primaryimage"},"thumbnailUrl":"https:\/\/giftronic04.com\/wp-content\/uploads\/2025\/07\/24GB-1TB-SSD-LOGO.jpg","datePublished":"2025-07-15T16:09:06+00:00","dateModified":"2025-12-12T16:33:43+00:00","description":"Lleva tu experiencia de juego al siguiente nivel con el port\u00e1til HP Victus 15-Fa0021la. Con un procesador Intel i5, tarjeta gr\u00e1fica NVIDIA RTX 3050 y pantalla FHD de 144Hz, tendr\u00e1s el rendimiento que necesitas para dominar cada partida. \u00a1C\u00f3mpralo ahora!","breadcrumb":{"@id":"https:\/\/giftronic04.com\/index.php\/product\/hp-victus-15-fa0021la-gaming-i5-rtx3050-6\/#breadcrumb"},"inLanguage":"es","potentialAction":[{"@type":"ReadAction","target":["https:\/\/giftronic04.com\/index.php\/product\/hp-victus-15-fa0021la-gaming-i5-rtx3050-6\/"]}]},{"@type":"ImageObject","inLanguage":"es","@id":"https:\/\/giftronic04.com\/index.php\/product\/hp-victus-15-fa0021la-gaming-i5-rtx3050-6\/#primaryimage","url":"https:\/\/giftronic04.com\/wp-content\/uploads\/2025\/07\/24GB-1TB-SSD-LOGO.jpg","contentUrl":"https:\/\/giftronic04.com\/wp-content\/uploads\/2025\/07\/24GB-1TB-SSD-LOGO.jpg","width":2000,"height":2000},{"@type":"BreadcrumbList","@id":"https:\/\/giftronic04.com\/index.php\/product\/hp-victus-15-fa0021la-gaming-i5-rtx3050-6\/#breadcrumb","itemListElement":[{"@type":"ListItem","position":1,"name":"Portada","item":"https:\/\/giftronic04.com\/"},{"@type":"ListItem","position":2,"name":"Tienda","item":"https:\/\/giftronic04.com\/index.php\/shop\/"},{"@type":"ListItem","position":3,"name":"Port\u00e1til Gamer Victus HP 15-Fa0021la | Intel Core i5-12450H | 24GB RAM 1TB SSD | RTX 3050"}]},{"@type":"WebSite","@id":"https:\/\/giftronic04.com\/#website","url":"https:\/\/giftronic04.com\/","name":"Giftronic.04","description":"Venta de equipos tecnologicos","publisher":{"@id":"https:\/\/giftronic04.com\/#organization"},"potentialAction":[{"@type":"SearchAction","target":{"@type":"EntryPoint","urlTemplate":"https:\/\/giftronic04.com\/?s={search_term_string}"},"query-input":{"@type":"PropertyValueSpecification","valueRequired":true,"valueName":"search_term_string"}}],"inLanguage":"es"},{"@type":"Organization","@id":"https:\/\/giftronic04.com\/#organization","name":"giftronic04","url":"https:\/\/giftronic04.com\/","logo":{"@type":"ImageObject","inLanguage":"es","@id":"https:\/\/giftronic04.com\/#\/schema\/logo\/image\/","url":"https:\/\/giftronic04.com\/wp-content\/uploads\/2021\/08\/logo.png","contentUrl":"https:\/\/giftronic04.com\/wp-content\/uploads\/2021\/08\/logo.png","width":6640,"height":2192,"caption":"giftronic04"},"image":{"@id":"https:\/\/giftronic04.com\/#\/schema\/logo\/image\/"},"sameAs":["https:\/\/www.instagram.com\/giftronic.04\/"]}]}},"jetpack_sharing_enabled":true,"_links":{"self":[{"href":"https:\/\/giftronic04.com\/index.php\/wp-json\/wp\/v2\/product\/9106","targetHints":{"allow":["GET"]}}],"collection":[{"href":"https:\/\/giftronic04.com\/index.php\/wp-json\/wp\/v2\/product"}],"about":[{"href":"https:\/\/giftronic04.com\/index.php\/wp-json\/wp\/v2\/types\/product"}],"replies":[{"embeddable":true,"href":"https:\/\/giftronic04.com\/index.php\/wp-json\/wp\/v2\/comments?post=9106"}],"wp:featuredmedia":[{"embeddable":true,"href":"https:\/\/giftronic04.com\/index.php\/wp-json\/wp\/v2\/media\/9107"}],"wp:attachment":[{"href":"https:\/\/giftronic04.com\/index.php\/wp-json\/wp\/v2\/media?parent=9106"}],"wp:term":[{"taxonomy":"product_brand","embeddable":true,"href":"https:\/\/giftronic04.com\/index.php\/wp-json\/wp\/v2\/product_brand?post=9106"},{"taxonomy":"product_cat","embeddable":true,"href":"https:\/\/giftronic04.com\/index.php\/wp-json\/wp\/v2\/product_cat?post=9106"},{"taxonomy":"product_tag","embeddable":true,"href":"https:\/\/giftronic04.com\/index.php\/wp-json\/wp\/v2\/product_tag?post=9106"}],"curies":[{"name":"wp","href":"https:\/\/api.w.org\/{rel}","templated":true}]}}