{"id":9126,"date":"2025-07-24T17:49:07","date_gmt":"2025-07-24T22:49:07","guid":{"rendered":"https:\/\/giftronic04.com\/?post_type=product&#038;p=9126"},"modified":"2025-12-15T11:10:10","modified_gmt":"2025-12-15T16:10:10","slug":"giftronic04-com-tecnologia-aoc-monitor","status":"publish","type":"product","link":"https:\/\/giftronic04.com\/index.php\/product\/giftronic04-com-tecnologia-aoc-monitor\/","title":{"rendered":"Monitor AOC 24B30H2 23.8&#8243; Pulgadas Full HD 1920&#215;1080 120Hz IPS Negro"},"content":{"rendered":"<p>Caracter\u00edsticas<\/p>\n<p>Marca y Referencia: AOC 24B30H2<\/p>\n<p>Tipo: MONITOR<\/p>\n<p>Panel 23,8&#8243; \/ IPS<\/p>\n<p>Resoluci\u00f3n\u00a0\u00a0 1920 \u00d7 1080 a 120 Hz<\/p>\n<p>Paso de p\u00edxeles (mm)\u00a0\u00a0\u00a0\u00a0\u00a0\u00a0\u00a0\u00a0 0,2745 (alto) \u00d7 0,2745 (vertical)<\/p>\n<p>\u00c1rea de visi\u00f3n efectiva (mm)\u00a0\u00a0\u00a0\u00a0\u00a0\u00a0\u00a0\u00a0 527,04 (alto) \u00d7 296,46 (vertical)<\/p>\n<p>Brillo (t\u00edpico)\u00a0 300 cd\/m\u00b2<\/p>\n<p>Relaci\u00f3n de contraste\u00a0\u00a0\u00a0\u00a0\u00a0\u00a0\u00a0\u00a0 1300: 1 (t\u00edpico) 20 millones: 1 (DCR)<\/p>\n<p>Tiempo de respuesta\u00a0\u00a0\u00a0\u00a0\u00a0\u00a0\u00a0\u00a0\u00a0 1 ms MPRT \/ 4 ms (GtG)<\/p>\n<p>Gama de colores\u00a0\u00a0\u00a0\u00a0 NTSC 95% (CIE1976) \/ sRGB 106% (CIE1931)<\/p>\n<p>Precisi\u00f3n del color\u00a0\u00a0 &#8211;<\/p>\n<p>Colores de la pantalla\u00a0\u00a0\u00a0\u00a0\u00a0\u00a0\u00a0 16,7 millones<\/p>\n<p>Entrada de se\u00f1al\u00a0\u00a0\u00a0\u00a0 HDMI 1.4 \u00d7 1, VGA \u00d7 1<\/p>\n<p>Fuente de alimentaci\u00f3n\u00a0\u00a0\u00a0\u00a0 Externo 19 VCC, 1,31 A<\/p>\n<p>Consumo de energ\u00eda (t\u00edpico)\u00a0\u00a0\u00a0\u00a0\u00a0\u00a0\u00a0\u00a0 20 W<\/p>\n<p>Entrada de l\u00ednea y auriculares\u00a0\u00a0\u00a0\u00a0 No<\/p>\n<p>Montaje en pared\u00a0\u00a0\u00a0 100 mm \u00d7 100 mm<\/p>\n<p>Soporte ajustable\u00a0\u00a0\u00a0 Inclinaci\u00f3n: -5\u00b0 ~ 23\u00b0<\/p>\n<p>Producto sin soporte (kg)\u00a0\u00a0 2.28<\/p>\n<p>Producto con soporte (kg) 2.54<\/p>\n<p>Color del gabinete\u00a0\u00a0 Negro<\/p>\n<p>Resumen del producto<\/p>\n<p>El AOC 24B30H2 es un monitor de la serie B2 de 24 pulgadas con im\u00e1genes v\u00edvidas y todos los elementos esenciales que necesitas para el hogar, la oficina y los juegos. Cuenta con un perfil delgado y un panel sin bordes de 3 lados para un dise\u00f1o moderno y elegante y una configuraci\u00f3n perfecta de varios monitores. Gracias al \u00e1ngulo de visi\u00f3n extra amplio IPS 178\/178 grados, puedes presenciar la resoluci\u00f3n FHD y colores consistentes desde una amplia gama de \u00e1ngulos de visi\u00f3n, con una cobertura de \u00e1rea de gama de colores sRGB de hasta un 106 %. Ya sea que est\u00e9s trabajando en documentos, jugando juegos o viendo pel\u00edculas, disfrutar\u00e1s de todo tu contenido con una calidad excelente detallada y colores brillantes. La frecuencia de actualizaci\u00f3n de 120Hz ofrece escenas fluidas y de alta calidad.<\/p>\n<p>&nbsp;<\/p>\n<p>Recomendaciones<\/p>\n<p>Lea cuidadosamente la descripci\u00f3n del producto y condiciones de venta.<\/p>\n<p>Se otorga 1 a\u00f1o de respaldo por defectos de fabricaci\u00f3n directamente con la marca \u2018Conservando empaques originales\u2019. No cubre da\u00f1os ocasionados por manipulaci\u00f3n no autorizada, golpes, derrames o mal uso del equipo, Las im\u00e1genes publicadas en esta p\u00e1gina son representaciones fotogr\u00e1ficas que ilustran de manera aproximada las caracter\u00edsticas de los equipos en venta y pueden variar respecto a la realidad seg\u00fan la resoluci\u00f3n de estas y del dispositivo que se utilice para observarlas. Para cualquier proceso de garant\u00eda debes entregar el producto con los empaques y accesorios ORIGINALES.<\/p>\n<p>&nbsp;<\/p>\n<p>\u2018Factura Legal de Venta\u2019<\/p>\n<p>Una vez realizada la factura NO se realizan ning\u00fan tipo de modificaciones, cambio de factura o cambios de datos, puesto que es facturaci\u00f3n electr\u00f3nica y no admite ning\u00fan tipo de cambio, aseg\u00farate que los datos de facturaci\u00f3n sean los correctos.<\/p>\n<p>&nbsp;<\/p>\n","protected":false},"excerpt":{"rendered":"<p>Caracter\u00edsticas Marca y Referencia: AOC 24B30H2 Tipo: MONITOR Panel 23,8&#8243; \/ IPS Resoluci\u00f3n\u00a0\u00a0 1920 \u00d7 1080 a 120 Hz Paso de p\u00edxeles (mm)\u00a0\u00a0\u00a0\u00a0\u00a0\u00a0\u00a0\u00a0 0,2745 (alto) \u00d7 0,2745 (vertical) \u00c1rea de visi\u00f3n efectiva (mm)\u00a0\u00a0\u00a0\u00a0\u00a0\u00a0\u00a0\u00a0 527,04 (alto) \u00d7 296,46 (vertical) Brillo (t\u00edpico)\u00a0 300 cd\/m\u00b2 Relaci\u00f3n de contraste\u00a0\u00a0\u00a0\u00a0\u00a0\u00a0\u00a0\u00a0 1300: 1 (t\u00edpico) 20 millones: 1 (DCR) Tiempo de respuesta\u00a0\u00a0\u00a0\u00a0\u00a0\u00a0\u00a0\u00a0\u00a0 [&hellip;]<\/p>\n","protected":false},"featured_media":9127,"comment_status":"open","ping_status":"closed","template":"","meta":{"_surecart_dashboard_logo_width":"180px","_surecart_dashboard_show_logo":true,"_surecart_dashboard_navigation_orders":true,"_surecart_dashboard_navigation_invoices":true,"_surecart_dashboard_navigation_subscriptions":true,"_surecart_dashboard_navigation_downloads":true,"_surecart_dashboard_navigation_billing":true,"_surecart_dashboard_navigation_account":true,"site-sidebar-layout":"default","site-content-layout":"","ast-site-content-layout":"default","site-content-style":"default","site-sidebar-style":"default","ast-global-header-display":"","ast-banner-title-visibility":"","ast-main-header-display":"","ast-hfb-above-header-display":"","ast-hfb-below-header-display":"","ast-hfb-mobile-header-display":"","site-post-title":"","ast-breadcrumbs-content":"","ast-featured-img":"","footer-sml-layout":"","ast-disable-related-posts":"","theme-transparent-header-meta":"","adv-header-id-meta":"","stick-header-meta":"","header-above-stick-meta":"","header-main-stick-meta":"","header-below-stick-meta":"","astra-migrate-meta-layouts":"default","ast-page-background-enabled":"default","ast-page-background-meta":{"desktop":{"background-color":"var(--ast-global-color-4)","background-image":"","background-repeat":"repeat","background-position":"center center","background-size":"auto","background-attachment":"scroll","background-type":"","background-media":"","overlay-type":"","overlay-color":"","overlay-opacity":"","overlay-gradient":""},"tablet":{"background-color":"","background-image":"","background-repeat":"repeat","background-position":"center center","background-size":"auto","background-attachment":"scroll","background-type":"","background-media":"","overlay-type":"","overlay-color":"","overlay-opacity":"","overlay-gradient":""},"mobile":{"background-color":"","background-image":"","background-repeat":"repeat","background-position":"center center","background-size":"auto","background-attachment":"scroll","background-type":"","background-media":"","overlay-type":"","overlay-color":"","overlay-opacity":"","overlay-gradient":""}},"ast-content-background-meta":{"desktop":{"background-color":"var(--ast-global-color-5)","background-image":"","background-repeat":"repeat","background-position":"center center","background-size":"auto","background-attachment":"scroll","background-type":"","background-media":"","overlay-type":"","overlay-color":"","overlay-opacity":"","overlay-gradient":""},"tablet":{"background-color":"var(--ast-global-color-5)","background-image":"","background-repeat":"repeat","background-position":"center center","background-size":"auto","background-attachment":"scroll","background-type":"","background-media":"","overlay-type":"","overlay-color":"","overlay-opacity":"","overlay-gradient":""},"mobile":{"background-color":"var(--ast-global-color-5)","background-image":"","background-repeat":"repeat","background-position":"center center","background-size":"auto","background-attachment":"scroll","background-type":"","background-media":"","overlay-type":"","overlay-color":"","overlay-opacity":"","overlay-gradient":""}}},"product_brand":[],"product_cat":[34],"product_tag":[],"class_list":{"0":"post-9126","1":"product","2":"type-product","3":"status-publish","4":"has-post-thumbnail","6":"product_cat-monitores-y-accesorios","7":"desktop-align-left","8":"tablet-align-left","9":"mobile-align-left","11":"first","12":"outofstock","13":"sale","14":"featured","15":"taxable","16":"shipping-taxable","17":"purchasable","18":"product-type-simple"},"yoast_head":"<!-- This site is optimized with the Yoast SEO plugin v27.4 - https:\/\/yoast.com\/product\/yoast-seo-wordpress\/ -->\n<title>Giftronic04.com Monitor AOC 24B30H2 23.8&quot; Full HD 120Hz IPS...<\/title>\n<meta name=\"description\" content=\"Giftronic04.com es una empresa enfocada a la comercializaci\u00f3n al por mayor y menor de computadores, accesorios y tecnolog\u00eda de punta en el mercado nacional.\" \/>\n<meta name=\"robots\" content=\"index, follow, max-snippet:-1, max-image-preview:large, max-video-preview:-1\" \/>\n<link rel=\"canonical\" href=\"https:\/\/giftronic04.com\/index.php\/product\/giftronic04-com-tecnologia-aoc-monitor\/\" \/>\n<meta property=\"og:locale\" content=\"es_ES\" \/>\n<meta property=\"og:type\" content=\"article\" \/>\n<meta property=\"og:title\" content=\"Giftronic04.com Monitor AOC 24B30H2 23.8&quot; Full HD 120Hz IPS...\" \/>\n<meta property=\"og:description\" content=\"Giftronic04.com es una empresa enfocada a la comercializaci\u00f3n al por mayor y menor de computadores, accesorios y tecnolog\u00eda de punta en el mercado nacional.\" \/>\n<meta property=\"og:url\" content=\"https:\/\/giftronic04.com\/index.php\/product\/giftronic04-com-tecnologia-aoc-monitor\/\" \/>\n<meta property=\"og:site_name\" content=\"Giftronic.04\" \/>\n<meta property=\"article:modified_time\" content=\"2025-12-15T16:10:10+00:00\" \/>\n<meta property=\"og:image\" content=\"https:\/\/giftronic04.com\/wp-content\/uploads\/2025\/07\/1-1.jpg\" \/>\n\t<meta property=\"og:image:width\" content=\"2000\" \/>\n\t<meta property=\"og:image:height\" content=\"2000\" \/>\n\t<meta property=\"og:image:type\" content=\"image\/jpeg\" \/>\n<meta name=\"twitter:card\" content=\"summary_large_image\" \/>\n<meta name=\"twitter:label1\" content=\"Tiempo de lectura\" \/>\n\t<meta name=\"twitter:data1\" content=\"3 minutos\" \/>\n<script type=\"application\/ld+json\" class=\"yoast-schema-graph\">{\"@context\":\"https:\\\/\\\/schema.org\",\"@graph\":[{\"@type\":\"WebPage\",\"@id\":\"https:\\\/\\\/giftronic04.com\\\/index.php\\\/product\\\/giftronic04-com-tecnologia-aoc-monitor\\\/\",\"url\":\"https:\\\/\\\/giftronic04.com\\\/index.php\\\/product\\\/giftronic04-com-tecnologia-aoc-monitor\\\/\",\"name\":\"Giftronic04.com Monitor AOC 24B30H2 23.8\\\" Full HD 120Hz IPS...\",\"isPartOf\":{\"@id\":\"https:\\\/\\\/giftronic04.com\\\/#website\"},\"primaryImageOfPage\":{\"@id\":\"https:\\\/\\\/giftronic04.com\\\/index.php\\\/product\\\/giftronic04-com-tecnologia-aoc-monitor\\\/#primaryimage\"},\"image\":{\"@id\":\"https:\\\/\\\/giftronic04.com\\\/index.php\\\/product\\\/giftronic04-com-tecnologia-aoc-monitor\\\/#primaryimage\"},\"thumbnailUrl\":\"https:\\\/\\\/giftronic04.com\\\/wp-content\\\/uploads\\\/2025\\\/07\\\/1-1.jpg\",\"datePublished\":\"2025-07-24T22:49:07+00:00\",\"dateModified\":\"2025-12-15T16:10:10+00:00\",\"description\":\"Giftronic04.com es una empresa enfocada a la comercializaci\u00f3n al por mayor y menor de computadores, accesorios y tecnolog\u00eda de punta en el mercado nacional.\",\"breadcrumb\":{\"@id\":\"https:\\\/\\\/giftronic04.com\\\/index.php\\\/product\\\/giftronic04-com-tecnologia-aoc-monitor\\\/#breadcrumb\"},\"inLanguage\":\"es\",\"potentialAction\":[{\"@type\":\"ReadAction\",\"target\":[\"https:\\\/\\\/giftronic04.com\\\/index.php\\\/product\\\/giftronic04-com-tecnologia-aoc-monitor\\\/\"]}]},{\"@type\":\"ImageObject\",\"inLanguage\":\"es\",\"@id\":\"https:\\\/\\\/giftronic04.com\\\/index.php\\\/product\\\/giftronic04-com-tecnologia-aoc-monitor\\\/#primaryimage\",\"url\":\"https:\\\/\\\/giftronic04.com\\\/wp-content\\\/uploads\\\/2025\\\/07\\\/1-1.jpg\",\"contentUrl\":\"https:\\\/\\\/giftronic04.com\\\/wp-content\\\/uploads\\\/2025\\\/07\\\/1-1.jpg\",\"width\":2000,\"height\":2000},{\"@type\":\"BreadcrumbList\",\"@id\":\"https:\\\/\\\/giftronic04.com\\\/index.php\\\/product\\\/giftronic04-com-tecnologia-aoc-monitor\\\/#breadcrumb\",\"itemListElement\":[{\"@type\":\"ListItem\",\"position\":1,\"name\":\"Portada\",\"item\":\"https:\\\/\\\/giftronic04.com\\\/\"},{\"@type\":\"ListItem\",\"position\":2,\"name\":\"Tienda\",\"item\":\"https:\\\/\\\/giftronic04.com\\\/index.php\\\/shop\\\/\"},{\"@type\":\"ListItem\",\"position\":3,\"name\":\"Monitor AOC 24B30H2 23.8&#8243; Pulgadas Full HD 1920&#215;1080 120Hz IPS Negro\"}]},{\"@type\":\"WebSite\",\"@id\":\"https:\\\/\\\/giftronic04.com\\\/#website\",\"url\":\"https:\\\/\\\/giftronic04.com\\\/\",\"name\":\"Giftronic.04\",\"description\":\"Venta de equipos tecnologicos\",\"publisher\":{\"@id\":\"https:\\\/\\\/giftronic04.com\\\/#organization\"},\"potentialAction\":[{\"@type\":\"SearchAction\",\"target\":{\"@type\":\"EntryPoint\",\"urlTemplate\":\"https:\\\/\\\/giftronic04.com\\\/?s={search_term_string}\"},\"query-input\":{\"@type\":\"PropertyValueSpecification\",\"valueRequired\":true,\"valueName\":\"search_term_string\"}}],\"inLanguage\":\"es\"},{\"@type\":\"Organization\",\"@id\":\"https:\\\/\\\/giftronic04.com\\\/#organization\",\"name\":\"giftronic04\",\"url\":\"https:\\\/\\\/giftronic04.com\\\/\",\"logo\":{\"@type\":\"ImageObject\",\"inLanguage\":\"es\",\"@id\":\"https:\\\/\\\/giftronic04.com\\\/#\\\/schema\\\/logo\\\/image\\\/\",\"url\":\"https:\\\/\\\/giftronic04.com\\\/wp-content\\\/uploads\\\/2021\\\/08\\\/logo.png\",\"contentUrl\":\"https:\\\/\\\/giftronic04.com\\\/wp-content\\\/uploads\\\/2021\\\/08\\\/logo.png\",\"width\":6640,\"height\":2192,\"caption\":\"giftronic04\"},\"image\":{\"@id\":\"https:\\\/\\\/giftronic04.com\\\/#\\\/schema\\\/logo\\\/image\\\/\"},\"sameAs\":[\"https:\\\/\\\/www.instagram.com\\\/giftronic.04\\\/\"]}]}<\/script>\n<!-- \/ Yoast SEO plugin. -->","yoast_head_json":{"title":"Giftronic04.com Monitor AOC 24B30H2 23.8\" Full HD 120Hz IPS...","description":"Giftronic04.com es una empresa enfocada a la comercializaci\u00f3n al por mayor y menor de computadores, accesorios y tecnolog\u00eda de punta en el mercado nacional.","robots":{"index":"index","follow":"follow","max-snippet":"max-snippet:-1","max-image-preview":"max-image-preview:large","max-video-preview":"max-video-preview:-1"},"canonical":"https:\/\/giftronic04.com\/index.php\/product\/giftronic04-com-tecnologia-aoc-monitor\/","og_locale":"es_ES","og_type":"article","og_title":"Giftronic04.com Monitor AOC 24B30H2 23.8\" Full HD 120Hz IPS...","og_description":"Giftronic04.com es una empresa enfocada a la comercializaci\u00f3n al por mayor y menor de computadores, accesorios y tecnolog\u00eda de punta en el mercado nacional.","og_url":"https:\/\/giftronic04.com\/index.php\/product\/giftronic04-com-tecnologia-aoc-monitor\/","og_site_name":"Giftronic.04","article_modified_time":"2025-12-15T16:10:10+00:00","og_image":[{"width":2000,"height":2000,"url":"https:\/\/giftronic04.com\/wp-content\/uploads\/2025\/07\/1-1.jpg","type":"image\/jpeg"}],"twitter_card":"summary_large_image","twitter_misc":{"Tiempo de lectura":"3 minutos"},"schema":{"@context":"https:\/\/schema.org","@graph":[{"@type":"WebPage","@id":"https:\/\/giftronic04.com\/index.php\/product\/giftronic04-com-tecnologia-aoc-monitor\/","url":"https:\/\/giftronic04.com\/index.php\/product\/giftronic04-com-tecnologia-aoc-monitor\/","name":"Giftronic04.com Monitor AOC 24B30H2 23.8\" Full HD 120Hz IPS...","isPartOf":{"@id":"https:\/\/giftronic04.com\/#website"},"primaryImageOfPage":{"@id":"https:\/\/giftronic04.com\/index.php\/product\/giftronic04-com-tecnologia-aoc-monitor\/#primaryimage"},"image":{"@id":"https:\/\/giftronic04.com\/index.php\/product\/giftronic04-com-tecnologia-aoc-monitor\/#primaryimage"},"thumbnailUrl":"https:\/\/giftronic04.com\/wp-content\/uploads\/2025\/07\/1-1.jpg","datePublished":"2025-07-24T22:49:07+00:00","dateModified":"2025-12-15T16:10:10+00:00","description":"Giftronic04.com es una empresa enfocada a la comercializaci\u00f3n al por mayor y menor de computadores, accesorios y tecnolog\u00eda de punta en el mercado nacional.","breadcrumb":{"@id":"https:\/\/giftronic04.com\/index.php\/product\/giftronic04-com-tecnologia-aoc-monitor\/#breadcrumb"},"inLanguage":"es","potentialAction":[{"@type":"ReadAction","target":["https:\/\/giftronic04.com\/index.php\/product\/giftronic04-com-tecnologia-aoc-monitor\/"]}]},{"@type":"ImageObject","inLanguage":"es","@id":"https:\/\/giftronic04.com\/index.php\/product\/giftronic04-com-tecnologia-aoc-monitor\/#primaryimage","url":"https:\/\/giftronic04.com\/wp-content\/uploads\/2025\/07\/1-1.jpg","contentUrl":"https:\/\/giftronic04.com\/wp-content\/uploads\/2025\/07\/1-1.jpg","width":2000,"height":2000},{"@type":"BreadcrumbList","@id":"https:\/\/giftronic04.com\/index.php\/product\/giftronic04-com-tecnologia-aoc-monitor\/#breadcrumb","itemListElement":[{"@type":"ListItem","position":1,"name":"Portada","item":"https:\/\/giftronic04.com\/"},{"@type":"ListItem","position":2,"name":"Tienda","item":"https:\/\/giftronic04.com\/index.php\/shop\/"},{"@type":"ListItem","position":3,"name":"Monitor AOC 24B30H2 23.8&#8243; Pulgadas Full HD 1920&#215;1080 120Hz IPS Negro"}]},{"@type":"WebSite","@id":"https:\/\/giftronic04.com\/#website","url":"https:\/\/giftronic04.com\/","name":"Giftronic.04","description":"Venta de equipos tecnologicos","publisher":{"@id":"https:\/\/giftronic04.com\/#organization"},"potentialAction":[{"@type":"SearchAction","target":{"@type":"EntryPoint","urlTemplate":"https:\/\/giftronic04.com\/?s={search_term_string}"},"query-input":{"@type":"PropertyValueSpecification","valueRequired":true,"valueName":"search_term_string"}}],"inLanguage":"es"},{"@type":"Organization","@id":"https:\/\/giftronic04.com\/#organization","name":"giftronic04","url":"https:\/\/giftronic04.com\/","logo":{"@type":"ImageObject","inLanguage":"es","@id":"https:\/\/giftronic04.com\/#\/schema\/logo\/image\/","url":"https:\/\/giftronic04.com\/wp-content\/uploads\/2021\/08\/logo.png","contentUrl":"https:\/\/giftronic04.com\/wp-content\/uploads\/2021\/08\/logo.png","width":6640,"height":2192,"caption":"giftronic04"},"image":{"@id":"https:\/\/giftronic04.com\/#\/schema\/logo\/image\/"},"sameAs":["https:\/\/www.instagram.com\/giftronic.04\/"]}]}},"jetpack_sharing_enabled":true,"_links":{"self":[{"href":"https:\/\/giftronic04.com\/index.php\/wp-json\/wp\/v2\/product\/9126","targetHints":{"allow":["GET"]}}],"collection":[{"href":"https:\/\/giftronic04.com\/index.php\/wp-json\/wp\/v2\/product"}],"about":[{"href":"https:\/\/giftronic04.com\/index.php\/wp-json\/wp\/v2\/types\/product"}],"replies":[{"embeddable":true,"href":"https:\/\/giftronic04.com\/index.php\/wp-json\/wp\/v2\/comments?post=9126"}],"wp:featuredmedia":[{"embeddable":true,"href":"https:\/\/giftronic04.com\/index.php\/wp-json\/wp\/v2\/media\/9127"}],"wp:attachment":[{"href":"https:\/\/giftronic04.com\/index.php\/wp-json\/wp\/v2\/media?parent=9126"}],"wp:term":[{"taxonomy":"product_brand","embeddable":true,"href":"https:\/\/giftronic04.com\/index.php\/wp-json\/wp\/v2\/product_brand?post=9126"},{"taxonomy":"product_cat","embeddable":true,"href":"https:\/\/giftronic04.com\/index.php\/wp-json\/wp\/v2\/product_cat?post=9126"},{"taxonomy":"product_tag","embeddable":true,"href":"https:\/\/giftronic04.com\/index.php\/wp-json\/wp\/v2\/product_tag?post=9126"}],"curies":[{"name":"wp","href":"https:\/\/api.w.org\/{rel}","templated":true}]}}