{"id":9145,"date":"2025-07-29T18:13:08","date_gmt":"2025-07-29T23:13:08","guid":{"rendered":"https:\/\/giftronic04.com\/?post_type=product&#038;p=9145"},"modified":"2025-09-29T11:57:51","modified_gmt":"2025-09-29T16:57:51","slug":"giftronic04-com-tecnologia-tv-hisense","status":"publish","type":"product","link":"https:\/\/giftronic04.com\/index.php\/product\/giftronic04-com-tecnologia-tv-hisense\/","title":{"rendered":"TV Hisense 43&#8243; Pulgadas Full HD 43A4NV Smart TV Black"},"content":{"rendered":"<p>&nbsp;<\/p>\n<p>Caracter\u00edsticas<\/p>\n<p>Marca: Hisense<\/p>\n<p>Referencia: 43A4NV<\/p>\n<p>Tipo: Televisor<\/p>\n<p>Resoluci\u00f3n Pantalla Full HD (1920\u00d71080) IPS<\/p>\n<p>Tama\u00f1o Pantalla\u00a0\u00a0\u00a0\u00a0 43\u2019 Pulgadas<\/p>\n<p>Tipo de pantalla LED<\/p>\n<p>Pantalla Plana<\/p>\n<p>Tasa de refresco 60Hz<\/p>\n<p>HDR (Alto rango din\u00e1mico)<\/p>\n<p>Audio multicanal 2.0 CH<\/p>\n<p>Sistema operativo<\/p>\n<p>VIDAA U9<\/p>\n<p>Tecnolog\u00eda Smart TV<\/p>\n<p>Transmisi\u00f3n digital<\/p>\n<p>DVB-T2<\/p>\n<p>Wi-Fi<\/p>\n<p>Bluetooth 5.0<\/p>\n<p>HDMI X2<\/p>\n<p>1 x USB-A<\/p>\n<p>Color Negro<\/p>\n<p>Accesorios<\/p>\n<p>Control remoto<\/p>\n<p>Manual del usuario Si<\/p>\n<p>Cable de alimentaci\u00f3n Si<\/p>\n<p>Fuente de Alimentaci\u00f3n de Energ\u00eda<\/p>\n<p>AC100-240V~ 50\/<\/p>\n<p>Resumen del producto<\/p>\n<p>\u00a1El HISENSE 43A4NV, es impresionante! Con tu TV disfruta de contenido en una asombrosa resoluci\u00f3n FULL HD mejorada. Con tecnolog\u00eda de punta recibes un volumen de color al 100% que entrega m\u00e1s de mil millones de colores que se mantienen fieles, incluso en las escenas m\u00e1s brillantes mantienen incre\u00edble precisi\u00f3n. \u00a1Amplifica tu inmersi\u00f3n auditiva con su sistema de sonido de dos parlantes y con su conexi\u00f3n Wifi y Bluetooth con una amplia gama de enlaces para mejorar tu entorno.<\/p>\n<p>&nbsp;<\/p>\n<p>Recomendaciones<\/p>\n<p>Lea cuidadosamente la descripci\u00f3n del producto y condiciones de venta.<\/p>\n<p>Se otorga 1 a\u00f1o de respaldo por defectos de fabricaci\u00f3n directamente con la marca \u2018Conservando empaques originales\u2019. No cubre da\u00f1os ocasionados por manipulaci\u00f3n no autorizada, golpes, derrames o mal uso del equipo, Las im\u00e1genes publicadas en esta p\u00e1gina son representaciones fotogr\u00e1ficas que ilustran de manera aproximada las caracter\u00edsticas de los equipos en venta y pueden variar respecto a la realidad seg\u00fan la resoluci\u00f3n de estas y del dispositivo que se utilice para observarlas. Para cualquier proceso de garant\u00eda debes entregar el producto con los empaques y accesorios ORIGINALES.<\/p>\n<p>&nbsp;<\/p>\n<p>\u2018Factura Legal de Venta\u2019<\/p>\n<p>Una vez realizada la factura NO se realizan ning\u00fan tipo de modificaciones, cambio de factura o cambios de datos, puesto que es facturaci\u00f3n electr\u00f3nica y no admite ning\u00fan tipo de cambio, aseg\u00farate que los datos de facturaci\u00f3n sean los correctos.<\/p>\n<p>&nbsp;<\/p>\n","protected":false},"excerpt":{"rendered":"<p>&nbsp; Caracter\u00edsticas Marca: Hisense Referencia: 43A4NV Tipo: Televisor Resoluci\u00f3n Pantalla Full HD (1920\u00d71080) IPS Tama\u00f1o Pantalla\u00a0\u00a0\u00a0\u00a0 43\u2019 Pulgadas Tipo de pantalla LED Pantalla Plana Tasa de refresco 60Hz HDR (Alto rango din\u00e1mico) Audio multicanal 2.0 CH Sistema operativo VIDAA U9 Tecnolog\u00eda Smart TV Transmisi\u00f3n digital DVB-T2 Wi-Fi Bluetooth 5.0 HDMI X2 1 x USB-A Color [&hellip;]<\/p>\n","protected":false},"featured_media":9146,"comment_status":"open","ping_status":"closed","template":"","meta":{"_surecart_dashboard_logo_width":"180px","_surecart_dashboard_show_logo":true,"_surecart_dashboard_navigation_orders":true,"_surecart_dashboard_navigation_invoices":true,"_surecart_dashboard_navigation_subscriptions":true,"_surecart_dashboard_navigation_downloads":true,"_surecart_dashboard_navigation_billing":true,"_surecart_dashboard_navigation_account":true,"site-sidebar-layout":"default","site-content-layout":"","ast-site-content-layout":"default","site-content-style":"default","site-sidebar-style":"default","ast-global-header-display":"","ast-banner-title-visibility":"","ast-main-header-display":"","ast-hfb-above-header-display":"","ast-hfb-below-header-display":"","ast-hfb-mobile-header-display":"","site-post-title":"","ast-breadcrumbs-content":"","ast-featured-img":"","footer-sml-layout":"","ast-disable-related-posts":"","theme-transparent-header-meta":"","adv-header-id-meta":"","stick-header-meta":"","header-above-stick-meta":"","header-main-stick-meta":"","header-below-stick-meta":"","astra-migrate-meta-layouts":"default","ast-page-background-enabled":"default","ast-page-background-meta":{"desktop":{"background-color":"var(--ast-global-color-4)","background-image":"","background-repeat":"repeat","background-position":"center center","background-size":"auto","background-attachment":"scroll","background-type":"","background-media":"","overlay-type":"","overlay-color":"","overlay-opacity":"","overlay-gradient":""},"tablet":{"background-color":"","background-image":"","background-repeat":"repeat","background-position":"center center","background-size":"auto","background-attachment":"scroll","background-type":"","background-media":"","overlay-type":"","overlay-color":"","overlay-opacity":"","overlay-gradient":""},"mobile":{"background-color":"","background-image":"","background-repeat":"repeat","background-position":"center center","background-size":"auto","background-attachment":"scroll","background-type":"","background-media":"","overlay-type":"","overlay-color":"","overlay-opacity":"","overlay-gradient":""}},"ast-content-background-meta":{"desktop":{"background-color":"var(--ast-global-color-5)","background-image":"","background-repeat":"repeat","background-position":"center center","background-size":"auto","background-attachment":"scroll","background-type":"","background-media":"","overlay-type":"","overlay-color":"","overlay-opacity":"","overlay-gradient":""},"tablet":{"background-color":"var(--ast-global-color-5)","background-image":"","background-repeat":"repeat","background-position":"center center","background-size":"auto","background-attachment":"scroll","background-type":"","background-media":"","overlay-type":"","overlay-color":"","overlay-opacity":"","overlay-gradient":""},"mobile":{"background-color":"var(--ast-global-color-5)","background-image":"","background-repeat":"repeat","background-position":"center center","background-size":"auto","background-attachment":"scroll","background-type":"","background-media":"","overlay-type":"","overlay-color":"","overlay-opacity":"","overlay-gradient":""}}},"product_brand":[],"product_cat":[86],"product_tag":[],"class_list":{"0":"post-9145","1":"product","2":"type-product","3":"status-publish","4":"has-post-thumbnail","6":"product_cat-tv","7":"desktop-align-left","8":"tablet-align-left","9":"mobile-align-left","11":"first","12":"instock","13":"sale","14":"featured","15":"taxable","16":"shipping-taxable","17":"purchasable","18":"product-type-simple"},"yoast_head":"<!-- This site is optimized with the Yoast SEO plugin v27.4 - https:\/\/yoast.com\/product\/yoast-seo-wordpress\/ -->\n<title>Giftronic04.com TV Hisense 43&quot; Pulgadas Full 43A4NV Smart TV...<\/title>\n<meta name=\"description\" content=\"Giftronic04.com es una empresa enfocada a la comercializaci\u00f3n al por mayor y menor de computadores, accesorios y tecnolog\u00eda de punta en el mercado nacional.\" \/>\n<meta name=\"robots\" content=\"index, follow, max-snippet:-1, max-image-preview:large, max-video-preview:-1\" \/>\n<link rel=\"canonical\" href=\"https:\/\/giftronic04.com\/index.php\/product\/giftronic04-com-tecnologia-tv-hisense\/\" \/>\n<meta property=\"og:locale\" content=\"es_ES\" \/>\n<meta property=\"og:type\" content=\"article\" \/>\n<meta property=\"og:title\" content=\"TV Hisense 43&quot; Pulgadas Full HD 43A4NV Smart TV Black\" \/>\n<meta property=\"og:description\" content=\"Giftronic04.com es una empresa enfocada a la comercializaci\u00f3n al por mayor y menor de computadores, accesorios y tecnolog\u00eda de punta en el mercado nacional.\" \/>\n<meta property=\"og:url\" content=\"https:\/\/giftronic04.com\/index.php\/product\/giftronic04-com-tecnologia-tv-hisense\/\" \/>\n<meta property=\"og:site_name\" content=\"Giftronic.04\" \/>\n<meta property=\"article:modified_time\" content=\"2025-09-29T16:57:51+00:00\" \/>\n<meta property=\"og:image\" content=\"https:\/\/giftronic04.com\/wp-content\/uploads\/2025\/07\/1-3.jpg\" \/>\n\t<meta property=\"og:image:width\" content=\"2560\" \/>\n\t<meta property=\"og:image:height\" content=\"2560\" \/>\n\t<meta property=\"og:image:type\" content=\"image\/jpeg\" \/>\n<meta name=\"twitter:card\" content=\"summary_large_image\" \/>\n<meta name=\"twitter:label1\" content=\"Tiempo de lectura\" \/>\n\t<meta name=\"twitter:data1\" content=\"2 minutos\" \/>\n<script type=\"application\/ld+json\" class=\"yoast-schema-graph\">{\"@context\":\"https:\\\/\\\/schema.org\",\"@graph\":[{\"@type\":\"WebPage\",\"@id\":\"https:\\\/\\\/giftronic04.com\\\/index.php\\\/product\\\/giftronic04-com-tecnologia-tv-hisense\\\/\",\"url\":\"https:\\\/\\\/giftronic04.com\\\/index.php\\\/product\\\/giftronic04-com-tecnologia-tv-hisense\\\/\",\"name\":\"Giftronic04.com TV Hisense 43\\\" Pulgadas Full 43A4NV Smart TV...\",\"isPartOf\":{\"@id\":\"https:\\\/\\\/giftronic04.com\\\/#website\"},\"primaryImageOfPage\":{\"@id\":\"https:\\\/\\\/giftronic04.com\\\/index.php\\\/product\\\/giftronic04-com-tecnologia-tv-hisense\\\/#primaryimage\"},\"image\":{\"@id\":\"https:\\\/\\\/giftronic04.com\\\/index.php\\\/product\\\/giftronic04-com-tecnologia-tv-hisense\\\/#primaryimage\"},\"thumbnailUrl\":\"https:\\\/\\\/giftronic04.com\\\/wp-content\\\/uploads\\\/2025\\\/07\\\/1-3.jpg\",\"datePublished\":\"2025-07-29T23:13:08+00:00\",\"dateModified\":\"2025-09-29T16:57:51+00:00\",\"description\":\"Giftronic04.com es una empresa enfocada a la comercializaci\u00f3n al por mayor y menor de computadores, accesorios y tecnolog\u00eda de punta en el mercado nacional.\",\"breadcrumb\":{\"@id\":\"https:\\\/\\\/giftronic04.com\\\/index.php\\\/product\\\/giftronic04-com-tecnologia-tv-hisense\\\/#breadcrumb\"},\"inLanguage\":\"es\",\"potentialAction\":[{\"@type\":\"ReadAction\",\"target\":[\"https:\\\/\\\/giftronic04.com\\\/index.php\\\/product\\\/giftronic04-com-tecnologia-tv-hisense\\\/\"]}]},{\"@type\":\"ImageObject\",\"inLanguage\":\"es\",\"@id\":\"https:\\\/\\\/giftronic04.com\\\/index.php\\\/product\\\/giftronic04-com-tecnologia-tv-hisense\\\/#primaryimage\",\"url\":\"https:\\\/\\\/giftronic04.com\\\/wp-content\\\/uploads\\\/2025\\\/07\\\/1-3.jpg\",\"contentUrl\":\"https:\\\/\\\/giftronic04.com\\\/wp-content\\\/uploads\\\/2025\\\/07\\\/1-3.jpg\",\"width\":2560,\"height\":2560},{\"@type\":\"BreadcrumbList\",\"@id\":\"https:\\\/\\\/giftronic04.com\\\/index.php\\\/product\\\/giftronic04-com-tecnologia-tv-hisense\\\/#breadcrumb\",\"itemListElement\":[{\"@type\":\"ListItem\",\"position\":1,\"name\":\"Portada\",\"item\":\"https:\\\/\\\/giftronic04.com\\\/\"},{\"@type\":\"ListItem\",\"position\":2,\"name\":\"Tienda\",\"item\":\"https:\\\/\\\/giftronic04.com\\\/index.php\\\/shop\\\/\"},{\"@type\":\"ListItem\",\"position\":3,\"name\":\"TV Hisense 43&#8243; Pulgadas Full HD 43A4NV Smart TV Black\"}]},{\"@type\":\"WebSite\",\"@id\":\"https:\\\/\\\/giftronic04.com\\\/#website\",\"url\":\"https:\\\/\\\/giftronic04.com\\\/\",\"name\":\"Giftronic.04\",\"description\":\"Venta de equipos tecnologicos\",\"publisher\":{\"@id\":\"https:\\\/\\\/giftronic04.com\\\/#organization\"},\"potentialAction\":[{\"@type\":\"SearchAction\",\"target\":{\"@type\":\"EntryPoint\",\"urlTemplate\":\"https:\\\/\\\/giftronic04.com\\\/?s={search_term_string}\"},\"query-input\":{\"@type\":\"PropertyValueSpecification\",\"valueRequired\":true,\"valueName\":\"search_term_string\"}}],\"inLanguage\":\"es\"},{\"@type\":\"Organization\",\"@id\":\"https:\\\/\\\/giftronic04.com\\\/#organization\",\"name\":\"giftronic04\",\"url\":\"https:\\\/\\\/giftronic04.com\\\/\",\"logo\":{\"@type\":\"ImageObject\",\"inLanguage\":\"es\",\"@id\":\"https:\\\/\\\/giftronic04.com\\\/#\\\/schema\\\/logo\\\/image\\\/\",\"url\":\"https:\\\/\\\/giftronic04.com\\\/wp-content\\\/uploads\\\/2021\\\/08\\\/logo.png\",\"contentUrl\":\"https:\\\/\\\/giftronic04.com\\\/wp-content\\\/uploads\\\/2021\\\/08\\\/logo.png\",\"width\":6640,\"height\":2192,\"caption\":\"giftronic04\"},\"image\":{\"@id\":\"https:\\\/\\\/giftronic04.com\\\/#\\\/schema\\\/logo\\\/image\\\/\"},\"sameAs\":[\"https:\\\/\\\/www.instagram.com\\\/giftronic.04\\\/\"]}]}<\/script>\n<!-- \/ Yoast SEO plugin. -->","yoast_head_json":{"title":"Giftronic04.com TV Hisense 43\" Pulgadas Full 43A4NV Smart TV...","description":"Giftronic04.com es una empresa enfocada a la comercializaci\u00f3n al por mayor y menor de computadores, accesorios y tecnolog\u00eda de punta en el mercado nacional.","robots":{"index":"index","follow":"follow","max-snippet":"max-snippet:-1","max-image-preview":"max-image-preview:large","max-video-preview":"max-video-preview:-1"},"canonical":"https:\/\/giftronic04.com\/index.php\/product\/giftronic04-com-tecnologia-tv-hisense\/","og_locale":"es_ES","og_type":"article","og_title":"TV Hisense 43\" Pulgadas Full HD 43A4NV Smart TV Black","og_description":"Giftronic04.com es una empresa enfocada a la comercializaci\u00f3n al por mayor y menor de computadores, accesorios y tecnolog\u00eda de punta en el mercado nacional.","og_url":"https:\/\/giftronic04.com\/index.php\/product\/giftronic04-com-tecnologia-tv-hisense\/","og_site_name":"Giftronic.04","article_modified_time":"2025-09-29T16:57:51+00:00","og_image":[{"width":2560,"height":2560,"url":"https:\/\/giftronic04.com\/wp-content\/uploads\/2025\/07\/1-3.jpg","type":"image\/jpeg"}],"twitter_card":"summary_large_image","twitter_misc":{"Tiempo de lectura":"2 minutos"},"schema":{"@context":"https:\/\/schema.org","@graph":[{"@type":"WebPage","@id":"https:\/\/giftronic04.com\/index.php\/product\/giftronic04-com-tecnologia-tv-hisense\/","url":"https:\/\/giftronic04.com\/index.php\/product\/giftronic04-com-tecnologia-tv-hisense\/","name":"Giftronic04.com TV Hisense 43\" Pulgadas Full 43A4NV Smart TV...","isPartOf":{"@id":"https:\/\/giftronic04.com\/#website"},"primaryImageOfPage":{"@id":"https:\/\/giftronic04.com\/index.php\/product\/giftronic04-com-tecnologia-tv-hisense\/#primaryimage"},"image":{"@id":"https:\/\/giftronic04.com\/index.php\/product\/giftronic04-com-tecnologia-tv-hisense\/#primaryimage"},"thumbnailUrl":"https:\/\/giftronic04.com\/wp-content\/uploads\/2025\/07\/1-3.jpg","datePublished":"2025-07-29T23:13:08+00:00","dateModified":"2025-09-29T16:57:51+00:00","description":"Giftronic04.com es una empresa enfocada a la comercializaci\u00f3n al por mayor y menor de computadores, accesorios y tecnolog\u00eda de punta en el mercado nacional.","breadcrumb":{"@id":"https:\/\/giftronic04.com\/index.php\/product\/giftronic04-com-tecnologia-tv-hisense\/#breadcrumb"},"inLanguage":"es","potentialAction":[{"@type":"ReadAction","target":["https:\/\/giftronic04.com\/index.php\/product\/giftronic04-com-tecnologia-tv-hisense\/"]}]},{"@type":"ImageObject","inLanguage":"es","@id":"https:\/\/giftronic04.com\/index.php\/product\/giftronic04-com-tecnologia-tv-hisense\/#primaryimage","url":"https:\/\/giftronic04.com\/wp-content\/uploads\/2025\/07\/1-3.jpg","contentUrl":"https:\/\/giftronic04.com\/wp-content\/uploads\/2025\/07\/1-3.jpg","width":2560,"height":2560},{"@type":"BreadcrumbList","@id":"https:\/\/giftronic04.com\/index.php\/product\/giftronic04-com-tecnologia-tv-hisense\/#breadcrumb","itemListElement":[{"@type":"ListItem","position":1,"name":"Portada","item":"https:\/\/giftronic04.com\/"},{"@type":"ListItem","position":2,"name":"Tienda","item":"https:\/\/giftronic04.com\/index.php\/shop\/"},{"@type":"ListItem","position":3,"name":"TV Hisense 43&#8243; Pulgadas Full HD 43A4NV Smart TV Black"}]},{"@type":"WebSite","@id":"https:\/\/giftronic04.com\/#website","url":"https:\/\/giftronic04.com\/","name":"Giftronic.04","description":"Venta de equipos tecnologicos","publisher":{"@id":"https:\/\/giftronic04.com\/#organization"},"potentialAction":[{"@type":"SearchAction","target":{"@type":"EntryPoint","urlTemplate":"https:\/\/giftronic04.com\/?s={search_term_string}"},"query-input":{"@type":"PropertyValueSpecification","valueRequired":true,"valueName":"search_term_string"}}],"inLanguage":"es"},{"@type":"Organization","@id":"https:\/\/giftronic04.com\/#organization","name":"giftronic04","url":"https:\/\/giftronic04.com\/","logo":{"@type":"ImageObject","inLanguage":"es","@id":"https:\/\/giftronic04.com\/#\/schema\/logo\/image\/","url":"https:\/\/giftronic04.com\/wp-content\/uploads\/2021\/08\/logo.png","contentUrl":"https:\/\/giftronic04.com\/wp-content\/uploads\/2021\/08\/logo.png","width":6640,"height":2192,"caption":"giftronic04"},"image":{"@id":"https:\/\/giftronic04.com\/#\/schema\/logo\/image\/"},"sameAs":["https:\/\/www.instagram.com\/giftronic.04\/"]}]}},"jetpack_sharing_enabled":true,"_links":{"self":[{"href":"https:\/\/giftronic04.com\/index.php\/wp-json\/wp\/v2\/product\/9145","targetHints":{"allow":["GET"]}}],"collection":[{"href":"https:\/\/giftronic04.com\/index.php\/wp-json\/wp\/v2\/product"}],"about":[{"href":"https:\/\/giftronic04.com\/index.php\/wp-json\/wp\/v2\/types\/product"}],"replies":[{"embeddable":true,"href":"https:\/\/giftronic04.com\/index.php\/wp-json\/wp\/v2\/comments?post=9145"}],"wp:featuredmedia":[{"embeddable":true,"href":"https:\/\/giftronic04.com\/index.php\/wp-json\/wp\/v2\/media\/9146"}],"wp:attachment":[{"href":"https:\/\/giftronic04.com\/index.php\/wp-json\/wp\/v2\/media?parent=9145"}],"wp:term":[{"taxonomy":"product_brand","embeddable":true,"href":"https:\/\/giftronic04.com\/index.php\/wp-json\/wp\/v2\/product_brand?post=9145"},{"taxonomy":"product_cat","embeddable":true,"href":"https:\/\/giftronic04.com\/index.php\/wp-json\/wp\/v2\/product_cat?post=9145"},{"taxonomy":"product_tag","embeddable":true,"href":"https:\/\/giftronic04.com\/index.php\/wp-json\/wp\/v2\/product_tag?post=9145"}],"curies":[{"name":"wp","href":"https:\/\/api.w.org\/{rel}","templated":true}]}}