{"id":9179,"date":"2025-08-02T14:19:04","date_gmt":"2025-08-02T19:19:04","guid":{"rendered":"https:\/\/giftronic04.com\/?post_type=product&#038;p=9179"},"modified":"2025-12-10T11:14:44","modified_gmt":"2025-12-10T16:14:44","slug":"giftronic04-com-tecnologia-hp-nvidia-2","status":"publish","type":"product","link":"https:\/\/giftronic04.com\/index.php\/product\/giftronic04-com-tecnologia-hp-nvidia-2\/","title":{"rendered":"COMBO MONITOR &#038; PORTATIL VICTUS HP 15-fb2025la FHD AMD R5-8645HS RAM 32GB 512GB SSD NVIDIA RTX\u21222050"},"content":{"rendered":"<p>Caracter\u00edsticas<\/p>\n<p>Monitor: HP M22f FHD de 21,5&#8243; HDMI &#8211; VGA<\/p>\n<p>Marca y Referencia Port\u00e1til: HP VICTUS 15-fb2025la<\/p>\n<p>Tipo: LAPTOPS GAMING<\/p>\n<p>Pantalla y Resoluci\u00f3n: 15,6\u2019 Pulgadas Full HD (1920&#215;1080) 144Hz, IPS, 300 nits<\/p>\n<p>Memoria RAM: 32GB DDR5<\/p>\n<p>Capacidad de Almacenamiento: \u00a0\u00a0512GB SSD M.2 NVMe\u00ae<\/p>\n<p>Procesador AMD Ryzen\u2122 5-8645HS (aumento m\u00e1ximo del reloj hasta 5 GHz, 16 MB de cach\u00e9 L3, 6 n\u00facleos, 12 subprocesos)<\/p>\n<p>Tarjeta Gr\u00e1fica: NVIDIA\u00ae GeForce RTX\u2122 2050 4GB GDDR6<\/p>\n<p>Sistema Operativo Opcional:\u00a0\u00a0\u00a0\u00a0\u00a0\u00a0\u00a0 Windows 11 Home.<\/p>\n<p>Peso\u00a0\u00a0 2,3 Kilogramos<\/p>\n<p>C\u00e1mara WEB Integrada<\/p>\n<p>Tipos de Puertos Entradas y Salidas<\/p>\n<p>2x puertos USB , 1x USB-C\u00ae , 1x HDMI\u00ae , 1x Lector SD, 1x Conector combinado de auriculares\/micr\u00f3fono (3,5 mm), 1x Ethernet (RJ-45), 1x Conector de alimentaci\u00f3n<\/p>\n<p>Opciones de Conexi\u00f3n<\/p>\n<p>Wi-Fi\u00ae<\/p>\n<p>Bluetooth<\/p>\n<p>Fuente de Alimentaci\u00f3n de Energ\u00eda<\/p>\n<p>Tonalidad de Color Plata mica<\/p>\n<p>La duraci\u00f3n de la bater\u00eda es un valor aproximado y depende del uso que se le d\u00e9 al equipo.<\/p>\n<p>&nbsp;<\/p>\n<p>Resumen del producto<\/p>\n<p>El port\u00e1til Gamer Victus by HP tiene todo lo que necesita para jugar y gestionar tus tareas diarias respetando el medio ambiente gracias a los materiales reciclados de origen oce\u00e1nico y pl\u00e1stico posconsumo, que lo integran. Mant\u00e9n la temperatura ideal en cada juego con el sistema de refrigeraci\u00f3n mejorado y lleva tu experiencia de juego m\u00e1s all\u00e1 controlando ajustes de rendimiento, opciones de iluminaci\u00f3n y m\u00e1s gracias a OMEN Gaming Hub. Con AMD Series 8000 y Nvidia GeForce RTX s\u00e1cale el rendimiento m\u00e1ximo a tu Laptop, Perfecto para los gamers orgullosos\u2026<\/p>\n<p>&nbsp;<\/p>\n<p>Recomendaciones<\/p>\n<p>Lea cuidadosamente la descripci\u00f3n del producto y condiciones de venta.<\/p>\n<p>Se otorga 1 a\u00f1o de respaldo por defectos de fabricaci\u00f3n directamente con la marca \u2018Conservando empaques originales\u2019. No cubre da\u00f1os ocasionados por manipulaci\u00f3n no autorizada, golpes, derrames o mal uso del equipo, Las im\u00e1genes publicadas en esta p\u00e1gina son representaciones fotogr\u00e1ficas que ilustran de manera aproximada las caracter\u00edsticas de los equipos en venta y pueden variar respecto a la realidad seg\u00fan la resoluci\u00f3n de estas y del dispositivo que se utilice para observarlas. Para cualquier proceso de garant\u00eda debes entregar el producto con los empaques y accesorios ORIGINALES.<\/p>\n<p>&nbsp;<\/p>\n<p>\u2018Factura Legal de Venta\u2019<\/p>\n<p>Una vez realizada la factura NO se realizan ning\u00fan tipo de modificaciones, cambio de factura o cambios de datos, puesto que es facturaci\u00f3n electr\u00f3nica y no admite ning\u00fan tipo de cambio, aseg\u00farate que los datos de facturaci\u00f3n sean los correctos.<\/p>\n<p>&nbsp;<\/p>\n<p>Este producto es 100% nuevo y original que ha sido repotencializado en una de sus partes para un mayor rendimiento.<\/p>\n<p>&nbsp;<\/p>\n","protected":false},"excerpt":{"rendered":"<p>Caracter\u00edsticas Monitor: HP M22f FHD de 21,5&#8243; HDMI &#8211; VGA Marca y Referencia Port\u00e1til: HP VICTUS 15-fb2025la Tipo: LAPTOPS GAMING Pantalla y Resoluci\u00f3n: 15,6\u2019 Pulgadas Full HD (1920&#215;1080) 144Hz, IPS, 300 nits Memoria RAM: 32GB DDR5 Capacidad de Almacenamiento: \u00a0\u00a0512GB SSD M.2 NVMe\u00ae Procesador AMD Ryzen\u2122 5-8645HS (aumento m\u00e1ximo del reloj hasta 5 GHz, 16 [&hellip;]<\/p>\n","protected":false},"featured_media":9170,"comment_status":"open","ping_status":"closed","template":"","meta":{"_surecart_dashboard_logo_width":"180px","_surecart_dashboard_show_logo":true,"_surecart_dashboard_navigation_orders":true,"_surecart_dashboard_navigation_invoices":true,"_surecart_dashboard_navigation_subscriptions":true,"_surecart_dashboard_navigation_downloads":true,"_surecart_dashboard_navigation_billing":true,"_surecart_dashboard_navigation_account":true,"site-sidebar-layout":"default","site-content-layout":"","ast-site-content-layout":"default","site-content-style":"default","site-sidebar-style":"default","ast-global-header-display":"","ast-banner-title-visibility":"","ast-main-header-display":"","ast-hfb-above-header-display":"","ast-hfb-below-header-display":"","ast-hfb-mobile-header-display":"","site-post-title":"","ast-breadcrumbs-content":"","ast-featured-img":"","footer-sml-layout":"","ast-disable-related-posts":"","theme-transparent-header-meta":"","adv-header-id-meta":"","stick-header-meta":"","header-above-stick-meta":"","header-main-stick-meta":"","header-below-stick-meta":"","astra-migrate-meta-layouts":"default","ast-page-background-enabled":"default","ast-page-background-meta":{"desktop":{"background-color":"var(--ast-global-color-4)","background-image":"","background-repeat":"repeat","background-position":"center center","background-size":"auto","background-attachment":"scroll","background-type":"","background-media":"","overlay-type":"","overlay-color":"","overlay-opacity":"","overlay-gradient":""},"tablet":{"background-color":"","background-image":"","background-repeat":"repeat","background-position":"center center","background-size":"auto","background-attachment":"scroll","background-type":"","background-media":"","overlay-type":"","overlay-color":"","overlay-opacity":"","overlay-gradient":""},"mobile":{"background-color":"","background-image":"","background-repeat":"repeat","background-position":"center center","background-size":"auto","background-attachment":"scroll","background-type":"","background-media":"","overlay-type":"","overlay-color":"","overlay-opacity":"","overlay-gradient":""}},"ast-content-background-meta":{"desktop":{"background-color":"var(--ast-global-color-5)","background-image":"","background-repeat":"repeat","background-position":"center center","background-size":"auto","background-attachment":"scroll","background-type":"","background-media":"","overlay-type":"","overlay-color":"","overlay-opacity":"","overlay-gradient":""},"tablet":{"background-color":"var(--ast-global-color-5)","background-image":"","background-repeat":"repeat","background-position":"center center","background-size":"auto","background-attachment":"scroll","background-type":"","background-media":"","overlay-type":"","overlay-color":"","overlay-opacity":"","overlay-gradient":""},"mobile":{"background-color":"var(--ast-global-color-5)","background-image":"","background-repeat":"repeat","background-position":"center center","background-size":"auto","background-attachment":"scroll","background-type":"","background-media":"","overlay-type":"","overlay-color":"","overlay-opacity":"","overlay-gradient":""}}},"product_brand":[],"product_cat":[22,30],"product_tag":[],"class_list":{"0":"post-9179","1":"product","2":"type-product","3":"status-publish","4":"has-post-thumbnail","6":"product_cat-computacion","7":"product_cat-componentes-de-pc-portatiles","8":"desktop-align-left","9":"tablet-align-left","10":"mobile-align-left","12":"first","13":"outofstock","14":"sale","15":"taxable","16":"shipping-taxable","17":"purchasable","18":"product-type-simple"},"yoast_head":"<!-- This site is optimized with the Yoast SEO plugin v27.5 - https:\/\/yoast.com\/product\/yoast-seo-wordpress\/ -->\n<title>Giftronic04.com MONITOR &amp; PORTATIL VICTUS AMD R5-8645HS<\/title>\n<meta name=\"description\" content=\"Giftronic04.com es una empresa enfocada a la comercializaci\u00f3n al por mayor y menor de computadores, accesorios y tecnolog\u00eda de punta en el mercado nacional.\" \/>\n<meta name=\"robots\" content=\"index, follow, max-snippet:-1, max-image-preview:large, max-video-preview:-1\" \/>\n<link rel=\"canonical\" href=\"https:\/\/giftronic04.com\/index.php\/product\/giftronic04-com-tecnologia-hp-nvidia-2\/\" \/>\n<meta property=\"og:locale\" content=\"es_ES\" \/>\n<meta property=\"og:type\" content=\"article\" \/>\n<meta property=\"og:title\" content=\"Giftronic04.com MONITOR &amp; PORTATIL VICTUS AMD R5-8645HS\" \/>\n<meta property=\"og:description\" content=\"Giftronic04.com es una empresa enfocada a la comercializaci\u00f3n al por mayor y menor de computadores, accesorios y tecnolog\u00eda de punta en el mercado nacional.\" \/>\n<meta property=\"og:url\" content=\"https:\/\/giftronic04.com\/index.php\/product\/giftronic04-com-tecnologia-hp-nvidia-2\/\" \/>\n<meta property=\"og:site_name\" content=\"Giftronic.04\" \/>\n<meta property=\"article:modified_time\" content=\"2025-12-10T16:14:44+00:00\" \/>\n<meta property=\"og:image\" content=\"https:\/\/giftronic04.com\/wp-content\/uploads\/2025\/08\/LAPTOP-AND-MONITOR.jpg\" \/>\n\t<meta property=\"og:image:width\" content=\"2000\" \/>\n\t<meta property=\"og:image:height\" content=\"2000\" \/>\n\t<meta property=\"og:image:type\" content=\"image\/jpeg\" \/>\n<meta name=\"twitter:card\" content=\"summary_large_image\" \/>\n<meta name=\"twitter:label1\" content=\"Tiempo de lectura\" \/>\n\t<meta name=\"twitter:data1\" content=\"3 minutos\" \/>\n<script type=\"application\/ld+json\" class=\"yoast-schema-graph\">{\"@context\":\"https:\\\/\\\/schema.org\",\"@graph\":[{\"@type\":\"WebPage\",\"@id\":\"https:\\\/\\\/giftronic04.com\\\/index.php\\\/product\\\/giftronic04-com-tecnologia-hp-nvidia-2\\\/\",\"url\":\"https:\\\/\\\/giftronic04.com\\\/index.php\\\/product\\\/giftronic04-com-tecnologia-hp-nvidia-2\\\/\",\"name\":\"Giftronic04.com MONITOR & PORTATIL VICTUS AMD R5-8645HS\",\"isPartOf\":{\"@id\":\"https:\\\/\\\/giftronic04.com\\\/#website\"},\"primaryImageOfPage\":{\"@id\":\"https:\\\/\\\/giftronic04.com\\\/index.php\\\/product\\\/giftronic04-com-tecnologia-hp-nvidia-2\\\/#primaryimage\"},\"image\":{\"@id\":\"https:\\\/\\\/giftronic04.com\\\/index.php\\\/product\\\/giftronic04-com-tecnologia-hp-nvidia-2\\\/#primaryimage\"},\"thumbnailUrl\":\"https:\\\/\\\/giftronic04.com\\\/wp-content\\\/uploads\\\/2025\\\/08\\\/LAPTOP-AND-MONITOR.jpg\",\"datePublished\":\"2025-08-02T19:19:04+00:00\",\"dateModified\":\"2025-12-10T16:14:44+00:00\",\"description\":\"Giftronic04.com es una empresa enfocada a la comercializaci\u00f3n al por mayor y menor de computadores, accesorios y tecnolog\u00eda de punta en el mercado nacional.\",\"breadcrumb\":{\"@id\":\"https:\\\/\\\/giftronic04.com\\\/index.php\\\/product\\\/giftronic04-com-tecnologia-hp-nvidia-2\\\/#breadcrumb\"},\"inLanguage\":\"es\",\"potentialAction\":[{\"@type\":\"ReadAction\",\"target\":[\"https:\\\/\\\/giftronic04.com\\\/index.php\\\/product\\\/giftronic04-com-tecnologia-hp-nvidia-2\\\/\"]}]},{\"@type\":\"ImageObject\",\"inLanguage\":\"es\",\"@id\":\"https:\\\/\\\/giftronic04.com\\\/index.php\\\/product\\\/giftronic04-com-tecnologia-hp-nvidia-2\\\/#primaryimage\",\"url\":\"https:\\\/\\\/giftronic04.com\\\/wp-content\\\/uploads\\\/2025\\\/08\\\/LAPTOP-AND-MONITOR.jpg\",\"contentUrl\":\"https:\\\/\\\/giftronic04.com\\\/wp-content\\\/uploads\\\/2025\\\/08\\\/LAPTOP-AND-MONITOR.jpg\",\"width\":2000,\"height\":2000},{\"@type\":\"BreadcrumbList\",\"@id\":\"https:\\\/\\\/giftronic04.com\\\/index.php\\\/product\\\/giftronic04-com-tecnologia-hp-nvidia-2\\\/#breadcrumb\",\"itemListElement\":[{\"@type\":\"ListItem\",\"position\":1,\"name\":\"Portada\",\"item\":\"https:\\\/\\\/giftronic04.com\\\/\"},{\"@type\":\"ListItem\",\"position\":2,\"name\":\"Tienda\",\"item\":\"https:\\\/\\\/giftronic04.com\\\/index.php\\\/shop\\\/\"},{\"@type\":\"ListItem\",\"position\":3,\"name\":\"COMBO MONITOR &#038; PORTATIL VICTUS HP 15-fb2025la FHD AMD R5-8645HS RAM 32GB 512GB SSD NVIDIA RTX\u21222050\"}]},{\"@type\":\"WebSite\",\"@id\":\"https:\\\/\\\/giftronic04.com\\\/#website\",\"url\":\"https:\\\/\\\/giftronic04.com\\\/\",\"name\":\"Giftronic.04\",\"description\":\"Venta de equipos tecnologicos\",\"publisher\":{\"@id\":\"https:\\\/\\\/giftronic04.com\\\/#organization\"},\"potentialAction\":[{\"@type\":\"SearchAction\",\"target\":{\"@type\":\"EntryPoint\",\"urlTemplate\":\"https:\\\/\\\/giftronic04.com\\\/?s={search_term_string}\"},\"query-input\":{\"@type\":\"PropertyValueSpecification\",\"valueRequired\":true,\"valueName\":\"search_term_string\"}}],\"inLanguage\":\"es\"},{\"@type\":\"Organization\",\"@id\":\"https:\\\/\\\/giftronic04.com\\\/#organization\",\"name\":\"giftronic04\",\"url\":\"https:\\\/\\\/giftronic04.com\\\/\",\"logo\":{\"@type\":\"ImageObject\",\"inLanguage\":\"es\",\"@id\":\"https:\\\/\\\/giftronic04.com\\\/#\\\/schema\\\/logo\\\/image\\\/\",\"url\":\"https:\\\/\\\/giftronic04.com\\\/wp-content\\\/uploads\\\/2021\\\/08\\\/logo.png\",\"contentUrl\":\"https:\\\/\\\/giftronic04.com\\\/wp-content\\\/uploads\\\/2021\\\/08\\\/logo.png\",\"width\":6640,\"height\":2192,\"caption\":\"giftronic04\"},\"image\":{\"@id\":\"https:\\\/\\\/giftronic04.com\\\/#\\\/schema\\\/logo\\\/image\\\/\"},\"sameAs\":[\"https:\\\/\\\/www.instagram.com\\\/giftronic.04\\\/\"]}]}<\/script>\n<!-- \/ Yoast SEO plugin. -->","yoast_head_json":{"title":"Giftronic04.com MONITOR & PORTATIL VICTUS AMD R5-8645HS","description":"Giftronic04.com es una empresa enfocada a la comercializaci\u00f3n al por mayor y menor de computadores, accesorios y tecnolog\u00eda de punta en el mercado nacional.","robots":{"index":"index","follow":"follow","max-snippet":"max-snippet:-1","max-image-preview":"max-image-preview:large","max-video-preview":"max-video-preview:-1"},"canonical":"https:\/\/giftronic04.com\/index.php\/product\/giftronic04-com-tecnologia-hp-nvidia-2\/","og_locale":"es_ES","og_type":"article","og_title":"Giftronic04.com MONITOR & PORTATIL VICTUS AMD R5-8645HS","og_description":"Giftronic04.com es una empresa enfocada a la comercializaci\u00f3n al por mayor y menor de computadores, accesorios y tecnolog\u00eda de punta en el mercado nacional.","og_url":"https:\/\/giftronic04.com\/index.php\/product\/giftronic04-com-tecnologia-hp-nvidia-2\/","og_site_name":"Giftronic.04","article_modified_time":"2025-12-10T16:14:44+00:00","og_image":[{"width":2000,"height":2000,"url":"https:\/\/giftronic04.com\/wp-content\/uploads\/2025\/08\/LAPTOP-AND-MONITOR.jpg","type":"image\/jpeg"}],"twitter_card":"summary_large_image","twitter_misc":{"Tiempo de lectura":"3 minutos"},"schema":{"@context":"https:\/\/schema.org","@graph":[{"@type":"WebPage","@id":"https:\/\/giftronic04.com\/index.php\/product\/giftronic04-com-tecnologia-hp-nvidia-2\/","url":"https:\/\/giftronic04.com\/index.php\/product\/giftronic04-com-tecnologia-hp-nvidia-2\/","name":"Giftronic04.com MONITOR & PORTATIL VICTUS AMD R5-8645HS","isPartOf":{"@id":"https:\/\/giftronic04.com\/#website"},"primaryImageOfPage":{"@id":"https:\/\/giftronic04.com\/index.php\/product\/giftronic04-com-tecnologia-hp-nvidia-2\/#primaryimage"},"image":{"@id":"https:\/\/giftronic04.com\/index.php\/product\/giftronic04-com-tecnologia-hp-nvidia-2\/#primaryimage"},"thumbnailUrl":"https:\/\/giftronic04.com\/wp-content\/uploads\/2025\/08\/LAPTOP-AND-MONITOR.jpg","datePublished":"2025-08-02T19:19:04+00:00","dateModified":"2025-12-10T16:14:44+00:00","description":"Giftronic04.com es una empresa enfocada a la comercializaci\u00f3n al por mayor y menor de computadores, accesorios y tecnolog\u00eda de punta en el mercado nacional.","breadcrumb":{"@id":"https:\/\/giftronic04.com\/index.php\/product\/giftronic04-com-tecnologia-hp-nvidia-2\/#breadcrumb"},"inLanguage":"es","potentialAction":[{"@type":"ReadAction","target":["https:\/\/giftronic04.com\/index.php\/product\/giftronic04-com-tecnologia-hp-nvidia-2\/"]}]},{"@type":"ImageObject","inLanguage":"es","@id":"https:\/\/giftronic04.com\/index.php\/product\/giftronic04-com-tecnologia-hp-nvidia-2\/#primaryimage","url":"https:\/\/giftronic04.com\/wp-content\/uploads\/2025\/08\/LAPTOP-AND-MONITOR.jpg","contentUrl":"https:\/\/giftronic04.com\/wp-content\/uploads\/2025\/08\/LAPTOP-AND-MONITOR.jpg","width":2000,"height":2000},{"@type":"BreadcrumbList","@id":"https:\/\/giftronic04.com\/index.php\/product\/giftronic04-com-tecnologia-hp-nvidia-2\/#breadcrumb","itemListElement":[{"@type":"ListItem","position":1,"name":"Portada","item":"https:\/\/giftronic04.com\/"},{"@type":"ListItem","position":2,"name":"Tienda","item":"https:\/\/giftronic04.com\/index.php\/shop\/"},{"@type":"ListItem","position":3,"name":"COMBO MONITOR &#038; PORTATIL VICTUS HP 15-fb2025la FHD AMD R5-8645HS RAM 32GB 512GB SSD NVIDIA RTX\u21222050"}]},{"@type":"WebSite","@id":"https:\/\/giftronic04.com\/#website","url":"https:\/\/giftronic04.com\/","name":"Giftronic.04","description":"Venta de equipos tecnologicos","publisher":{"@id":"https:\/\/giftronic04.com\/#organization"},"potentialAction":[{"@type":"SearchAction","target":{"@type":"EntryPoint","urlTemplate":"https:\/\/giftronic04.com\/?s={search_term_string}"},"query-input":{"@type":"PropertyValueSpecification","valueRequired":true,"valueName":"search_term_string"}}],"inLanguage":"es"},{"@type":"Organization","@id":"https:\/\/giftronic04.com\/#organization","name":"giftronic04","url":"https:\/\/giftronic04.com\/","logo":{"@type":"ImageObject","inLanguage":"es","@id":"https:\/\/giftronic04.com\/#\/schema\/logo\/image\/","url":"https:\/\/giftronic04.com\/wp-content\/uploads\/2021\/08\/logo.png","contentUrl":"https:\/\/giftronic04.com\/wp-content\/uploads\/2021\/08\/logo.png","width":6640,"height":2192,"caption":"giftronic04"},"image":{"@id":"https:\/\/giftronic04.com\/#\/schema\/logo\/image\/"},"sameAs":["https:\/\/www.instagram.com\/giftronic.04\/"]}]}},"jetpack_sharing_enabled":true,"_links":{"self":[{"href":"https:\/\/giftronic04.com\/index.php\/wp-json\/wp\/v2\/product\/9179","targetHints":{"allow":["GET"]}}],"collection":[{"href":"https:\/\/giftronic04.com\/index.php\/wp-json\/wp\/v2\/product"}],"about":[{"href":"https:\/\/giftronic04.com\/index.php\/wp-json\/wp\/v2\/types\/product"}],"replies":[{"embeddable":true,"href":"https:\/\/giftronic04.com\/index.php\/wp-json\/wp\/v2\/comments?post=9179"}],"wp:featuredmedia":[{"embeddable":true,"href":"https:\/\/giftronic04.com\/index.php\/wp-json\/wp\/v2\/media\/9170"}],"wp:attachment":[{"href":"https:\/\/giftronic04.com\/index.php\/wp-json\/wp\/v2\/media?parent=9179"}],"wp:term":[{"taxonomy":"product_brand","embeddable":true,"href":"https:\/\/giftronic04.com\/index.php\/wp-json\/wp\/v2\/product_brand?post=9179"},{"taxonomy":"product_cat","embeddable":true,"href":"https:\/\/giftronic04.com\/index.php\/wp-json\/wp\/v2\/product_cat?post=9179"},{"taxonomy":"product_tag","embeddable":true,"href":"https:\/\/giftronic04.com\/index.php\/wp-json\/wp\/v2\/product_tag?post=9179"}],"curies":[{"name":"wp","href":"https:\/\/api.w.org\/{rel}","templated":true}]}}