{"id":9237,"date":"2025-08-25T11:09:51","date_gmt":"2025-08-25T16:09:51","guid":{"rendered":"https:\/\/giftronic04.com\/?post_type=product&#038;p=9237"},"modified":"2025-09-29T11:49:53","modified_gmt":"2025-09-29T16:49:53","slug":"televisor-samsung-43-4k-uhd-crystal-smart-tv-un43u8000fk","status":"publish","type":"product","link":"https:\/\/giftronic04.com\/index.php\/product\/televisor-samsung-43-4k-uhd-crystal-smart-tv-un43u8000fk\/","title":{"rendered":"Televisor Samsung 43&#8242; 4K UHD Crystal Smart Tv | UN43U8000FK"},"content":{"rendered":"<h2>Caracter\u00edsticas destacadas del Televisor Samsung UN43U8000FK<\/h2>\n<p>&nbsp;<\/p>\n<p>Este televisor Samsung UN43U8000FK es un modelo <b>LED de 43 pulgadas<\/b> con <b>resoluci\u00f3n 4K<\/b>. Ideal para disfrutar de contenido multimedia, juegos y transmisiones digitales.<\/p>\n<p>&nbsp;<\/p>\n<h3>Especificaciones t\u00e9cnicas<\/h3>\n<p>&nbsp;<\/p>\n<ul>\n<li><b>Pantalla:<\/b> 43 pulgadas, LED, con una tasa de refresco de 60Hz.<\/li>\n<li><b>Resoluci\u00f3n:<\/b> 4K Ultra HD (3,840 x 2,160).<\/li>\n<li><b>Conectividad:<\/b>\n<ul>\n<li>3 puertos HDMI (con soporte para 4K a 60Hz y eARC\/ARC).<\/li>\n<li>1 puerto USB-A.<\/li>\n<li>Wi-Fi 5 y Bluetooth 5.3.<\/li>\n<li>Puerto Ethernet (LAN).<\/li>\n<\/ul>\n<\/li>\n<li><b>Video:<\/b>\n<ul>\n<li>Motor de im\u00e1genes: Crystal Processor 4K.<\/li>\n<li>Soporte para HDR y HDR 10+.<\/li>\n<li>Tecnolog\u00eda de movimiento: Motion Xcelerator.<\/li>\n<li>Escalamiento de imagen a 4K con IA.<\/li>\n<\/ul>\n<\/li>\n<li><b>Audio:<\/b>\n<ul>\n<li>Salida de 20W con 2 canales.<\/li>\n<li>Sonido 3D con OTS Lite.<\/li>\n<li>Sonido adaptable y Modo Sinfon\u00eda.<\/li>\n<\/ul>\n<\/li>\n<li><b>Sistema operativo:<\/b> Tizen\u2122 Smart TV.<\/li>\n<li><b>Funciones inteligentes:<\/b>\n<ul>\n<li>SmartThings Hub para control de dispositivos.<\/li>\n<li>Modo autom\u00e1tico de juego.<\/li>\n<\/ul>\n<\/li>\n<li><b>Sintonizador:<\/b> Digital DVB-T2.<\/li>\n<\/ul>\n<hr \/>\n<p>&nbsp;<\/p>\n<h3>Recomendaciones importantes<\/h3>\n<p>&nbsp;<\/p>\n<p>Antes de realizar la compra, ten en cuenta las siguientes recomendaciones:<\/p>\n<ul>\n<li><b>Garant\u00eda:<\/b> Un (1) a\u00f1o de garant\u00eda por defectos de fabricaci\u00f3n, directamente con la marca. Para hacerla efectiva, es indispensable <b>conservar los empaques y accesorios originales<\/b>.<\/li>\n<li><b>Exclusiones de garant\u00eda:<\/b> La garant\u00eda no cubre da\u00f1os causados por golpes, derrames, uso indebido o manipulaci\u00f3n no autorizada del equipo.<\/li>\n<li><b>Facturaci\u00f3n:<\/b> La factura es legal y electr\u00f3nica. Aseg\u00farate de que los <b>datos de facturaci\u00f3n sean correctos<\/b> al momento de la compra, ya que una vez emitida, no se pueden realizar modificaciones.<\/li>\n<li><b>Im\u00e1genes del producto:<\/b> Las fotograf\u00edas son representaciones aproximadas. El producto f\u00edsico puede tener variaciones en su apariencia.<\/li>\n<\/ul>\n","protected":false},"excerpt":{"rendered":"[video width=\"1920\" height=\"1080\" mp4=\"https:\/\/giftronic04.com\/wp-content\/uploads\/2025\/08\/FHD-WEB-1.mp4\"][\/video]\n","protected":false},"featured_media":9238,"comment_status":"open","ping_status":"closed","template":"","meta":{"_surecart_dashboard_logo_width":"180px","_surecart_dashboard_show_logo":true,"_surecart_dashboard_navigation_orders":true,"_surecart_dashboard_navigation_invoices":true,"_surecart_dashboard_navigation_subscriptions":true,"_surecart_dashboard_navigation_downloads":true,"_surecart_dashboard_navigation_billing":true,"_surecart_dashboard_navigation_account":true,"site-sidebar-layout":"default","site-content-layout":"","ast-site-content-layout":"default","site-content-style":"default","site-sidebar-style":"default","ast-global-header-display":"","ast-banner-title-visibility":"","ast-main-header-display":"","ast-hfb-above-header-display":"","ast-hfb-below-header-display":"","ast-hfb-mobile-header-display":"","site-post-title":"","ast-breadcrumbs-content":"","ast-featured-img":"","footer-sml-layout":"","ast-disable-related-posts":"","theme-transparent-header-meta":"","adv-header-id-meta":"","stick-header-meta":"","header-above-stick-meta":"","header-main-stick-meta":"","header-below-stick-meta":"","astra-migrate-meta-layouts":"default","ast-page-background-enabled":"default","ast-page-background-meta":{"desktop":{"background-color":"var(--ast-global-color-4)","background-image":"","background-repeat":"repeat","background-position":"center center","background-size":"auto","background-attachment":"scroll","background-type":"","background-media":"","overlay-type":"","overlay-color":"","overlay-opacity":"","overlay-gradient":""},"tablet":{"background-color":"","background-image":"","background-repeat":"repeat","background-position":"center center","background-size":"auto","background-attachment":"scroll","background-type":"","background-media":"","overlay-type":"","overlay-color":"","overlay-opacity":"","overlay-gradient":""},"mobile":{"background-color":"","background-image":"","background-repeat":"repeat","background-position":"center center","background-size":"auto","background-attachment":"scroll","background-type":"","background-media":"","overlay-type":"","overlay-color":"","overlay-opacity":"","overlay-gradient":""}},"ast-content-background-meta":{"desktop":{"background-color":"var(--ast-global-color-5)","background-image":"","background-repeat":"repeat","background-position":"center center","background-size":"auto","background-attachment":"scroll","background-type":"","background-media":"","overlay-type":"","overlay-color":"","overlay-opacity":"","overlay-gradient":""},"tablet":{"background-color":"var(--ast-global-color-5)","background-image":"","background-repeat":"repeat","background-position":"center center","background-size":"auto","background-attachment":"scroll","background-type":"","background-media":"","overlay-type":"","overlay-color":"","overlay-opacity":"","overlay-gradient":""},"mobile":{"background-color":"var(--ast-global-color-5)","background-image":"","background-repeat":"repeat","background-position":"center center","background-size":"auto","background-attachment":"scroll","background-type":"","background-media":"","overlay-type":"","overlay-color":"","overlay-opacity":"","overlay-gradient":""}}},"product_brand":[],"product_cat":[86],"product_tag":[],"class_list":{"0":"post-9237","1":"product","2":"type-product","3":"status-publish","4":"has-post-thumbnail","6":"product_cat-tv","7":"desktop-align-left","8":"tablet-align-left","9":"mobile-align-left","11":"first","12":"instock","13":"sale","14":"taxable","15":"shipping-taxable","16":"purchasable","17":"product-type-simple"},"yoast_head":"<!-- This site is optimized with the Yoast SEO plugin v27.5 - https:\/\/yoast.com\/product\/yoast-seo-wordpress\/ -->\n<title>Televisor Samsung 43&quot; 4K UHD Crystal Smart TV | UN43U8000FK.<\/title>\n<meta name=\"description\" content=\"Disfruta de la calidad de imagen en el Televisor Samsung 43&quot; 4K con tecnolog\u00eda Crystal Processor que te ofrece colores vibrantes y fluidez. \u00a1C\u00f3mpralo ahora!\" \/>\n<meta name=\"robots\" content=\"index, follow, max-snippet:-1, max-image-preview:large, max-video-preview:-1\" \/>\n<link rel=\"canonical\" href=\"https:\/\/giftronic04.com\/index.php\/product\/televisor-samsung-43-4k-uhd-crystal-smart-tv-un43u8000fk\/\" \/>\n<meta property=\"og:locale\" content=\"es_ES\" \/>\n<meta property=\"og:type\" content=\"article\" \/>\n<meta property=\"og:title\" content=\"Televisor Samsung 43&quot; 4K UHD Crystal Smart TV | UN43U8000FK.\" \/>\n<meta property=\"og:description\" content=\"Disfruta de la calidad de imagen en el Televisor Samsung 43&quot; 4K con tecnolog\u00eda Crystal Processor que te ofrece colores vibrantes y fluidez. \u00a1C\u00f3mpralo ahora!\" \/>\n<meta property=\"og:url\" content=\"https:\/\/giftronic04.com\/index.php\/product\/televisor-samsung-43-4k-uhd-crystal-smart-tv-un43u8000fk\/\" \/>\n<meta property=\"og:site_name\" content=\"Giftronic.04\" \/>\n<meta property=\"article:modified_time\" content=\"2025-09-29T16:49:53+00:00\" \/>\n<meta property=\"og:image\" content=\"https:\/\/giftronic04.com\/wp-content\/uploads\/2025\/08\/1-2.jpg\" \/>\n\t<meta property=\"og:image:width\" content=\"2000\" \/>\n\t<meta property=\"og:image:height\" content=\"2000\" \/>\n\t<meta property=\"og:image:type\" content=\"image\/jpeg\" \/>\n<meta name=\"twitter:card\" content=\"summary_large_image\" \/>\n<meta name=\"twitter:label1\" content=\"Tiempo de lectura\" \/>\n\t<meta name=\"twitter:data1\" content=\"2 minutos\" \/>\n<script type=\"application\/ld+json\" class=\"yoast-schema-graph\">{\"@context\":\"https:\\\/\\\/schema.org\",\"@graph\":[{\"@type\":\"WebPage\",\"@id\":\"https:\\\/\\\/giftronic04.com\\\/index.php\\\/product\\\/televisor-samsung-43-4k-uhd-crystal-smart-tv-un43u8000fk\\\/\",\"url\":\"https:\\\/\\\/giftronic04.com\\\/index.php\\\/product\\\/televisor-samsung-43-4k-uhd-crystal-smart-tv-un43u8000fk\\\/\",\"name\":\"Televisor Samsung 43\\\" 4K UHD Crystal Smart TV | UN43U8000FK.\",\"isPartOf\":{\"@id\":\"https:\\\/\\\/giftronic04.com\\\/#website\"},\"primaryImageOfPage\":{\"@id\":\"https:\\\/\\\/giftronic04.com\\\/index.php\\\/product\\\/televisor-samsung-43-4k-uhd-crystal-smart-tv-un43u8000fk\\\/#primaryimage\"},\"image\":{\"@id\":\"https:\\\/\\\/giftronic04.com\\\/index.php\\\/product\\\/televisor-samsung-43-4k-uhd-crystal-smart-tv-un43u8000fk\\\/#primaryimage\"},\"thumbnailUrl\":\"https:\\\/\\\/giftronic04.com\\\/wp-content\\\/uploads\\\/2025\\\/08\\\/1-2.jpg\",\"datePublished\":\"2025-08-25T16:09:51+00:00\",\"dateModified\":\"2025-09-29T16:49:53+00:00\",\"description\":\"Disfruta de la calidad de imagen en el Televisor Samsung 43\\\" 4K con tecnolog\u00eda Crystal Processor que te ofrece colores vibrantes y fluidez. \u00a1C\u00f3mpralo ahora!\",\"breadcrumb\":{\"@id\":\"https:\\\/\\\/giftronic04.com\\\/index.php\\\/product\\\/televisor-samsung-43-4k-uhd-crystal-smart-tv-un43u8000fk\\\/#breadcrumb\"},\"inLanguage\":\"es\",\"potentialAction\":[{\"@type\":\"ReadAction\",\"target\":[\"https:\\\/\\\/giftronic04.com\\\/index.php\\\/product\\\/televisor-samsung-43-4k-uhd-crystal-smart-tv-un43u8000fk\\\/\"]}]},{\"@type\":\"ImageObject\",\"inLanguage\":\"es\",\"@id\":\"https:\\\/\\\/giftronic04.com\\\/index.php\\\/product\\\/televisor-samsung-43-4k-uhd-crystal-smart-tv-un43u8000fk\\\/#primaryimage\",\"url\":\"https:\\\/\\\/giftronic04.com\\\/wp-content\\\/uploads\\\/2025\\\/08\\\/1-2.jpg\",\"contentUrl\":\"https:\\\/\\\/giftronic04.com\\\/wp-content\\\/uploads\\\/2025\\\/08\\\/1-2.jpg\",\"width\":2000,\"height\":2000},{\"@type\":\"BreadcrumbList\",\"@id\":\"https:\\\/\\\/giftronic04.com\\\/index.php\\\/product\\\/televisor-samsung-43-4k-uhd-crystal-smart-tv-un43u8000fk\\\/#breadcrumb\",\"itemListElement\":[{\"@type\":\"ListItem\",\"position\":1,\"name\":\"Portada\",\"item\":\"https:\\\/\\\/giftronic04.com\\\/\"},{\"@type\":\"ListItem\",\"position\":2,\"name\":\"Tienda\",\"item\":\"https:\\\/\\\/giftronic04.com\\\/index.php\\\/shop\\\/\"},{\"@type\":\"ListItem\",\"position\":3,\"name\":\"Televisor Samsung 43&#8242; 4K UHD Crystal Smart Tv | UN43U8000FK\"}]},{\"@type\":\"WebSite\",\"@id\":\"https:\\\/\\\/giftronic04.com\\\/#website\",\"url\":\"https:\\\/\\\/giftronic04.com\\\/\",\"name\":\"Giftronic.04\",\"description\":\"Venta de equipos tecnologicos\",\"publisher\":{\"@id\":\"https:\\\/\\\/giftronic04.com\\\/#organization\"},\"potentialAction\":[{\"@type\":\"SearchAction\",\"target\":{\"@type\":\"EntryPoint\",\"urlTemplate\":\"https:\\\/\\\/giftronic04.com\\\/?s={search_term_string}\"},\"query-input\":{\"@type\":\"PropertyValueSpecification\",\"valueRequired\":true,\"valueName\":\"search_term_string\"}}],\"inLanguage\":\"es\"},{\"@type\":\"Organization\",\"@id\":\"https:\\\/\\\/giftronic04.com\\\/#organization\",\"name\":\"giftronic04\",\"url\":\"https:\\\/\\\/giftronic04.com\\\/\",\"logo\":{\"@type\":\"ImageObject\",\"inLanguage\":\"es\",\"@id\":\"https:\\\/\\\/giftronic04.com\\\/#\\\/schema\\\/logo\\\/image\\\/\",\"url\":\"https:\\\/\\\/giftronic04.com\\\/wp-content\\\/uploads\\\/2021\\\/08\\\/logo.png\",\"contentUrl\":\"https:\\\/\\\/giftronic04.com\\\/wp-content\\\/uploads\\\/2021\\\/08\\\/logo.png\",\"width\":6640,\"height\":2192,\"caption\":\"giftronic04\"},\"image\":{\"@id\":\"https:\\\/\\\/giftronic04.com\\\/#\\\/schema\\\/logo\\\/image\\\/\"},\"sameAs\":[\"https:\\\/\\\/www.instagram.com\\\/giftronic.04\\\/\"]}]}<\/script>\n<!-- \/ Yoast SEO plugin. -->","yoast_head_json":{"title":"Televisor Samsung 43\" 4K UHD Crystal Smart TV | UN43U8000FK.","description":"Disfruta de la calidad de imagen en el Televisor Samsung 43\" 4K con tecnolog\u00eda Crystal Processor que te ofrece colores vibrantes y fluidez. \u00a1C\u00f3mpralo ahora!","robots":{"index":"index","follow":"follow","max-snippet":"max-snippet:-1","max-image-preview":"max-image-preview:large","max-video-preview":"max-video-preview:-1"},"canonical":"https:\/\/giftronic04.com\/index.php\/product\/televisor-samsung-43-4k-uhd-crystal-smart-tv-un43u8000fk\/","og_locale":"es_ES","og_type":"article","og_title":"Televisor Samsung 43\" 4K UHD Crystal Smart TV | UN43U8000FK.","og_description":"Disfruta de la calidad de imagen en el Televisor Samsung 43\" 4K con tecnolog\u00eda Crystal Processor que te ofrece colores vibrantes y fluidez. \u00a1C\u00f3mpralo ahora!","og_url":"https:\/\/giftronic04.com\/index.php\/product\/televisor-samsung-43-4k-uhd-crystal-smart-tv-un43u8000fk\/","og_site_name":"Giftronic.04","article_modified_time":"2025-09-29T16:49:53+00:00","og_image":[{"width":2000,"height":2000,"url":"https:\/\/giftronic04.com\/wp-content\/uploads\/2025\/08\/1-2.jpg","type":"image\/jpeg"}],"twitter_card":"summary_large_image","twitter_misc":{"Tiempo de lectura":"2 minutos"},"schema":{"@context":"https:\/\/schema.org","@graph":[{"@type":"WebPage","@id":"https:\/\/giftronic04.com\/index.php\/product\/televisor-samsung-43-4k-uhd-crystal-smart-tv-un43u8000fk\/","url":"https:\/\/giftronic04.com\/index.php\/product\/televisor-samsung-43-4k-uhd-crystal-smart-tv-un43u8000fk\/","name":"Televisor Samsung 43\" 4K UHD Crystal Smart TV | UN43U8000FK.","isPartOf":{"@id":"https:\/\/giftronic04.com\/#website"},"primaryImageOfPage":{"@id":"https:\/\/giftronic04.com\/index.php\/product\/televisor-samsung-43-4k-uhd-crystal-smart-tv-un43u8000fk\/#primaryimage"},"image":{"@id":"https:\/\/giftronic04.com\/index.php\/product\/televisor-samsung-43-4k-uhd-crystal-smart-tv-un43u8000fk\/#primaryimage"},"thumbnailUrl":"https:\/\/giftronic04.com\/wp-content\/uploads\/2025\/08\/1-2.jpg","datePublished":"2025-08-25T16:09:51+00:00","dateModified":"2025-09-29T16:49:53+00:00","description":"Disfruta de la calidad de imagen en el Televisor Samsung 43\" 4K con tecnolog\u00eda Crystal Processor que te ofrece colores vibrantes y fluidez. \u00a1C\u00f3mpralo ahora!","breadcrumb":{"@id":"https:\/\/giftronic04.com\/index.php\/product\/televisor-samsung-43-4k-uhd-crystal-smart-tv-un43u8000fk\/#breadcrumb"},"inLanguage":"es","potentialAction":[{"@type":"ReadAction","target":["https:\/\/giftronic04.com\/index.php\/product\/televisor-samsung-43-4k-uhd-crystal-smart-tv-un43u8000fk\/"]}]},{"@type":"ImageObject","inLanguage":"es","@id":"https:\/\/giftronic04.com\/index.php\/product\/televisor-samsung-43-4k-uhd-crystal-smart-tv-un43u8000fk\/#primaryimage","url":"https:\/\/giftronic04.com\/wp-content\/uploads\/2025\/08\/1-2.jpg","contentUrl":"https:\/\/giftronic04.com\/wp-content\/uploads\/2025\/08\/1-2.jpg","width":2000,"height":2000},{"@type":"BreadcrumbList","@id":"https:\/\/giftronic04.com\/index.php\/product\/televisor-samsung-43-4k-uhd-crystal-smart-tv-un43u8000fk\/#breadcrumb","itemListElement":[{"@type":"ListItem","position":1,"name":"Portada","item":"https:\/\/giftronic04.com\/"},{"@type":"ListItem","position":2,"name":"Tienda","item":"https:\/\/giftronic04.com\/index.php\/shop\/"},{"@type":"ListItem","position":3,"name":"Televisor Samsung 43&#8242; 4K UHD Crystal Smart Tv | UN43U8000FK"}]},{"@type":"WebSite","@id":"https:\/\/giftronic04.com\/#website","url":"https:\/\/giftronic04.com\/","name":"Giftronic.04","description":"Venta de equipos tecnologicos","publisher":{"@id":"https:\/\/giftronic04.com\/#organization"},"potentialAction":[{"@type":"SearchAction","target":{"@type":"EntryPoint","urlTemplate":"https:\/\/giftronic04.com\/?s={search_term_string}"},"query-input":{"@type":"PropertyValueSpecification","valueRequired":true,"valueName":"search_term_string"}}],"inLanguage":"es"},{"@type":"Organization","@id":"https:\/\/giftronic04.com\/#organization","name":"giftronic04","url":"https:\/\/giftronic04.com\/","logo":{"@type":"ImageObject","inLanguage":"es","@id":"https:\/\/giftronic04.com\/#\/schema\/logo\/image\/","url":"https:\/\/giftronic04.com\/wp-content\/uploads\/2021\/08\/logo.png","contentUrl":"https:\/\/giftronic04.com\/wp-content\/uploads\/2021\/08\/logo.png","width":6640,"height":2192,"caption":"giftronic04"},"image":{"@id":"https:\/\/giftronic04.com\/#\/schema\/logo\/image\/"},"sameAs":["https:\/\/www.instagram.com\/giftronic.04\/"]}]}},"jetpack_sharing_enabled":true,"_links":{"self":[{"href":"https:\/\/giftronic04.com\/index.php\/wp-json\/wp\/v2\/product\/9237","targetHints":{"allow":["GET"]}}],"collection":[{"href":"https:\/\/giftronic04.com\/index.php\/wp-json\/wp\/v2\/product"}],"about":[{"href":"https:\/\/giftronic04.com\/index.php\/wp-json\/wp\/v2\/types\/product"}],"replies":[{"embeddable":true,"href":"https:\/\/giftronic04.com\/index.php\/wp-json\/wp\/v2\/comments?post=9237"}],"wp:featuredmedia":[{"embeddable":true,"href":"https:\/\/giftronic04.com\/index.php\/wp-json\/wp\/v2\/media\/9238"}],"wp:attachment":[{"href":"https:\/\/giftronic04.com\/index.php\/wp-json\/wp\/v2\/media?parent=9237"}],"wp:term":[{"taxonomy":"product_brand","embeddable":true,"href":"https:\/\/giftronic04.com\/index.php\/wp-json\/wp\/v2\/product_brand?post=9237"},{"taxonomy":"product_cat","embeddable":true,"href":"https:\/\/giftronic04.com\/index.php\/wp-json\/wp\/v2\/product_cat?post=9237"},{"taxonomy":"product_tag","embeddable":true,"href":"https:\/\/giftronic04.com\/index.php\/wp-json\/wp\/v2\/product_tag?post=9237"}],"curies":[{"name":"wp","href":"https:\/\/api.w.org\/{rel}","templated":true}]}}