{"id":9257,"date":"2025-08-29T11:16:00","date_gmt":"2025-08-29T16:16:00","guid":{"rendered":"https:\/\/giftronic04.com\/?post_type=product&#038;p=9257"},"modified":"2026-02-19T17:53:13","modified_gmt":"2026-02-19T22:53:13","slug":"combo-monitor-portatil-acer-predator-intel-i9-14900hx-16gb-ram-1tb-ssd-nvidia-rtx-4060-8gb","status":"publish","type":"product","link":"https:\/\/giftronic04.com\/index.php\/product\/combo-monitor-portatil-acer-predator-intel-i9-14900hx-16gb-ram-1tb-ssd-nvidia-rtx-4060-8gb\/","title":{"rendered":"Combo Monitor &#038; Port\u00e1til: Acer Predator Intel i9-14900HX, 16GB RAM, 1TB SSD, NVIDIA RTX 4060 8GB"},"content":{"rendered":"<div class=\"avatar-container ng-tns-c3277165022-27 ng-trigger ng-trigger-scaleDown\"><\/div>\n<div class=\"avatar_spinner_animation ng-tns-c3277165022-27 ng-star-inserted\">\n<h2><b>Combo Gaming: Port\u00e1til y Monitor Acer Predator Helios Neo 16<\/b><\/h2>\n<p>&nbsp;<\/p>\n<p>Eleva tu experiencia de juego con el <b>Combo Gaming Acer Predator Helios Neo 16<\/b>, dise\u00f1ado para los jugadores m\u00e1s exigentes. Este potente equipo te ofrece un rendimiento superior con su procesador de \u00faltima generaci\u00f3n, gr\u00e1ficos impresionantes y una pantalla ultrarr\u00e1pida, ideal para dominar cualquier partida.<\/p>\n<p>&nbsp;<\/p>\n<h3><b>Caracter\u00edsticas T\u00e9cnicas Destacadas<\/b><\/h3>\n<p>&nbsp;<\/p>\n<ul>\n<li><b>Monitor:<\/b> ACER FHD de 27 pulgadas, 1 ms (K273 Ebi).<\/li>\n<li><b>Port\u00e1til:<\/b> Acer Predator Helios Neo 16, ideal para gaming.<\/li>\n<li><b>Pantalla:<\/b> 16 pulgadas WQXGA IPS, con tasa de refresco de 165Hz.<\/li>\n<li><b>Procesador:<\/b> Intel\u00ae Core\u2122 i9-14900HX (hasta 5,80 GHz).<\/li>\n<li><b>Tarjeta Gr\u00e1fica:<\/b> NVIDIA\u00ae GeForce RTX\u2122 4060 con 8GB GDDR6.<\/li>\n<li><b>Memoria RAM:<\/b> 16GB DDR5-5600MHz para un rendimiento fluido.<\/li>\n<li><b>Almacenamiento:<\/b> SSD M.2 NVMe\u00ae de 1TB, ultrarr\u00e1pido.<\/li>\n<li><b>Sistema Operativo:<\/b> Windows 11 Home.<\/li>\n<li><b>Peso:<\/b> 2,9 Kg.<\/li>\n<li><b>Conectividad:<\/b> Wi-Fi\u00ae, Bluetooth, puertos USB, USB-C, HDMI y Ethernet.<\/li>\n<\/ul>\n<hr \/>\n<p>&nbsp;<\/p>\n<h3><b>Resumen del Producto<\/b><\/h3>\n<p>&nbsp;<\/p>\n<p>D\u00e9jate cautivar por el <b>Predator Helios Neo 16<\/b>, uno de los port\u00e1tiles gamer m\u00e1s potentes del mercado. Equipado con una tecnolog\u00eda de refrigeraci\u00f3n superior y la tarjeta <b>RTX 4060<\/b>, experimentar\u00e1s gr\u00e1ficos detallados y fluidos como nunca antes. Ejecuta m\u00faltiples tareas sin problemas, incluso con procesos en segundo plano, y disfruta de un rendimiento optimizado que te convertir\u00e1 en el jugador m\u00e1s pro de tu equipo.<\/p>\n<hr \/>\n<p>&nbsp;<\/p>\n<h3><b>Importante: Recomendaciones y Garant\u00eda<\/b><\/h3>\n<p>&nbsp;<\/p>\n<ul>\n<li><b>Garant\u00eda:<\/b> 1 a\u00f1o por defectos de fabricaci\u00f3n, directamente con la marca (conservando los empaques originales).<\/li>\n<li><b>La garant\u00eda no cubre:<\/b> Da\u00f1os por manipulaci\u00f3n no autorizada, golpes, derrames o mal uso del equipo.<\/li>\n<li><b>Devoluciones:<\/b> Para cualquier proceso de garant\u00eda, debes entregar el producto con los empaques y accesorios <b>originales<\/b>.<\/li>\n<li><b>Factura:<\/b> La factura legal de venta no admite modificaciones ni cambios de datos una vez emitida. Aseg\u00farate de que tus datos de facturaci\u00f3n sean correctos.<\/li>\n<\/ul>\n<\/div>\n","protected":false},"excerpt":{"rendered":"[video width=\"1920\" height=\"1080\" mp4=\"https:\/\/giftronic04.com\/wp-content\/uploads\/2025\/08\/LOW.mp4\"][\/video]\n","protected":false},"featured_media":9258,"comment_status":"open","ping_status":"closed","template":"","meta":{"_surecart_dashboard_logo_width":"180px","_surecart_dashboard_show_logo":true,"_surecart_dashboard_navigation_orders":true,"_surecart_dashboard_navigation_invoices":true,"_surecart_dashboard_navigation_subscriptions":true,"_surecart_dashboard_navigation_downloads":true,"_surecart_dashboard_navigation_billing":true,"_surecart_dashboard_navigation_account":true,"site-sidebar-layout":"default","site-content-layout":"","ast-site-content-layout":"default","site-content-style":"default","site-sidebar-style":"default","ast-global-header-display":"","ast-banner-title-visibility":"","ast-main-header-display":"","ast-hfb-above-header-display":"","ast-hfb-below-header-display":"","ast-hfb-mobile-header-display":"","site-post-title":"","ast-breadcrumbs-content":"","ast-featured-img":"","footer-sml-layout":"","ast-disable-related-posts":"","theme-transparent-header-meta":"","adv-header-id-meta":"","stick-header-meta":"","header-above-stick-meta":"","header-main-stick-meta":"","header-below-stick-meta":"","astra-migrate-meta-layouts":"default","ast-page-background-enabled":"default","ast-page-background-meta":{"desktop":{"background-color":"var(--ast-global-color-4)","background-image":"","background-repeat":"repeat","background-position":"center center","background-size":"auto","background-attachment":"scroll","background-type":"","background-media":"","overlay-type":"","overlay-color":"","overlay-opacity":"","overlay-gradient":""},"tablet":{"background-color":"","background-image":"","background-repeat":"repeat","background-position":"center center","background-size":"auto","background-attachment":"scroll","background-type":"","background-media":"","overlay-type":"","overlay-color":"","overlay-opacity":"","overlay-gradient":""},"mobile":{"background-color":"","background-image":"","background-repeat":"repeat","background-position":"center center","background-size":"auto","background-attachment":"scroll","background-type":"","background-media":"","overlay-type":"","overlay-color":"","overlay-opacity":"","overlay-gradient":""}},"ast-content-background-meta":{"desktop":{"background-color":"var(--ast-global-color-5)","background-image":"","background-repeat":"repeat","background-position":"center center","background-size":"auto","background-attachment":"scroll","background-type":"","background-media":"","overlay-type":"","overlay-color":"","overlay-opacity":"","overlay-gradient":""},"tablet":{"background-color":"var(--ast-global-color-5)","background-image":"","background-repeat":"repeat","background-position":"center center","background-size":"auto","background-attachment":"scroll","background-type":"","background-media":"","overlay-type":"","overlay-color":"","overlay-opacity":"","overlay-gradient":""},"mobile":{"background-color":"var(--ast-global-color-5)","background-image":"","background-repeat":"repeat","background-position":"center center","background-size":"auto","background-attachment":"scroll","background-type":"","background-media":"","overlay-type":"","overlay-color":"","overlay-opacity":"","overlay-gradient":""}}},"product_brand":[],"product_cat":[22,30],"product_tag":[],"class_list":{"0":"post-9257","1":"product","2":"type-product","3":"status-publish","4":"has-post-thumbnail","6":"product_cat-computacion","7":"product_cat-componentes-de-pc-portatiles","8":"desktop-align-left","9":"tablet-align-left","10":"mobile-align-left","12":"first","13":"outofstock","14":"sale","15":"taxable","16":"shipping-taxable","17":"purchasable","18":"product-type-simple"},"yoast_head":"<!-- This site is optimized with the Yoast SEO plugin v27.5 - https:\/\/yoast.com\/product\/yoast-seo-wordpress\/ -->\n<title>Combo Gaming Acer Predator Helios Neo 16 | i9-14900HX | RTX....<\/title>\n<meta name=\"description\" content=\"Potencia tu setup con el combo gaming Acer Predator. Incluye port\u00e1til con Intel Core i9-14900HX y NVIDIA RTX 4060, m\u00e1s un monitor Acer FHD de 27&quot;..........\" \/>\n<meta name=\"robots\" content=\"index, follow, max-snippet:-1, max-image-preview:large, max-video-preview:-1\" \/>\n<link rel=\"canonical\" href=\"https:\/\/giftronic04.com\/index.php\/product\/combo-monitor-portatil-acer-predator-intel-i9-14900hx-16gb-ram-1tb-ssd-nvidia-rtx-4060-8gb\/\" \/>\n<meta property=\"og:locale\" content=\"es_ES\" \/>\n<meta property=\"og:type\" content=\"article\" \/>\n<meta property=\"og:title\" content=\"Combo Gaming Acer Predator Helios Neo 16 | i9-14900HX | RTX....\" \/>\n<meta property=\"og:description\" content=\"Potencia tu setup con el combo gaming Acer Predator. Incluye port\u00e1til con Intel Core i9-14900HX y NVIDIA RTX 4060, m\u00e1s un monitor Acer FHD de 27&quot;..........\" \/>\n<meta property=\"og:url\" content=\"https:\/\/giftronic04.com\/index.php\/product\/combo-monitor-portatil-acer-predator-intel-i9-14900hx-16gb-ram-1tb-ssd-nvidia-rtx-4060-8gb\/\" \/>\n<meta property=\"og:site_name\" content=\"Giftronic.04\" \/>\n<meta property=\"article:modified_time\" content=\"2026-02-19T22:53:13+00:00\" \/>\n<meta property=\"og:image\" content=\"https:\/\/giftronic04.com\/wp-content\/uploads\/2025\/08\/1-3.jpg\" \/>\n\t<meta property=\"og:image:width\" content=\"2000\" \/>\n\t<meta property=\"og:image:height\" content=\"2000\" \/>\n\t<meta property=\"og:image:type\" content=\"image\/jpeg\" \/>\n<meta name=\"twitter:card\" content=\"summary_large_image\" \/>\n<meta name=\"twitter:label1\" content=\"Tiempo de lectura\" \/>\n\t<meta name=\"twitter:data1\" content=\"2 minutos\" \/>\n<script type=\"application\/ld+json\" class=\"yoast-schema-graph\">{\"@context\":\"https:\\\/\\\/schema.org\",\"@graph\":[{\"@type\":\"WebPage\",\"@id\":\"https:\\\/\\\/giftronic04.com\\\/index.php\\\/product\\\/combo-monitor-portatil-acer-predator-intel-i9-14900hx-16gb-ram-1tb-ssd-nvidia-rtx-4060-8gb\\\/\",\"url\":\"https:\\\/\\\/giftronic04.com\\\/index.php\\\/product\\\/combo-monitor-portatil-acer-predator-intel-i9-14900hx-16gb-ram-1tb-ssd-nvidia-rtx-4060-8gb\\\/\",\"name\":\"Combo Gaming Acer Predator Helios Neo 16 | i9-14900HX | RTX....\",\"isPartOf\":{\"@id\":\"https:\\\/\\\/giftronic04.com\\\/#website\"},\"primaryImageOfPage\":{\"@id\":\"https:\\\/\\\/giftronic04.com\\\/index.php\\\/product\\\/combo-monitor-portatil-acer-predator-intel-i9-14900hx-16gb-ram-1tb-ssd-nvidia-rtx-4060-8gb\\\/#primaryimage\"},\"image\":{\"@id\":\"https:\\\/\\\/giftronic04.com\\\/index.php\\\/product\\\/combo-monitor-portatil-acer-predator-intel-i9-14900hx-16gb-ram-1tb-ssd-nvidia-rtx-4060-8gb\\\/#primaryimage\"},\"thumbnailUrl\":\"https:\\\/\\\/giftronic04.com\\\/wp-content\\\/uploads\\\/2025\\\/08\\\/1-3.jpg\",\"datePublished\":\"2025-08-29T16:16:00+00:00\",\"dateModified\":\"2026-02-19T22:53:13+00:00\",\"description\":\"Potencia tu setup con el combo gaming Acer Predator. Incluye port\u00e1til con Intel Core i9-14900HX y NVIDIA RTX 4060, m\u00e1s un monitor Acer FHD de 27\\\"..........\",\"breadcrumb\":{\"@id\":\"https:\\\/\\\/giftronic04.com\\\/index.php\\\/product\\\/combo-monitor-portatil-acer-predator-intel-i9-14900hx-16gb-ram-1tb-ssd-nvidia-rtx-4060-8gb\\\/#breadcrumb\"},\"inLanguage\":\"es\",\"potentialAction\":[{\"@type\":\"ReadAction\",\"target\":[\"https:\\\/\\\/giftronic04.com\\\/index.php\\\/product\\\/combo-monitor-portatil-acer-predator-intel-i9-14900hx-16gb-ram-1tb-ssd-nvidia-rtx-4060-8gb\\\/\"]}]},{\"@type\":\"ImageObject\",\"inLanguage\":\"es\",\"@id\":\"https:\\\/\\\/giftronic04.com\\\/index.php\\\/product\\\/combo-monitor-portatil-acer-predator-intel-i9-14900hx-16gb-ram-1tb-ssd-nvidia-rtx-4060-8gb\\\/#primaryimage\",\"url\":\"https:\\\/\\\/giftronic04.com\\\/wp-content\\\/uploads\\\/2025\\\/08\\\/1-3.jpg\",\"contentUrl\":\"https:\\\/\\\/giftronic04.com\\\/wp-content\\\/uploads\\\/2025\\\/08\\\/1-3.jpg\",\"width\":2000,\"height\":2000},{\"@type\":\"BreadcrumbList\",\"@id\":\"https:\\\/\\\/giftronic04.com\\\/index.php\\\/product\\\/combo-monitor-portatil-acer-predator-intel-i9-14900hx-16gb-ram-1tb-ssd-nvidia-rtx-4060-8gb\\\/#breadcrumb\",\"itemListElement\":[{\"@type\":\"ListItem\",\"position\":1,\"name\":\"Portada\",\"item\":\"https:\\\/\\\/giftronic04.com\\\/\"},{\"@type\":\"ListItem\",\"position\":2,\"name\":\"Tienda\",\"item\":\"https:\\\/\\\/giftronic04.com\\\/index.php\\\/shop\\\/\"},{\"@type\":\"ListItem\",\"position\":3,\"name\":\"Combo Monitor &#038; Port\u00e1til: Acer Predator Intel i9-14900HX, 16GB RAM, 1TB SSD, NVIDIA RTX 4060 8GB\"}]},{\"@type\":\"WebSite\",\"@id\":\"https:\\\/\\\/giftronic04.com\\\/#website\",\"url\":\"https:\\\/\\\/giftronic04.com\\\/\",\"name\":\"Giftronic.04\",\"description\":\"Venta de equipos tecnologicos\",\"publisher\":{\"@id\":\"https:\\\/\\\/giftronic04.com\\\/#organization\"},\"potentialAction\":[{\"@type\":\"SearchAction\",\"target\":{\"@type\":\"EntryPoint\",\"urlTemplate\":\"https:\\\/\\\/giftronic04.com\\\/?s={search_term_string}\"},\"query-input\":{\"@type\":\"PropertyValueSpecification\",\"valueRequired\":true,\"valueName\":\"search_term_string\"}}],\"inLanguage\":\"es\"},{\"@type\":\"Organization\",\"@id\":\"https:\\\/\\\/giftronic04.com\\\/#organization\",\"name\":\"giftronic04\",\"url\":\"https:\\\/\\\/giftronic04.com\\\/\",\"logo\":{\"@type\":\"ImageObject\",\"inLanguage\":\"es\",\"@id\":\"https:\\\/\\\/giftronic04.com\\\/#\\\/schema\\\/logo\\\/image\\\/\",\"url\":\"https:\\\/\\\/giftronic04.com\\\/wp-content\\\/uploads\\\/2021\\\/08\\\/logo.png\",\"contentUrl\":\"https:\\\/\\\/giftronic04.com\\\/wp-content\\\/uploads\\\/2021\\\/08\\\/logo.png\",\"width\":6640,\"height\":2192,\"caption\":\"giftronic04\"},\"image\":{\"@id\":\"https:\\\/\\\/giftronic04.com\\\/#\\\/schema\\\/logo\\\/image\\\/\"},\"sameAs\":[\"https:\\\/\\\/www.instagram.com\\\/giftronic.04\\\/\"]}]}<\/script>\n<!-- \/ Yoast SEO plugin. -->","yoast_head_json":{"title":"Combo Gaming Acer Predator Helios Neo 16 | i9-14900HX | RTX....","description":"Potencia tu setup con el combo gaming Acer Predator. Incluye port\u00e1til con Intel Core i9-14900HX y NVIDIA RTX 4060, m\u00e1s un monitor Acer FHD de 27\"..........","robots":{"index":"index","follow":"follow","max-snippet":"max-snippet:-1","max-image-preview":"max-image-preview:large","max-video-preview":"max-video-preview:-1"},"canonical":"https:\/\/giftronic04.com\/index.php\/product\/combo-monitor-portatil-acer-predator-intel-i9-14900hx-16gb-ram-1tb-ssd-nvidia-rtx-4060-8gb\/","og_locale":"es_ES","og_type":"article","og_title":"Combo Gaming Acer Predator Helios Neo 16 | i9-14900HX | RTX....","og_description":"Potencia tu setup con el combo gaming Acer Predator. Incluye port\u00e1til con Intel Core i9-14900HX y NVIDIA RTX 4060, m\u00e1s un monitor Acer FHD de 27\"..........","og_url":"https:\/\/giftronic04.com\/index.php\/product\/combo-monitor-portatil-acer-predator-intel-i9-14900hx-16gb-ram-1tb-ssd-nvidia-rtx-4060-8gb\/","og_site_name":"Giftronic.04","article_modified_time":"2026-02-19T22:53:13+00:00","og_image":[{"width":2000,"height":2000,"url":"https:\/\/giftronic04.com\/wp-content\/uploads\/2025\/08\/1-3.jpg","type":"image\/jpeg"}],"twitter_card":"summary_large_image","twitter_misc":{"Tiempo de lectura":"2 minutos"},"schema":{"@context":"https:\/\/schema.org","@graph":[{"@type":"WebPage","@id":"https:\/\/giftronic04.com\/index.php\/product\/combo-monitor-portatil-acer-predator-intel-i9-14900hx-16gb-ram-1tb-ssd-nvidia-rtx-4060-8gb\/","url":"https:\/\/giftronic04.com\/index.php\/product\/combo-monitor-portatil-acer-predator-intel-i9-14900hx-16gb-ram-1tb-ssd-nvidia-rtx-4060-8gb\/","name":"Combo Gaming Acer Predator Helios Neo 16 | i9-14900HX | RTX....","isPartOf":{"@id":"https:\/\/giftronic04.com\/#website"},"primaryImageOfPage":{"@id":"https:\/\/giftronic04.com\/index.php\/product\/combo-monitor-portatil-acer-predator-intel-i9-14900hx-16gb-ram-1tb-ssd-nvidia-rtx-4060-8gb\/#primaryimage"},"image":{"@id":"https:\/\/giftronic04.com\/index.php\/product\/combo-monitor-portatil-acer-predator-intel-i9-14900hx-16gb-ram-1tb-ssd-nvidia-rtx-4060-8gb\/#primaryimage"},"thumbnailUrl":"https:\/\/giftronic04.com\/wp-content\/uploads\/2025\/08\/1-3.jpg","datePublished":"2025-08-29T16:16:00+00:00","dateModified":"2026-02-19T22:53:13+00:00","description":"Potencia tu setup con el combo gaming Acer Predator. Incluye port\u00e1til con Intel Core i9-14900HX y NVIDIA RTX 4060, m\u00e1s un monitor Acer FHD de 27\"..........","breadcrumb":{"@id":"https:\/\/giftronic04.com\/index.php\/product\/combo-monitor-portatil-acer-predator-intel-i9-14900hx-16gb-ram-1tb-ssd-nvidia-rtx-4060-8gb\/#breadcrumb"},"inLanguage":"es","potentialAction":[{"@type":"ReadAction","target":["https:\/\/giftronic04.com\/index.php\/product\/combo-monitor-portatil-acer-predator-intel-i9-14900hx-16gb-ram-1tb-ssd-nvidia-rtx-4060-8gb\/"]}]},{"@type":"ImageObject","inLanguage":"es","@id":"https:\/\/giftronic04.com\/index.php\/product\/combo-monitor-portatil-acer-predator-intel-i9-14900hx-16gb-ram-1tb-ssd-nvidia-rtx-4060-8gb\/#primaryimage","url":"https:\/\/giftronic04.com\/wp-content\/uploads\/2025\/08\/1-3.jpg","contentUrl":"https:\/\/giftronic04.com\/wp-content\/uploads\/2025\/08\/1-3.jpg","width":2000,"height":2000},{"@type":"BreadcrumbList","@id":"https:\/\/giftronic04.com\/index.php\/product\/combo-monitor-portatil-acer-predator-intel-i9-14900hx-16gb-ram-1tb-ssd-nvidia-rtx-4060-8gb\/#breadcrumb","itemListElement":[{"@type":"ListItem","position":1,"name":"Portada","item":"https:\/\/giftronic04.com\/"},{"@type":"ListItem","position":2,"name":"Tienda","item":"https:\/\/giftronic04.com\/index.php\/shop\/"},{"@type":"ListItem","position":3,"name":"Combo Monitor &#038; Port\u00e1til: Acer Predator Intel i9-14900HX, 16GB RAM, 1TB SSD, NVIDIA RTX 4060 8GB"}]},{"@type":"WebSite","@id":"https:\/\/giftronic04.com\/#website","url":"https:\/\/giftronic04.com\/","name":"Giftronic.04","description":"Venta de equipos tecnologicos","publisher":{"@id":"https:\/\/giftronic04.com\/#organization"},"potentialAction":[{"@type":"SearchAction","target":{"@type":"EntryPoint","urlTemplate":"https:\/\/giftronic04.com\/?s={search_term_string}"},"query-input":{"@type":"PropertyValueSpecification","valueRequired":true,"valueName":"search_term_string"}}],"inLanguage":"es"},{"@type":"Organization","@id":"https:\/\/giftronic04.com\/#organization","name":"giftronic04","url":"https:\/\/giftronic04.com\/","logo":{"@type":"ImageObject","inLanguage":"es","@id":"https:\/\/giftronic04.com\/#\/schema\/logo\/image\/","url":"https:\/\/giftronic04.com\/wp-content\/uploads\/2021\/08\/logo.png","contentUrl":"https:\/\/giftronic04.com\/wp-content\/uploads\/2021\/08\/logo.png","width":6640,"height":2192,"caption":"giftronic04"},"image":{"@id":"https:\/\/giftronic04.com\/#\/schema\/logo\/image\/"},"sameAs":["https:\/\/www.instagram.com\/giftronic.04\/"]}]}},"jetpack_sharing_enabled":true,"_links":{"self":[{"href":"https:\/\/giftronic04.com\/index.php\/wp-json\/wp\/v2\/product\/9257","targetHints":{"allow":["GET"]}}],"collection":[{"href":"https:\/\/giftronic04.com\/index.php\/wp-json\/wp\/v2\/product"}],"about":[{"href":"https:\/\/giftronic04.com\/index.php\/wp-json\/wp\/v2\/types\/product"}],"replies":[{"embeddable":true,"href":"https:\/\/giftronic04.com\/index.php\/wp-json\/wp\/v2\/comments?post=9257"}],"wp:featuredmedia":[{"embeddable":true,"href":"https:\/\/giftronic04.com\/index.php\/wp-json\/wp\/v2\/media\/9258"}],"wp:attachment":[{"href":"https:\/\/giftronic04.com\/index.php\/wp-json\/wp\/v2\/media?parent=9257"}],"wp:term":[{"taxonomy":"product_brand","embeddable":true,"href":"https:\/\/giftronic04.com\/index.php\/wp-json\/wp\/v2\/product_brand?post=9257"},{"taxonomy":"product_cat","embeddable":true,"href":"https:\/\/giftronic04.com\/index.php\/wp-json\/wp\/v2\/product_cat?post=9257"},{"taxonomy":"product_tag","embeddable":true,"href":"https:\/\/giftronic04.com\/index.php\/wp-json\/wp\/v2\/product_tag?post=9257"}],"curies":[{"name":"wp","href":"https:\/\/api.w.org\/{rel}","templated":true}]}}