{"id":9317,"date":"2025-09-10T18:23:20","date_gmt":"2025-09-10T23:23:20","guid":{"rendered":"https:\/\/giftronic04.com\/?post_type=product&#038;p=9317"},"modified":"2026-03-27T09:18:55","modified_gmt":"2026-03-27T14:18:55","slug":"computador-all-in-one-hp-22-dg0010la-i3-n300-8gb-ram-512gb-ssd-pantalla-full-hd","status":"publish","type":"product","link":"https:\/\/giftronic04.com\/index.php\/product\/computador-all-in-one-hp-22-dg0010la-i3-n300-8gb-ram-512gb-ssd-pantalla-full-hd\/","title":{"rendered":"Computador All-in-One HP 22-dg0010la i3-N300, 8GB Ram, 512GB SSD | Pantalla Full HD"},"content":{"rendered":"<h3><b>HP All-in-One 22-dg0010la: Caracter\u00edsticas y especificaciones<\/b><\/h3>\n<p>&nbsp;<\/p>\n<p>El HP All-in-One 22-dg0010la es una soluci\u00f3n completa y elegante para tu espacio. Este computador de escritorio todo en uno ofrece un rendimiento \u00e1gil para el d\u00eda a d\u00eda, con un dise\u00f1o moderno fabricado con pl\u00e1sticos reciclados.<\/p>\n<hr \/>\n<p>&nbsp;<\/p>\n<h3><b>Caracter\u00edsticas T\u00e9cnicas<\/b><\/h3>\n<p>&nbsp;<\/p>\n<ul>\n<li><b>Pantalla:<\/b> 21,5 pulgadas Full HD (1920&#215;1080) con 250 nits.<\/li>\n<li><b>Procesador:<\/b> Intel\u00ae Core\u2122 i3-N300 de 8 n\u00facleos (hasta 3,80 GHz).<\/li>\n<li><b>Memoria RAM:<\/b> 8 GB DDR5-4800MHz.<\/li>\n<li><b>Almacenamiento:<\/b> 512 GB SSD M.2 NVMe\u00ae.<\/li>\n<li><b>Sistema Operativo:<\/b> Windows 11 Home.<\/li>\n<li><b>Conectividad:<\/b> Wi-Fi\u00ae y Bluetooth.<\/li>\n<\/ul>\n<hr \/>\n<p>&nbsp;<\/p>\n<h3><b>Puertos y Conexiones<\/b><\/h3>\n<p>&nbsp;<\/p>\n<ul>\n<li>4 x puertos USB<\/li>\n<li>1 x HDMI\u00ae<\/li>\n<li>1 x Conector combinado de auriculares\/micr\u00f3fono (3,5 mm)<\/li>\n<li>1 x Puerto Ethernet (RJ-45)<\/li>\n<li>1 x Conector de alimentaci\u00f3n<\/li>\n<\/ul>\n<hr \/>\n<p>&nbsp;<\/p>\n<h3><b>Dise\u00f1o y Adicionales<\/b><\/h3>\n<p>&nbsp;<\/p>\n<ul>\n<li><b>Color:<\/b> Negro<\/li>\n<li><b>Peso:<\/b> 4,3 kg<\/li>\n<li><b>C\u00e1mara:<\/b> Webcam integrada para videollamadas seguras.<\/li>\n<li><b>Descripci\u00f3n:<\/b> Producto 100% nuevo y original, repotencializado en una de sus partes para mayor rendimiento.<\/li>\n<\/ul>\n<hr \/>\n<p>&nbsp;<\/p>\n<h3><b>T\u00e9rminos y Condiciones <\/b><\/h3>\n<ul>\n<li><b>Garant\u00eda:<\/b> 1 a\u00f1o por defectos de fabricaci\u00f3n, directamente con la marca HP. Es indispensable conservar los empaques y accesorios originales.<\/li>\n<li><b>Cobertura:<\/b> La garant\u00eda no cubre da\u00f1os por manipulaci\u00f3n no autorizada, golpes, derrames o mal uso del equipo.<\/li>\n<li><b>Facturaci\u00f3n:<\/b> Una vez emitida la factura electr\u00f3nica, no se pueden realizar modificaciones ni cambios de datos. Por favor, aseg\u00farate de que tus datos de facturaci\u00f3n sean correctos antes de confirmar la compra.<\/li>\n<\/ul>\n<p><b>Nota:<\/b> Las im\u00e1genes de esta publicaci\u00f3n son representaciones que pueden variar ligeramente del producto real debido a la resoluci\u00f3n y el dispositivo que se utilice para verlas. Se recomienda leer la descripci\u00f3n del producto detenidamente antes de realizar la compra.<\/p>\n","protected":false},"excerpt":{"rendered":"<p>HP All-in-One 22-dg0010la: Caracter\u00edsticas y especificaciones &nbsp; El HP All-in-One 22-dg0010la es una soluci\u00f3n completa y elegante para tu espacio. Este computador de escritorio todo en uno ofrece un rendimiento \u00e1gil para el d\u00eda a d\u00eda, con un dise\u00f1o moderno fabricado con pl\u00e1sticos reciclados. &nbsp; Caracter\u00edsticas T\u00e9cnicas &nbsp; Pantalla: 21,5 pulgadas Full HD (1920&#215;1080) con [&hellip;]<\/p>\n","protected":false},"featured_media":9318,"comment_status":"open","ping_status":"closed","template":"","meta":{"_surecart_dashboard_logo_width":"180px","_surecart_dashboard_show_logo":true,"_surecart_dashboard_navigation_orders":true,"_surecart_dashboard_navigation_invoices":true,"_surecart_dashboard_navigation_subscriptions":true,"_surecart_dashboard_navigation_downloads":true,"_surecart_dashboard_navigation_billing":true,"_surecart_dashboard_navigation_account":true,"site-sidebar-layout":"default","site-content-layout":"","ast-site-content-layout":"default","site-content-style":"default","site-sidebar-style":"default","ast-global-header-display":"","ast-banner-title-visibility":"","ast-main-header-display":"","ast-hfb-above-header-display":"","ast-hfb-below-header-display":"","ast-hfb-mobile-header-display":"","site-post-title":"","ast-breadcrumbs-content":"","ast-featured-img":"","footer-sml-layout":"","ast-disable-related-posts":"","theme-transparent-header-meta":"","adv-header-id-meta":"","stick-header-meta":"","header-above-stick-meta":"","header-main-stick-meta":"","header-below-stick-meta":"","astra-migrate-meta-layouts":"default","ast-page-background-enabled":"default","ast-page-background-meta":{"desktop":{"background-color":"var(--ast-global-color-4)","background-image":"","background-repeat":"repeat","background-position":"center center","background-size":"auto","background-attachment":"scroll","background-type":"","background-media":"","overlay-type":"","overlay-color":"","overlay-opacity":"","overlay-gradient":""},"tablet":{"background-color":"","background-image":"","background-repeat":"repeat","background-position":"center center","background-size":"auto","background-attachment":"scroll","background-type":"","background-media":"","overlay-type":"","overlay-color":"","overlay-opacity":"","overlay-gradient":""},"mobile":{"background-color":"","background-image":"","background-repeat":"repeat","background-position":"center center","background-size":"auto","background-attachment":"scroll","background-type":"","background-media":"","overlay-type":"","overlay-color":"","overlay-opacity":"","overlay-gradient":""}},"ast-content-background-meta":{"desktop":{"background-color":"var(--ast-global-color-5)","background-image":"","background-repeat":"repeat","background-position":"center center","background-size":"auto","background-attachment":"scroll","background-type":"","background-media":"","overlay-type":"","overlay-color":"","overlay-opacity":"","overlay-gradient":""},"tablet":{"background-color":"var(--ast-global-color-5)","background-image":"","background-repeat":"repeat","background-position":"center center","background-size":"auto","background-attachment":"scroll","background-type":"","background-media":"","overlay-type":"","overlay-color":"","overlay-opacity":"","overlay-gradient":""},"mobile":{"background-color":"var(--ast-global-color-5)","background-image":"","background-repeat":"repeat","background-position":"center center","background-size":"auto","background-attachment":"scroll","background-type":"","background-media":"","overlay-type":"","overlay-color":"","overlay-opacity":"","overlay-gradient":""}}},"product_brand":[],"product_cat":[56,22],"product_tag":[],"class_list":{"0":"post-9317","1":"product","2":"type-product","3":"status-publish","4":"has-post-thumbnail","6":"product_cat-all-in-one","7":"product_cat-computacion","8":"desktop-align-left","9":"tablet-align-left","10":"mobile-align-left","12":"first","13":"instock","14":"sale","15":"taxable","16":"shipping-taxable","17":"purchasable","18":"product-type-simple"},"yoast_head":"<!-- This site is optimized with the Yoast SEO plugin v27.5 - https:\/\/yoast.com\/product\/yoast-seo-wordpress\/ -->\n<title>Computador All-in-One HP 22 | i3-N300, 8GB RAM, 512GB SSD ...<\/title>\n<meta name=\"description\" content=\"Descubre el HP All-in-One 22-dg0010la. Disfruta de rendimiento y dise\u00f1o elegante con su procesador Intel Core i3-N300, 8GB de RAM y un r\u00e1pido SSD de 512GB..\" \/>\n<meta name=\"robots\" content=\"index, follow, max-snippet:-1, max-image-preview:large, max-video-preview:-1\" \/>\n<link rel=\"canonical\" href=\"https:\/\/giftronic04.com\/index.php\/product\/computador-all-in-one-hp-22-dg0010la-i3-n300-8gb-ram-512gb-ssd-pantalla-full-hd\/\" \/>\n<meta property=\"og:locale\" content=\"es_ES\" \/>\n<meta property=\"og:type\" content=\"article\" \/>\n<meta property=\"og:title\" content=\"Computador All-in-One HP 22 | i3-N300, 8GB RAM, 512GB SSD ...\" \/>\n<meta property=\"og:description\" content=\"Descubre el HP All-in-One 22-dg0010la. Disfruta de rendimiento y dise\u00f1o elegante con su procesador Intel Core i3-N300, 8GB de RAM y un r\u00e1pido SSD de 512GB..\" \/>\n<meta property=\"og:url\" content=\"https:\/\/giftronic04.com\/index.php\/product\/computador-all-in-one-hp-22-dg0010la-i3-n300-8gb-ram-512gb-ssd-pantalla-full-hd\/\" \/>\n<meta property=\"og:site_name\" content=\"Giftronic.04\" \/>\n<meta property=\"article:modified_time\" content=\"2026-03-27T14:18:55+00:00\" \/>\n<meta property=\"og:image\" content=\"https:\/\/giftronic04.com\/wp-content\/uploads\/2025\/09\/LOGO-2.jpg\" \/>\n\t<meta property=\"og:image:width\" content=\"2000\" \/>\n\t<meta property=\"og:image:height\" content=\"2000\" \/>\n\t<meta property=\"og:image:type\" content=\"image\/jpeg\" \/>\n<meta name=\"twitter:card\" content=\"summary_large_image\" \/>\n<meta name=\"twitter:label1\" content=\"Tiempo de lectura\" \/>\n\t<meta name=\"twitter:data1\" content=\"2 minutos\" \/>\n<script type=\"application\/ld+json\" class=\"yoast-schema-graph\">{\"@context\":\"https:\\\/\\\/schema.org\",\"@graph\":[{\"@type\":\"WebPage\",\"@id\":\"https:\\\/\\\/giftronic04.com\\\/index.php\\\/product\\\/computador-all-in-one-hp-22-dg0010la-i3-n300-8gb-ram-512gb-ssd-pantalla-full-hd\\\/\",\"url\":\"https:\\\/\\\/giftronic04.com\\\/index.php\\\/product\\\/computador-all-in-one-hp-22-dg0010la-i3-n300-8gb-ram-512gb-ssd-pantalla-full-hd\\\/\",\"name\":\"Computador All-in-One HP 22 | i3-N300, 8GB RAM, 512GB SSD ...\",\"isPartOf\":{\"@id\":\"https:\\\/\\\/giftronic04.com\\\/#website\"},\"primaryImageOfPage\":{\"@id\":\"https:\\\/\\\/giftronic04.com\\\/index.php\\\/product\\\/computador-all-in-one-hp-22-dg0010la-i3-n300-8gb-ram-512gb-ssd-pantalla-full-hd\\\/#primaryimage\"},\"image\":{\"@id\":\"https:\\\/\\\/giftronic04.com\\\/index.php\\\/product\\\/computador-all-in-one-hp-22-dg0010la-i3-n300-8gb-ram-512gb-ssd-pantalla-full-hd\\\/#primaryimage\"},\"thumbnailUrl\":\"https:\\\/\\\/giftronic04.com\\\/wp-content\\\/uploads\\\/2025\\\/09\\\/LOGO-2.jpg\",\"datePublished\":\"2025-09-10T23:23:20+00:00\",\"dateModified\":\"2026-03-27T14:18:55+00:00\",\"description\":\"Descubre el HP All-in-One 22-dg0010la. Disfruta de rendimiento y dise\u00f1o elegante con su procesador Intel Core i3-N300, 8GB de RAM y un r\u00e1pido SSD de 512GB..\",\"breadcrumb\":{\"@id\":\"https:\\\/\\\/giftronic04.com\\\/index.php\\\/product\\\/computador-all-in-one-hp-22-dg0010la-i3-n300-8gb-ram-512gb-ssd-pantalla-full-hd\\\/#breadcrumb\"},\"inLanguage\":\"es\",\"potentialAction\":[{\"@type\":\"ReadAction\",\"target\":[\"https:\\\/\\\/giftronic04.com\\\/index.php\\\/product\\\/computador-all-in-one-hp-22-dg0010la-i3-n300-8gb-ram-512gb-ssd-pantalla-full-hd\\\/\"]}]},{\"@type\":\"ImageObject\",\"inLanguage\":\"es\",\"@id\":\"https:\\\/\\\/giftronic04.com\\\/index.php\\\/product\\\/computador-all-in-one-hp-22-dg0010la-i3-n300-8gb-ram-512gb-ssd-pantalla-full-hd\\\/#primaryimage\",\"url\":\"https:\\\/\\\/giftronic04.com\\\/wp-content\\\/uploads\\\/2025\\\/09\\\/LOGO-2.jpg\",\"contentUrl\":\"https:\\\/\\\/giftronic04.com\\\/wp-content\\\/uploads\\\/2025\\\/09\\\/LOGO-2.jpg\",\"width\":2000,\"height\":2000},{\"@type\":\"BreadcrumbList\",\"@id\":\"https:\\\/\\\/giftronic04.com\\\/index.php\\\/product\\\/computador-all-in-one-hp-22-dg0010la-i3-n300-8gb-ram-512gb-ssd-pantalla-full-hd\\\/#breadcrumb\",\"itemListElement\":[{\"@type\":\"ListItem\",\"position\":1,\"name\":\"Portada\",\"item\":\"https:\\\/\\\/giftronic04.com\\\/\"},{\"@type\":\"ListItem\",\"position\":2,\"name\":\"Tienda\",\"item\":\"https:\\\/\\\/giftronic04.com\\\/index.php\\\/shop\\\/\"},{\"@type\":\"ListItem\",\"position\":3,\"name\":\"Computador All-in-One HP 22-dg0010la i3-N300, 8GB Ram, 512GB SSD | Pantalla Full HD\"}]},{\"@type\":\"WebSite\",\"@id\":\"https:\\\/\\\/giftronic04.com\\\/#website\",\"url\":\"https:\\\/\\\/giftronic04.com\\\/\",\"name\":\"Giftronic.04\",\"description\":\"Venta de equipos tecnologicos\",\"publisher\":{\"@id\":\"https:\\\/\\\/giftronic04.com\\\/#organization\"},\"potentialAction\":[{\"@type\":\"SearchAction\",\"target\":{\"@type\":\"EntryPoint\",\"urlTemplate\":\"https:\\\/\\\/giftronic04.com\\\/?s={search_term_string}\"},\"query-input\":{\"@type\":\"PropertyValueSpecification\",\"valueRequired\":true,\"valueName\":\"search_term_string\"}}],\"inLanguage\":\"es\"},{\"@type\":\"Organization\",\"@id\":\"https:\\\/\\\/giftronic04.com\\\/#organization\",\"name\":\"giftronic04\",\"url\":\"https:\\\/\\\/giftronic04.com\\\/\",\"logo\":{\"@type\":\"ImageObject\",\"inLanguage\":\"es\",\"@id\":\"https:\\\/\\\/giftronic04.com\\\/#\\\/schema\\\/logo\\\/image\\\/\",\"url\":\"https:\\\/\\\/giftronic04.com\\\/wp-content\\\/uploads\\\/2021\\\/08\\\/logo.png\",\"contentUrl\":\"https:\\\/\\\/giftronic04.com\\\/wp-content\\\/uploads\\\/2021\\\/08\\\/logo.png\",\"width\":6640,\"height\":2192,\"caption\":\"giftronic04\"},\"image\":{\"@id\":\"https:\\\/\\\/giftronic04.com\\\/#\\\/schema\\\/logo\\\/image\\\/\"},\"sameAs\":[\"https:\\\/\\\/www.instagram.com\\\/giftronic.04\\\/\"]}]}<\/script>\n<!-- \/ Yoast SEO plugin. -->","yoast_head_json":{"title":"Computador All-in-One HP 22 | i3-N300, 8GB RAM, 512GB SSD ...","description":"Descubre el HP All-in-One 22-dg0010la. Disfruta de rendimiento y dise\u00f1o elegante con su procesador Intel Core i3-N300, 8GB de RAM y un r\u00e1pido SSD de 512GB..","robots":{"index":"index","follow":"follow","max-snippet":"max-snippet:-1","max-image-preview":"max-image-preview:large","max-video-preview":"max-video-preview:-1"},"canonical":"https:\/\/giftronic04.com\/index.php\/product\/computador-all-in-one-hp-22-dg0010la-i3-n300-8gb-ram-512gb-ssd-pantalla-full-hd\/","og_locale":"es_ES","og_type":"article","og_title":"Computador All-in-One HP 22 | i3-N300, 8GB RAM, 512GB SSD ...","og_description":"Descubre el HP All-in-One 22-dg0010la. Disfruta de rendimiento y dise\u00f1o elegante con su procesador Intel Core i3-N300, 8GB de RAM y un r\u00e1pido SSD de 512GB..","og_url":"https:\/\/giftronic04.com\/index.php\/product\/computador-all-in-one-hp-22-dg0010la-i3-n300-8gb-ram-512gb-ssd-pantalla-full-hd\/","og_site_name":"Giftronic.04","article_modified_time":"2026-03-27T14:18:55+00:00","og_image":[{"width":2000,"height":2000,"url":"https:\/\/giftronic04.com\/wp-content\/uploads\/2025\/09\/LOGO-2.jpg","type":"image\/jpeg"}],"twitter_card":"summary_large_image","twitter_misc":{"Tiempo de lectura":"2 minutos"},"schema":{"@context":"https:\/\/schema.org","@graph":[{"@type":"WebPage","@id":"https:\/\/giftronic04.com\/index.php\/product\/computador-all-in-one-hp-22-dg0010la-i3-n300-8gb-ram-512gb-ssd-pantalla-full-hd\/","url":"https:\/\/giftronic04.com\/index.php\/product\/computador-all-in-one-hp-22-dg0010la-i3-n300-8gb-ram-512gb-ssd-pantalla-full-hd\/","name":"Computador All-in-One HP 22 | i3-N300, 8GB RAM, 512GB SSD ...","isPartOf":{"@id":"https:\/\/giftronic04.com\/#website"},"primaryImageOfPage":{"@id":"https:\/\/giftronic04.com\/index.php\/product\/computador-all-in-one-hp-22-dg0010la-i3-n300-8gb-ram-512gb-ssd-pantalla-full-hd\/#primaryimage"},"image":{"@id":"https:\/\/giftronic04.com\/index.php\/product\/computador-all-in-one-hp-22-dg0010la-i3-n300-8gb-ram-512gb-ssd-pantalla-full-hd\/#primaryimage"},"thumbnailUrl":"https:\/\/giftronic04.com\/wp-content\/uploads\/2025\/09\/LOGO-2.jpg","datePublished":"2025-09-10T23:23:20+00:00","dateModified":"2026-03-27T14:18:55+00:00","description":"Descubre el HP All-in-One 22-dg0010la. Disfruta de rendimiento y dise\u00f1o elegante con su procesador Intel Core i3-N300, 8GB de RAM y un r\u00e1pido SSD de 512GB..","breadcrumb":{"@id":"https:\/\/giftronic04.com\/index.php\/product\/computador-all-in-one-hp-22-dg0010la-i3-n300-8gb-ram-512gb-ssd-pantalla-full-hd\/#breadcrumb"},"inLanguage":"es","potentialAction":[{"@type":"ReadAction","target":["https:\/\/giftronic04.com\/index.php\/product\/computador-all-in-one-hp-22-dg0010la-i3-n300-8gb-ram-512gb-ssd-pantalla-full-hd\/"]}]},{"@type":"ImageObject","inLanguage":"es","@id":"https:\/\/giftronic04.com\/index.php\/product\/computador-all-in-one-hp-22-dg0010la-i3-n300-8gb-ram-512gb-ssd-pantalla-full-hd\/#primaryimage","url":"https:\/\/giftronic04.com\/wp-content\/uploads\/2025\/09\/LOGO-2.jpg","contentUrl":"https:\/\/giftronic04.com\/wp-content\/uploads\/2025\/09\/LOGO-2.jpg","width":2000,"height":2000},{"@type":"BreadcrumbList","@id":"https:\/\/giftronic04.com\/index.php\/product\/computador-all-in-one-hp-22-dg0010la-i3-n300-8gb-ram-512gb-ssd-pantalla-full-hd\/#breadcrumb","itemListElement":[{"@type":"ListItem","position":1,"name":"Portada","item":"https:\/\/giftronic04.com\/"},{"@type":"ListItem","position":2,"name":"Tienda","item":"https:\/\/giftronic04.com\/index.php\/shop\/"},{"@type":"ListItem","position":3,"name":"Computador All-in-One HP 22-dg0010la i3-N300, 8GB Ram, 512GB SSD | Pantalla Full HD"}]},{"@type":"WebSite","@id":"https:\/\/giftronic04.com\/#website","url":"https:\/\/giftronic04.com\/","name":"Giftronic.04","description":"Venta de equipos tecnologicos","publisher":{"@id":"https:\/\/giftronic04.com\/#organization"},"potentialAction":[{"@type":"SearchAction","target":{"@type":"EntryPoint","urlTemplate":"https:\/\/giftronic04.com\/?s={search_term_string}"},"query-input":{"@type":"PropertyValueSpecification","valueRequired":true,"valueName":"search_term_string"}}],"inLanguage":"es"},{"@type":"Organization","@id":"https:\/\/giftronic04.com\/#organization","name":"giftronic04","url":"https:\/\/giftronic04.com\/","logo":{"@type":"ImageObject","inLanguage":"es","@id":"https:\/\/giftronic04.com\/#\/schema\/logo\/image\/","url":"https:\/\/giftronic04.com\/wp-content\/uploads\/2021\/08\/logo.png","contentUrl":"https:\/\/giftronic04.com\/wp-content\/uploads\/2021\/08\/logo.png","width":6640,"height":2192,"caption":"giftronic04"},"image":{"@id":"https:\/\/giftronic04.com\/#\/schema\/logo\/image\/"},"sameAs":["https:\/\/www.instagram.com\/giftronic.04\/"]}]}},"jetpack_sharing_enabled":true,"_links":{"self":[{"href":"https:\/\/giftronic04.com\/index.php\/wp-json\/wp\/v2\/product\/9317","targetHints":{"allow":["GET"]}}],"collection":[{"href":"https:\/\/giftronic04.com\/index.php\/wp-json\/wp\/v2\/product"}],"about":[{"href":"https:\/\/giftronic04.com\/index.php\/wp-json\/wp\/v2\/types\/product"}],"replies":[{"embeddable":true,"href":"https:\/\/giftronic04.com\/index.php\/wp-json\/wp\/v2\/comments?post=9317"}],"wp:featuredmedia":[{"embeddable":true,"href":"https:\/\/giftronic04.com\/index.php\/wp-json\/wp\/v2\/media\/9318"}],"wp:attachment":[{"href":"https:\/\/giftronic04.com\/index.php\/wp-json\/wp\/v2\/media?parent=9317"}],"wp:term":[{"taxonomy":"product_brand","embeddable":true,"href":"https:\/\/giftronic04.com\/index.php\/wp-json\/wp\/v2\/product_brand?post=9317"},{"taxonomy":"product_cat","embeddable":true,"href":"https:\/\/giftronic04.com\/index.php\/wp-json\/wp\/v2\/product_cat?post=9317"},{"taxonomy":"product_tag","embeddable":true,"href":"https:\/\/giftronic04.com\/index.php\/wp-json\/wp\/v2\/product_tag?post=9317"}],"curies":[{"name":"wp","href":"https:\/\/api.w.org\/{rel}","templated":true}]}}