{"id":9378,"date":"2025-09-20T12:28:12","date_gmt":"2025-09-20T17:28:12","guid":{"rendered":"https:\/\/giftronic04.com\/?post_type=product&#038;p=9378"},"modified":"2026-04-11T09:39:55","modified_gmt":"2026-04-11T14:39:55","slug":"portatil-gamer-victus-hp-15-fb2002la-amd-r5-8645hs-16gb-ram-512gb-ssd-rtx-3050-6gb","status":"publish","type":"product","link":"https:\/\/giftronic04.com\/index.php\/product\/portatil-gamer-victus-hp-15-fb2002la-amd-r5-8645hs-16gb-ram-512gb-ssd-rtx-3050-6gb\/","title":{"rendered":"Port\u00e1til Gamer Victus HP 15-fb2002la | AMD R5-8645HS | 16GB RAM 512GB SSD | RTX 3050 6GB"},"content":{"rendered":"<h3><b>HP Victus 15-fb2002la: Tu Port\u00e1til Gaming de Alto Rendimiento<\/b><\/h3>\n<p>&nbsp;<\/p>\n<p>El Port\u00e1til Gaming HP Victus 15 est\u00e1 dise\u00f1ado para llevar tus partidas al siguiente nivel. Con un potente procesador AMD Ryzen serie 8000 y una tarjeta gr\u00e1fica <b>NVIDIA GeForce RTX 3050 de 6GB<\/b>, disfrutar\u00e1s de un rendimiento excepcional. Su pantalla n\u00edtida y \u00e1gil de\u00a0<b>144Hz<\/b>\u00a0te asegura una experiencia de juego fluida y sin interrupciones.<\/p>\n<p>&nbsp;<\/p>\n<p><img fetchpriority=\"high\" decoding=\"async\" class=\"wp-image-9392 alignleft\" src=\"https:\/\/giftronic04.com\/wp-content\/uploads\/2025\/09\/e-300x112.png\" alt=\"port\u00e1til gamer victus hp 15 fb2002la | amd r5 8645hs | 16gb ram 512gb ssd | rtx 3050 6gb\" width=\"1755\" height=\"655\" title=\"Port\u00e1til Gamer Victus HP 15-fb2002la | AMD R5-8645HS | 16GB RAM 512GB SSD | RTX 3050 6GB\" srcset=\"https:\/\/giftronic04.com\/wp-content\/uploads\/2025\/09\/e-300x112.png 300w, https:\/\/giftronic04.com\/wp-content\/uploads\/2025\/09\/e-1024x382.png 1024w, https:\/\/giftronic04.com\/wp-content\/uploads\/2025\/09\/e-768x287.png 768w, https:\/\/giftronic04.com\/wp-content\/uploads\/2025\/09\/e-600x224.png 600w, https:\/\/giftronic04.com\/wp-content\/uploads\/2025\/09\/e-64x24.png 64w, https:\/\/giftronic04.com\/wp-content\/uploads\/2025\/09\/e.png 1200w\" sizes=\"(max-width: 1755px) 100vw, 1755px\" \/><\/p>\n<h3><\/h3>\n<p>&nbsp;<\/p>\n<h3><b>Caracter\u00edsticas Destacadas Port\u00e1til Gamer HP Victus<\/b><\/h3>\n<p>&nbsp;<\/p>\n<p><img decoding=\"async\" class=\"wp-image-9390 aligncenter\" src=\"https:\/\/giftronic04.com\/wp-content\/uploads\/2025\/09\/q-300x114.png\" alt=\"port\u00e1til gamer victus hp 15 fb2002la | amd r5 8645hs | 16gb ram 512gb ssd | rtx 3050 6gb\" width=\"1739\" height=\"661\" title=\"Port\u00e1til Gamer Victus HP 15-fb2002la | AMD R5-8645HS | 16GB RAM 512GB SSD | RTX 3050 6GB\" srcset=\"https:\/\/giftronic04.com\/wp-content\/uploads\/2025\/09\/q-300x114.png 300w, https:\/\/giftronic04.com\/wp-content\/uploads\/2025\/09\/q-1024x388.png 1024w, https:\/\/giftronic04.com\/wp-content\/uploads\/2025\/09\/q-768x291.png 768w, https:\/\/giftronic04.com\/wp-content\/uploads\/2025\/09\/q-600x228.png 600w, https:\/\/giftronic04.com\/wp-content\/uploads\/2025\/09\/q-64x24.png 64w, https:\/\/giftronic04.com\/wp-content\/uploads\/2025\/09\/q.png 1197w\" sizes=\"(max-width: 1739px) 100vw, 1739px\" \/><\/p>\n<p>&nbsp;<\/p>\n<ul>\n<li><b>Procesador:<\/b> AMD Ryzen\u2122 5-8645HS (aumento m\u00e1ximo del reloj hasta 5 GHz, 16 MB de cach\u00e9 L3, 6 n\u00facleos, 12 subprocesos).<\/li>\n<li><b>Tarjeta Gr\u00e1fica:<\/b>\u00a0NVIDIA\u00ae GeForce RTX\u2122 3050 con 6GB GDDR6.<\/li>\n<li><b>Memoria RAM:<\/b> 16GB DDR5-5600 MT\/s.<\/li>\n<li><b>Almacenamiento:<\/b> 512GB SSD M.2 NVMe\u00ae.<\/li>\n<li><b>Pantalla:<\/b> 15.6 pulgadas Full HD IPS (1920\u00d71080) con una tasa de refresco de <b>144Hz<\/b>.<\/li>\n<li><b>Sistema Operativo:<\/b>\u00a0Windows 11 Home.<\/li>\n<li><b>Peso:<\/b>\u00a02.3 kg.<\/li>\n<li><b>Puertos:<\/b>\u00a02x USB, 1x USB-C\u00ae, 1x HDMI\u00ae, lector de tarjetas SD, conector de audio 3.5mm, Ethernet (RJ-45).<\/li>\n<li><b>Conectividad:<\/b>\u00a0Wi-Fi\u00ae y Bluetooth.<\/li>\n<li><b>Extras:<\/b>\u00a0C\u00e1mara web integrada y teclado retroiluminado.<\/li>\n<li><strong>Incluye: <\/strong>Superdrive SV250, Volante con cable y pedales.<\/li>\n<li><\/li>\n<\/ul>\n<p><img decoding=\"async\" class=\"wp-image-9391 aligncenter\" src=\"https:\/\/giftronic04.com\/wp-content\/uploads\/2025\/09\/w-300x112.png\" alt=\"port\u00e1til gamer victus hp 15 fb2002la | amd r5 8645hs | 16gb ram 512gb ssd | rtx 3050 6gb\" width=\"1754\" height=\"655\" title=\"Port\u00e1til Gamer Victus HP 15-fb2002la | AMD R5-8645HS | 16GB RAM 512GB SSD | RTX 3050 6GB\" srcset=\"https:\/\/giftronic04.com\/wp-content\/uploads\/2025\/09\/w-300x112.png 300w, https:\/\/giftronic04.com\/wp-content\/uploads\/2025\/09\/w-1024x383.png 1024w, https:\/\/giftronic04.com\/wp-content\/uploads\/2025\/09\/w-768x287.png 768w, https:\/\/giftronic04.com\/wp-content\/uploads\/2025\/09\/w-600x224.png 600w, https:\/\/giftronic04.com\/wp-content\/uploads\/2025\/09\/w-64x24.png 64w, https:\/\/giftronic04.com\/wp-content\/uploads\/2025\/09\/w.png 1193w\" sizes=\"(max-width: 1754px) 100vw, 1754px\" \/><\/p>\n<hr \/>\n<p>&nbsp;<\/p>\n<h3><b>Informaci\u00f3n Importante (Lee antes de comprar)<\/b><\/h3>\n<p>&nbsp;<\/p>\n<ul>\n<li><b>Estado del producto:<\/b>\u00a0Este equipo es 100% nuevo y original. Se ha repotenciado para un mayor rendimiento.<\/li>\n<li><b>Garant\u00eda:<\/b>\u00a0Tienes 1 a\u00f1o de respaldo por defectos de fabricaci\u00f3n directamente con la marca HP. Es indispensable conservar los empaques originales para hacer v\u00e1lida la garant\u00eda.<\/li>\n<li><b>Condiciones de garant\u00eda:<\/b>\u00a0La garant\u00eda no cubre da\u00f1os por golpes, derrames, manipulaci\u00f3n no autorizada o mal uso.<\/li>\n<li><b>Facturaci\u00f3n:<\/b>\u00a0La factura es electr\u00f3nica y no se puede modificar una vez emitida. Por favor, aseg\u00farate de que tus datos de facturaci\u00f3n sean correctos al momento de la compra.<\/li>\n<\/ul>\n","protected":false},"excerpt":{"rendered":"[video width=\"1920\" height=\"1080\" mp4=\"https:\/\/giftronic04.com\/wp-content\/uploads\/2025\/09\/LOW-1.mp4\"][\/video]\n<p>&nbsp;<\/p>\n","protected":false},"featured_media":9379,"comment_status":"open","ping_status":"closed","template":"","meta":{"_surecart_dashboard_logo_width":"180px","_surecart_dashboard_show_logo":true,"_surecart_dashboard_navigation_orders":true,"_surecart_dashboard_navigation_invoices":true,"_surecart_dashboard_navigation_subscriptions":true,"_surecart_dashboard_navigation_downloads":true,"_surecart_dashboard_navigation_billing":true,"_surecart_dashboard_navigation_account":true,"site-sidebar-layout":"default","site-content-layout":"","ast-site-content-layout":"default","site-content-style":"default","site-sidebar-style":"default","ast-global-header-display":"","ast-banner-title-visibility":"","ast-main-header-display":"","ast-hfb-above-header-display":"","ast-hfb-below-header-display":"","ast-hfb-mobile-header-display":"","site-post-title":"","ast-breadcrumbs-content":"","ast-featured-img":"","footer-sml-layout":"","ast-disable-related-posts":"","theme-transparent-header-meta":"default","adv-header-id-meta":"","stick-header-meta":"","header-above-stick-meta":"","header-main-stick-meta":"","header-below-stick-meta":"","astra-migrate-meta-layouts":"set","ast-page-background-enabled":"default","ast-page-background-meta":{"desktop":{"background-color":"var(--ast-global-color-4)","background-image":"","background-repeat":"repeat","background-position":"center center","background-size":"auto","background-attachment":"scroll","background-type":"","background-media":"","overlay-type":"","overlay-color":"","overlay-opacity":"","overlay-gradient":""},"tablet":{"background-color":"","background-image":"","background-repeat":"repeat","background-position":"center center","background-size":"auto","background-attachment":"scroll","background-type":"","background-media":"","overlay-type":"","overlay-color":"","overlay-opacity":"","overlay-gradient":""},"mobile":{"background-color":"","background-image":"","background-repeat":"repeat","background-position":"center center","background-size":"auto","background-attachment":"scroll","background-type":"","background-media":"","overlay-type":"","overlay-color":"","overlay-opacity":"","overlay-gradient":""}},"ast-content-background-meta":{"desktop":{"background-color":"var(--ast-global-color-5)","background-image":"","background-repeat":"repeat","background-position":"center center","background-size":"auto","background-attachment":"scroll","background-type":"","background-media":"","overlay-type":"","overlay-color":"","overlay-opacity":"","overlay-gradient":""},"tablet":{"background-color":"var(--ast-global-color-5)","background-image":"","background-repeat":"repeat","background-position":"center center","background-size":"auto","background-attachment":"scroll","background-type":"","background-media":"","overlay-type":"","overlay-color":"","overlay-opacity":"","overlay-gradient":""},"mobile":{"background-color":"var(--ast-global-color-5)","background-image":"","background-repeat":"repeat","background-position":"center center","background-size":"auto","background-attachment":"scroll","background-type":"","background-media":"","overlay-type":"","overlay-color":"","overlay-opacity":"","overlay-gradient":""}}},"product_brand":[],"product_cat":[22,30],"product_tag":[],"class_list":{"0":"post-9378","1":"product","2":"type-product","3":"status-publish","4":"has-post-thumbnail","6":"product_cat-computacion","7":"product_cat-componentes-de-pc-portatiles","8":"desktop-align-left","9":"tablet-align-left","10":"mobile-align-left","12":"first","13":"instock","14":"sale","15":"featured","16":"taxable","17":"shipping-taxable","18":"purchasable","19":"product-type-simple"},"yoast_head":"<!-- This site is optimized with the Yoast SEO plugin v27.5 - https:\/\/yoast.com\/product\/yoast-seo-wordpress\/ -->\n<title>Port\u00e1til Gamer HP Victus 15: AMD R5-8645HS | RTX 3050 6GB | ...<\/title>\n<meta name=\"description\" content=\"Eleva tu juego con el Port\u00e1til Gamer HP Victus 15-fb2002la. Equipado con un procesador AMD R5-8645HS, tarjeta de video RTX 3050 de 6GB. \u00a1El rendimiento ....\" \/>\n<meta name=\"robots\" content=\"index, follow, max-snippet:-1, max-image-preview:large, max-video-preview:-1\" \/>\n<link rel=\"canonical\" href=\"https:\/\/giftronic04.com\/index.php\/product\/portatil-gamer-victus-hp-15-fb2002la-amd-r5-8645hs-16gb-ram-512gb-ssd-rtx-3050-6gb\/\" \/>\n<meta property=\"og:locale\" content=\"es_ES\" \/>\n<meta property=\"og:type\" content=\"article\" \/>\n<meta property=\"og:title\" content=\"Port\u00e1til Gamer HP Victus 15: AMD R5-8645HS | RTX 3050 6GB | ...\" \/>\n<meta property=\"og:description\" content=\"Eleva tu juego con el Port\u00e1til Gamer HP Victus 15-fb2002la. Equipado con un procesador AMD R5-8645HS, tarjeta de video RTX 3050 de 6GB. \u00a1El rendimiento ....\" \/>\n<meta property=\"og:url\" content=\"https:\/\/giftronic04.com\/index.php\/product\/portatil-gamer-victus-hp-15-fb2002la-amd-r5-8645hs-16gb-ram-512gb-ssd-rtx-3050-6gb\/\" \/>\n<meta property=\"og:site_name\" content=\"Giftronic.04\" \/>\n<meta property=\"article:modified_time\" content=\"2026-04-11T14:39:55+00:00\" \/>\n<meta property=\"og:image\" content=\"https:\/\/giftronic04.com\/wp-content\/uploads\/2025\/09\/LOGO-4.jpg\" \/>\n\t<meta property=\"og:image:width\" content=\"2000\" \/>\n\t<meta property=\"og:image:height\" content=\"2000\" \/>\n\t<meta property=\"og:image:type\" content=\"image\/jpeg\" \/>\n<meta name=\"twitter:card\" content=\"summary_large_image\" \/>\n<meta name=\"twitter:label1\" content=\"Tiempo de lectura\" \/>\n\t<meta name=\"twitter:data1\" content=\"3 minutos\" \/>\n<script type=\"application\/ld+json\" class=\"yoast-schema-graph\">{\"@context\":\"https:\\\/\\\/schema.org\",\"@graph\":[{\"@type\":\"WebPage\",\"@id\":\"https:\\\/\\\/giftronic04.com\\\/index.php\\\/product\\\/portatil-gamer-victus-hp-15-fb2002la-amd-r5-8645hs-16gb-ram-512gb-ssd-rtx-3050-6gb\\\/\",\"url\":\"https:\\\/\\\/giftronic04.com\\\/index.php\\\/product\\\/portatil-gamer-victus-hp-15-fb2002la-amd-r5-8645hs-16gb-ram-512gb-ssd-rtx-3050-6gb\\\/\",\"name\":\"Port\u00e1til Gamer HP Victus 15: AMD R5-8645HS | RTX 3050 6GB | ...\",\"isPartOf\":{\"@id\":\"https:\\\/\\\/giftronic04.com\\\/#website\"},\"primaryImageOfPage\":{\"@id\":\"https:\\\/\\\/giftronic04.com\\\/index.php\\\/product\\\/portatil-gamer-victus-hp-15-fb2002la-amd-r5-8645hs-16gb-ram-512gb-ssd-rtx-3050-6gb\\\/#primaryimage\"},\"image\":{\"@id\":\"https:\\\/\\\/giftronic04.com\\\/index.php\\\/product\\\/portatil-gamer-victus-hp-15-fb2002la-amd-r5-8645hs-16gb-ram-512gb-ssd-rtx-3050-6gb\\\/#primaryimage\"},\"thumbnailUrl\":\"https:\\\/\\\/giftronic04.com\\\/wp-content\\\/uploads\\\/2025\\\/09\\\/LOGO-4.jpg\",\"datePublished\":\"2025-09-20T17:28:12+00:00\",\"dateModified\":\"2026-04-11T14:39:55+00:00\",\"description\":\"Eleva tu juego con el Port\u00e1til Gamer HP Victus 15-fb2002la. Equipado con un procesador AMD R5-8645HS, tarjeta de video RTX 3050 de 6GB. \u00a1El rendimiento ....\",\"breadcrumb\":{\"@id\":\"https:\\\/\\\/giftronic04.com\\\/index.php\\\/product\\\/portatil-gamer-victus-hp-15-fb2002la-amd-r5-8645hs-16gb-ram-512gb-ssd-rtx-3050-6gb\\\/#breadcrumb\"},\"inLanguage\":\"es\",\"potentialAction\":[{\"@type\":\"ReadAction\",\"target\":[\"https:\\\/\\\/giftronic04.com\\\/index.php\\\/product\\\/portatil-gamer-victus-hp-15-fb2002la-amd-r5-8645hs-16gb-ram-512gb-ssd-rtx-3050-6gb\\\/\"]}]},{\"@type\":\"ImageObject\",\"inLanguage\":\"es\",\"@id\":\"https:\\\/\\\/giftronic04.com\\\/index.php\\\/product\\\/portatil-gamer-victus-hp-15-fb2002la-amd-r5-8645hs-16gb-ram-512gb-ssd-rtx-3050-6gb\\\/#primaryimage\",\"url\":\"https:\\\/\\\/giftronic04.com\\\/wp-content\\\/uploads\\\/2025\\\/09\\\/LOGO-4.jpg\",\"contentUrl\":\"https:\\\/\\\/giftronic04.com\\\/wp-content\\\/uploads\\\/2025\\\/09\\\/LOGO-4.jpg\",\"width\":2000,\"height\":2000,\"caption\":\"port\u00e1til gamer victus hp 15 fb2002la | amd r5 8645hs | 16gb ram 512gb ssd | rtx 3050 6gb\"},{\"@type\":\"BreadcrumbList\",\"@id\":\"https:\\\/\\\/giftronic04.com\\\/index.php\\\/product\\\/portatil-gamer-victus-hp-15-fb2002la-amd-r5-8645hs-16gb-ram-512gb-ssd-rtx-3050-6gb\\\/#breadcrumb\",\"itemListElement\":[{\"@type\":\"ListItem\",\"position\":1,\"name\":\"Portada\",\"item\":\"https:\\\/\\\/giftronic04.com\\\/\"},{\"@type\":\"ListItem\",\"position\":2,\"name\":\"Tienda\",\"item\":\"https:\\\/\\\/giftronic04.com\\\/index.php\\\/shop\\\/\"},{\"@type\":\"ListItem\",\"position\":3,\"name\":\"Port\u00e1til Gamer Victus HP 15-fb2002la | AMD R5-8645HS | 16GB RAM 512GB SSD | RTX 3050 6GB\"}]},{\"@type\":\"WebSite\",\"@id\":\"https:\\\/\\\/giftronic04.com\\\/#website\",\"url\":\"https:\\\/\\\/giftronic04.com\\\/\",\"name\":\"Giftronic.04\",\"description\":\"Venta de equipos tecnologicos\",\"publisher\":{\"@id\":\"https:\\\/\\\/giftronic04.com\\\/#organization\"},\"potentialAction\":[{\"@type\":\"SearchAction\",\"target\":{\"@type\":\"EntryPoint\",\"urlTemplate\":\"https:\\\/\\\/giftronic04.com\\\/?s={search_term_string}\"},\"query-input\":{\"@type\":\"PropertyValueSpecification\",\"valueRequired\":true,\"valueName\":\"search_term_string\"}}],\"inLanguage\":\"es\"},{\"@type\":\"Organization\",\"@id\":\"https:\\\/\\\/giftronic04.com\\\/#organization\",\"name\":\"giftronic04\",\"url\":\"https:\\\/\\\/giftronic04.com\\\/\",\"logo\":{\"@type\":\"ImageObject\",\"inLanguage\":\"es\",\"@id\":\"https:\\\/\\\/giftronic04.com\\\/#\\\/schema\\\/logo\\\/image\\\/\",\"url\":\"https:\\\/\\\/giftronic04.com\\\/wp-content\\\/uploads\\\/2021\\\/08\\\/logo.png\",\"contentUrl\":\"https:\\\/\\\/giftronic04.com\\\/wp-content\\\/uploads\\\/2021\\\/08\\\/logo.png\",\"width\":6640,\"height\":2192,\"caption\":\"giftronic04\"},\"image\":{\"@id\":\"https:\\\/\\\/giftronic04.com\\\/#\\\/schema\\\/logo\\\/image\\\/\"},\"sameAs\":[\"https:\\\/\\\/www.instagram.com\\\/giftronic.04\\\/\"]}]}<\/script>\n<!-- \/ Yoast SEO plugin. -->","yoast_head_json":{"title":"Port\u00e1til Gamer HP Victus 15: AMD R5-8645HS | RTX 3050 6GB | ...","description":"Eleva tu juego con el Port\u00e1til Gamer HP Victus 15-fb2002la. Equipado con un procesador AMD R5-8645HS, tarjeta de video RTX 3050 de 6GB. \u00a1El rendimiento ....","robots":{"index":"index","follow":"follow","max-snippet":"max-snippet:-1","max-image-preview":"max-image-preview:large","max-video-preview":"max-video-preview:-1"},"canonical":"https:\/\/giftronic04.com\/index.php\/product\/portatil-gamer-victus-hp-15-fb2002la-amd-r5-8645hs-16gb-ram-512gb-ssd-rtx-3050-6gb\/","og_locale":"es_ES","og_type":"article","og_title":"Port\u00e1til Gamer HP Victus 15: AMD R5-8645HS | RTX 3050 6GB | ...","og_description":"Eleva tu juego con el Port\u00e1til Gamer HP Victus 15-fb2002la. Equipado con un procesador AMD R5-8645HS, tarjeta de video RTX 3050 de 6GB. \u00a1El rendimiento ....","og_url":"https:\/\/giftronic04.com\/index.php\/product\/portatil-gamer-victus-hp-15-fb2002la-amd-r5-8645hs-16gb-ram-512gb-ssd-rtx-3050-6gb\/","og_site_name":"Giftronic.04","article_modified_time":"2026-04-11T14:39:55+00:00","og_image":[{"width":2000,"height":2000,"url":"https:\/\/giftronic04.com\/wp-content\/uploads\/2025\/09\/LOGO-4.jpg","type":"image\/jpeg"}],"twitter_card":"summary_large_image","twitter_misc":{"Tiempo de lectura":"3 minutos"},"schema":{"@context":"https:\/\/schema.org","@graph":[{"@type":"WebPage","@id":"https:\/\/giftronic04.com\/index.php\/product\/portatil-gamer-victus-hp-15-fb2002la-amd-r5-8645hs-16gb-ram-512gb-ssd-rtx-3050-6gb\/","url":"https:\/\/giftronic04.com\/index.php\/product\/portatil-gamer-victus-hp-15-fb2002la-amd-r5-8645hs-16gb-ram-512gb-ssd-rtx-3050-6gb\/","name":"Port\u00e1til Gamer HP Victus 15: AMD R5-8645HS | RTX 3050 6GB | ...","isPartOf":{"@id":"https:\/\/giftronic04.com\/#website"},"primaryImageOfPage":{"@id":"https:\/\/giftronic04.com\/index.php\/product\/portatil-gamer-victus-hp-15-fb2002la-amd-r5-8645hs-16gb-ram-512gb-ssd-rtx-3050-6gb\/#primaryimage"},"image":{"@id":"https:\/\/giftronic04.com\/index.php\/product\/portatil-gamer-victus-hp-15-fb2002la-amd-r5-8645hs-16gb-ram-512gb-ssd-rtx-3050-6gb\/#primaryimage"},"thumbnailUrl":"https:\/\/giftronic04.com\/wp-content\/uploads\/2025\/09\/LOGO-4.jpg","datePublished":"2025-09-20T17:28:12+00:00","dateModified":"2026-04-11T14:39:55+00:00","description":"Eleva tu juego con el Port\u00e1til Gamer HP Victus 15-fb2002la. Equipado con un procesador AMD R5-8645HS, tarjeta de video RTX 3050 de 6GB. \u00a1El rendimiento ....","breadcrumb":{"@id":"https:\/\/giftronic04.com\/index.php\/product\/portatil-gamer-victus-hp-15-fb2002la-amd-r5-8645hs-16gb-ram-512gb-ssd-rtx-3050-6gb\/#breadcrumb"},"inLanguage":"es","potentialAction":[{"@type":"ReadAction","target":["https:\/\/giftronic04.com\/index.php\/product\/portatil-gamer-victus-hp-15-fb2002la-amd-r5-8645hs-16gb-ram-512gb-ssd-rtx-3050-6gb\/"]}]},{"@type":"ImageObject","inLanguage":"es","@id":"https:\/\/giftronic04.com\/index.php\/product\/portatil-gamer-victus-hp-15-fb2002la-amd-r5-8645hs-16gb-ram-512gb-ssd-rtx-3050-6gb\/#primaryimage","url":"https:\/\/giftronic04.com\/wp-content\/uploads\/2025\/09\/LOGO-4.jpg","contentUrl":"https:\/\/giftronic04.com\/wp-content\/uploads\/2025\/09\/LOGO-4.jpg","width":2000,"height":2000,"caption":"port\u00e1til gamer victus hp 15 fb2002la | amd r5 8645hs | 16gb ram 512gb ssd | rtx 3050 6gb"},{"@type":"BreadcrumbList","@id":"https:\/\/giftronic04.com\/index.php\/product\/portatil-gamer-victus-hp-15-fb2002la-amd-r5-8645hs-16gb-ram-512gb-ssd-rtx-3050-6gb\/#breadcrumb","itemListElement":[{"@type":"ListItem","position":1,"name":"Portada","item":"https:\/\/giftronic04.com\/"},{"@type":"ListItem","position":2,"name":"Tienda","item":"https:\/\/giftronic04.com\/index.php\/shop\/"},{"@type":"ListItem","position":3,"name":"Port\u00e1til Gamer Victus HP 15-fb2002la | AMD R5-8645HS | 16GB RAM 512GB SSD | RTX 3050 6GB"}]},{"@type":"WebSite","@id":"https:\/\/giftronic04.com\/#website","url":"https:\/\/giftronic04.com\/","name":"Giftronic.04","description":"Venta de equipos tecnologicos","publisher":{"@id":"https:\/\/giftronic04.com\/#organization"},"potentialAction":[{"@type":"SearchAction","target":{"@type":"EntryPoint","urlTemplate":"https:\/\/giftronic04.com\/?s={search_term_string}"},"query-input":{"@type":"PropertyValueSpecification","valueRequired":true,"valueName":"search_term_string"}}],"inLanguage":"es"},{"@type":"Organization","@id":"https:\/\/giftronic04.com\/#organization","name":"giftronic04","url":"https:\/\/giftronic04.com\/","logo":{"@type":"ImageObject","inLanguage":"es","@id":"https:\/\/giftronic04.com\/#\/schema\/logo\/image\/","url":"https:\/\/giftronic04.com\/wp-content\/uploads\/2021\/08\/logo.png","contentUrl":"https:\/\/giftronic04.com\/wp-content\/uploads\/2021\/08\/logo.png","width":6640,"height":2192,"caption":"giftronic04"},"image":{"@id":"https:\/\/giftronic04.com\/#\/schema\/logo\/image\/"},"sameAs":["https:\/\/www.instagram.com\/giftronic.04\/"]}]}},"jetpack_sharing_enabled":true,"_links":{"self":[{"href":"https:\/\/giftronic04.com\/index.php\/wp-json\/wp\/v2\/product\/9378","targetHints":{"allow":["GET"]}}],"collection":[{"href":"https:\/\/giftronic04.com\/index.php\/wp-json\/wp\/v2\/product"}],"about":[{"href":"https:\/\/giftronic04.com\/index.php\/wp-json\/wp\/v2\/types\/product"}],"replies":[{"embeddable":true,"href":"https:\/\/giftronic04.com\/index.php\/wp-json\/wp\/v2\/comments?post=9378"}],"wp:featuredmedia":[{"embeddable":true,"href":"https:\/\/giftronic04.com\/index.php\/wp-json\/wp\/v2\/media\/9379"}],"wp:attachment":[{"href":"https:\/\/giftronic04.com\/index.php\/wp-json\/wp\/v2\/media?parent=9378"}],"wp:term":[{"taxonomy":"product_brand","embeddable":true,"href":"https:\/\/giftronic04.com\/index.php\/wp-json\/wp\/v2\/product_brand?post=9378"},{"taxonomy":"product_cat","embeddable":true,"href":"https:\/\/giftronic04.com\/index.php\/wp-json\/wp\/v2\/product_cat?post=9378"},{"taxonomy":"product_tag","embeddable":true,"href":"https:\/\/giftronic04.com\/index.php\/wp-json\/wp\/v2\/product_tag?post=9378"}],"curies":[{"name":"wp","href":"https:\/\/api.w.org\/{rel}","templated":true}]}}