{"id":9528,"date":"2025-10-23T12:30:44","date_gmt":"2025-10-23T17:30:44","guid":{"rendered":"https:\/\/giftronic04.com\/?post_type=product&#038;p=9528"},"modified":"2025-10-29T10:56:09","modified_gmt":"2025-10-29T15:56:09","slug":"videoproyector-acer-aopen-qf12-fhd-led-blanco","status":"publish","type":"product","link":"https:\/\/giftronic04.com\/index.php\/product\/videoproyector-acer-aopen-qf12-fhd-led-blanco\/","title":{"rendered":"Videoproyector ACER AOPEN QF12 FHD LED Blanco"},"content":{"rendered":"<h1 class=\"\"><b>Videoproyector Acer AOPEN QF12: Full HD, 5000 L\u00famenes, 30.000 Horas<\/b><\/h1>\n<p>&nbsp;<\/p>\n<p>&nbsp;<\/p>\n<h2 class=\"\"><b>Resumen del Producto Proyector Acer AOPEN QF12<\/b><\/h2>\n<p>&nbsp;<\/p>\n<p><span class=\"\">Disfruta de tus pel\u00edculas,<\/span><span class=\"\"> programas y videos favoritos desde cualquier lugar que desees con el <\/span><b class=\"\">Videoproyector inal\u00e1mbrico LED Fire Legend QF12<\/b><span class=\"\">.<\/span><span class=\"\"> Cuenta con una fuente de luz de <\/span><b class=\"\">5.000 l\u00famenes<\/b><span class=\"\">,<\/span><span class=\"\"> un altavoz Bluetooth integrado y una vida \u00fatil de hasta <\/span><b class=\"\">30.000 horas<\/b><span class=\"\">.<\/span><span class=\"\"> Proyecta tu contenido donde quiera que vayas.<\/span><\/p>\n<p>&nbsp;<\/p>\n<h2 class=\"\"><b>Caracter\u00edsticas Destacadas Proyector Acer AOPEN QF12<\/b><\/h2>\n<p>&nbsp;<\/p>\n<ul>\n<li><b class=\"\">Disfrute de im\u00e1genes n\u00edtidas con la resoluci\u00f3n FHD.<\/b><\/li>\n<li><b class=\"\">Disfruta hasta 30.000 horas de vida \u00fatil en la l\u00e1mpara.<\/b><\/li>\n<li><b class=\"\">Disfruta de una imagen de hasta 100&#8243; pulgadas.<\/b><\/li>\n<li><b class=\"\">Goza y disfruta con la proyecci\u00f3n inal\u00e1mbrica.<\/b><\/li>\n<li><span class=\"\">Incluye Soporte y control remoto.<\/span><\/li>\n<\/ul>\n<p>&nbsp;<\/p>\n<h2 class=\"\"><b>Especificaciones T\u00e9cnicas<\/b><\/h2>\n<p>&nbsp;<\/p>\n<h3 class=\"\"><b>Generales<\/b><\/h3>\n<p>&nbsp;<\/p>\n<ul>\n<li><b class=\"\">Marca y Referencia:<\/b><a href=\"https:\/\/www.aopen.com\/cl_es\/products_info\/QF12\/\"><span class=\"\"> Acer AOPEN QF12<\/span><\/a><\/li>\n<li><b class=\"\">Tipo:<\/b><span class=\"\"> Proyector<\/span><\/li>\n<li><b class=\"\">Uso:<\/b><span class=\"\"> Hogar &#8211; Entretenimiento<\/span><\/li>\n<li><b class=\"\">Tonalidad de Color:<\/b><span class=\"\"> Blanco<\/span><\/li>\n<li><b class=\"\">Portabilidad:<\/b><span class=\"\"> No es Portable<\/span><\/li>\n<\/ul>\n<p>&nbsp;<\/p>\n<h3 class=\"\"><b>Imagen y Proyecci\u00f3n<\/b><\/h3>\n<p>&nbsp;<\/p>\n<ul>\n<li><b class=\"\">Tecnolog\u00eda de Visualizaci\u00f3n:<\/b><span class=\"\"> DLP<\/span><\/li>\n<li><b class=\"\">Resoluci\u00f3n de Imagen:<\/b> <b class=\"\">Full HD<\/b><\/li>\n<li><b class=\"\">Brillo:<\/b> <b class=\"\">5000 L\u00famenes<\/b><\/li>\n<li><b class=\"\">Tama\u00f1o M\u00e1ximo de Proyecci\u00f3n:<\/b> <b class=\"\">100 Pulgadas<\/b><\/li>\n<li><b class=\"\">Duraci\u00f3n de la L\u00e1mpara (Aprox.):<\/b> <b>30.000 Horas<\/b><\/li>\n<\/ul>\n<p>&nbsp;<\/p>\n<h3><b>Conectividad y Alimentaci\u00f3n<\/b><\/h3>\n<p>&nbsp;<\/p>\n<ul>\n<li><b>Fuentes de Alimentaci\u00f3n:<\/b> Energ\u00eda El\u00e9ctrica<\/li>\n<li><b>Tipos de Puertos:<\/b>\n<ul>\n<li>Puerto <b>HDMI<\/b><\/li>\n<li>Puerto <b>USB 3.2<\/b><\/li>\n<li>Puerto <b>USB Tipo C<\/b><\/li>\n<li>Entrada Tarjeta SD<\/li>\n<\/ul>\n<\/li>\n<li><b>Opciones de Conectividad:<\/b> Conexi\u00f3n Con Cable, USB<\/li>\n<\/ul>\n<p>&nbsp;<\/p>\n<h3><b>Dimensiones F\u00edsicas<\/b><\/h3>\n<p>&nbsp;<\/p>\n<ul>\n<li><b>Ancho o Frente:<\/b> 23.2 Cent\u00edmetros<\/li>\n<li><b>Alto:<\/b> 9.2 Cent\u00edmetros<\/li>\n<li><b>Fondo:<\/b> 23.2 Cent\u00edmetros<\/li>\n<\/ul>\n<p>&nbsp;<\/p>\n<h2><b>Contenido de la Caja<\/b><\/h2>\n<p>&nbsp;<\/p>\n<ul>\n<li>Proyector <b>Acer AOPEN QF12<\/b><\/li>\n<li>Adaptador<\/li>\n<li>Control Remoto<\/li>\n<li>Gu\u00eda de inicio<\/li>\n<\/ul>\n<p>&nbsp;<\/p>\n<h2><b>Informaci\u00f3n Importante<\/b><\/h2>\n<p>&nbsp;<\/p>\n<h3><b>Garant\u00eda<\/b><\/h3>\n<p>&nbsp;<\/p>\n<ul>\n<li>Se otorga <b>1 a\u00f1o de respaldo por defectos de fabricaci\u00f3n<\/b> directamente con la marca, conservando empaques originales.<\/li>\n<li><b>No cubre<\/b> da\u00f1os ocasionados por manipulaci\u00f3n no autorizada, golpes, derrames o mal uso del equipo.<\/li>\n<li>Para cualquier proceso de garant\u00eda, debe entregar el producto con los empaques y accesorios <b>ORIGINALES<\/b>.<\/li>\n<\/ul>\n<p>&nbsp;<\/p>\n<h3><b>Facturaci\u00f3n<\/b><\/h3>\n<p>&nbsp;<\/p>\n<ul>\n<li>La factura es legal de venta (electr\u00f3nica).<\/li>\n<li>Una vez realizada la factura <b>NO se realizan ning\u00fan tipo de modificaciones<\/b>, cambio de factura o cambios de datos.<\/li>\n<li>Aseg\u00farese de que los datos de facturaci\u00f3n sean los correctos antes de finalizar<\/li>\n<li>&lt;a href=\u00bbhttp:\/\/giftronic04.com\u00bb target=\u00bb_blank\u00bb&gt;giftronic04.com&lt;\/a&gt;<\/li>\n<\/ul>\n","protected":false},"excerpt":{"rendered":"<p>Videoproyector Acer AOPEN QF12: Full HD, 5000 L\u00famenes, 30.000 Horas &nbsp; &nbsp; Resumen del Producto Proyector Acer AOPEN QF12 &nbsp; Disfruta de tus pel\u00edculas, programas y videos favoritos desde cualquier lugar que desees con el Videoproyector inal\u00e1mbrico LED Fire Legend QF12. Cuenta con una fuente de luz de 5.000 l\u00famenes, un altavoz Bluetooth integrado y [&hellip;]<\/p>\n","protected":false},"featured_media":9529,"comment_status":"open","ping_status":"closed","template":"","meta":{"_surecart_dashboard_logo_width":"180px","_surecart_dashboard_show_logo":true,"_surecart_dashboard_navigation_orders":true,"_surecart_dashboard_navigation_invoices":true,"_surecart_dashboard_navigation_subscriptions":true,"_surecart_dashboard_navigation_downloads":true,"_surecart_dashboard_navigation_billing":true,"_surecart_dashboard_navigation_account":true,"site-sidebar-layout":"default","site-content-layout":"","ast-site-content-layout":"default","site-content-style":"default","site-sidebar-style":"default","ast-global-header-display":"","ast-banner-title-visibility":"","ast-main-header-display":"","ast-hfb-above-header-display":"","ast-hfb-below-header-display":"","ast-hfb-mobile-header-display":"","site-post-title":"","ast-breadcrumbs-content":"","ast-featured-img":"","footer-sml-layout":"","ast-disable-related-posts":"","theme-transparent-header-meta":"default","adv-header-id-meta":"","stick-header-meta":"","header-above-stick-meta":"","header-main-stick-meta":"","header-below-stick-meta":"","astra-migrate-meta-layouts":"set","ast-page-background-enabled":"default","ast-page-background-meta":{"desktop":{"background-color":"var(--ast-global-color-4)","background-image":"","background-repeat":"repeat","background-position":"center center","background-size":"auto","background-attachment":"scroll","background-type":"","background-media":"","overlay-type":"","overlay-color":"","overlay-opacity":"","overlay-gradient":""},"tablet":{"background-color":"","background-image":"","background-repeat":"repeat","background-position":"center center","background-size":"auto","background-attachment":"scroll","background-type":"","background-media":"","overlay-type":"","overlay-color":"","overlay-opacity":"","overlay-gradient":""},"mobile":{"background-color":"","background-image":"","background-repeat":"repeat","background-position":"center center","background-size":"auto","background-attachment":"scroll","background-type":"","background-media":"","overlay-type":"","overlay-color":"","overlay-opacity":"","overlay-gradient":""}},"ast-content-background-meta":{"desktop":{"background-color":"var(--ast-global-color-5)","background-image":"","background-repeat":"repeat","background-position":"center center","background-size":"auto","background-attachment":"scroll","background-type":"","background-media":"","overlay-type":"","overlay-color":"","overlay-opacity":"","overlay-gradient":""},"tablet":{"background-color":"var(--ast-global-color-5)","background-image":"","background-repeat":"repeat","background-position":"center center","background-size":"auto","background-attachment":"scroll","background-type":"","background-media":"","overlay-type":"","overlay-color":"","overlay-opacity":"","overlay-gradient":""},"mobile":{"background-color":"var(--ast-global-color-5)","background-image":"","background-repeat":"repeat","background-position":"center center","background-size":"auto","background-attachment":"scroll","background-type":"","background-media":"","overlay-type":"","overlay-color":"","overlay-opacity":"","overlay-gradient":""}}},"product_brand":[],"product_cat":[39],"product_tag":[],"class_list":{"0":"post-9528","1":"product","2":"type-product","3":"status-publish","4":"has-post-thumbnail","6":"product_cat-video-beams-y-pantallas","7":"desktop-align-left","8":"tablet-align-left","9":"mobile-align-left","11":"first","12":"instock","13":"sale","14":"taxable","15":"shipping-taxable","16":"purchasable","17":"product-type-simple"},"yoast_head":"<!-- This site is optimized with the Yoast SEO plugin v27.4 - https:\/\/yoast.com\/product\/yoast-seo-wordpress\/ -->\n<title>Proyector Acer AOPEN QF12 Full HD - Proyector LED 5000 Lumen<\/title>\n<meta name=\"description\" content=\"Proyector Acer AOPEN QF12 LED: Disfruta Full HD, 5000 l\u00famenes y 30.000 horas de vida \u00fatil. Ideal para cine en casa. \u00a1Incluye soporte y control!.........\" \/>\n<meta name=\"robots\" content=\"index, follow, max-snippet:-1, max-image-preview:large, max-video-preview:-1\" \/>\n<link rel=\"canonical\" href=\"https:\/\/giftronic04.com\/index.php\/product\/videoproyector-acer-aopen-qf12-fhd-led-blanco\/\" \/>\n<meta property=\"og:locale\" content=\"es_ES\" \/>\n<meta property=\"og:type\" content=\"article\" \/>\n<meta property=\"og:title\" content=\"Proyector Acer AOPEN QF12 Full HD - Proyector LED 5000 Lumen\" \/>\n<meta property=\"og:description\" content=\"Proyector Acer AOPEN QF12 LED: Disfruta Full HD, 5000 l\u00famenes y 30.000 horas de vida \u00fatil. Ideal para cine en casa. \u00a1Incluye soporte y control!.........\" \/>\n<meta property=\"og:url\" content=\"https:\/\/giftronic04.com\/index.php\/product\/videoproyector-acer-aopen-qf12-fhd-led-blanco\/\" \/>\n<meta property=\"og:site_name\" content=\"Giftronic.04\" \/>\n<meta property=\"article:modified_time\" content=\"2025-10-29T15:56:09+00:00\" \/>\n<meta property=\"og:image\" content=\"https:\/\/giftronic04.com\/wp-content\/uploads\/2025\/10\/1.jpg\" \/>\n\t<meta property=\"og:image:width\" content=\"2000\" \/>\n\t<meta property=\"og:image:height\" content=\"2000\" \/>\n\t<meta property=\"og:image:type\" content=\"image\/jpeg\" \/>\n<meta name=\"twitter:card\" content=\"summary_large_image\" \/>\n<meta name=\"twitter:label1\" content=\"Tiempo de lectura\" \/>\n\t<meta name=\"twitter:data1\" content=\"2 minutos\" \/>\n<script type=\"application\/ld+json\" class=\"yoast-schema-graph\">{\"@context\":\"https:\\\/\\\/schema.org\",\"@graph\":[{\"@type\":\"WebPage\",\"@id\":\"https:\\\/\\\/giftronic04.com\\\/index.php\\\/product\\\/videoproyector-acer-aopen-qf12-fhd-led-blanco\\\/\",\"url\":\"https:\\\/\\\/giftronic04.com\\\/index.php\\\/product\\\/videoproyector-acer-aopen-qf12-fhd-led-blanco\\\/\",\"name\":\"Proyector Acer AOPEN QF12 Full HD - Proyector LED 5000 Lumen\",\"isPartOf\":{\"@id\":\"https:\\\/\\\/giftronic04.com\\\/#website\"},\"primaryImageOfPage\":{\"@id\":\"https:\\\/\\\/giftronic04.com\\\/index.php\\\/product\\\/videoproyector-acer-aopen-qf12-fhd-led-blanco\\\/#primaryimage\"},\"image\":{\"@id\":\"https:\\\/\\\/giftronic04.com\\\/index.php\\\/product\\\/videoproyector-acer-aopen-qf12-fhd-led-blanco\\\/#primaryimage\"},\"thumbnailUrl\":\"https:\\\/\\\/giftronic04.com\\\/wp-content\\\/uploads\\\/2025\\\/10\\\/1.jpg\",\"datePublished\":\"2025-10-23T17:30:44+00:00\",\"dateModified\":\"2025-10-29T15:56:09+00:00\",\"description\":\"Proyector Acer AOPEN QF12 LED: Disfruta Full HD, 5000 l\u00famenes y 30.000 horas de vida \u00fatil. Ideal para cine en casa. \u00a1Incluye soporte y control!.........\",\"breadcrumb\":{\"@id\":\"https:\\\/\\\/giftronic04.com\\\/index.php\\\/product\\\/videoproyector-acer-aopen-qf12-fhd-led-blanco\\\/#breadcrumb\"},\"inLanguage\":\"es\",\"potentialAction\":[{\"@type\":\"ReadAction\",\"target\":[\"https:\\\/\\\/giftronic04.com\\\/index.php\\\/product\\\/videoproyector-acer-aopen-qf12-fhd-led-blanco\\\/\"]}]},{\"@type\":\"ImageObject\",\"inLanguage\":\"es\",\"@id\":\"https:\\\/\\\/giftronic04.com\\\/index.php\\\/product\\\/videoproyector-acer-aopen-qf12-fhd-led-blanco\\\/#primaryimage\",\"url\":\"https:\\\/\\\/giftronic04.com\\\/wp-content\\\/uploads\\\/2025\\\/10\\\/1.jpg\",\"contentUrl\":\"https:\\\/\\\/giftronic04.com\\\/wp-content\\\/uploads\\\/2025\\\/10\\\/1.jpg\",\"width\":2000,\"height\":2000,\"caption\":\"videoproyector acer aopen qf12 fhd led blanco\"},{\"@type\":\"BreadcrumbList\",\"@id\":\"https:\\\/\\\/giftronic04.com\\\/index.php\\\/product\\\/videoproyector-acer-aopen-qf12-fhd-led-blanco\\\/#breadcrumb\",\"itemListElement\":[{\"@type\":\"ListItem\",\"position\":1,\"name\":\"Portada\",\"item\":\"https:\\\/\\\/giftronic04.com\\\/\"},{\"@type\":\"ListItem\",\"position\":2,\"name\":\"Tienda\",\"item\":\"https:\\\/\\\/giftronic04.com\\\/index.php\\\/shop\\\/\"},{\"@type\":\"ListItem\",\"position\":3,\"name\":\"Videoproyector ACER AOPEN QF12 FHD LED Blanco\"}]},{\"@type\":\"WebSite\",\"@id\":\"https:\\\/\\\/giftronic04.com\\\/#website\",\"url\":\"https:\\\/\\\/giftronic04.com\\\/\",\"name\":\"Giftronic.04\",\"description\":\"Venta de equipos tecnologicos\",\"publisher\":{\"@id\":\"https:\\\/\\\/giftronic04.com\\\/#organization\"},\"potentialAction\":[{\"@type\":\"SearchAction\",\"target\":{\"@type\":\"EntryPoint\",\"urlTemplate\":\"https:\\\/\\\/giftronic04.com\\\/?s={search_term_string}\"},\"query-input\":{\"@type\":\"PropertyValueSpecification\",\"valueRequired\":true,\"valueName\":\"search_term_string\"}}],\"inLanguage\":\"es\"},{\"@type\":\"Organization\",\"@id\":\"https:\\\/\\\/giftronic04.com\\\/#organization\",\"name\":\"giftronic04\",\"url\":\"https:\\\/\\\/giftronic04.com\\\/\",\"logo\":{\"@type\":\"ImageObject\",\"inLanguage\":\"es\",\"@id\":\"https:\\\/\\\/giftronic04.com\\\/#\\\/schema\\\/logo\\\/image\\\/\",\"url\":\"https:\\\/\\\/giftronic04.com\\\/wp-content\\\/uploads\\\/2021\\\/08\\\/logo.png\",\"contentUrl\":\"https:\\\/\\\/giftronic04.com\\\/wp-content\\\/uploads\\\/2021\\\/08\\\/logo.png\",\"width\":6640,\"height\":2192,\"caption\":\"giftronic04\"},\"image\":{\"@id\":\"https:\\\/\\\/giftronic04.com\\\/#\\\/schema\\\/logo\\\/image\\\/\"},\"sameAs\":[\"https:\\\/\\\/www.instagram.com\\\/giftronic.04\\\/\"]}]}<\/script>\n<!-- \/ Yoast SEO plugin. -->","yoast_head_json":{"title":"Proyector Acer AOPEN QF12 Full HD - Proyector LED 5000 Lumen","description":"Proyector Acer AOPEN QF12 LED: Disfruta Full HD, 5000 l\u00famenes y 30.000 horas de vida \u00fatil. Ideal para cine en casa. \u00a1Incluye soporte y control!.........","robots":{"index":"index","follow":"follow","max-snippet":"max-snippet:-1","max-image-preview":"max-image-preview:large","max-video-preview":"max-video-preview:-1"},"canonical":"https:\/\/giftronic04.com\/index.php\/product\/videoproyector-acer-aopen-qf12-fhd-led-blanco\/","og_locale":"es_ES","og_type":"article","og_title":"Proyector Acer AOPEN QF12 Full HD - Proyector LED 5000 Lumen","og_description":"Proyector Acer AOPEN QF12 LED: Disfruta Full HD, 5000 l\u00famenes y 30.000 horas de vida \u00fatil. Ideal para cine en casa. \u00a1Incluye soporte y control!.........","og_url":"https:\/\/giftronic04.com\/index.php\/product\/videoproyector-acer-aopen-qf12-fhd-led-blanco\/","og_site_name":"Giftronic.04","article_modified_time":"2025-10-29T15:56:09+00:00","og_image":[{"width":2000,"height":2000,"url":"https:\/\/giftronic04.com\/wp-content\/uploads\/2025\/10\/1.jpg","type":"image\/jpeg"}],"twitter_card":"summary_large_image","twitter_misc":{"Tiempo de lectura":"2 minutos"},"schema":{"@context":"https:\/\/schema.org","@graph":[{"@type":"WebPage","@id":"https:\/\/giftronic04.com\/index.php\/product\/videoproyector-acer-aopen-qf12-fhd-led-blanco\/","url":"https:\/\/giftronic04.com\/index.php\/product\/videoproyector-acer-aopen-qf12-fhd-led-blanco\/","name":"Proyector Acer AOPEN QF12 Full HD - Proyector LED 5000 Lumen","isPartOf":{"@id":"https:\/\/giftronic04.com\/#website"},"primaryImageOfPage":{"@id":"https:\/\/giftronic04.com\/index.php\/product\/videoproyector-acer-aopen-qf12-fhd-led-blanco\/#primaryimage"},"image":{"@id":"https:\/\/giftronic04.com\/index.php\/product\/videoproyector-acer-aopen-qf12-fhd-led-blanco\/#primaryimage"},"thumbnailUrl":"https:\/\/giftronic04.com\/wp-content\/uploads\/2025\/10\/1.jpg","datePublished":"2025-10-23T17:30:44+00:00","dateModified":"2025-10-29T15:56:09+00:00","description":"Proyector Acer AOPEN QF12 LED: Disfruta Full HD, 5000 l\u00famenes y 30.000 horas de vida \u00fatil. Ideal para cine en casa. \u00a1Incluye soporte y control!.........","breadcrumb":{"@id":"https:\/\/giftronic04.com\/index.php\/product\/videoproyector-acer-aopen-qf12-fhd-led-blanco\/#breadcrumb"},"inLanguage":"es","potentialAction":[{"@type":"ReadAction","target":["https:\/\/giftronic04.com\/index.php\/product\/videoproyector-acer-aopen-qf12-fhd-led-blanco\/"]}]},{"@type":"ImageObject","inLanguage":"es","@id":"https:\/\/giftronic04.com\/index.php\/product\/videoproyector-acer-aopen-qf12-fhd-led-blanco\/#primaryimage","url":"https:\/\/giftronic04.com\/wp-content\/uploads\/2025\/10\/1.jpg","contentUrl":"https:\/\/giftronic04.com\/wp-content\/uploads\/2025\/10\/1.jpg","width":2000,"height":2000,"caption":"videoproyector acer aopen qf12 fhd led blanco"},{"@type":"BreadcrumbList","@id":"https:\/\/giftronic04.com\/index.php\/product\/videoproyector-acer-aopen-qf12-fhd-led-blanco\/#breadcrumb","itemListElement":[{"@type":"ListItem","position":1,"name":"Portada","item":"https:\/\/giftronic04.com\/"},{"@type":"ListItem","position":2,"name":"Tienda","item":"https:\/\/giftronic04.com\/index.php\/shop\/"},{"@type":"ListItem","position":3,"name":"Videoproyector ACER AOPEN QF12 FHD LED Blanco"}]},{"@type":"WebSite","@id":"https:\/\/giftronic04.com\/#website","url":"https:\/\/giftronic04.com\/","name":"Giftronic.04","description":"Venta de equipos tecnologicos","publisher":{"@id":"https:\/\/giftronic04.com\/#organization"},"potentialAction":[{"@type":"SearchAction","target":{"@type":"EntryPoint","urlTemplate":"https:\/\/giftronic04.com\/?s={search_term_string}"},"query-input":{"@type":"PropertyValueSpecification","valueRequired":true,"valueName":"search_term_string"}}],"inLanguage":"es"},{"@type":"Organization","@id":"https:\/\/giftronic04.com\/#organization","name":"giftronic04","url":"https:\/\/giftronic04.com\/","logo":{"@type":"ImageObject","inLanguage":"es","@id":"https:\/\/giftronic04.com\/#\/schema\/logo\/image\/","url":"https:\/\/giftronic04.com\/wp-content\/uploads\/2021\/08\/logo.png","contentUrl":"https:\/\/giftronic04.com\/wp-content\/uploads\/2021\/08\/logo.png","width":6640,"height":2192,"caption":"giftronic04"},"image":{"@id":"https:\/\/giftronic04.com\/#\/schema\/logo\/image\/"},"sameAs":["https:\/\/www.instagram.com\/giftronic.04\/"]}]}},"jetpack_sharing_enabled":true,"_links":{"self":[{"href":"https:\/\/giftronic04.com\/index.php\/wp-json\/wp\/v2\/product\/9528","targetHints":{"allow":["GET"]}}],"collection":[{"href":"https:\/\/giftronic04.com\/index.php\/wp-json\/wp\/v2\/product"}],"about":[{"href":"https:\/\/giftronic04.com\/index.php\/wp-json\/wp\/v2\/types\/product"}],"replies":[{"embeddable":true,"href":"https:\/\/giftronic04.com\/index.php\/wp-json\/wp\/v2\/comments?post=9528"}],"wp:featuredmedia":[{"embeddable":true,"href":"https:\/\/giftronic04.com\/index.php\/wp-json\/wp\/v2\/media\/9529"}],"wp:attachment":[{"href":"https:\/\/giftronic04.com\/index.php\/wp-json\/wp\/v2\/media?parent=9528"}],"wp:term":[{"taxonomy":"product_brand","embeddable":true,"href":"https:\/\/giftronic04.com\/index.php\/wp-json\/wp\/v2\/product_brand?post=9528"},{"taxonomy":"product_cat","embeddable":true,"href":"https:\/\/giftronic04.com\/index.php\/wp-json\/wp\/v2\/product_cat?post=9528"},{"taxonomy":"product_tag","embeddable":true,"href":"https:\/\/giftronic04.com\/index.php\/wp-json\/wp\/v2\/product_tag?post=9528"}],"curies":[{"name":"wp","href":"https:\/\/api.w.org\/{rel}","templated":true}]}}