{"id":9558,"date":"2025-10-29T13:40:52","date_gmt":"2025-10-29T18:40:52","guid":{"rendered":"https:\/\/giftronic04.com\/?post_type=product&#038;p=9558"},"modified":"2025-12-12T11:23:12","modified_gmt":"2025-12-12T16:23:12","slug":"portatil-hp-15-fc0232la-156-fhd-amd-r3-7320u-8gb-ram-1tb-ssd","status":"publish","type":"product","link":"https:\/\/giftronic04.com\/index.php\/product\/portatil-hp-15-fc0232la-156-fhd-amd-r3-7320u-8gb-ram-1tb-ssd\/","title":{"rendered":"Portatil Hp 15-fc0232la | 15,6&#8242; FHD | AMD R3-7320U | 8GB RAM 1TB SSD"},"content":{"rendered":"<div class=\"avatar_spinner_animation ng-tns-c3598298603-41\"><span style=\"font-size: 2em; font-weight: bold;\">Laptop HP 15-fc0232la AMD Ryzen 3<\/span><\/div>\n<div class=\"response-container-content ng-tns-c1708816963-40\">\n<div class=\"response-content ng-tns-c1708816963-40\">\n<div id=\"model-response-message-contentr_9cbd4bca4c04162f\" class=\"markdown markdown-main-panel animate stronger enable-updated-hr-color\" dir=\"ltr\">\n<p>&nbsp;<\/p>\n<p>&nbsp;<\/p>\n<h1>\ud83c\udf1f HP 15-fc0232la AMD Estilo , Potencia y Sostenibilidad<\/h1>\n<p>&nbsp;<\/p>\n<p><span class=\"\">\u00a1El port\u00e1til <strong>HP 15-fc0232la AMD<\/strong><\/span><span class=\"\">\u00a0combina un dise\u00f1o elegante con materiales reciclados y el poder del procesador <\/span><b class=\"\">AMD Ryzen\u2122 3 7320U<\/b><span class=\"\"> y gr\u00e1ficos AMD Radeon!<\/span><\/p>\n<p><span class=\"\">Disfruta de una visualizaci\u00f3n sorprendente con su pantalla Full HD,<\/span><span class=\"\"> videollamadas din\u00e1micas,<\/span><span class=\"\"> amplio almacenamiento y conexi\u00f3n Wi-Fi ultrarr\u00e1pida.<\/span><span class=\"\"> Este equipo es ideal para trabajar,<\/span><span class=\"\"> crear o entretenerte donde sea y cuando quieras.<\/span><\/p>\n<p><b class=\"\">Caracter\u00edsticas destacadas <span class=\"\"><strong>HP 15-fc0232la<\/strong><\/span>:<\/b><\/p>\n<ul>\n<li><span class=\"\">Dise\u00f1o elegante con enfoque en sostenibilidad (materiales reciclados).<\/span><\/li>\n<li><span class=\"\">Rendimiento superior para multitarea gracias al AMD Ryzen 3.<\/span><\/li>\n<li><span class=\"\">Almacenamiento r\u00e1pido SSD M.<\/span><span class=\"\">2 NVMe.<\/span><\/li>\n<li><span class=\"\">Conectividad ultrarr\u00e1pida (Wi-Fi y Bluetooth).<\/span><\/li>\n<\/ul>\n<p>&nbsp;<\/p>\n<h2 class=\"\">\ud83d\ude80 Especificaciones HP 15-fc0232la AMD Ryzen 3<\/h2>\n<p>&nbsp;<\/p>\n<p><span class=\"\">Utilizamos vi\u00f1etas para que el lector pueda escanear r\u00e1pidamente los detalles del equipo:<\/span><\/p>\n<ul>\n<li><b class=\"\">Referencia:<\/b><span class=\"\"> HP 15-fc0232la<\/span><\/li>\n<li><b class=\"\">Tipo:<\/b><span class=\"\"> LAPTOP<\/span><\/li>\n<li><b class=\"\">Pantalla:<\/b><span class=\"\"> 15.<\/span><span class=\"\">6\u201d Pulgadas Full HD (1920&#215;1080) 250 nits.<\/span><\/li>\n<li><b class=\"\">Procesador:<\/b><span class=\"\"><a href=\"https:\/\/www.amd.com\/en\/products\/processors\/laptop\/ryzen\/7000-series\/amd-ryzen-3-7320u.html\"> AMD Ryzen\u2122 3 7320U<\/a> (aumento m\u00e1ximo del reloj hasta 4,<\/span><span class=\"\">1 GHz,<\/span><span class=\"\"> 4 n\u00facleos,<\/span><span class=\"\"> 8 subprocesos).<\/span><\/li>\n<li><b class=\"\">Memoria RAM:<\/b><span class=\"\"> 8 GB LPDDR5.<\/span><\/li>\n<li><b class=\"\">Almacenamiento:<\/b><span class=\"\"> 1TB\u00a0 SSD M.<\/span><span class=\"\">2 NVMe\u00ae.<\/span><\/li>\n<li><b class=\"\">Sistema Operativo:<\/b><span class=\"\"> Windows 11 Home.<\/span><\/li>\n<li><b class=\"\">Peso:<\/b><span class=\"\"> 1.<\/span><span class=\"\">6 Kilogramos.<\/span><\/li>\n<li><b class=\"\">Color:<\/b><span class=\"\"> Cubierta azul claro de luna,<\/span><span class=\"\"> base y marco de teclado en plata natural.<\/span><\/li>\n<li><b class=\"\">C\u00e1mara:<\/b><span class=\"\"> WEB Integrada.<\/span><\/li>\n<\/ul>\n<p>&nbsp;<\/p>\n<h3 class=\"\">Puertos y Conectividad<\/h3>\n<p>&nbsp;<\/p>\n<ul>\n<li><b class=\"\">Puertos y Salidas:<\/b>\n<ul>\n<li>2x Puertos USB.<\/li>\n<li>1x USB-C\u00ae.<\/li>\n<li>1x HDMI\u00ae.<\/li>\n<li>1x Conector combinado de auriculares\/micr\u00f3fono (3,5 mm).<\/li>\n<li>1x Conector de alimentaci\u00f3n.<\/li>\n<\/ul>\n<\/li>\n<li><b>Opciones Inal\u00e1mbricas:<\/b>\n<ul>\n<li>Wi-Fi\u00ae<\/li>\n<li>Bluetooth<\/li>\n<\/ul>\n<\/li>\n<\/ul>\n<p>&nbsp;<\/p>\n<h2>\ud83d\udee1\ufe0f Pol\u00edticas de Garant\u00eda y Venta<\/h2>\n<p>&nbsp;<\/p>\n<h3>Condiciones de Venta y Facturaci\u00f3n<\/h3>\n<p>&nbsp;<\/p>\n<ol start=\"1\">\n<li><b>Factura Legal de Venta:<\/b> Aseg\u00farese de que los datos de facturaci\u00f3n sean los correctos. Una vez emitida la factura electr\u00f3nica, <b>NO se realizan modificaciones, cambio de factura o cambios de datos<\/b>.<\/li>\n<li><b>Im\u00e1genes del Producto:<\/b> Las im\u00e1genes publicadas son representaciones fotogr\u00e1ficas que ilustran de manera aproximada las caracter\u00edsticas y pueden variar respecto a la realidad.<\/li>\n<\/ol>\n<p>&nbsp;<\/p>\n<h3>Respaldo y Garant\u00eda<\/h3>\n<p>&nbsp;<\/p>\n<ul>\n<li>Se otorga <b>1 a\u00f1o de respaldo<\/b> por defectos de fabricaci\u00f3n directamente con la marca (conservando empaques originales).<\/li>\n<li><b>La garant\u00eda no cubre:<\/b> Da\u00f1os ocasionados por manipulaci\u00f3n no autorizada, golpes, derrames o mal uso del equipo.<\/li>\n<li><b>Devoluci\u00f3n:<\/b> Para cualquier proceso de garant\u00eda debes entregar el producto con los empaques y accesorios <b>ORIGINALES<\/b>.<\/li>\n<li><b>Nota de Bater\u00eda:<\/b> La duraci\u00f3n de la bater\u00eda es un valor aproximado y depende del uso que se le d\u00e9 al equipo.<\/li>\n<li><strong>Este producto es 100% nuevo y original<\/strong> que ha sido repotencializado en una de sus partes para un mayor rendimiento.<\/li>\n<li>&lt;a href=\u00bbhttp:\/\/giftronic04.com\u00bb target=\u00bb_blank\u00bb&gt;giftronic04.com&lt;\/a&gt;<\/li>\n<\/ul>\n<\/div>\n<\/div>\n<\/div>\n","protected":false},"excerpt":{"rendered":"<p>Laptop HP 15-fc0232la AMD Ryzen 3 &nbsp; &nbsp; \ud83c\udf1f HP 15-fc0232la AMD Estilo , Potencia y Sostenibilidad &nbsp; \u00a1El port\u00e1til HP 15-fc0232la AMD\u00a0combina un dise\u00f1o elegante con materiales reciclados y el poder del procesador AMD Ryzen\u2122 3 7320U y gr\u00e1ficos AMD Radeon! Disfruta de una visualizaci\u00f3n sorprendente con su pantalla Full HD, videollamadas din\u00e1micas, amplio [&hellip;]<\/p>\n","protected":false},"featured_media":9551,"comment_status":"open","ping_status":"closed","template":"","meta":{"_surecart_dashboard_logo_width":"180px","_surecart_dashboard_show_logo":true,"_surecart_dashboard_navigation_orders":true,"_surecart_dashboard_navigation_invoices":true,"_surecart_dashboard_navigation_subscriptions":true,"_surecart_dashboard_navigation_downloads":true,"_surecart_dashboard_navigation_billing":true,"_surecart_dashboard_navigation_account":true,"site-sidebar-layout":"default","site-content-layout":"","ast-site-content-layout":"default","site-content-style":"default","site-sidebar-style":"default","ast-global-header-display":"","ast-banner-title-visibility":"","ast-main-header-display":"","ast-hfb-above-header-display":"","ast-hfb-below-header-display":"","ast-hfb-mobile-header-display":"","site-post-title":"","ast-breadcrumbs-content":"","ast-featured-img":"","footer-sml-layout":"","ast-disable-related-posts":"","theme-transparent-header-meta":"default","adv-header-id-meta":"","stick-header-meta":"","header-above-stick-meta":"","header-main-stick-meta":"","header-below-stick-meta":"","astra-migrate-meta-layouts":"set","ast-page-background-enabled":"default","ast-page-background-meta":{"desktop":{"background-color":"var(--ast-global-color-4)","background-image":"","background-repeat":"repeat","background-position":"center center","background-size":"auto","background-attachment":"scroll","background-type":"","background-media":"","overlay-type":"","overlay-color":"","overlay-opacity":"","overlay-gradient":""},"tablet":{"background-color":"","background-image":"","background-repeat":"repeat","background-position":"center center","background-size":"auto","background-attachment":"scroll","background-type":"","background-media":"","overlay-type":"","overlay-color":"","overlay-opacity":"","overlay-gradient":""},"mobile":{"background-color":"","background-image":"","background-repeat":"repeat","background-position":"center center","background-size":"auto","background-attachment":"scroll","background-type":"","background-media":"","overlay-type":"","overlay-color":"","overlay-opacity":"","overlay-gradient":""}},"ast-content-background-meta":{"desktop":{"background-color":"var(--ast-global-color-5)","background-image":"","background-repeat":"repeat","background-position":"center center","background-size":"auto","background-attachment":"scroll","background-type":"","background-media":"","overlay-type":"","overlay-color":"","overlay-opacity":"","overlay-gradient":""},"tablet":{"background-color":"var(--ast-global-color-5)","background-image":"","background-repeat":"repeat","background-position":"center center","background-size":"auto","background-attachment":"scroll","background-type":"","background-media":"","overlay-type":"","overlay-color":"","overlay-opacity":"","overlay-gradient":""},"mobile":{"background-color":"var(--ast-global-color-5)","background-image":"","background-repeat":"repeat","background-position":"center center","background-size":"auto","background-attachment":"scroll","background-type":"","background-media":"","overlay-type":"","overlay-color":"","overlay-opacity":"","overlay-gradient":""}}},"product_brand":[],"product_cat":[22,30],"product_tag":[],"class_list":{"0":"post-9558","1":"product","2":"type-product","3":"status-publish","4":"has-post-thumbnail","6":"product_cat-computacion","7":"product_cat-componentes-de-pc-portatiles","8":"desktop-align-left","9":"tablet-align-left","10":"mobile-align-left","12":"first","13":"outofstock","14":"sale","15":"taxable","16":"shipping-taxable","17":"purchasable","18":"product-type-simple"},"yoast_head":"<!-- This site is optimized with the Yoast SEO plugin v27.5 - https:\/\/yoast.com\/product\/yoast-seo-wordpress\/ -->\n<title>HP 15-fc0232la: 15.6&quot; FHD, AMD Ryzen 3-7320U, 8GB \/ 1TB SSD<\/title>\n<meta name=\"description\" content=\"HP 15-fc0232la AMD Ryzen 3 (AMD R3-7320U, 8GB RAM, 1TB SSD). Dise\u00f1o elegante, Full HD y potencia sostenible para trabajar y crear. \u00a1Compre ahora! ........\" \/>\n<meta name=\"robots\" content=\"index, follow, max-snippet:-1, max-image-preview:large, max-video-preview:-1\" \/>\n<link rel=\"canonical\" href=\"https:\/\/giftronic04.com\/index.php\/product\/portatil-hp-15-fc0232la-156-fhd-amd-r3-7320u-8gb-ram-1tb-ssd\/\" \/>\n<meta property=\"og:locale\" content=\"es_ES\" \/>\n<meta property=\"og:type\" content=\"article\" \/>\n<meta property=\"og:title\" content=\"HP 15-fc0232la: 15.6&quot; FHD, AMD Ryzen 3-7320U, 8GB \/ 1TB SSD\" \/>\n<meta property=\"og:description\" content=\"HP 15-fc0232la AMD Ryzen 3 (AMD R3-7320U, 8GB RAM, 1TB SSD). Dise\u00f1o elegante, Full HD y potencia sostenible para trabajar y crear. \u00a1Compre ahora! ........\" \/>\n<meta property=\"og:url\" content=\"https:\/\/giftronic04.com\/index.php\/product\/portatil-hp-15-fc0232la-156-fhd-amd-r3-7320u-8gb-ram-1tb-ssd\/\" \/>\n<meta property=\"og:site_name\" content=\"Giftronic.04\" \/>\n<meta property=\"article:modified_time\" content=\"2025-12-12T16:23:12+00:00\" \/>\n<meta property=\"og:image\" content=\"https:\/\/giftronic04.com\/wp-content\/uploads\/2025\/10\/LOGO-5.jpg\" \/>\n\t<meta property=\"og:image:width\" content=\"2000\" \/>\n\t<meta property=\"og:image:height\" content=\"2000\" \/>\n\t<meta property=\"og:image:type\" content=\"image\/jpeg\" \/>\n<meta name=\"twitter:card\" content=\"summary_large_image\" \/>\n<meta name=\"twitter:label1\" content=\"Tiempo de lectura\" \/>\n\t<meta name=\"twitter:data1\" content=\"2 minutos\" \/>\n<script type=\"application\/ld+json\" class=\"yoast-schema-graph\">{\"@context\":\"https:\\\/\\\/schema.org\",\"@graph\":[{\"@type\":\"WebPage\",\"@id\":\"https:\\\/\\\/giftronic04.com\\\/index.php\\\/product\\\/portatil-hp-15-fc0232la-156-fhd-amd-r3-7320u-8gb-ram-1tb-ssd\\\/\",\"url\":\"https:\\\/\\\/giftronic04.com\\\/index.php\\\/product\\\/portatil-hp-15-fc0232la-156-fhd-amd-r3-7320u-8gb-ram-1tb-ssd\\\/\",\"name\":\"HP 15-fc0232la: 15.6\\\" FHD, AMD Ryzen 3-7320U, 8GB \\\/ 1TB SSD\",\"isPartOf\":{\"@id\":\"https:\\\/\\\/giftronic04.com\\\/#website\"},\"primaryImageOfPage\":{\"@id\":\"https:\\\/\\\/giftronic04.com\\\/index.php\\\/product\\\/portatil-hp-15-fc0232la-156-fhd-amd-r3-7320u-8gb-ram-1tb-ssd\\\/#primaryimage\"},\"image\":{\"@id\":\"https:\\\/\\\/giftronic04.com\\\/index.php\\\/product\\\/portatil-hp-15-fc0232la-156-fhd-amd-r3-7320u-8gb-ram-1tb-ssd\\\/#primaryimage\"},\"thumbnailUrl\":\"https:\\\/\\\/giftronic04.com\\\/wp-content\\\/uploads\\\/2025\\\/10\\\/LOGO-5.jpg\",\"datePublished\":\"2025-10-29T18:40:52+00:00\",\"dateModified\":\"2025-12-12T16:23:12+00:00\",\"description\":\"HP 15-fc0232la AMD Ryzen 3 (AMD R3-7320U, 8GB RAM, 1TB SSD). Dise\u00f1o elegante, Full HD y potencia sostenible para trabajar y crear. \u00a1Compre ahora! ........\",\"breadcrumb\":{\"@id\":\"https:\\\/\\\/giftronic04.com\\\/index.php\\\/product\\\/portatil-hp-15-fc0232la-156-fhd-amd-r3-7320u-8gb-ram-1tb-ssd\\\/#breadcrumb\"},\"inLanguage\":\"es\",\"potentialAction\":[{\"@type\":\"ReadAction\",\"target\":[\"https:\\\/\\\/giftronic04.com\\\/index.php\\\/product\\\/portatil-hp-15-fc0232la-156-fhd-amd-r3-7320u-8gb-ram-1tb-ssd\\\/\"]}]},{\"@type\":\"ImageObject\",\"inLanguage\":\"es\",\"@id\":\"https:\\\/\\\/giftronic04.com\\\/index.php\\\/product\\\/portatil-hp-15-fc0232la-156-fhd-amd-r3-7320u-8gb-ram-1tb-ssd\\\/#primaryimage\",\"url\":\"https:\\\/\\\/giftronic04.com\\\/wp-content\\\/uploads\\\/2025\\\/10\\\/LOGO-5.jpg\",\"contentUrl\":\"https:\\\/\\\/giftronic04.com\\\/wp-content\\\/uploads\\\/2025\\\/10\\\/LOGO-5.jpg\",\"width\":2000,\"height\":2000,\"caption\":\"portatil hp 15 fc0232la | 15,6' fhd | amd r3 7320u | 8gb ram 512gb ssd\"},{\"@type\":\"BreadcrumbList\",\"@id\":\"https:\\\/\\\/giftronic04.com\\\/index.php\\\/product\\\/portatil-hp-15-fc0232la-156-fhd-amd-r3-7320u-8gb-ram-1tb-ssd\\\/#breadcrumb\",\"itemListElement\":[{\"@type\":\"ListItem\",\"position\":1,\"name\":\"Portada\",\"item\":\"https:\\\/\\\/giftronic04.com\\\/\"},{\"@type\":\"ListItem\",\"position\":2,\"name\":\"Tienda\",\"item\":\"https:\\\/\\\/giftronic04.com\\\/index.php\\\/shop\\\/\"},{\"@type\":\"ListItem\",\"position\":3,\"name\":\"Portatil Hp 15-fc0232la | 15,6&#8242; FHD | AMD R3-7320U | 8GB RAM 1TB SSD\"}]},{\"@type\":\"WebSite\",\"@id\":\"https:\\\/\\\/giftronic04.com\\\/#website\",\"url\":\"https:\\\/\\\/giftronic04.com\\\/\",\"name\":\"Giftronic.04\",\"description\":\"Venta de equipos tecnologicos\",\"publisher\":{\"@id\":\"https:\\\/\\\/giftronic04.com\\\/#organization\"},\"potentialAction\":[{\"@type\":\"SearchAction\",\"target\":{\"@type\":\"EntryPoint\",\"urlTemplate\":\"https:\\\/\\\/giftronic04.com\\\/?s={search_term_string}\"},\"query-input\":{\"@type\":\"PropertyValueSpecification\",\"valueRequired\":true,\"valueName\":\"search_term_string\"}}],\"inLanguage\":\"es\"},{\"@type\":\"Organization\",\"@id\":\"https:\\\/\\\/giftronic04.com\\\/#organization\",\"name\":\"giftronic04\",\"url\":\"https:\\\/\\\/giftronic04.com\\\/\",\"logo\":{\"@type\":\"ImageObject\",\"inLanguage\":\"es\",\"@id\":\"https:\\\/\\\/giftronic04.com\\\/#\\\/schema\\\/logo\\\/image\\\/\",\"url\":\"https:\\\/\\\/giftronic04.com\\\/wp-content\\\/uploads\\\/2021\\\/08\\\/logo.png\",\"contentUrl\":\"https:\\\/\\\/giftronic04.com\\\/wp-content\\\/uploads\\\/2021\\\/08\\\/logo.png\",\"width\":6640,\"height\":2192,\"caption\":\"giftronic04\"},\"image\":{\"@id\":\"https:\\\/\\\/giftronic04.com\\\/#\\\/schema\\\/logo\\\/image\\\/\"},\"sameAs\":[\"https:\\\/\\\/www.instagram.com\\\/giftronic.04\\\/\"]}]}<\/script>\n<!-- \/ Yoast SEO plugin. -->","yoast_head_json":{"title":"HP 15-fc0232la: 15.6\" FHD, AMD Ryzen 3-7320U, 8GB \/ 1TB SSD","description":"HP 15-fc0232la AMD Ryzen 3 (AMD R3-7320U, 8GB RAM, 1TB SSD). Dise\u00f1o elegante, Full HD y potencia sostenible para trabajar y crear. \u00a1Compre ahora! ........","robots":{"index":"index","follow":"follow","max-snippet":"max-snippet:-1","max-image-preview":"max-image-preview:large","max-video-preview":"max-video-preview:-1"},"canonical":"https:\/\/giftronic04.com\/index.php\/product\/portatil-hp-15-fc0232la-156-fhd-amd-r3-7320u-8gb-ram-1tb-ssd\/","og_locale":"es_ES","og_type":"article","og_title":"HP 15-fc0232la: 15.6\" FHD, AMD Ryzen 3-7320U, 8GB \/ 1TB SSD","og_description":"HP 15-fc0232la AMD Ryzen 3 (AMD R3-7320U, 8GB RAM, 1TB SSD). Dise\u00f1o elegante, Full HD y potencia sostenible para trabajar y crear. \u00a1Compre ahora! ........","og_url":"https:\/\/giftronic04.com\/index.php\/product\/portatil-hp-15-fc0232la-156-fhd-amd-r3-7320u-8gb-ram-1tb-ssd\/","og_site_name":"Giftronic.04","article_modified_time":"2025-12-12T16:23:12+00:00","og_image":[{"width":2000,"height":2000,"url":"https:\/\/giftronic04.com\/wp-content\/uploads\/2025\/10\/LOGO-5.jpg","type":"image\/jpeg"}],"twitter_card":"summary_large_image","twitter_misc":{"Tiempo de lectura":"2 minutos"},"schema":{"@context":"https:\/\/schema.org","@graph":[{"@type":"WebPage","@id":"https:\/\/giftronic04.com\/index.php\/product\/portatil-hp-15-fc0232la-156-fhd-amd-r3-7320u-8gb-ram-1tb-ssd\/","url":"https:\/\/giftronic04.com\/index.php\/product\/portatil-hp-15-fc0232la-156-fhd-amd-r3-7320u-8gb-ram-1tb-ssd\/","name":"HP 15-fc0232la: 15.6\" FHD, AMD Ryzen 3-7320U, 8GB \/ 1TB SSD","isPartOf":{"@id":"https:\/\/giftronic04.com\/#website"},"primaryImageOfPage":{"@id":"https:\/\/giftronic04.com\/index.php\/product\/portatil-hp-15-fc0232la-156-fhd-amd-r3-7320u-8gb-ram-1tb-ssd\/#primaryimage"},"image":{"@id":"https:\/\/giftronic04.com\/index.php\/product\/portatil-hp-15-fc0232la-156-fhd-amd-r3-7320u-8gb-ram-1tb-ssd\/#primaryimage"},"thumbnailUrl":"https:\/\/giftronic04.com\/wp-content\/uploads\/2025\/10\/LOGO-5.jpg","datePublished":"2025-10-29T18:40:52+00:00","dateModified":"2025-12-12T16:23:12+00:00","description":"HP 15-fc0232la AMD Ryzen 3 (AMD R3-7320U, 8GB RAM, 1TB SSD). Dise\u00f1o elegante, Full HD y potencia sostenible para trabajar y crear. \u00a1Compre ahora! ........","breadcrumb":{"@id":"https:\/\/giftronic04.com\/index.php\/product\/portatil-hp-15-fc0232la-156-fhd-amd-r3-7320u-8gb-ram-1tb-ssd\/#breadcrumb"},"inLanguage":"es","potentialAction":[{"@type":"ReadAction","target":["https:\/\/giftronic04.com\/index.php\/product\/portatil-hp-15-fc0232la-156-fhd-amd-r3-7320u-8gb-ram-1tb-ssd\/"]}]},{"@type":"ImageObject","inLanguage":"es","@id":"https:\/\/giftronic04.com\/index.php\/product\/portatil-hp-15-fc0232la-156-fhd-amd-r3-7320u-8gb-ram-1tb-ssd\/#primaryimage","url":"https:\/\/giftronic04.com\/wp-content\/uploads\/2025\/10\/LOGO-5.jpg","contentUrl":"https:\/\/giftronic04.com\/wp-content\/uploads\/2025\/10\/LOGO-5.jpg","width":2000,"height":2000,"caption":"portatil hp 15 fc0232la | 15,6' fhd | amd r3 7320u | 8gb ram 512gb ssd"},{"@type":"BreadcrumbList","@id":"https:\/\/giftronic04.com\/index.php\/product\/portatil-hp-15-fc0232la-156-fhd-amd-r3-7320u-8gb-ram-1tb-ssd\/#breadcrumb","itemListElement":[{"@type":"ListItem","position":1,"name":"Portada","item":"https:\/\/giftronic04.com\/"},{"@type":"ListItem","position":2,"name":"Tienda","item":"https:\/\/giftronic04.com\/index.php\/shop\/"},{"@type":"ListItem","position":3,"name":"Portatil Hp 15-fc0232la | 15,6&#8242; FHD | AMD R3-7320U | 8GB RAM 1TB SSD"}]},{"@type":"WebSite","@id":"https:\/\/giftronic04.com\/#website","url":"https:\/\/giftronic04.com\/","name":"Giftronic.04","description":"Venta de equipos tecnologicos","publisher":{"@id":"https:\/\/giftronic04.com\/#organization"},"potentialAction":[{"@type":"SearchAction","target":{"@type":"EntryPoint","urlTemplate":"https:\/\/giftronic04.com\/?s={search_term_string}"},"query-input":{"@type":"PropertyValueSpecification","valueRequired":true,"valueName":"search_term_string"}}],"inLanguage":"es"},{"@type":"Organization","@id":"https:\/\/giftronic04.com\/#organization","name":"giftronic04","url":"https:\/\/giftronic04.com\/","logo":{"@type":"ImageObject","inLanguage":"es","@id":"https:\/\/giftronic04.com\/#\/schema\/logo\/image\/","url":"https:\/\/giftronic04.com\/wp-content\/uploads\/2021\/08\/logo.png","contentUrl":"https:\/\/giftronic04.com\/wp-content\/uploads\/2021\/08\/logo.png","width":6640,"height":2192,"caption":"giftronic04"},"image":{"@id":"https:\/\/giftronic04.com\/#\/schema\/logo\/image\/"},"sameAs":["https:\/\/www.instagram.com\/giftronic.04\/"]}]}},"jetpack_sharing_enabled":true,"_links":{"self":[{"href":"https:\/\/giftronic04.com\/index.php\/wp-json\/wp\/v2\/product\/9558","targetHints":{"allow":["GET"]}}],"collection":[{"href":"https:\/\/giftronic04.com\/index.php\/wp-json\/wp\/v2\/product"}],"about":[{"href":"https:\/\/giftronic04.com\/index.php\/wp-json\/wp\/v2\/types\/product"}],"replies":[{"embeddable":true,"href":"https:\/\/giftronic04.com\/index.php\/wp-json\/wp\/v2\/comments?post=9558"}],"wp:featuredmedia":[{"embeddable":true,"href":"https:\/\/giftronic04.com\/index.php\/wp-json\/wp\/v2\/media\/9551"}],"wp:attachment":[{"href":"https:\/\/giftronic04.com\/index.php\/wp-json\/wp\/v2\/media?parent=9558"}],"wp:term":[{"taxonomy":"product_brand","embeddable":true,"href":"https:\/\/giftronic04.com\/index.php\/wp-json\/wp\/v2\/product_brand?post=9558"},{"taxonomy":"product_cat","embeddable":true,"href":"https:\/\/giftronic04.com\/index.php\/wp-json\/wp\/v2\/product_cat?post=9558"},{"taxonomy":"product_tag","embeddable":true,"href":"https:\/\/giftronic04.com\/index.php\/wp-json\/wp\/v2\/product_tag?post=9558"}],"curies":[{"name":"wp","href":"https:\/\/api.w.org\/{rel}","templated":true}]}}