{"id":9575,"date":"2025-11-06T16:26:30","date_gmt":"2025-11-06T21:26:30","guid":{"rendered":"https:\/\/giftronic04.com\/?post_type=product&#038;p=9575"},"modified":"2025-12-12T11:23:00","modified_gmt":"2025-12-12T16:23:00","slug":"computador-aio-lenovo-ideacentre-24irh9-238-fhd-intel-i5-13420h-16gb-ram-512gb-ssd-luna-gris","status":"publish","type":"product","link":"https:\/\/giftronic04.com\/index.php\/product\/computador-aio-lenovo-ideacentre-24irh9-238-fhd-intel-i5-13420h-16gb-ram-512gb-ssd-luna-gris\/","title":{"rendered":"Computador AIO Lenovo IdeaCentre 24IRH9 | 23,8&#8242; FHD | Intel i5-13420H | 16GB RAM 512GB SSD | Luna Gris"},"content":{"rendered":"<h2>Lenovo IdeaCentre 24IRH9 All In One: Caracter\u00edsticas y Rendimiento<\/h2>\n<p>&nbsp;<\/p>\n<p>El <strong>Lenovo IdeaCentre AIO 24IRH9<\/strong>\u00a0combina un gran rendimiento para la multitarea con un dise\u00f1o elegante y moderno. Es la soluci\u00f3n perfecta para proyectos exigentes, ofreciendo una experiencia r\u00e1pida y envolvente.<\/p>\n<hr \/>\n<p>&nbsp;<\/p>\n<h3><b>Especificaciones Clave del Producto Lenovo IdeaCentre AIO 24IRH9<\/b><\/h3>\n<p>&nbsp;<\/p>\n<ul>\n<li><b>Marca y Referencia:<\/b> Lenovo IdeaCentre 24IRH9<\/li>\n<li><b>Tipo de Equipo:<\/b> All In One (AIO)<\/li>\n<li><b>Color:<\/b> Luna Gris<\/li>\n<li><b>Peso:<\/b> 6 Kilogramos<\/li>\n<li><b>Sistema Operativo:<\/b> Windows 11 Home<\/li>\n<\/ul>\n<hr \/>\n<p>&nbsp;<\/p>\n<h3><b>Rendimiento y Componentes<\/b><\/h3>\n<p>&nbsp;<\/p>\n<ul>\n<li><b>Procesador:<\/b> <a href=\"https:\/\/www.intel.com\/content\/www\/us\/en\/products\/sku\/232173\/intel-core-i513420h-processor-12m-cache-up-to-4-60-ghz\/specifications.html\">Intel\u00ae Core i5-13420H<\/a>.\n<ul>\n<li>Arquitectura: 8 n\u00facleos (4P + 4E) \/ 12 hilos.<\/li>\n<li>Frecuencia P-Core: Hasta <b>4.6 GHz<\/b>.<\/li>\n<li>Frecuencia E-Core: Hasta 3.4 GHz.<\/li>\n<li>Cach\u00e9: 12 MB.<\/li>\n<\/ul>\n<\/li>\n<li><b>Memoria RAM:<\/b> <strong>16<\/strong><b>GB DDR5-5200 SO-DIMM<\/b>.<\/li>\n<li><b>Almacenamiento:<\/b> <b>512GB SSD M.2 NVMe\u00ae<\/b>. Experimente una <b>capacidad de respuesta r\u00e1pida<\/b> gracias a esta tecnolog\u00eda l\u00edder en la industria.<\/li>\n<\/ul>\n<hr \/>\n<p>&nbsp;<\/p>\n<h3><b>Pantalla y Multimedia<\/b><\/h3>\n<p>&nbsp;<\/p>\n<ul>\n<li><b>Tama\u00f1o:<\/b> 23.8 pulgadas.<\/li>\n<li><b>Resoluci\u00f3n:<\/b> FHD (1920&#215;1080) IPS.<\/li>\n<li><b>Caracter\u00edsticas Visuales:<\/b> 250 nits de brillo, <b>100Hz<\/b> de tasa de refresco.<\/li>\n<li><b>Dise\u00f1o:<\/b> Biseles estrechos que logran una relaci\u00f3n pantalla-cuerpo de hasta el <b>93%<\/b>, reduciendo las distracciones visuales.<\/li>\n<li><b>Audio:<\/b> Altavoces Premium para una experiencia de sonido enriquecida.<\/li>\n<li><b>C\u00e1mara WEB:<\/b> Integrada.<\/li>\n<\/ul>\n<hr \/>\n<p>&nbsp;<\/p>\n<h3><b>Conectividad y Puertos<\/b><\/h3>\n<p>&nbsp;<\/p>\n<p>El equipo ofrece m\u00faltiples opciones de conexi\u00f3n para todos sus perif\u00e9ricos y red:<\/p>\n<ul>\n<li><b>Puertos USB:<\/b> 3x USB est\u00e1ndar, 1x <b>USB-C\u00ae<\/b>.<\/li>\n<li><b>Salida de Video:<\/b> 2x <b>HDMI\u00ae<\/b>.<\/li>\n<li><b>Red:<\/b> 1x Ethernet (RJ-45), <b>Wi-Fi\u00ae<\/b> y <b>Bluetooth<\/b>.<\/li>\n<li><b>Audio:<\/b> 1x Conector combinado de auriculares\/micr\u00f3fono (3.5 mm).<\/li>\n<li><b>Energ\u00eda:<\/b> 1x Conector de alimentaci\u00f3n.<\/li>\n<\/ul>\n<hr \/>\n<p>&nbsp;<\/p>\n<h2>Informaci\u00f3n Importante y Garant\u00eda<\/h2>\n<p>&nbsp;<\/p>\n<p>&nbsp;<\/p>\n<h3><b>Recomendaciones Clave<\/b><\/h3>\n<p>&nbsp;<\/p>\n<ul>\n<li><b>Lea cuidadosamente<\/b> la descripci\u00f3n del producto y las condiciones de venta antes de su compra.<\/li>\n<li>La garant\u00eda es de <b>1 a\u00f1o<\/b> por defectos de fabricaci\u00f3n, ofrecida <b>directamente con la marca<\/b>.<\/li>\n<li>Para cualquier proceso de garant\u00eda, debe entregar el producto con los <b>empaques y accesorios ORIGINALES<\/b>.<\/li>\n<li>Este producto es<strong> 100% nuevo y original<\/strong> que ha sido repotencializado en una de sus partes para un mayor rendimiento.<\/li>\n<\/ul>\n<p>&nbsp;<\/p>\n<h3><b>Exclusiones de Garant\u00eda<\/b><\/h3>\n<p>&nbsp;<\/p>\n<p>La garant\u00eda <b>NO cubre<\/b> da\u00f1os ocasionados por:<\/p>\n<ul>\n<li>Manipulaci\u00f3n no autorizada.<\/li>\n<li>Golpes o ca\u00eddas.<\/li>\n<li>Derrames de l\u00edquidos.<\/li>\n<li>Mal uso del equipo.<\/li>\n<\/ul>\n<p>&nbsp;<\/p>\n<h3><b>Proceso de Facturaci\u00f3n<\/b><\/h3>\n<p>&nbsp;<\/p>\n<ul>\n<li>Se emite <b>Factura Legal de Venta<\/b>.<\/li>\n<li>Una vez realizada la factura (que es electr\u00f3nica), <b>NO se admiten modificaciones, cambios de datos o cambio de factura<\/b>. Aseg\u00farese de que sus datos de facturaci\u00f3n sean <b>correctos<\/b> al momento de la compra.<\/li>\n<li>&lt;a href=\u00bbhttp:\/\/giftronic04.com\u00bb target=\u00bb_blank\u00bb&gt;giftronic04.com&lt;\/a&gt;<\/li>\n<\/ul>\n","protected":false},"excerpt":{"rendered":"<p>Lenovo IdeaCentre 24IRH9 All In One: Caracter\u00edsticas y Rendimiento &nbsp; El Lenovo IdeaCentre AIO 24IRH9\u00a0combina un gran rendimiento para la multitarea con un dise\u00f1o elegante y moderno. Es la soluci\u00f3n perfecta para proyectos exigentes, ofreciendo una experiencia r\u00e1pida y envolvente. &nbsp; Especificaciones Clave del Producto Lenovo IdeaCentre AIO 24IRH9 &nbsp; Marca y Referencia: Lenovo IdeaCentre [&hellip;]<\/p>\n","protected":false},"featured_media":9567,"comment_status":"open","ping_status":"closed","template":"","meta":{"_surecart_dashboard_logo_width":"180px","_surecart_dashboard_show_logo":true,"_surecart_dashboard_navigation_orders":true,"_surecart_dashboard_navigation_invoices":true,"_surecart_dashboard_navigation_subscriptions":true,"_surecart_dashboard_navigation_downloads":true,"_surecart_dashboard_navigation_billing":true,"_surecart_dashboard_navigation_account":true,"site-sidebar-layout":"default","site-content-layout":"","ast-site-content-layout":"default","site-content-style":"default","site-sidebar-style":"default","ast-global-header-display":"","ast-banner-title-visibility":"","ast-main-header-display":"","ast-hfb-above-header-display":"","ast-hfb-below-header-display":"","ast-hfb-mobile-header-display":"","site-post-title":"","ast-breadcrumbs-content":"","ast-featured-img":"","footer-sml-layout":"","ast-disable-related-posts":"","theme-transparent-header-meta":"default","adv-header-id-meta":"","stick-header-meta":"","header-above-stick-meta":"","header-main-stick-meta":"","header-below-stick-meta":"","astra-migrate-meta-layouts":"set","ast-page-background-enabled":"default","ast-page-background-meta":{"desktop":{"background-color":"var(--ast-global-color-4)","background-image":"","background-repeat":"repeat","background-position":"center center","background-size":"auto","background-attachment":"scroll","background-type":"","background-media":"","overlay-type":"","overlay-color":"","overlay-opacity":"","overlay-gradient":""},"tablet":{"background-color":"","background-image":"","background-repeat":"repeat","background-position":"center center","background-size":"auto","background-attachment":"scroll","background-type":"","background-media":"","overlay-type":"","overlay-color":"","overlay-opacity":"","overlay-gradient":""},"mobile":{"background-color":"","background-image":"","background-repeat":"repeat","background-position":"center center","background-size":"auto","background-attachment":"scroll","background-type":"","background-media":"","overlay-type":"","overlay-color":"","overlay-opacity":"","overlay-gradient":""}},"ast-content-background-meta":{"desktop":{"background-color":"var(--ast-global-color-5)","background-image":"","background-repeat":"repeat","background-position":"center center","background-size":"auto","background-attachment":"scroll","background-type":"","background-media":"","overlay-type":"","overlay-color":"","overlay-opacity":"","overlay-gradient":""},"tablet":{"background-color":"var(--ast-global-color-5)","background-image":"","background-repeat":"repeat","background-position":"center center","background-size":"auto","background-attachment":"scroll","background-type":"","background-media":"","overlay-type":"","overlay-color":"","overlay-opacity":"","overlay-gradient":""},"mobile":{"background-color":"var(--ast-global-color-5)","background-image":"","background-repeat":"repeat","background-position":"center center","background-size":"auto","background-attachment":"scroll","background-type":"","background-media":"","overlay-type":"","overlay-color":"","overlay-opacity":"","overlay-gradient":""}}},"product_brand":[],"product_cat":[56,22],"product_tag":[],"class_list":{"0":"post-9575","1":"product","2":"type-product","3":"status-publish","4":"has-post-thumbnail","6":"product_cat-all-in-one","7":"product_cat-computacion","8":"desktop-align-left","9":"tablet-align-left","10":"mobile-align-left","12":"first","13":"outofstock","14":"sale","15":"taxable","16":"shipping-taxable","17":"purchasable","18":"product-type-simple"},"yoast_head":"<!-- This site is optimized with the Yoast SEO plugin v27.5 - https:\/\/yoast.com\/product\/yoast-seo-wordpress\/ -->\n<title>Lenovo IdeaCentre AIO 24IRH9 | i5 13\u00aa Gen, Ram DDR5, 23.8&quot; ...<\/title>\n<meta name=\"description\" content=\"Lenovo IdeaCentre AIO 24IRH9 con Intel i5-13420H, Memoria Ram y SSD ultra r\u00e1pido. Pantalla FHD 100Hz. \u00a1Ideal para trabajo y hogar! Aprovecha las ofertas\" \/>\n<meta name=\"robots\" content=\"index, follow, max-snippet:-1, max-image-preview:large, max-video-preview:-1\" \/>\n<link rel=\"canonical\" href=\"https:\/\/giftronic04.com\/index.php\/product\/computador-aio-lenovo-ideacentre-24irh9-238-fhd-intel-i5-13420h-16gb-ram-512gb-ssd-luna-gris\/\" \/>\n<meta property=\"og:locale\" content=\"es_ES\" \/>\n<meta property=\"og:type\" content=\"article\" \/>\n<meta property=\"og:title\" content=\"Lenovo IdeaCentre AIO 24IRH9 | i5 13\u00aa Gen, Ram DDR5, 23.8&quot; ...\" \/>\n<meta property=\"og:description\" content=\"Lenovo IdeaCentre AIO 24IRH9 con Intel i5-13420H, Memoria Ram y SSD ultra r\u00e1pido. Pantalla FHD 100Hz. \u00a1Ideal para trabajo y hogar! Aprovecha las ofertas\" \/>\n<meta property=\"og:url\" content=\"https:\/\/giftronic04.com\/index.php\/product\/computador-aio-lenovo-ideacentre-24irh9-238-fhd-intel-i5-13420h-16gb-ram-512gb-ssd-luna-gris\/\" \/>\n<meta property=\"og:site_name\" content=\"Giftronic.04\" \/>\n<meta property=\"article:modified_time\" content=\"2025-12-12T16:23:00+00:00\" \/>\n<meta property=\"og:image\" content=\"https:\/\/giftronic04.com\/wp-content\/uploads\/2025\/11\/LOGO.jpg\" \/>\n\t<meta property=\"og:image:width\" content=\"2000\" \/>\n\t<meta property=\"og:image:height\" content=\"2000\" \/>\n\t<meta property=\"og:image:type\" content=\"image\/jpeg\" \/>\n<meta name=\"twitter:card\" content=\"summary_large_image\" \/>\n<meta name=\"twitter:label1\" content=\"Tiempo de lectura\" \/>\n\t<meta name=\"twitter:data1\" content=\"2 minutos\" \/>\n<script type=\"application\/ld+json\" class=\"yoast-schema-graph\">{\"@context\":\"https:\\\/\\\/schema.org\",\"@graph\":[{\"@type\":\"WebPage\",\"@id\":\"https:\\\/\\\/giftronic04.com\\\/index.php\\\/product\\\/computador-aio-lenovo-ideacentre-24irh9-238-fhd-intel-i5-13420h-16gb-ram-512gb-ssd-luna-gris\\\/\",\"url\":\"https:\\\/\\\/giftronic04.com\\\/index.php\\\/product\\\/computador-aio-lenovo-ideacentre-24irh9-238-fhd-intel-i5-13420h-16gb-ram-512gb-ssd-luna-gris\\\/\",\"name\":\"Lenovo IdeaCentre AIO 24IRH9 | i5 13\u00aa Gen, Ram DDR5, 23.8\\\" ...\",\"isPartOf\":{\"@id\":\"https:\\\/\\\/giftronic04.com\\\/#website\"},\"primaryImageOfPage\":{\"@id\":\"https:\\\/\\\/giftronic04.com\\\/index.php\\\/product\\\/computador-aio-lenovo-ideacentre-24irh9-238-fhd-intel-i5-13420h-16gb-ram-512gb-ssd-luna-gris\\\/#primaryimage\"},\"image\":{\"@id\":\"https:\\\/\\\/giftronic04.com\\\/index.php\\\/product\\\/computador-aio-lenovo-ideacentre-24irh9-238-fhd-intel-i5-13420h-16gb-ram-512gb-ssd-luna-gris\\\/#primaryimage\"},\"thumbnailUrl\":\"https:\\\/\\\/giftronic04.com\\\/wp-content\\\/uploads\\\/2025\\\/11\\\/LOGO.jpg\",\"datePublished\":\"2025-11-06T21:26:30+00:00\",\"dateModified\":\"2025-12-12T16:23:00+00:00\",\"description\":\"Lenovo IdeaCentre AIO 24IRH9 con Intel i5-13420H, Memoria Ram y SSD ultra r\u00e1pido. Pantalla FHD 100Hz. \u00a1Ideal para trabajo y hogar! Aprovecha las ofertas\",\"breadcrumb\":{\"@id\":\"https:\\\/\\\/giftronic04.com\\\/index.php\\\/product\\\/computador-aio-lenovo-ideacentre-24irh9-238-fhd-intel-i5-13420h-16gb-ram-512gb-ssd-luna-gris\\\/#breadcrumb\"},\"inLanguage\":\"es\",\"potentialAction\":[{\"@type\":\"ReadAction\",\"target\":[\"https:\\\/\\\/giftronic04.com\\\/index.php\\\/product\\\/computador-aio-lenovo-ideacentre-24irh9-238-fhd-intel-i5-13420h-16gb-ram-512gb-ssd-luna-gris\\\/\"]}]},{\"@type\":\"ImageObject\",\"inLanguage\":\"es\",\"@id\":\"https:\\\/\\\/giftronic04.com\\\/index.php\\\/product\\\/computador-aio-lenovo-ideacentre-24irh9-238-fhd-intel-i5-13420h-16gb-ram-512gb-ssd-luna-gris\\\/#primaryimage\",\"url\":\"https:\\\/\\\/giftronic04.com\\\/wp-content\\\/uploads\\\/2025\\\/11\\\/LOGO.jpg\",\"contentUrl\":\"https:\\\/\\\/giftronic04.com\\\/wp-content\\\/uploads\\\/2025\\\/11\\\/LOGO.jpg\",\"width\":2000,\"height\":2000,\"caption\":\"computador aio lenovo ideacentre 24irh9 | 23,8' fhd | intel i5 13420h | 8gb ram 512gb ssd | luna gris\"},{\"@type\":\"BreadcrumbList\",\"@id\":\"https:\\\/\\\/giftronic04.com\\\/index.php\\\/product\\\/computador-aio-lenovo-ideacentre-24irh9-238-fhd-intel-i5-13420h-16gb-ram-512gb-ssd-luna-gris\\\/#breadcrumb\",\"itemListElement\":[{\"@type\":\"ListItem\",\"position\":1,\"name\":\"Portada\",\"item\":\"https:\\\/\\\/giftronic04.com\\\/\"},{\"@type\":\"ListItem\",\"position\":2,\"name\":\"Tienda\",\"item\":\"https:\\\/\\\/giftronic04.com\\\/index.php\\\/shop\\\/\"},{\"@type\":\"ListItem\",\"position\":3,\"name\":\"Computador AIO Lenovo IdeaCentre 24IRH9 | 23,8&#8242; FHD | Intel i5-13420H | 16GB RAM 512GB SSD | Luna Gris\"}]},{\"@type\":\"WebSite\",\"@id\":\"https:\\\/\\\/giftronic04.com\\\/#website\",\"url\":\"https:\\\/\\\/giftronic04.com\\\/\",\"name\":\"Giftronic.04\",\"description\":\"Venta de equipos tecnologicos\",\"publisher\":{\"@id\":\"https:\\\/\\\/giftronic04.com\\\/#organization\"},\"potentialAction\":[{\"@type\":\"SearchAction\",\"target\":{\"@type\":\"EntryPoint\",\"urlTemplate\":\"https:\\\/\\\/giftronic04.com\\\/?s={search_term_string}\"},\"query-input\":{\"@type\":\"PropertyValueSpecification\",\"valueRequired\":true,\"valueName\":\"search_term_string\"}}],\"inLanguage\":\"es\"},{\"@type\":\"Organization\",\"@id\":\"https:\\\/\\\/giftronic04.com\\\/#organization\",\"name\":\"giftronic04\",\"url\":\"https:\\\/\\\/giftronic04.com\\\/\",\"logo\":{\"@type\":\"ImageObject\",\"inLanguage\":\"es\",\"@id\":\"https:\\\/\\\/giftronic04.com\\\/#\\\/schema\\\/logo\\\/image\\\/\",\"url\":\"https:\\\/\\\/giftronic04.com\\\/wp-content\\\/uploads\\\/2021\\\/08\\\/logo.png\",\"contentUrl\":\"https:\\\/\\\/giftronic04.com\\\/wp-content\\\/uploads\\\/2021\\\/08\\\/logo.png\",\"width\":6640,\"height\":2192,\"caption\":\"giftronic04\"},\"image\":{\"@id\":\"https:\\\/\\\/giftronic04.com\\\/#\\\/schema\\\/logo\\\/image\\\/\"},\"sameAs\":[\"https:\\\/\\\/www.instagram.com\\\/giftronic.04\\\/\"]}]}<\/script>\n<!-- \/ Yoast SEO plugin. -->","yoast_head_json":{"title":"Lenovo IdeaCentre AIO 24IRH9 | i5 13\u00aa Gen, Ram DDR5, 23.8\" ...","description":"Lenovo IdeaCentre AIO 24IRH9 con Intel i5-13420H, Memoria Ram y SSD ultra r\u00e1pido. Pantalla FHD 100Hz. \u00a1Ideal para trabajo y hogar! Aprovecha las ofertas","robots":{"index":"index","follow":"follow","max-snippet":"max-snippet:-1","max-image-preview":"max-image-preview:large","max-video-preview":"max-video-preview:-1"},"canonical":"https:\/\/giftronic04.com\/index.php\/product\/computador-aio-lenovo-ideacentre-24irh9-238-fhd-intel-i5-13420h-16gb-ram-512gb-ssd-luna-gris\/","og_locale":"es_ES","og_type":"article","og_title":"Lenovo IdeaCentre AIO 24IRH9 | i5 13\u00aa Gen, Ram DDR5, 23.8\" ...","og_description":"Lenovo IdeaCentre AIO 24IRH9 con Intel i5-13420H, Memoria Ram y SSD ultra r\u00e1pido. Pantalla FHD 100Hz. \u00a1Ideal para trabajo y hogar! Aprovecha las ofertas","og_url":"https:\/\/giftronic04.com\/index.php\/product\/computador-aio-lenovo-ideacentre-24irh9-238-fhd-intel-i5-13420h-16gb-ram-512gb-ssd-luna-gris\/","og_site_name":"Giftronic.04","article_modified_time":"2025-12-12T16:23:00+00:00","og_image":[{"width":2000,"height":2000,"url":"https:\/\/giftronic04.com\/wp-content\/uploads\/2025\/11\/LOGO.jpg","type":"image\/jpeg"}],"twitter_card":"summary_large_image","twitter_misc":{"Tiempo de lectura":"2 minutos"},"schema":{"@context":"https:\/\/schema.org","@graph":[{"@type":"WebPage","@id":"https:\/\/giftronic04.com\/index.php\/product\/computador-aio-lenovo-ideacentre-24irh9-238-fhd-intel-i5-13420h-16gb-ram-512gb-ssd-luna-gris\/","url":"https:\/\/giftronic04.com\/index.php\/product\/computador-aio-lenovo-ideacentre-24irh9-238-fhd-intel-i5-13420h-16gb-ram-512gb-ssd-luna-gris\/","name":"Lenovo IdeaCentre AIO 24IRH9 | i5 13\u00aa Gen, Ram DDR5, 23.8\" ...","isPartOf":{"@id":"https:\/\/giftronic04.com\/#website"},"primaryImageOfPage":{"@id":"https:\/\/giftronic04.com\/index.php\/product\/computador-aio-lenovo-ideacentre-24irh9-238-fhd-intel-i5-13420h-16gb-ram-512gb-ssd-luna-gris\/#primaryimage"},"image":{"@id":"https:\/\/giftronic04.com\/index.php\/product\/computador-aio-lenovo-ideacentre-24irh9-238-fhd-intel-i5-13420h-16gb-ram-512gb-ssd-luna-gris\/#primaryimage"},"thumbnailUrl":"https:\/\/giftronic04.com\/wp-content\/uploads\/2025\/11\/LOGO.jpg","datePublished":"2025-11-06T21:26:30+00:00","dateModified":"2025-12-12T16:23:00+00:00","description":"Lenovo IdeaCentre AIO 24IRH9 con Intel i5-13420H, Memoria Ram y SSD ultra r\u00e1pido. Pantalla FHD 100Hz. \u00a1Ideal para trabajo y hogar! Aprovecha las ofertas","breadcrumb":{"@id":"https:\/\/giftronic04.com\/index.php\/product\/computador-aio-lenovo-ideacentre-24irh9-238-fhd-intel-i5-13420h-16gb-ram-512gb-ssd-luna-gris\/#breadcrumb"},"inLanguage":"es","potentialAction":[{"@type":"ReadAction","target":["https:\/\/giftronic04.com\/index.php\/product\/computador-aio-lenovo-ideacentre-24irh9-238-fhd-intel-i5-13420h-16gb-ram-512gb-ssd-luna-gris\/"]}]},{"@type":"ImageObject","inLanguage":"es","@id":"https:\/\/giftronic04.com\/index.php\/product\/computador-aio-lenovo-ideacentre-24irh9-238-fhd-intel-i5-13420h-16gb-ram-512gb-ssd-luna-gris\/#primaryimage","url":"https:\/\/giftronic04.com\/wp-content\/uploads\/2025\/11\/LOGO.jpg","contentUrl":"https:\/\/giftronic04.com\/wp-content\/uploads\/2025\/11\/LOGO.jpg","width":2000,"height":2000,"caption":"computador aio lenovo ideacentre 24irh9 | 23,8' fhd | intel i5 13420h | 8gb ram 512gb ssd | luna gris"},{"@type":"BreadcrumbList","@id":"https:\/\/giftronic04.com\/index.php\/product\/computador-aio-lenovo-ideacentre-24irh9-238-fhd-intel-i5-13420h-16gb-ram-512gb-ssd-luna-gris\/#breadcrumb","itemListElement":[{"@type":"ListItem","position":1,"name":"Portada","item":"https:\/\/giftronic04.com\/"},{"@type":"ListItem","position":2,"name":"Tienda","item":"https:\/\/giftronic04.com\/index.php\/shop\/"},{"@type":"ListItem","position":3,"name":"Computador AIO Lenovo IdeaCentre 24IRH9 | 23,8&#8242; FHD | Intel i5-13420H | 16GB RAM 512GB SSD | Luna Gris"}]},{"@type":"WebSite","@id":"https:\/\/giftronic04.com\/#website","url":"https:\/\/giftronic04.com\/","name":"Giftronic.04","description":"Venta de equipos tecnologicos","publisher":{"@id":"https:\/\/giftronic04.com\/#organization"},"potentialAction":[{"@type":"SearchAction","target":{"@type":"EntryPoint","urlTemplate":"https:\/\/giftronic04.com\/?s={search_term_string}"},"query-input":{"@type":"PropertyValueSpecification","valueRequired":true,"valueName":"search_term_string"}}],"inLanguage":"es"},{"@type":"Organization","@id":"https:\/\/giftronic04.com\/#organization","name":"giftronic04","url":"https:\/\/giftronic04.com\/","logo":{"@type":"ImageObject","inLanguage":"es","@id":"https:\/\/giftronic04.com\/#\/schema\/logo\/image\/","url":"https:\/\/giftronic04.com\/wp-content\/uploads\/2021\/08\/logo.png","contentUrl":"https:\/\/giftronic04.com\/wp-content\/uploads\/2021\/08\/logo.png","width":6640,"height":2192,"caption":"giftronic04"},"image":{"@id":"https:\/\/giftronic04.com\/#\/schema\/logo\/image\/"},"sameAs":["https:\/\/www.instagram.com\/giftronic.04\/"]}]}},"jetpack_sharing_enabled":true,"_links":{"self":[{"href":"https:\/\/giftronic04.com\/index.php\/wp-json\/wp\/v2\/product\/9575","targetHints":{"allow":["GET"]}}],"collection":[{"href":"https:\/\/giftronic04.com\/index.php\/wp-json\/wp\/v2\/product"}],"about":[{"href":"https:\/\/giftronic04.com\/index.php\/wp-json\/wp\/v2\/types\/product"}],"replies":[{"embeddable":true,"href":"https:\/\/giftronic04.com\/index.php\/wp-json\/wp\/v2\/comments?post=9575"}],"wp:featuredmedia":[{"embeddable":true,"href":"https:\/\/giftronic04.com\/index.php\/wp-json\/wp\/v2\/media\/9567"}],"wp:attachment":[{"href":"https:\/\/giftronic04.com\/index.php\/wp-json\/wp\/v2\/media?parent=9575"}],"wp:term":[{"taxonomy":"product_brand","embeddable":true,"href":"https:\/\/giftronic04.com\/index.php\/wp-json\/wp\/v2\/product_brand?post=9575"},{"taxonomy":"product_cat","embeddable":true,"href":"https:\/\/giftronic04.com\/index.php\/wp-json\/wp\/v2\/product_cat?post=9575"},{"taxonomy":"product_tag","embeddable":true,"href":"https:\/\/giftronic04.com\/index.php\/wp-json\/wp\/v2\/product_tag?post=9575"}],"curies":[{"name":"wp","href":"https:\/\/api.w.org\/{rel}","templated":true}]}}