{"id":9577,"date":"2025-11-10T13:34:22","date_gmt":"2025-11-10T18:34:22","guid":{"rendered":"https:\/\/giftronic04.com\/?post_type=product&#038;p=9577"},"modified":"2025-11-10T13:44:44","modified_gmt":"2025-11-10T18:44:44","slug":"computador-aio-hp-24-cr0256la-238-fhd-tactil-amd-r5-7520u-8gb-ram-512gb-ssd-blanco","status":"publish","type":"product","link":"https:\/\/giftronic04.com\/index.php\/product\/computador-aio-hp-24-cr0256la-238-fhd-tactil-amd-r5-7520u-8gb-ram-512gb-ssd-blanco\/","title":{"rendered":"Computador AIO Hp 24-cr0256la | 23,8&#8242; FHD Tactil | AMD R5-7520U | 8GB RAM 512GB SSD | Blanco"},"content":{"rendered":"<h2>HP 24-cr0256la All-in-One<\/h2>\n<p>&nbsp;<\/p>\n<p>Descubre este compacto computador HP 24-cr0256la AIO de 23,8&#8243; pulgadas. Empodera a las personas para que hagan m\u00e1s en menos tiempo gracias a su <b>potente procesador AMD Serie 7000<\/b>, memoria actualizada y funciones mejoradas para realizar m\u00faltiples tareas. Sin lugar a duda, obtendr\u00e1s mejor desempe\u00f1o y m\u00e1s productividad. Adem\u00e1s, est\u00e1 fabricado de manera responsable usando pl\u00e1sticos reciclados.<\/p>\n<p>&nbsp;<\/p>\n<h3>Especificaciones T\u00e9cnicas HP 24-cr0256la AIO<\/h3>\n<p>&nbsp;<\/p>\n<ul>\n<li><b>Marca y Referencia:<\/b> HP 24-cr0256la<\/li>\n<li><b>Tipo:<\/b> All-in-One<\/li>\n<li><b>Pantalla:<\/b> <b>23,8&#8243; Pulgadas Full HD<\/b> (1920&#215;1080) <b>IPS T\u00e1ctil<\/b><\/li>\n<li><b>Procesador:<\/b> <a href=\"https:\/\/www.amd.com\/es\/products\/processors\/laptop\/ryzen\/7000-series\/amd-ryzen-5-7520u.html\"><b>AMD Ryzen\u2122 5 7520U<\/b><\/a>\n<ul>\n<li><i>Velocidad:<\/i> R\u00e1faga m\u00e1xima de hasta 4,3 GHz<\/li>\n<li><i>N\u00facleos\/Subprocesos:<\/i> 4 n\u00facleos y 8 subprocesos<\/li>\n<\/ul>\n<\/li>\n<li><b>Memoria RAM:<\/b> <b>8GB LPDDR5-5500<\/b><\/li>\n<li><b>Almacenamiento:<\/b> <b>512GB SSD M.2 NVMe\u00ae<\/b><\/li>\n<li><b>Sistema Operativo:<\/b> Windows 11 Home<\/li>\n<li><b>Peso:<\/b> 5,3 Kilogramos<\/li>\n<li><b>Color:<\/b> Blanco n\u00e1car<\/li>\n<\/ul>\n<hr \/>\n<p>&nbsp;<\/p>\n<h3>Conectividad y Puertos HP 24-cr0256la AIO<\/h3>\n<p>&nbsp;<\/p>\n<p>El equipo incluye todos los puertos esenciales para tus perif\u00e9ricos y redes:<\/p>\n<ul>\n<li><b>Puertos USB:<\/b> 4x puertos USB y 1x USB-C\u00ae<\/li>\n<li><b>Video:<\/b> 1x HDMI\u00ae (Salida de video)<\/li>\n<li><b>Red:<\/b> 1x Ethernet (RJ-45)<\/li>\n<li><b>Audio:<\/b> 1x Conector combinado de auriculares\/micr\u00f3fono (3,5 mm)<\/li>\n<li><b>Alimentaci\u00f3n:<\/b> Conector de alimentaci\u00f3n<\/li>\n<\/ul>\n<p>&nbsp;<\/p>\n<h4>Opciones Inal\u00e1mbricas<\/h4>\n<p>&nbsp;<\/p>\n<ul>\n<li><b>Wi-Fi\u00ae<\/b><\/li>\n<li><b>Bluetooth<\/b><\/li>\n<li><strong>Teclado y Mouse Inalambrico<\/strong><\/li>\n<\/ul>\n<blockquote><p>El equipo cuenta con una <b>C\u00e1mara WEB Integrada<\/b> para videollamadas.<\/p><\/blockquote>\n<hr \/>\n<p>&nbsp;<\/p>\n<h2>Importante: Garant\u00eda y Facturaci\u00f3n<\/h2>\n<p>&nbsp;<\/p>\n<p>Por favor, lea cuidadosamente la siguiente informaci\u00f3n antes de la compra.<\/p>\n<p>&nbsp;<\/p>\n<h3>T\u00e9rminos de Garant\u00eda<\/h3>\n<p>&nbsp;<\/p>\n<ul>\n<li>Se otorga <b>1 a\u00f1o de respaldo<\/b> por defectos de fabricaci\u00f3n directamente con la marca HP.<\/li>\n<li><b>Requisito indispensable:<\/b> Debe conservar los <b>empaques y accesorios ORIGINALES<\/b> para cualquier proceso de garant\u00eda.<\/li>\n<li><b>La garant\u00eda NO cubre<\/b> da\u00f1os ocasionados por manipulaci\u00f3n no autorizada, golpes, derrames o mal uso del equipo.<\/li>\n<li>&lt;a href=\u00bbhttp:\/\/giftronic04.com\u00bb target=\u00bb_blank\u00bb&gt;giftronic04.com&lt;\/a&gt;<\/li>\n<\/ul>\n<p>&nbsp;<\/p>\n<h3>Nota sobre Im\u00e1genes<\/h3>\n<p>&nbsp;<\/p>\n<p>Las im\u00e1genes publicadas son representaciones fotogr\u00e1ficas que ilustran de manera aproximada las caracter\u00edsticas de los equipos en venta. Pueden variar respecto a la realidad seg\u00fan la resoluci\u00f3n de estas y del dispositivo que se utilice para observarlas.<\/p>\n<p>&nbsp;<\/p>\n<h3>Factura Legal de Venta<\/h3>\n<p>&nbsp;<\/p>\n<p><b>Aseg\u00farese de que los datos de facturaci\u00f3n sean los correctos antes de finalizar la compra.<\/b><\/p>\n<blockquote><p>Una vez realizada la factura <b>NO se realizan ning\u00fan tipo de modificaciones, cambio de factura o cambios de datos<\/b>, puesto que es facturaci\u00f3n electr\u00f3nica y no admite ning\u00fan tipo de cambio.<\/p><\/blockquote>\n","protected":false},"excerpt":{"rendered":"<p>HP 24-cr0256la All-in-One &nbsp; Descubre este compacto computador HP 24-cr0256la AIO de 23,8&#8243; pulgadas. Empodera a las personas para que hagan m\u00e1s en menos tiempo gracias a su potente procesador AMD Serie 7000, memoria actualizada y funciones mejoradas para realizar m\u00faltiples tareas. Sin lugar a duda, obtendr\u00e1s mejor desempe\u00f1o y m\u00e1s productividad. Adem\u00e1s, est\u00e1 fabricado [&hellip;]<\/p>\n","protected":false},"featured_media":9578,"comment_status":"open","ping_status":"closed","template":"","meta":{"_surecart_dashboard_logo_width":"180px","_surecart_dashboard_show_logo":true,"_surecart_dashboard_navigation_orders":true,"_surecart_dashboard_navigation_invoices":true,"_surecart_dashboard_navigation_subscriptions":true,"_surecart_dashboard_navigation_downloads":true,"_surecart_dashboard_navigation_billing":true,"_surecart_dashboard_navigation_account":true,"site-sidebar-layout":"default","site-content-layout":"","ast-site-content-layout":"default","site-content-style":"default","site-sidebar-style":"default","ast-global-header-display":"","ast-banner-title-visibility":"","ast-main-header-display":"","ast-hfb-above-header-display":"","ast-hfb-below-header-display":"","ast-hfb-mobile-header-display":"","site-post-title":"","ast-breadcrumbs-content":"","ast-featured-img":"","footer-sml-layout":"","ast-disable-related-posts":"","theme-transparent-header-meta":"default","adv-header-id-meta":"","stick-header-meta":"","header-above-stick-meta":"","header-main-stick-meta":"","header-below-stick-meta":"","astra-migrate-meta-layouts":"set","ast-page-background-enabled":"default","ast-page-background-meta":{"desktop":{"background-color":"var(--ast-global-color-4)","background-image":"","background-repeat":"repeat","background-position":"center center","background-size":"auto","background-attachment":"scroll","background-type":"","background-media":"","overlay-type":"","overlay-color":"","overlay-opacity":"","overlay-gradient":""},"tablet":{"background-color":"","background-image":"","background-repeat":"repeat","background-position":"center center","background-size":"auto","background-attachment":"scroll","background-type":"","background-media":"","overlay-type":"","overlay-color":"","overlay-opacity":"","overlay-gradient":""},"mobile":{"background-color":"","background-image":"","background-repeat":"repeat","background-position":"center center","background-size":"auto","background-attachment":"scroll","background-type":"","background-media":"","overlay-type":"","overlay-color":"","overlay-opacity":"","overlay-gradient":""}},"ast-content-background-meta":{"desktop":{"background-color":"var(--ast-global-color-5)","background-image":"","background-repeat":"repeat","background-position":"center center","background-size":"auto","background-attachment":"scroll","background-type":"","background-media":"","overlay-type":"","overlay-color":"","overlay-opacity":"","overlay-gradient":""},"tablet":{"background-color":"var(--ast-global-color-5)","background-image":"","background-repeat":"repeat","background-position":"center center","background-size":"auto","background-attachment":"scroll","background-type":"","background-media":"","overlay-type":"","overlay-color":"","overlay-opacity":"","overlay-gradient":""},"mobile":{"background-color":"var(--ast-global-color-5)","background-image":"","background-repeat":"repeat","background-position":"center center","background-size":"auto","background-attachment":"scroll","background-type":"","background-media":"","overlay-type":"","overlay-color":"","overlay-opacity":"","overlay-gradient":""}}},"product_brand":[],"product_cat":[56,22],"product_tag":[],"class_list":{"0":"post-9577","1":"product","2":"type-product","3":"status-publish","4":"has-post-thumbnail","6":"product_cat-all-in-one","7":"product_cat-computacion","8":"desktop-align-left","9":"tablet-align-left","10":"mobile-align-left","12":"first","13":"instock","14":"sale","15":"taxable","16":"shipping-taxable","17":"purchasable","18":"product-type-simple"},"yoast_head":"<!-- This site is optimized with the Yoast SEO plugin v27.5 - https:\/\/yoast.com\/product\/yoast-seo-wordpress\/ -->\n<title>HP 24-cr0256la AIO | Ryzen 5, 8GB RAM, 512GB SSD | T\u00e1ctil........<\/title>\n<meta name=\"description\" content=\"HP 24-cr0256la AIO con potente AMD Ryzen 5, 8GB RAM y pantalla t\u00e1ctil de 23.8&quot; FHD. Dise\u00f1o elegante en blanco n\u00e1car. \u00a1M\u00e1xima productividad! y ofertas .....\" \/>\n<meta name=\"robots\" content=\"index, follow, max-snippet:-1, max-image-preview:large, max-video-preview:-1\" \/>\n<link rel=\"canonical\" href=\"https:\/\/giftronic04.com\/index.php\/product\/computador-aio-hp-24-cr0256la-238-fhd-tactil-amd-r5-7520u-8gb-ram-512gb-ssd-blanco\/\" \/>\n<meta property=\"og:locale\" content=\"es_ES\" \/>\n<meta property=\"og:type\" content=\"article\" \/>\n<meta property=\"og:title\" content=\"HP 24-cr0256la AIO | Ryzen 5, 8GB RAM, 512GB SSD | T\u00e1ctil........\" \/>\n<meta property=\"og:description\" content=\"HP 24-cr0256la AIO con potente AMD Ryzen 5, 8GB RAM y pantalla t\u00e1ctil de 23.8&quot; FHD. Dise\u00f1o elegante en blanco n\u00e1car. \u00a1M\u00e1xima productividad! y ofertas .....\" \/>\n<meta property=\"og:url\" content=\"https:\/\/giftronic04.com\/index.php\/product\/computador-aio-hp-24-cr0256la-238-fhd-tactil-amd-r5-7520u-8gb-ram-512gb-ssd-blanco\/\" \/>\n<meta property=\"og:site_name\" content=\"Giftronic.04\" \/>\n<meta property=\"article:modified_time\" content=\"2025-11-10T18:44:44+00:00\" \/>\n<meta property=\"og:image\" content=\"https:\/\/giftronic04.com\/wp-content\/uploads\/2025\/11\/LOGO-1.jpg\" \/>\n\t<meta property=\"og:image:width\" content=\"2000\" \/>\n\t<meta property=\"og:image:height\" content=\"2000\" \/>\n\t<meta property=\"og:image:type\" content=\"image\/jpeg\" \/>\n<meta name=\"twitter:card\" content=\"summary_large_image\" \/>\n<meta name=\"twitter:label1\" content=\"Tiempo de lectura\" \/>\n\t<meta name=\"twitter:data1\" content=\"2 minutos\" \/>\n<script type=\"application\/ld+json\" class=\"yoast-schema-graph\">{\"@context\":\"https:\\\/\\\/schema.org\",\"@graph\":[{\"@type\":\"WebPage\",\"@id\":\"https:\\\/\\\/giftronic04.com\\\/index.php\\\/product\\\/computador-aio-hp-24-cr0256la-238-fhd-tactil-amd-r5-7520u-8gb-ram-512gb-ssd-blanco\\\/\",\"url\":\"https:\\\/\\\/giftronic04.com\\\/index.php\\\/product\\\/computador-aio-hp-24-cr0256la-238-fhd-tactil-amd-r5-7520u-8gb-ram-512gb-ssd-blanco\\\/\",\"name\":\"HP 24-cr0256la AIO | Ryzen 5, 8GB RAM, 512GB SSD | T\u00e1ctil........\",\"isPartOf\":{\"@id\":\"https:\\\/\\\/giftronic04.com\\\/#website\"},\"primaryImageOfPage\":{\"@id\":\"https:\\\/\\\/giftronic04.com\\\/index.php\\\/product\\\/computador-aio-hp-24-cr0256la-238-fhd-tactil-amd-r5-7520u-8gb-ram-512gb-ssd-blanco\\\/#primaryimage\"},\"image\":{\"@id\":\"https:\\\/\\\/giftronic04.com\\\/index.php\\\/product\\\/computador-aio-hp-24-cr0256la-238-fhd-tactil-amd-r5-7520u-8gb-ram-512gb-ssd-blanco\\\/#primaryimage\"},\"thumbnailUrl\":\"https:\\\/\\\/giftronic04.com\\\/wp-content\\\/uploads\\\/2025\\\/11\\\/LOGO-1.jpg\",\"datePublished\":\"2025-11-10T18:34:22+00:00\",\"dateModified\":\"2025-11-10T18:44:44+00:00\",\"description\":\"HP 24-cr0256la AIO con potente AMD Ryzen 5, 8GB RAM y pantalla t\u00e1ctil de 23.8\\\" FHD. Dise\u00f1o elegante en blanco n\u00e1car. \u00a1M\u00e1xima productividad! y ofertas .....\",\"breadcrumb\":{\"@id\":\"https:\\\/\\\/giftronic04.com\\\/index.php\\\/product\\\/computador-aio-hp-24-cr0256la-238-fhd-tactil-amd-r5-7520u-8gb-ram-512gb-ssd-blanco\\\/#breadcrumb\"},\"inLanguage\":\"es\",\"potentialAction\":[{\"@type\":\"ReadAction\",\"target\":[\"https:\\\/\\\/giftronic04.com\\\/index.php\\\/product\\\/computador-aio-hp-24-cr0256la-238-fhd-tactil-amd-r5-7520u-8gb-ram-512gb-ssd-blanco\\\/\"]}]},{\"@type\":\"ImageObject\",\"inLanguage\":\"es\",\"@id\":\"https:\\\/\\\/giftronic04.com\\\/index.php\\\/product\\\/computador-aio-hp-24-cr0256la-238-fhd-tactil-amd-r5-7520u-8gb-ram-512gb-ssd-blanco\\\/#primaryimage\",\"url\":\"https:\\\/\\\/giftronic04.com\\\/wp-content\\\/uploads\\\/2025\\\/11\\\/LOGO-1.jpg\",\"contentUrl\":\"https:\\\/\\\/giftronic04.com\\\/wp-content\\\/uploads\\\/2025\\\/11\\\/LOGO-1.jpg\",\"width\":2000,\"height\":2000,\"caption\":\"computador aio hp 24 cr0256la | 23,8' fhd tactil | amd r5 7520u | 8gb ram 512gb ssd | blanco\"},{\"@type\":\"BreadcrumbList\",\"@id\":\"https:\\\/\\\/giftronic04.com\\\/index.php\\\/product\\\/computador-aio-hp-24-cr0256la-238-fhd-tactil-amd-r5-7520u-8gb-ram-512gb-ssd-blanco\\\/#breadcrumb\",\"itemListElement\":[{\"@type\":\"ListItem\",\"position\":1,\"name\":\"Portada\",\"item\":\"https:\\\/\\\/giftronic04.com\\\/\"},{\"@type\":\"ListItem\",\"position\":2,\"name\":\"Tienda\",\"item\":\"https:\\\/\\\/giftronic04.com\\\/index.php\\\/shop\\\/\"},{\"@type\":\"ListItem\",\"position\":3,\"name\":\"Computador AIO Hp 24-cr0256la | 23,8&#8242; FHD Tactil | AMD R5-7520U | 8GB RAM 512GB SSD | Blanco\"}]},{\"@type\":\"WebSite\",\"@id\":\"https:\\\/\\\/giftronic04.com\\\/#website\",\"url\":\"https:\\\/\\\/giftronic04.com\\\/\",\"name\":\"Giftronic.04\",\"description\":\"Venta de equipos tecnologicos\",\"publisher\":{\"@id\":\"https:\\\/\\\/giftronic04.com\\\/#organization\"},\"potentialAction\":[{\"@type\":\"SearchAction\",\"target\":{\"@type\":\"EntryPoint\",\"urlTemplate\":\"https:\\\/\\\/giftronic04.com\\\/?s={search_term_string}\"},\"query-input\":{\"@type\":\"PropertyValueSpecification\",\"valueRequired\":true,\"valueName\":\"search_term_string\"}}],\"inLanguage\":\"es\"},{\"@type\":\"Organization\",\"@id\":\"https:\\\/\\\/giftronic04.com\\\/#organization\",\"name\":\"giftronic04\",\"url\":\"https:\\\/\\\/giftronic04.com\\\/\",\"logo\":{\"@type\":\"ImageObject\",\"inLanguage\":\"es\",\"@id\":\"https:\\\/\\\/giftronic04.com\\\/#\\\/schema\\\/logo\\\/image\\\/\",\"url\":\"https:\\\/\\\/giftronic04.com\\\/wp-content\\\/uploads\\\/2021\\\/08\\\/logo.png\",\"contentUrl\":\"https:\\\/\\\/giftronic04.com\\\/wp-content\\\/uploads\\\/2021\\\/08\\\/logo.png\",\"width\":6640,\"height\":2192,\"caption\":\"giftronic04\"},\"image\":{\"@id\":\"https:\\\/\\\/giftronic04.com\\\/#\\\/schema\\\/logo\\\/image\\\/\"},\"sameAs\":[\"https:\\\/\\\/www.instagram.com\\\/giftronic.04\\\/\"]}]}<\/script>\n<!-- \/ Yoast SEO plugin. -->","yoast_head_json":{"title":"HP 24-cr0256la AIO | Ryzen 5, 8GB RAM, 512GB SSD | T\u00e1ctil........","description":"HP 24-cr0256la AIO con potente AMD Ryzen 5, 8GB RAM y pantalla t\u00e1ctil de 23.8\" FHD. Dise\u00f1o elegante en blanco n\u00e1car. \u00a1M\u00e1xima productividad! y ofertas .....","robots":{"index":"index","follow":"follow","max-snippet":"max-snippet:-1","max-image-preview":"max-image-preview:large","max-video-preview":"max-video-preview:-1"},"canonical":"https:\/\/giftronic04.com\/index.php\/product\/computador-aio-hp-24-cr0256la-238-fhd-tactil-amd-r5-7520u-8gb-ram-512gb-ssd-blanco\/","og_locale":"es_ES","og_type":"article","og_title":"HP 24-cr0256la AIO | Ryzen 5, 8GB RAM, 512GB SSD | T\u00e1ctil........","og_description":"HP 24-cr0256la AIO con potente AMD Ryzen 5, 8GB RAM y pantalla t\u00e1ctil de 23.8\" FHD. Dise\u00f1o elegante en blanco n\u00e1car. \u00a1M\u00e1xima productividad! y ofertas .....","og_url":"https:\/\/giftronic04.com\/index.php\/product\/computador-aio-hp-24-cr0256la-238-fhd-tactil-amd-r5-7520u-8gb-ram-512gb-ssd-blanco\/","og_site_name":"Giftronic.04","article_modified_time":"2025-11-10T18:44:44+00:00","og_image":[{"width":2000,"height":2000,"url":"https:\/\/giftronic04.com\/wp-content\/uploads\/2025\/11\/LOGO-1.jpg","type":"image\/jpeg"}],"twitter_card":"summary_large_image","twitter_misc":{"Tiempo de lectura":"2 minutos"},"schema":{"@context":"https:\/\/schema.org","@graph":[{"@type":"WebPage","@id":"https:\/\/giftronic04.com\/index.php\/product\/computador-aio-hp-24-cr0256la-238-fhd-tactil-amd-r5-7520u-8gb-ram-512gb-ssd-blanco\/","url":"https:\/\/giftronic04.com\/index.php\/product\/computador-aio-hp-24-cr0256la-238-fhd-tactil-amd-r5-7520u-8gb-ram-512gb-ssd-blanco\/","name":"HP 24-cr0256la AIO | Ryzen 5, 8GB RAM, 512GB SSD | T\u00e1ctil........","isPartOf":{"@id":"https:\/\/giftronic04.com\/#website"},"primaryImageOfPage":{"@id":"https:\/\/giftronic04.com\/index.php\/product\/computador-aio-hp-24-cr0256la-238-fhd-tactil-amd-r5-7520u-8gb-ram-512gb-ssd-blanco\/#primaryimage"},"image":{"@id":"https:\/\/giftronic04.com\/index.php\/product\/computador-aio-hp-24-cr0256la-238-fhd-tactil-amd-r5-7520u-8gb-ram-512gb-ssd-blanco\/#primaryimage"},"thumbnailUrl":"https:\/\/giftronic04.com\/wp-content\/uploads\/2025\/11\/LOGO-1.jpg","datePublished":"2025-11-10T18:34:22+00:00","dateModified":"2025-11-10T18:44:44+00:00","description":"HP 24-cr0256la AIO con potente AMD Ryzen 5, 8GB RAM y pantalla t\u00e1ctil de 23.8\" FHD. Dise\u00f1o elegante en blanco n\u00e1car. \u00a1M\u00e1xima productividad! y ofertas .....","breadcrumb":{"@id":"https:\/\/giftronic04.com\/index.php\/product\/computador-aio-hp-24-cr0256la-238-fhd-tactil-amd-r5-7520u-8gb-ram-512gb-ssd-blanco\/#breadcrumb"},"inLanguage":"es","potentialAction":[{"@type":"ReadAction","target":["https:\/\/giftronic04.com\/index.php\/product\/computador-aio-hp-24-cr0256la-238-fhd-tactil-amd-r5-7520u-8gb-ram-512gb-ssd-blanco\/"]}]},{"@type":"ImageObject","inLanguage":"es","@id":"https:\/\/giftronic04.com\/index.php\/product\/computador-aio-hp-24-cr0256la-238-fhd-tactil-amd-r5-7520u-8gb-ram-512gb-ssd-blanco\/#primaryimage","url":"https:\/\/giftronic04.com\/wp-content\/uploads\/2025\/11\/LOGO-1.jpg","contentUrl":"https:\/\/giftronic04.com\/wp-content\/uploads\/2025\/11\/LOGO-1.jpg","width":2000,"height":2000,"caption":"computador aio hp 24 cr0256la | 23,8' fhd tactil | amd r5 7520u | 8gb ram 512gb ssd | blanco"},{"@type":"BreadcrumbList","@id":"https:\/\/giftronic04.com\/index.php\/product\/computador-aio-hp-24-cr0256la-238-fhd-tactil-amd-r5-7520u-8gb-ram-512gb-ssd-blanco\/#breadcrumb","itemListElement":[{"@type":"ListItem","position":1,"name":"Portada","item":"https:\/\/giftronic04.com\/"},{"@type":"ListItem","position":2,"name":"Tienda","item":"https:\/\/giftronic04.com\/index.php\/shop\/"},{"@type":"ListItem","position":3,"name":"Computador AIO Hp 24-cr0256la | 23,8&#8242; FHD Tactil | AMD R5-7520U | 8GB RAM 512GB SSD | Blanco"}]},{"@type":"WebSite","@id":"https:\/\/giftronic04.com\/#website","url":"https:\/\/giftronic04.com\/","name":"Giftronic.04","description":"Venta de equipos tecnologicos","publisher":{"@id":"https:\/\/giftronic04.com\/#organization"},"potentialAction":[{"@type":"SearchAction","target":{"@type":"EntryPoint","urlTemplate":"https:\/\/giftronic04.com\/?s={search_term_string}"},"query-input":{"@type":"PropertyValueSpecification","valueRequired":true,"valueName":"search_term_string"}}],"inLanguage":"es"},{"@type":"Organization","@id":"https:\/\/giftronic04.com\/#organization","name":"giftronic04","url":"https:\/\/giftronic04.com\/","logo":{"@type":"ImageObject","inLanguage":"es","@id":"https:\/\/giftronic04.com\/#\/schema\/logo\/image\/","url":"https:\/\/giftronic04.com\/wp-content\/uploads\/2021\/08\/logo.png","contentUrl":"https:\/\/giftronic04.com\/wp-content\/uploads\/2021\/08\/logo.png","width":6640,"height":2192,"caption":"giftronic04"},"image":{"@id":"https:\/\/giftronic04.com\/#\/schema\/logo\/image\/"},"sameAs":["https:\/\/www.instagram.com\/giftronic.04\/"]}]}},"jetpack_sharing_enabled":true,"_links":{"self":[{"href":"https:\/\/giftronic04.com\/index.php\/wp-json\/wp\/v2\/product\/9577","targetHints":{"allow":["GET"]}}],"collection":[{"href":"https:\/\/giftronic04.com\/index.php\/wp-json\/wp\/v2\/product"}],"about":[{"href":"https:\/\/giftronic04.com\/index.php\/wp-json\/wp\/v2\/types\/product"}],"replies":[{"embeddable":true,"href":"https:\/\/giftronic04.com\/index.php\/wp-json\/wp\/v2\/comments?post=9577"}],"wp:featuredmedia":[{"embeddable":true,"href":"https:\/\/giftronic04.com\/index.php\/wp-json\/wp\/v2\/media\/9578"}],"wp:attachment":[{"href":"https:\/\/giftronic04.com\/index.php\/wp-json\/wp\/v2\/media?parent=9577"}],"wp:term":[{"taxonomy":"product_brand","embeddable":true,"href":"https:\/\/giftronic04.com\/index.php\/wp-json\/wp\/v2\/product_brand?post=9577"},{"taxonomy":"product_cat","embeddable":true,"href":"https:\/\/giftronic04.com\/index.php\/wp-json\/wp\/v2\/product_cat?post=9577"},{"taxonomy":"product_tag","embeddable":true,"href":"https:\/\/giftronic04.com\/index.php\/wp-json\/wp\/v2\/product_tag?post=9577"}],"curies":[{"name":"wp","href":"https:\/\/api.w.org\/{rel}","templated":true}]}}