{"id":9617,"date":"2025-11-18T11:49:00","date_gmt":"2025-11-18T16:49:00","guid":{"rendered":"https:\/\/giftronic04.com\/?post_type=product&#038;p=9617"},"modified":"2026-03-25T12:53:39","modified_gmt":"2026-03-25T17:53:39","slug":"portatil-compumax-onix-series-156-fhd-intel-n150-8gb-ram-512gb-ssd","status":"publish","type":"product","link":"https:\/\/giftronic04.com\/index.php\/product\/portatil-compumax-onix-series-156-fhd-intel-n150-8gb-ram-512gb-ssd\/","title":{"rendered":"Portatil Compumax Onix Series | 15,6&#8242; FHD | Intel N150 | 8GB RAM 512GB SSD"},"content":{"rendered":"<hr data-path-to-node=\"1\" \/>\n<h1>Port\u00e1til Compumax Onix Series<\/h1>\n<p>&nbsp;<\/p>\n<h2>Resumen del Producto Port\u00e1til Compumax Onix Series<\/h2>\n<p>&nbsp;<\/p>\n<p data-path-to-node=\"4\">El Port\u00e1til Compumax Onix Series es un equipo <b>accesible<\/b> dise\u00f1ado para cubrir tus <b>necesidades diarias<\/b> y <b>superar tus expectativas<\/b>.<\/p>\n<p data-path-to-node=\"5\">Su combinaci\u00f3n de <b>memoria RAM generosa<\/b> y <b>almacenamiento en estado s\u00f3lido (SSD)<\/b> garantiza un <b>rendimiento \u00e1gil<\/b> y r\u00e1pido en tus tareas. Adem\u00e1s de un dise\u00f1o extraordinario, disfrutar\u00e1s de:<\/p>\n<ul data-path-to-node=\"6\">\n<li>\n<p data-path-to-node=\"6,0,0\"><b>Entretenimiento Superior:<\/b> Gracias a su sonido de alta calidad.<\/p>\n<\/li>\n<li>\n<p data-path-to-node=\"6,1,0\"><b>Privacidad:<\/b> Incorpora un <b>obturador de privacidad<\/b> en la c\u00e1mara web.<\/p>\n<\/li>\n<\/ul>\n<p>&nbsp;<\/p>\n<h2>Caracter\u00edsticas T\u00e9cnicas<\/h2>\n<p>&nbsp;<\/p>\n<ul data-path-to-node=\"8\">\n<li>\n<p data-path-to-node=\"8,0,0\"><b>Marca y Referencia:<\/b> Port\u00e1til Compumax Onix Series<\/p>\n<\/li>\n<li>\n<p data-path-to-node=\"8,1,0\"><b>Tipo:<\/b> LAPTOP<\/p>\n<\/li>\n<li>\n<p data-path-to-node=\"8,2,0\"><b>Pantalla:<\/b> 15.6 pulgadas Full HD (1920&#215;1080)<\/p>\n<\/li>\n<li>\n<p data-path-to-node=\"8,3,0\"><b>Procesador:<\/b><a href=\"https:\/\/www.intel.la\/content\/www\/xl\/es\/products\/sku\/241636\/intel-processor-n150-6m-cache-up-to-3-60-ghz\/specifications.html\"> Intel\u00ae N150<\/a><\/p>\n<\/li>\n<li>\n<p data-path-to-node=\"8,4,0\"><b>Memoria RAM:<\/b> 8GB<\/p>\n<\/li>\n<li>\n<p data-path-to-node=\"8,5,0\"><b>Almacenamiento:<\/b> 500GB SSD<\/p>\n<\/li>\n<li>\n<p data-path-to-node=\"8,6,0\"><b>Sistema Operativo:<\/b> Windows 11 Home<\/p>\n<\/li>\n<li>\n<p data-path-to-node=\"8,7,0\"><b>Peso:<\/b> 1.7 Kilogramos<\/p>\n<\/li>\n<li>\n<p data-path-to-node=\"8,8,0\"><b>Color:<\/b> Gris<\/p>\n<\/li>\n<li>\n<p data-path-to-node=\"8,9,0\"><b>C\u00e1mara:<\/b> WEB Integrada con obturador de privacidad<\/p>\n<\/li>\n<li>\n<p data-path-to-node=\"8,10,0\"><b>Conexiones Inal\u00e1mbricas:<\/b> Wi-Fi\u00ae y Bluetooth<\/p>\n<\/li>\n<\/ul>\n<p>&nbsp;<\/p>\n<h3>Puertos de Entrada y Salida<\/h3>\n<p>&nbsp;<\/p>\n<p data-path-to-node=\"10\">El equipo incluye todos los puertos esenciales para tu conectividad:<\/p>\n<ul data-path-to-node=\"11\">\n<li>\n<p data-path-to-node=\"11,0,0\">3x puertos USB<\/p>\n<\/li>\n<li>\n<p data-path-to-node=\"11,1,0\">1x USB-C\u00ae<\/p>\n<\/li>\n<li>\n<p data-path-to-node=\"11,2,0\">1x HDMI\u00ae<\/p>\n<\/li>\n<li>\n<p data-path-to-node=\"11,3,0\">1x Conector combinado de auriculares\/micr\u00f3fono (3,5 mm)<\/p>\n<\/li>\n<li>\n<p data-path-to-node=\"11,4,0\">1x Ethernet (RJ-45)<\/p>\n<\/li>\n<li>\n<p data-path-to-node=\"11,5,0\">1x Micro SD<\/p>\n<\/li>\n<li>\n<p data-path-to-node=\"11,6,0\">1x Conector de alimentaci\u00f3n<\/p>\n<\/li>\n<\/ul>\n<blockquote data-path-to-node=\"12\">\n<p data-path-to-node=\"12,0\"><b>Nota sobre la Bater\u00eda:<\/b> La duraci\u00f3n es un valor aproximado y depende del uso que se le d\u00e9 al equipo.<\/p>\n<\/blockquote>\n<hr data-path-to-node=\"13\" \/>\n<h2>Garant\u00eda y Condiciones de Venta<\/h2>\n<p>&nbsp;<\/p>\n<h3>T\u00e9rminos de Garant\u00eda<\/h3>\n<p>&nbsp;<\/p>\n<p data-path-to-node=\"16\">Se otorga <b>1 a\u00f1o de respaldo<\/b> por <b>defectos de fabricaci\u00f3n<\/b> directamente con la marca.<\/p>\n<p data-path-to-node=\"17\">Para hacer efectiva la garant\u00eda, es <b>obligatorio<\/b> entregar el producto con los <b>empaques y accesorios ORIGINALES<\/b>.<\/p>\n<p data-path-to-node=\"18\"><b>La garant\u00eda NO cubre da\u00f1os ocasionados por:<\/b><\/p>\n<ul data-path-to-node=\"19\">\n<li>\n<p data-path-to-node=\"19,0,0\">Manipulaci\u00f3n no autorizada.<\/p>\n<\/li>\n<li>\n<p data-path-to-node=\"19,1,0\">Golpes.<\/p>\n<\/li>\n<li>\n<p data-path-to-node=\"19,2,0\">Derrames.<\/p>\n<\/li>\n<li>\n<p data-path-to-node=\"19,3,0\">Mal uso del equipo.<\/p>\n<\/li>\n<\/ul>\n<p>&nbsp;<\/p>\n<h3>Facturaci\u00f3n Electr\u00f3nica<\/h3>\n<p>&nbsp;<\/p>\n<p data-path-to-node=\"21\"><b>Aseg\u00farate de que los datos de facturaci\u00f3n sean los correctos.<\/b><\/p>\n<p data-path-to-node=\"22\">Una vez que se ha realizado la <b>Factura Legal de Venta<\/b>, <b>NO se realizan modificaciones<\/b> de ning\u00fan tipo (cambio de factura o cambios de datos), ya que es facturaci\u00f3n electr\u00f3nica y no admite cambios posteriores.<\/p>\n<h3>Advertencia de Imagen<\/h3>\n<p>&nbsp;<\/p>\n<p data-path-to-node=\"24\">Las im\u00e1genes publicadas son representaciones fotogr\u00e1ficas que ilustran de manera aproximada las caracter\u00edsticas del equipo y pueden variar respecto a la realidad seg\u00fan la resoluci\u00f3n de estas y del dispositivo que se utilice para observarlas.<\/p>\n<p data-path-to-node=\"24\">&lt;a href=\u00bbhttp:\/\/giftronic04.com\u00bb target=\u00bb_blank\u00bb&gt;giftronic04.com&lt;\/a&gt;<\/p>\n","protected":false},"excerpt":{"rendered":"<p>Port\u00e1til Compumax Onix Series &nbsp; Resumen del Producto Port\u00e1til Compumax Onix Series &nbsp; El Port\u00e1til Compumax Onix Series es un equipo accesible dise\u00f1ado para cubrir tus necesidades diarias y superar tus expectativas. Su combinaci\u00f3n de memoria RAM generosa y almacenamiento en estado s\u00f3lido (SSD) garantiza un rendimiento \u00e1gil y r\u00e1pido en tus tareas. Adem\u00e1s de [&hellip;]<\/p>\n","protected":false},"featured_media":9618,"comment_status":"open","ping_status":"closed","template":"","meta":{"_surecart_dashboard_logo_width":"180px","_surecart_dashboard_show_logo":true,"_surecart_dashboard_navigation_orders":true,"_surecart_dashboard_navigation_invoices":true,"_surecart_dashboard_navigation_subscriptions":true,"_surecart_dashboard_navigation_downloads":true,"_surecart_dashboard_navigation_billing":true,"_surecart_dashboard_navigation_account":true,"site-sidebar-layout":"default","site-content-layout":"","ast-site-content-layout":"default","site-content-style":"default","site-sidebar-style":"default","ast-global-header-display":"","ast-banner-title-visibility":"","ast-main-header-display":"","ast-hfb-above-header-display":"","ast-hfb-below-header-display":"","ast-hfb-mobile-header-display":"","site-post-title":"","ast-breadcrumbs-content":"","ast-featured-img":"","footer-sml-layout":"","ast-disable-related-posts":"","theme-transparent-header-meta":"default","adv-header-id-meta":"","stick-header-meta":"","header-above-stick-meta":"","header-main-stick-meta":"","header-below-stick-meta":"","astra-migrate-meta-layouts":"set","ast-page-background-enabled":"default","ast-page-background-meta":{"desktop":{"background-color":"var(--ast-global-color-4)","background-image":"","background-repeat":"repeat","background-position":"center center","background-size":"auto","background-attachment":"scroll","background-type":"","background-media":"","overlay-type":"","overlay-color":"","overlay-opacity":"","overlay-gradient":""},"tablet":{"background-color":"","background-image":"","background-repeat":"repeat","background-position":"center center","background-size":"auto","background-attachment":"scroll","background-type":"","background-media":"","overlay-type":"","overlay-color":"","overlay-opacity":"","overlay-gradient":""},"mobile":{"background-color":"","background-image":"","background-repeat":"repeat","background-position":"center center","background-size":"auto","background-attachment":"scroll","background-type":"","background-media":"","overlay-type":"","overlay-color":"","overlay-opacity":"","overlay-gradient":""}},"ast-content-background-meta":{"desktop":{"background-color":"var(--ast-global-color-5)","background-image":"","background-repeat":"repeat","background-position":"center center","background-size":"auto","background-attachment":"scroll","background-type":"","background-media":"","overlay-type":"","overlay-color":"","overlay-opacity":"","overlay-gradient":""},"tablet":{"background-color":"var(--ast-global-color-5)","background-image":"","background-repeat":"repeat","background-position":"center center","background-size":"auto","background-attachment":"scroll","background-type":"","background-media":"","overlay-type":"","overlay-color":"","overlay-opacity":"","overlay-gradient":""},"mobile":{"background-color":"var(--ast-global-color-5)","background-image":"","background-repeat":"repeat","background-position":"center center","background-size":"auto","background-attachment":"scroll","background-type":"","background-media":"","overlay-type":"","overlay-color":"","overlay-opacity":"","overlay-gradient":""}}},"product_brand":[],"product_cat":[22,30],"product_tag":[],"class_list":{"0":"post-9617","1":"product","2":"type-product","3":"status-publish","4":"has-post-thumbnail","6":"product_cat-computacion","7":"product_cat-componentes-de-pc-portatiles","8":"desktop-align-left","9":"tablet-align-left","10":"mobile-align-left","12":"first","13":"instock","14":"sale","15":"taxable","16":"shipping-taxable","17":"purchasable","18":"product-type-simple"},"yoast_head":"<!-- This site is optimized with the Yoast SEO plugin v27.5 - https:\/\/yoast.com\/product\/yoast-seo-wordpress\/ -->\n<title>Port\u00e1til Compumax Onix Series Intel N150 | 8GB RAM 500GB SSD<\/title>\n<meta name=\"description\" content=\"Descubre el Port\u00e1til Compumax Onix Series Intel N150: Rendimiento diario con 8GB RAM y 500GB SSD ultrarr\u00e1pido. Pantalla FHD. \u00a1Ideal para trabajo y estudio!\" \/>\n<meta name=\"robots\" content=\"index, follow, max-snippet:-1, max-image-preview:large, max-video-preview:-1\" \/>\n<link rel=\"canonical\" href=\"https:\/\/giftronic04.com\/index.php\/product\/portatil-compumax-onix-series-156-fhd-intel-n150-8gb-ram-512gb-ssd\/\" \/>\n<meta property=\"og:locale\" content=\"es_ES\" \/>\n<meta property=\"og:type\" content=\"article\" \/>\n<meta property=\"og:title\" content=\"Port\u00e1til Compumax Onix Series Intel N150 | 8GB RAM 500GB SSD\" \/>\n<meta property=\"og:description\" content=\"Descubre el Port\u00e1til Compumax Onix Series Intel N150: Rendimiento diario con 8GB RAM y 500GB SSD ultrarr\u00e1pido. Pantalla FHD. \u00a1Ideal para trabajo y estudio!\" \/>\n<meta property=\"og:url\" content=\"https:\/\/giftronic04.com\/index.php\/product\/portatil-compumax-onix-series-156-fhd-intel-n150-8gb-ram-512gb-ssd\/\" \/>\n<meta property=\"og:site_name\" content=\"Giftronic.04\" \/>\n<meta property=\"article:modified_time\" content=\"2026-03-25T17:53:39+00:00\" \/>\n<meta property=\"og:image\" content=\"https:\/\/giftronic04.com\/wp-content\/uploads\/2025\/11\/LOGO-4.jpg\" \/>\n\t<meta property=\"og:image:width\" content=\"2000\" \/>\n\t<meta property=\"og:image:height\" content=\"2000\" \/>\n\t<meta property=\"og:image:type\" content=\"image\/jpeg\" \/>\n<meta name=\"twitter:card\" content=\"summary_large_image\" \/>\n<meta name=\"twitter:label1\" content=\"Tiempo de lectura\" \/>\n\t<meta name=\"twitter:data1\" content=\"2 minutos\" \/>\n<script type=\"application\/ld+json\" class=\"yoast-schema-graph\">{\"@context\":\"https:\\\/\\\/schema.org\",\"@graph\":[{\"@type\":\"WebPage\",\"@id\":\"https:\\\/\\\/giftronic04.com\\\/index.php\\\/product\\\/portatil-compumax-onix-series-156-fhd-intel-n150-8gb-ram-512gb-ssd\\\/\",\"url\":\"https:\\\/\\\/giftronic04.com\\\/index.php\\\/product\\\/portatil-compumax-onix-series-156-fhd-intel-n150-8gb-ram-512gb-ssd\\\/\",\"name\":\"Port\u00e1til Compumax Onix Series Intel N150 | 8GB RAM 500GB SSD\",\"isPartOf\":{\"@id\":\"https:\\\/\\\/giftronic04.com\\\/#website\"},\"primaryImageOfPage\":{\"@id\":\"https:\\\/\\\/giftronic04.com\\\/index.php\\\/product\\\/portatil-compumax-onix-series-156-fhd-intel-n150-8gb-ram-512gb-ssd\\\/#primaryimage\"},\"image\":{\"@id\":\"https:\\\/\\\/giftronic04.com\\\/index.php\\\/product\\\/portatil-compumax-onix-series-156-fhd-intel-n150-8gb-ram-512gb-ssd\\\/#primaryimage\"},\"thumbnailUrl\":\"https:\\\/\\\/giftronic04.com\\\/wp-content\\\/uploads\\\/2025\\\/11\\\/LOGO-4.jpg\",\"datePublished\":\"2025-11-18T16:49:00+00:00\",\"dateModified\":\"2026-03-25T17:53:39+00:00\",\"description\":\"Descubre el Port\u00e1til Compumax Onix Series Intel N150: Rendimiento diario con 8GB RAM y 500GB SSD ultrarr\u00e1pido. Pantalla FHD. \u00a1Ideal para trabajo y estudio!\",\"breadcrumb\":{\"@id\":\"https:\\\/\\\/giftronic04.com\\\/index.php\\\/product\\\/portatil-compumax-onix-series-156-fhd-intel-n150-8gb-ram-512gb-ssd\\\/#breadcrumb\"},\"inLanguage\":\"es\",\"potentialAction\":[{\"@type\":\"ReadAction\",\"target\":[\"https:\\\/\\\/giftronic04.com\\\/index.php\\\/product\\\/portatil-compumax-onix-series-156-fhd-intel-n150-8gb-ram-512gb-ssd\\\/\"]}]},{\"@type\":\"ImageObject\",\"inLanguage\":\"es\",\"@id\":\"https:\\\/\\\/giftronic04.com\\\/index.php\\\/product\\\/portatil-compumax-onix-series-156-fhd-intel-n150-8gb-ram-512gb-ssd\\\/#primaryimage\",\"url\":\"https:\\\/\\\/giftronic04.com\\\/wp-content\\\/uploads\\\/2025\\\/11\\\/LOGO-4.jpg\",\"contentUrl\":\"https:\\\/\\\/giftronic04.com\\\/wp-content\\\/uploads\\\/2025\\\/11\\\/LOGO-4.jpg\",\"width\":2000,\"height\":2000,\"caption\":\"portatil compumax onix series | 15,6' fhd | intel n150 | 8gb ram 512gb ssd\"},{\"@type\":\"BreadcrumbList\",\"@id\":\"https:\\\/\\\/giftronic04.com\\\/index.php\\\/product\\\/portatil-compumax-onix-series-156-fhd-intel-n150-8gb-ram-512gb-ssd\\\/#breadcrumb\",\"itemListElement\":[{\"@type\":\"ListItem\",\"position\":1,\"name\":\"Portada\",\"item\":\"https:\\\/\\\/giftronic04.com\\\/\"},{\"@type\":\"ListItem\",\"position\":2,\"name\":\"Tienda\",\"item\":\"https:\\\/\\\/giftronic04.com\\\/index.php\\\/shop\\\/\"},{\"@type\":\"ListItem\",\"position\":3,\"name\":\"Portatil Compumax Onix Series | 15,6&#8242; FHD | Intel N150 | 8GB RAM 512GB SSD\"}]},{\"@type\":\"WebSite\",\"@id\":\"https:\\\/\\\/giftronic04.com\\\/#website\",\"url\":\"https:\\\/\\\/giftronic04.com\\\/\",\"name\":\"Giftronic.04\",\"description\":\"Venta de equipos tecnologicos\",\"publisher\":{\"@id\":\"https:\\\/\\\/giftronic04.com\\\/#organization\"},\"potentialAction\":[{\"@type\":\"SearchAction\",\"target\":{\"@type\":\"EntryPoint\",\"urlTemplate\":\"https:\\\/\\\/giftronic04.com\\\/?s={search_term_string}\"},\"query-input\":{\"@type\":\"PropertyValueSpecification\",\"valueRequired\":true,\"valueName\":\"search_term_string\"}}],\"inLanguage\":\"es\"},{\"@type\":\"Organization\",\"@id\":\"https:\\\/\\\/giftronic04.com\\\/#organization\",\"name\":\"giftronic04\",\"url\":\"https:\\\/\\\/giftronic04.com\\\/\",\"logo\":{\"@type\":\"ImageObject\",\"inLanguage\":\"es\",\"@id\":\"https:\\\/\\\/giftronic04.com\\\/#\\\/schema\\\/logo\\\/image\\\/\",\"url\":\"https:\\\/\\\/giftronic04.com\\\/wp-content\\\/uploads\\\/2021\\\/08\\\/logo.png\",\"contentUrl\":\"https:\\\/\\\/giftronic04.com\\\/wp-content\\\/uploads\\\/2021\\\/08\\\/logo.png\",\"width\":6640,\"height\":2192,\"caption\":\"giftronic04\"},\"image\":{\"@id\":\"https:\\\/\\\/giftronic04.com\\\/#\\\/schema\\\/logo\\\/image\\\/\"},\"sameAs\":[\"https:\\\/\\\/www.instagram.com\\\/giftronic.04\\\/\"]}]}<\/script>\n<!-- \/ Yoast SEO plugin. -->","yoast_head_json":{"title":"Port\u00e1til Compumax Onix Series Intel N150 | 8GB RAM 500GB SSD","description":"Descubre el Port\u00e1til Compumax Onix Series Intel N150: Rendimiento diario con 8GB RAM y 500GB SSD ultrarr\u00e1pido. Pantalla FHD. \u00a1Ideal para trabajo y estudio!","robots":{"index":"index","follow":"follow","max-snippet":"max-snippet:-1","max-image-preview":"max-image-preview:large","max-video-preview":"max-video-preview:-1"},"canonical":"https:\/\/giftronic04.com\/index.php\/product\/portatil-compumax-onix-series-156-fhd-intel-n150-8gb-ram-512gb-ssd\/","og_locale":"es_ES","og_type":"article","og_title":"Port\u00e1til Compumax Onix Series Intel N150 | 8GB RAM 500GB SSD","og_description":"Descubre el Port\u00e1til Compumax Onix Series Intel N150: Rendimiento diario con 8GB RAM y 500GB SSD ultrarr\u00e1pido. Pantalla FHD. \u00a1Ideal para trabajo y estudio!","og_url":"https:\/\/giftronic04.com\/index.php\/product\/portatil-compumax-onix-series-156-fhd-intel-n150-8gb-ram-512gb-ssd\/","og_site_name":"Giftronic.04","article_modified_time":"2026-03-25T17:53:39+00:00","og_image":[{"width":2000,"height":2000,"url":"https:\/\/giftronic04.com\/wp-content\/uploads\/2025\/11\/LOGO-4.jpg","type":"image\/jpeg"}],"twitter_card":"summary_large_image","twitter_misc":{"Tiempo de lectura":"2 minutos"},"schema":{"@context":"https:\/\/schema.org","@graph":[{"@type":"WebPage","@id":"https:\/\/giftronic04.com\/index.php\/product\/portatil-compumax-onix-series-156-fhd-intel-n150-8gb-ram-512gb-ssd\/","url":"https:\/\/giftronic04.com\/index.php\/product\/portatil-compumax-onix-series-156-fhd-intel-n150-8gb-ram-512gb-ssd\/","name":"Port\u00e1til Compumax Onix Series Intel N150 | 8GB RAM 500GB SSD","isPartOf":{"@id":"https:\/\/giftronic04.com\/#website"},"primaryImageOfPage":{"@id":"https:\/\/giftronic04.com\/index.php\/product\/portatil-compumax-onix-series-156-fhd-intel-n150-8gb-ram-512gb-ssd\/#primaryimage"},"image":{"@id":"https:\/\/giftronic04.com\/index.php\/product\/portatil-compumax-onix-series-156-fhd-intel-n150-8gb-ram-512gb-ssd\/#primaryimage"},"thumbnailUrl":"https:\/\/giftronic04.com\/wp-content\/uploads\/2025\/11\/LOGO-4.jpg","datePublished":"2025-11-18T16:49:00+00:00","dateModified":"2026-03-25T17:53:39+00:00","description":"Descubre el Port\u00e1til Compumax Onix Series Intel N150: Rendimiento diario con 8GB RAM y 500GB SSD ultrarr\u00e1pido. Pantalla FHD. \u00a1Ideal para trabajo y estudio!","breadcrumb":{"@id":"https:\/\/giftronic04.com\/index.php\/product\/portatil-compumax-onix-series-156-fhd-intel-n150-8gb-ram-512gb-ssd\/#breadcrumb"},"inLanguage":"es","potentialAction":[{"@type":"ReadAction","target":["https:\/\/giftronic04.com\/index.php\/product\/portatil-compumax-onix-series-156-fhd-intel-n150-8gb-ram-512gb-ssd\/"]}]},{"@type":"ImageObject","inLanguage":"es","@id":"https:\/\/giftronic04.com\/index.php\/product\/portatil-compumax-onix-series-156-fhd-intel-n150-8gb-ram-512gb-ssd\/#primaryimage","url":"https:\/\/giftronic04.com\/wp-content\/uploads\/2025\/11\/LOGO-4.jpg","contentUrl":"https:\/\/giftronic04.com\/wp-content\/uploads\/2025\/11\/LOGO-4.jpg","width":2000,"height":2000,"caption":"portatil compumax onix series | 15,6' fhd | intel n150 | 8gb ram 512gb ssd"},{"@type":"BreadcrumbList","@id":"https:\/\/giftronic04.com\/index.php\/product\/portatil-compumax-onix-series-156-fhd-intel-n150-8gb-ram-512gb-ssd\/#breadcrumb","itemListElement":[{"@type":"ListItem","position":1,"name":"Portada","item":"https:\/\/giftronic04.com\/"},{"@type":"ListItem","position":2,"name":"Tienda","item":"https:\/\/giftronic04.com\/index.php\/shop\/"},{"@type":"ListItem","position":3,"name":"Portatil Compumax Onix Series | 15,6&#8242; FHD | Intel N150 | 8GB RAM 512GB SSD"}]},{"@type":"WebSite","@id":"https:\/\/giftronic04.com\/#website","url":"https:\/\/giftronic04.com\/","name":"Giftronic.04","description":"Venta de equipos tecnologicos","publisher":{"@id":"https:\/\/giftronic04.com\/#organization"},"potentialAction":[{"@type":"SearchAction","target":{"@type":"EntryPoint","urlTemplate":"https:\/\/giftronic04.com\/?s={search_term_string}"},"query-input":{"@type":"PropertyValueSpecification","valueRequired":true,"valueName":"search_term_string"}}],"inLanguage":"es"},{"@type":"Organization","@id":"https:\/\/giftronic04.com\/#organization","name":"giftronic04","url":"https:\/\/giftronic04.com\/","logo":{"@type":"ImageObject","inLanguage":"es","@id":"https:\/\/giftronic04.com\/#\/schema\/logo\/image\/","url":"https:\/\/giftronic04.com\/wp-content\/uploads\/2021\/08\/logo.png","contentUrl":"https:\/\/giftronic04.com\/wp-content\/uploads\/2021\/08\/logo.png","width":6640,"height":2192,"caption":"giftronic04"},"image":{"@id":"https:\/\/giftronic04.com\/#\/schema\/logo\/image\/"},"sameAs":["https:\/\/www.instagram.com\/giftronic.04\/"]}]}},"jetpack_sharing_enabled":true,"_links":{"self":[{"href":"https:\/\/giftronic04.com\/index.php\/wp-json\/wp\/v2\/product\/9617","targetHints":{"allow":["GET"]}}],"collection":[{"href":"https:\/\/giftronic04.com\/index.php\/wp-json\/wp\/v2\/product"}],"about":[{"href":"https:\/\/giftronic04.com\/index.php\/wp-json\/wp\/v2\/types\/product"}],"replies":[{"embeddable":true,"href":"https:\/\/giftronic04.com\/index.php\/wp-json\/wp\/v2\/comments?post=9617"}],"wp:featuredmedia":[{"embeddable":true,"href":"https:\/\/giftronic04.com\/index.php\/wp-json\/wp\/v2\/media\/9618"}],"wp:attachment":[{"href":"https:\/\/giftronic04.com\/index.php\/wp-json\/wp\/v2\/media?parent=9617"}],"wp:term":[{"taxonomy":"product_brand","embeddable":true,"href":"https:\/\/giftronic04.com\/index.php\/wp-json\/wp\/v2\/product_brand?post=9617"},{"taxonomy":"product_cat","embeddable":true,"href":"https:\/\/giftronic04.com\/index.php\/wp-json\/wp\/v2\/product_cat?post=9617"},{"taxonomy":"product_tag","embeddable":true,"href":"https:\/\/giftronic04.com\/index.php\/wp-json\/wp\/v2\/product_tag?post=9617"}],"curies":[{"name":"wp","href":"https:\/\/api.w.org\/{rel}","templated":true}]}}