{"id":9632,"date":"2025-11-18T18:48:21","date_gmt":"2025-11-18T23:48:21","guid":{"rendered":"https:\/\/giftronic04.com\/?post_type=product&#038;p=9632"},"modified":"2026-02-06T17:08:23","modified_gmt":"2026-02-06T22:08:23","slug":"aio-lenovo-ideacentre-aio-3-24alc6-238-fhd-amd-r7-7730u-8gb-ram-512gb-ssd-negro","status":"publish","type":"product","link":"https:\/\/giftronic04.com\/index.php\/product\/aio-lenovo-ideacentre-aio-3-24alc6-238-fhd-amd-r7-7730u-8gb-ram-512gb-ssd-negro\/","title":{"rendered":"Aio Lenovo IdeaCentre AIO 3 24ALC6 | 23,8&#8242; FHD | AMD R7-7730U | 8GB RAM 512GB SSD | Negro"},"content":{"rendered":"<h2>Lenovo IdeaCentre AIO 3 24ALC6 &#8211; Ficha T\u00e9cnica y Resumen<\/h2>\n<p>&nbsp;<\/p>\n<p data-path-to-node=\"4\">Este equipo <strong>Lenovo IdeaCentre AIO 3<\/strong>\u00a0ofrece un excelente rendimiento para tareas de estudio, trabajo y multimedia, combinando un potente procesador con almacenamiento r\u00e1pido y una pantalla inmersiva.<\/p>\n<h3><\/h3>\n<h3>Caracter\u00edsticas Principales Lenovo IdeaCentre AIO 3<\/h3>\n<p>&nbsp;<\/p>\n<ul data-path-to-node=\"6\">\n<li>\n<p data-path-to-node=\"6,0,0\"><b>Marca y Referencia:<\/b> Lenovo IdeaCentre AIO 3 24ALC6<\/p>\n<\/li>\n<li>\n<p data-path-to-node=\"6,1,0\"><b>Tipo:<\/b> All In One (Todo en Uno)<\/p>\n<\/li>\n<li>\n<p data-path-to-node=\"6,2,0\"><b>Procesador:<\/b> <a href=\"https:\/\/www.amd.com\/es\/products\/processors\/laptop\/ryzen\/7000-series\/amd-ryzen-7-7730u.html\"><b>AMD Ryzen\u2122 7-7730U<\/b> <\/a>(8C\/16T, 2.0 \/ 4.5GHz)<\/p>\n<\/li>\n<li>\n<p data-path-to-node=\"6,3,0\"><b>Memoria RAM:<\/b> <b>8GB<\/b> DDR4-3200<\/p>\n<\/li>\n<li>\n<p data-path-to-node=\"6,4,0\"><b>Almacenamiento:<\/b> <b>512GB SSD M.2 NVMe\u00ae<\/b><\/p>\n<\/li>\n<li>\n<p data-path-to-node=\"6,6,0\"><b>Sistema Operativo:<\/b> Windows 11 Home<\/p>\n<\/li>\n<li>\n<p data-path-to-node=\"6,7,0\"><b>Conectividad Inal\u00e1mbrica:<\/b> <b>Wi-Fi 6<\/b> y Bluetooth<\/p>\n<\/li>\n<li>\n<p data-path-to-node=\"8,3,0\"><b>Tonalidad de Color:<\/b> Negro<\/p>\n<\/li>\n<li>\n<p data-path-to-node=\"8,4,0\"><b>Peso:<\/b> 6,8 Kilogramos<\/p>\n<\/li>\n<\/ul>\n<h3>Pantalla y Multimedia Lenovo IdeaCentre AIO 3<\/h3>\n<p>&nbsp;<\/p>\n<ul data-path-to-node=\"10\">\n<li>\n<p data-path-to-node=\"10,0,0\"><b>Pantalla y Resoluci\u00f3n:<\/b> 23,8 pulgadas Full HD (1920&#215;1080) IPS 250nits<\/p>\n<\/li>\n<li>\n<p data-path-to-node=\"10,1,0\"><b>C\u00e1mara WEB:<\/b> Integrada (Permite videollamadas de claridad y calidad)<\/p>\n<\/li>\n<li>\n<p data-path-to-node=\"10,2,0\"><b>Audio:<\/b> Sonido HD<\/p>\n<\/li>\n<li>\n<p data-path-to-node=\"10,3,0\"><b>Conectividad:<\/b> Wi-Fi\u00ae (incluye <b>Wi-Fi 6<\/b> para mejor velocidad y transferencia de datos) y Bluetooth.<\/p>\n<\/li>\n<\/ul>\n<h3>Puertos de Entrada y Salida<\/h3>\n<p>&nbsp;<\/p>\n<p data-path-to-node=\"12\">El equipo cuenta con los siguientes puertos:<\/p>\n<ul data-path-to-node=\"13\">\n<li>\n<p data-path-to-node=\"13,0,0\"><b>USB:<\/b> 4x puertos USB<\/p>\n<\/li>\n<li>\n<p data-path-to-node=\"13,1,0\"><b>Video:<\/b> 1x HDMI\u00ae<\/p>\n<\/li>\n<li>\n<p data-path-to-node=\"13,2,0\"><b>Red:<\/b> 1x Ethernet (RJ-45)<\/p>\n<\/li>\n<li>\n<p data-path-to-node=\"13,3,0\"><b>Audio:<\/b> 1x Conector combinado de auriculares\/micr\u00f3fono (3,5 mm)<\/p>\n<\/li>\n<li>\n<p data-path-to-node=\"13,4,0\"><b>Alimentaci\u00f3n:<\/b> 1x Conector de alimentaci\u00f3n<\/p>\n<\/li>\n<\/ul>\n<hr data-path-to-node=\"14\" \/>\n<h2>Resumen del Producto<\/h2>\n<p>&nbsp;<\/p>\n<blockquote data-path-to-node=\"16\">\n<p data-path-to-node=\"16,0\">El computador de escritorio todo en uno LENOVO AIO 3 te brinda un <b>excelente rendimiento y velocidad<\/b> para tus tareas de estudio, trabajo y multimedia, gracias a un potente procesador en balance justo de Ram y almacenamiento estado s\u00f3lido. Su pantalla de 23,8&#8243; FHD con <b>bordes minimalistas<\/b> permiten una fluidez y detalle que vas a disfrutar. Cuenta con <b>Wifi 6<\/b> lo cual mejora la velocidad y trasferencia de datos. Su sonido HD y su excelente c\u00e1mara permiten hacer videollamadas de claridad y calidad.<\/p>\n<\/blockquote>\n<blockquote data-path-to-node=\"17\">\n<p data-path-to-node=\"17,0\"><b>Importante:<\/b> Este producto es <b>100% nuevo y original<\/b> que ha sido <b>repotencializado<\/b> en una de sus partes para un mayor rendimiento.<\/p>\n<\/blockquote>\n<hr data-path-to-node=\"18\" \/>\n<h2>Recomendaciones y Condiciones de Venta<\/h2>\n<p>&nbsp;<\/p>\n<ul data-path-to-node=\"20\">\n<li>\n<p data-path-to-node=\"20,0,0\"><b>Garant\u00eda:<\/b> Se otorga <b>1 a\u00f1o de respaldo<\/b> por defectos de fabricaci\u00f3n <b>directamente con la marca<\/b>, conservando empaques originales.<\/p>\n<\/li>\n<li>\n<p data-path-to-node=\"20,1,0\"><b>Exclusiones de Garant\u00eda:<\/b> No cubre da\u00f1os ocasionados por manipulaci\u00f3n no autorizada, golpes, derrames o mal uso del equipo.<\/p>\n<\/li>\n<li>\n<p data-path-to-node=\"20,2,0\"><b>Proceso de Garant\u00eda:<\/b> Para cualquier proceso de garant\u00eda debes entregar el producto con los <b>empaques y accesorios ORIGINALES<\/b>.<\/p>\n<\/li>\n<li>\n<p data-path-to-node=\"20,3,0\"><b>Im\u00e1genes:<\/b> Las im\u00e1genes publicadas son representaciones fotogr\u00e1ficas que ilustran las caracter\u00edsticas de manera aproximada y pueden variar respecto a la realidad.<\/p>\n<\/li>\n<\/ul>\n<h3>Factura Legal de Venta<\/h3>\n<p>&nbsp;<\/p>\n<ul data-path-to-node=\"22\">\n<li>\n<p data-path-to-node=\"22,0,0\">Una vez realizada la factura <b>NO se realizan ning\u00fan tipo de modificaciones<\/b>, cambio de factura o cambios de datos, puesto que es <b>facturaci\u00f3n electr\u00f3nica<\/b> y no admite ning\u00fan tipo de cambio.<\/p>\n<\/li>\n<li>\n<p data-path-to-node=\"22,1,0\">Aseg\u00farate de que los datos de facturaci\u00f3n sean los correctos antes de finalizar la compra.<\/p>\n<\/li>\n<\/ul>\n","protected":false},"excerpt":{"rendered":"<p>Lenovo IdeaCentre AIO 3 24ALC6 &#8211; Ficha T\u00e9cnica y Resumen &nbsp; Este equipo Lenovo IdeaCentre AIO 3\u00a0ofrece un excelente rendimiento para tareas de estudio, trabajo y multimedia, combinando un potente procesador con almacenamiento r\u00e1pido y una pantalla inmersiva. Caracter\u00edsticas Principales Lenovo IdeaCentre AIO 3 &nbsp; Marca y Referencia: Lenovo IdeaCentre AIO 3 24ALC6 Tipo: All [&hellip;]<\/p>\n","protected":false},"featured_media":9626,"comment_status":"open","ping_status":"closed","template":"","meta":{"_surecart_dashboard_logo_width":"180px","_surecart_dashboard_show_logo":true,"_surecart_dashboard_navigation_orders":true,"_surecart_dashboard_navigation_invoices":true,"_surecart_dashboard_navigation_subscriptions":true,"_surecart_dashboard_navigation_downloads":true,"_surecart_dashboard_navigation_billing":true,"_surecart_dashboard_navigation_account":true,"site-sidebar-layout":"default","site-content-layout":"","ast-site-content-layout":"default","site-content-style":"default","site-sidebar-style":"default","ast-global-header-display":"","ast-banner-title-visibility":"","ast-main-header-display":"","ast-hfb-above-header-display":"","ast-hfb-below-header-display":"","ast-hfb-mobile-header-display":"","site-post-title":"","ast-breadcrumbs-content":"","ast-featured-img":"","footer-sml-layout":"","ast-disable-related-posts":"","theme-transparent-header-meta":"default","adv-header-id-meta":"","stick-header-meta":"","header-above-stick-meta":"","header-main-stick-meta":"","header-below-stick-meta":"","astra-migrate-meta-layouts":"set","ast-page-background-enabled":"default","ast-page-background-meta":{"desktop":{"background-color":"var(--ast-global-color-4)","background-image":"","background-repeat":"repeat","background-position":"center center","background-size":"auto","background-attachment":"scroll","background-type":"","background-media":"","overlay-type":"","overlay-color":"","overlay-opacity":"","overlay-gradient":""},"tablet":{"background-color":"","background-image":"","background-repeat":"repeat","background-position":"center center","background-size":"auto","background-attachment":"scroll","background-type":"","background-media":"","overlay-type":"","overlay-color":"","overlay-opacity":"","overlay-gradient":""},"mobile":{"background-color":"","background-image":"","background-repeat":"repeat","background-position":"center center","background-size":"auto","background-attachment":"scroll","background-type":"","background-media":"","overlay-type":"","overlay-color":"","overlay-opacity":"","overlay-gradient":""}},"ast-content-background-meta":{"desktop":{"background-color":"var(--ast-global-color-5)","background-image":"","background-repeat":"repeat","background-position":"center center","background-size":"auto","background-attachment":"scroll","background-type":"","background-media":"","overlay-type":"","overlay-color":"","overlay-opacity":"","overlay-gradient":""},"tablet":{"background-color":"var(--ast-global-color-5)","background-image":"","background-repeat":"repeat","background-position":"center center","background-size":"auto","background-attachment":"scroll","background-type":"","background-media":"","overlay-type":"","overlay-color":"","overlay-opacity":"","overlay-gradient":""},"mobile":{"background-color":"var(--ast-global-color-5)","background-image":"","background-repeat":"repeat","background-position":"center center","background-size":"auto","background-attachment":"scroll","background-type":"","background-media":"","overlay-type":"","overlay-color":"","overlay-opacity":"","overlay-gradient":""}}},"product_brand":[],"product_cat":[56,22],"product_tag":[],"class_list":{"0":"post-9632","1":"product","2":"type-product","3":"status-publish","4":"has-post-thumbnail","6":"product_cat-all-in-one","7":"product_cat-computacion","8":"desktop-align-left","9":"tablet-align-left","10":"mobile-align-left","12":"first","13":"instock","14":"sale","15":"taxable","16":"shipping-taxable","17":"purchasable","18":"product-type-simple"},"yoast_head":"<!-- This site is optimized with the Yoast SEO plugin v27.5 - https:\/\/yoast.com\/product\/yoast-seo-wordpress\/ -->\n<title>Lenovo IdeaCentre AIO 3 24&quot; R7-7730U FHD | Ram y SSD | Negro<\/title>\n<meta name=\"description\" content=\"Con el Lenovo IdeaCentre AIO 3 24ALC6 Potencia y estilo . Pantalla 23,8&quot; FHD, procesador AMD Ryzen 7-7730U, RAM y SSD de gran capacidad . \u00a1Compra ahora!\" \/>\n<meta name=\"robots\" content=\"index, follow, max-snippet:-1, max-image-preview:large, max-video-preview:-1\" \/>\n<link rel=\"canonical\" href=\"https:\/\/giftronic04.com\/index.php\/product\/aio-lenovo-ideacentre-aio-3-24alc6-238-fhd-amd-r7-7730u-8gb-ram-512gb-ssd-negro\/\" \/>\n<meta property=\"og:locale\" content=\"es_ES\" \/>\n<meta property=\"og:type\" content=\"article\" \/>\n<meta property=\"og:title\" content=\"Lenovo IdeaCentre AIO 3 24&quot; R7-7730U FHD | Ram y SSD | Negro\" \/>\n<meta property=\"og:description\" content=\"Con el Lenovo IdeaCentre AIO 3 24ALC6 Potencia y estilo . Pantalla 23,8&quot; FHD, procesador AMD Ryzen 7-7730U, RAM y SSD de gran capacidad . \u00a1Compra ahora!\" \/>\n<meta property=\"og:url\" content=\"https:\/\/giftronic04.com\/index.php\/product\/aio-lenovo-ideacentre-aio-3-24alc6-238-fhd-amd-r7-7730u-8gb-ram-512gb-ssd-negro\/\" \/>\n<meta property=\"og:site_name\" content=\"Giftronic.04\" \/>\n<meta property=\"article:modified_time\" content=\"2026-02-06T22:08:23+00:00\" \/>\n<meta property=\"og:image\" content=\"https:\/\/giftronic04.com\/wp-content\/uploads\/2025\/11\/LOGO-5.jpg\" \/>\n\t<meta property=\"og:image:width\" content=\"2000\" \/>\n\t<meta property=\"og:image:height\" content=\"2000\" \/>\n\t<meta property=\"og:image:type\" content=\"image\/jpeg\" \/>\n<meta name=\"twitter:card\" content=\"summary_large_image\" \/>\n<meta name=\"twitter:label1\" content=\"Tiempo de lectura\" \/>\n\t<meta name=\"twitter:data1\" content=\"2 minutos\" \/>\n<script type=\"application\/ld+json\" class=\"yoast-schema-graph\">{\"@context\":\"https:\\\/\\\/schema.org\",\"@graph\":[{\"@type\":\"WebPage\",\"@id\":\"https:\\\/\\\/giftronic04.com\\\/index.php\\\/product\\\/aio-lenovo-ideacentre-aio-3-24alc6-238-fhd-amd-r7-7730u-8gb-ram-512gb-ssd-negro\\\/\",\"url\":\"https:\\\/\\\/giftronic04.com\\\/index.php\\\/product\\\/aio-lenovo-ideacentre-aio-3-24alc6-238-fhd-amd-r7-7730u-8gb-ram-512gb-ssd-negro\\\/\",\"name\":\"Lenovo IdeaCentre AIO 3 24\\\" R7-7730U FHD | Ram y SSD | Negro\",\"isPartOf\":{\"@id\":\"https:\\\/\\\/giftronic04.com\\\/#website\"},\"primaryImageOfPage\":{\"@id\":\"https:\\\/\\\/giftronic04.com\\\/index.php\\\/product\\\/aio-lenovo-ideacentre-aio-3-24alc6-238-fhd-amd-r7-7730u-8gb-ram-512gb-ssd-negro\\\/#primaryimage\"},\"image\":{\"@id\":\"https:\\\/\\\/giftronic04.com\\\/index.php\\\/product\\\/aio-lenovo-ideacentre-aio-3-24alc6-238-fhd-amd-r7-7730u-8gb-ram-512gb-ssd-negro\\\/#primaryimage\"},\"thumbnailUrl\":\"https:\\\/\\\/giftronic04.com\\\/wp-content\\\/uploads\\\/2025\\\/11\\\/LOGO-5.jpg\",\"datePublished\":\"2025-11-18T23:48:21+00:00\",\"dateModified\":\"2026-02-06T22:08:23+00:00\",\"description\":\"Con el Lenovo IdeaCentre AIO 3 24ALC6 Potencia y estilo . Pantalla 23,8\\\" FHD, procesador AMD Ryzen 7-7730U, RAM y SSD de gran capacidad . \u00a1Compra ahora!\",\"breadcrumb\":{\"@id\":\"https:\\\/\\\/giftronic04.com\\\/index.php\\\/product\\\/aio-lenovo-ideacentre-aio-3-24alc6-238-fhd-amd-r7-7730u-8gb-ram-512gb-ssd-negro\\\/#breadcrumb\"},\"inLanguage\":\"es\",\"potentialAction\":[{\"@type\":\"ReadAction\",\"target\":[\"https:\\\/\\\/giftronic04.com\\\/index.php\\\/product\\\/aio-lenovo-ideacentre-aio-3-24alc6-238-fhd-amd-r7-7730u-8gb-ram-512gb-ssd-negro\\\/\"]}]},{\"@type\":\"ImageObject\",\"inLanguage\":\"es\",\"@id\":\"https:\\\/\\\/giftronic04.com\\\/index.php\\\/product\\\/aio-lenovo-ideacentre-aio-3-24alc6-238-fhd-amd-r7-7730u-8gb-ram-512gb-ssd-negro\\\/#primaryimage\",\"url\":\"https:\\\/\\\/giftronic04.com\\\/wp-content\\\/uploads\\\/2025\\\/11\\\/LOGO-5.jpg\",\"contentUrl\":\"https:\\\/\\\/giftronic04.com\\\/wp-content\\\/uploads\\\/2025\\\/11\\\/LOGO-5.jpg\",\"width\":2000,\"height\":2000,\"caption\":\"aio lenovo ideacentre aio 3 24alc6 | 23,8\u2032 fhd | amd r7 7730u | 8gb ram 512gb ssd | negro\"},{\"@type\":\"BreadcrumbList\",\"@id\":\"https:\\\/\\\/giftronic04.com\\\/index.php\\\/product\\\/aio-lenovo-ideacentre-aio-3-24alc6-238-fhd-amd-r7-7730u-8gb-ram-512gb-ssd-negro\\\/#breadcrumb\",\"itemListElement\":[{\"@type\":\"ListItem\",\"position\":1,\"name\":\"Portada\",\"item\":\"https:\\\/\\\/giftronic04.com\\\/\"},{\"@type\":\"ListItem\",\"position\":2,\"name\":\"Tienda\",\"item\":\"https:\\\/\\\/giftronic04.com\\\/index.php\\\/shop\\\/\"},{\"@type\":\"ListItem\",\"position\":3,\"name\":\"Aio Lenovo IdeaCentre AIO 3 24ALC6 | 23,8&#8242; FHD | AMD R7-7730U | 8GB RAM 512GB SSD | Negro\"}]},{\"@type\":\"WebSite\",\"@id\":\"https:\\\/\\\/giftronic04.com\\\/#website\",\"url\":\"https:\\\/\\\/giftronic04.com\\\/\",\"name\":\"Giftronic.04\",\"description\":\"Venta de equipos tecnologicos\",\"publisher\":{\"@id\":\"https:\\\/\\\/giftronic04.com\\\/#organization\"},\"potentialAction\":[{\"@type\":\"SearchAction\",\"target\":{\"@type\":\"EntryPoint\",\"urlTemplate\":\"https:\\\/\\\/giftronic04.com\\\/?s={search_term_string}\"},\"query-input\":{\"@type\":\"PropertyValueSpecification\",\"valueRequired\":true,\"valueName\":\"search_term_string\"}}],\"inLanguage\":\"es\"},{\"@type\":\"Organization\",\"@id\":\"https:\\\/\\\/giftronic04.com\\\/#organization\",\"name\":\"giftronic04\",\"url\":\"https:\\\/\\\/giftronic04.com\\\/\",\"logo\":{\"@type\":\"ImageObject\",\"inLanguage\":\"es\",\"@id\":\"https:\\\/\\\/giftronic04.com\\\/#\\\/schema\\\/logo\\\/image\\\/\",\"url\":\"https:\\\/\\\/giftronic04.com\\\/wp-content\\\/uploads\\\/2021\\\/08\\\/logo.png\",\"contentUrl\":\"https:\\\/\\\/giftronic04.com\\\/wp-content\\\/uploads\\\/2021\\\/08\\\/logo.png\",\"width\":6640,\"height\":2192,\"caption\":\"giftronic04\"},\"image\":{\"@id\":\"https:\\\/\\\/giftronic04.com\\\/#\\\/schema\\\/logo\\\/image\\\/\"},\"sameAs\":[\"https:\\\/\\\/www.instagram.com\\\/giftronic.04\\\/\"]}]}<\/script>\n<!-- \/ Yoast SEO plugin. -->","yoast_head_json":{"title":"Lenovo IdeaCentre AIO 3 24\" R7-7730U FHD | Ram y SSD | Negro","description":"Con el Lenovo IdeaCentre AIO 3 24ALC6 Potencia y estilo . Pantalla 23,8\" FHD, procesador AMD Ryzen 7-7730U, RAM y SSD de gran capacidad . \u00a1Compra ahora!","robots":{"index":"index","follow":"follow","max-snippet":"max-snippet:-1","max-image-preview":"max-image-preview:large","max-video-preview":"max-video-preview:-1"},"canonical":"https:\/\/giftronic04.com\/index.php\/product\/aio-lenovo-ideacentre-aio-3-24alc6-238-fhd-amd-r7-7730u-8gb-ram-512gb-ssd-negro\/","og_locale":"es_ES","og_type":"article","og_title":"Lenovo IdeaCentre AIO 3 24\" R7-7730U FHD | Ram y SSD | Negro","og_description":"Con el Lenovo IdeaCentre AIO 3 24ALC6 Potencia y estilo . Pantalla 23,8\" FHD, procesador AMD Ryzen 7-7730U, RAM y SSD de gran capacidad . \u00a1Compra ahora!","og_url":"https:\/\/giftronic04.com\/index.php\/product\/aio-lenovo-ideacentre-aio-3-24alc6-238-fhd-amd-r7-7730u-8gb-ram-512gb-ssd-negro\/","og_site_name":"Giftronic.04","article_modified_time":"2026-02-06T22:08:23+00:00","og_image":[{"width":2000,"height":2000,"url":"https:\/\/giftronic04.com\/wp-content\/uploads\/2025\/11\/LOGO-5.jpg","type":"image\/jpeg"}],"twitter_card":"summary_large_image","twitter_misc":{"Tiempo de lectura":"2 minutos"},"schema":{"@context":"https:\/\/schema.org","@graph":[{"@type":"WebPage","@id":"https:\/\/giftronic04.com\/index.php\/product\/aio-lenovo-ideacentre-aio-3-24alc6-238-fhd-amd-r7-7730u-8gb-ram-512gb-ssd-negro\/","url":"https:\/\/giftronic04.com\/index.php\/product\/aio-lenovo-ideacentre-aio-3-24alc6-238-fhd-amd-r7-7730u-8gb-ram-512gb-ssd-negro\/","name":"Lenovo IdeaCentre AIO 3 24\" R7-7730U FHD | Ram y SSD | Negro","isPartOf":{"@id":"https:\/\/giftronic04.com\/#website"},"primaryImageOfPage":{"@id":"https:\/\/giftronic04.com\/index.php\/product\/aio-lenovo-ideacentre-aio-3-24alc6-238-fhd-amd-r7-7730u-8gb-ram-512gb-ssd-negro\/#primaryimage"},"image":{"@id":"https:\/\/giftronic04.com\/index.php\/product\/aio-lenovo-ideacentre-aio-3-24alc6-238-fhd-amd-r7-7730u-8gb-ram-512gb-ssd-negro\/#primaryimage"},"thumbnailUrl":"https:\/\/giftronic04.com\/wp-content\/uploads\/2025\/11\/LOGO-5.jpg","datePublished":"2025-11-18T23:48:21+00:00","dateModified":"2026-02-06T22:08:23+00:00","description":"Con el Lenovo IdeaCentre AIO 3 24ALC6 Potencia y estilo . Pantalla 23,8\" FHD, procesador AMD Ryzen 7-7730U, RAM y SSD de gran capacidad . \u00a1Compra ahora!","breadcrumb":{"@id":"https:\/\/giftronic04.com\/index.php\/product\/aio-lenovo-ideacentre-aio-3-24alc6-238-fhd-amd-r7-7730u-8gb-ram-512gb-ssd-negro\/#breadcrumb"},"inLanguage":"es","potentialAction":[{"@type":"ReadAction","target":["https:\/\/giftronic04.com\/index.php\/product\/aio-lenovo-ideacentre-aio-3-24alc6-238-fhd-amd-r7-7730u-8gb-ram-512gb-ssd-negro\/"]}]},{"@type":"ImageObject","inLanguage":"es","@id":"https:\/\/giftronic04.com\/index.php\/product\/aio-lenovo-ideacentre-aio-3-24alc6-238-fhd-amd-r7-7730u-8gb-ram-512gb-ssd-negro\/#primaryimage","url":"https:\/\/giftronic04.com\/wp-content\/uploads\/2025\/11\/LOGO-5.jpg","contentUrl":"https:\/\/giftronic04.com\/wp-content\/uploads\/2025\/11\/LOGO-5.jpg","width":2000,"height":2000,"caption":"aio lenovo ideacentre aio 3 24alc6 | 23,8\u2032 fhd | amd r7 7730u | 8gb ram 512gb ssd | negro"},{"@type":"BreadcrumbList","@id":"https:\/\/giftronic04.com\/index.php\/product\/aio-lenovo-ideacentre-aio-3-24alc6-238-fhd-amd-r7-7730u-8gb-ram-512gb-ssd-negro\/#breadcrumb","itemListElement":[{"@type":"ListItem","position":1,"name":"Portada","item":"https:\/\/giftronic04.com\/"},{"@type":"ListItem","position":2,"name":"Tienda","item":"https:\/\/giftronic04.com\/index.php\/shop\/"},{"@type":"ListItem","position":3,"name":"Aio Lenovo IdeaCentre AIO 3 24ALC6 | 23,8&#8242; FHD | AMD R7-7730U | 8GB RAM 512GB SSD | Negro"}]},{"@type":"WebSite","@id":"https:\/\/giftronic04.com\/#website","url":"https:\/\/giftronic04.com\/","name":"Giftronic.04","description":"Venta de equipos tecnologicos","publisher":{"@id":"https:\/\/giftronic04.com\/#organization"},"potentialAction":[{"@type":"SearchAction","target":{"@type":"EntryPoint","urlTemplate":"https:\/\/giftronic04.com\/?s={search_term_string}"},"query-input":{"@type":"PropertyValueSpecification","valueRequired":true,"valueName":"search_term_string"}}],"inLanguage":"es"},{"@type":"Organization","@id":"https:\/\/giftronic04.com\/#organization","name":"giftronic04","url":"https:\/\/giftronic04.com\/","logo":{"@type":"ImageObject","inLanguage":"es","@id":"https:\/\/giftronic04.com\/#\/schema\/logo\/image\/","url":"https:\/\/giftronic04.com\/wp-content\/uploads\/2021\/08\/logo.png","contentUrl":"https:\/\/giftronic04.com\/wp-content\/uploads\/2021\/08\/logo.png","width":6640,"height":2192,"caption":"giftronic04"},"image":{"@id":"https:\/\/giftronic04.com\/#\/schema\/logo\/image\/"},"sameAs":["https:\/\/www.instagram.com\/giftronic.04\/"]}]}},"jetpack_sharing_enabled":true,"_links":{"self":[{"href":"https:\/\/giftronic04.com\/index.php\/wp-json\/wp\/v2\/product\/9632","targetHints":{"allow":["GET"]}}],"collection":[{"href":"https:\/\/giftronic04.com\/index.php\/wp-json\/wp\/v2\/product"}],"about":[{"href":"https:\/\/giftronic04.com\/index.php\/wp-json\/wp\/v2\/types\/product"}],"replies":[{"embeddable":true,"href":"https:\/\/giftronic04.com\/index.php\/wp-json\/wp\/v2\/comments?post=9632"}],"wp:featuredmedia":[{"embeddable":true,"href":"https:\/\/giftronic04.com\/index.php\/wp-json\/wp\/v2\/media\/9626"}],"wp:attachment":[{"href":"https:\/\/giftronic04.com\/index.php\/wp-json\/wp\/v2\/media?parent=9632"}],"wp:term":[{"taxonomy":"product_brand","embeddable":true,"href":"https:\/\/giftronic04.com\/index.php\/wp-json\/wp\/v2\/product_brand?post=9632"},{"taxonomy":"product_cat","embeddable":true,"href":"https:\/\/giftronic04.com\/index.php\/wp-json\/wp\/v2\/product_cat?post=9632"},{"taxonomy":"product_tag","embeddable":true,"href":"https:\/\/giftronic04.com\/index.php\/wp-json\/wp\/v2\/product_tag?post=9632"}],"curies":[{"name":"wp","href":"https:\/\/api.w.org\/{rel}","templated":true}]}}