{"id":9711,"date":"2025-12-12T17:36:18","date_gmt":"2025-12-12T22:36:18","guid":{"rendered":"https:\/\/giftronic04.com\/?post_type=product&#038;p=9711"},"modified":"2026-03-04T16:40:11","modified_gmt":"2026-03-04T21:40:11","slug":"portatil-hp-14-dq3502la-14-hd-intel-celeron-n4500-8gb-ram-512gb-ssd-plateado","status":"publish","type":"product","link":"https:\/\/giftronic04.com\/index.php\/product\/portatil-hp-14-dq3502la-14-hd-intel-celeron-n4500-8gb-ram-512gb-ssd-plateado\/","title":{"rendered":"Port\u00e1til Hp 14-dq3502la | 14&#8243; HD | Intel Celeron N4500 | 8GB RAM 512GB SSD | Plateado"},"content":{"rendered":"<h2 data-path-to-node=\"3\">HP 14-dq3502la: Portabilidad y Productividad<\/h2>\n<p>&nbsp;<\/p>\n<h3 data-path-to-node=\"4\"><\/h3>\n<p data-path-to-node=\"5\">El port\u00e1til <b>HP 14-dq3502la<\/b> es tu aliado perfecto para el trabajo y el entretenimiento. Su dise\u00f1o <b>delgado y elegante<\/b> te ofrece una gran portabilidad, con una pantalla de 14 pulgadas f\u00e1cil de llevar a cualquier lugar.<\/p>\n<ul data-path-to-node=\"6\">\n<li>\n<p data-path-to-node=\"6,0,0\"><b>Asistencia IA:<\/b> Incluye la <b>tecla Copilot<\/b> para facilitar tus tareas y aumentar tu productividad con asistencia de Inteligencia Artificial.<\/p>\n<\/li>\n<li>\n<p data-path-to-node=\"6,1,0\"><b>Bater\u00eda:<\/b> Disfruta de una <b>bater\u00eda de larga duraci\u00f3n<\/b> que te acompa\u00f1a durante todo el d\u00eda sin preocupaciones de recarga.<\/p>\n<\/li>\n<li>\n<p data-path-to-node=\"6,2,0\"><b>Almacenamiento R\u00e1pido:<\/b> Cuenta con un SSD NVMe de 512GB para un inicio y carga de aplicaciones ultra r\u00e1pidos.<\/p>\n<\/li>\n<\/ul>\n<p>&nbsp;<\/p>\n<hr data-path-to-node=\"7\" \/>\n<h2 data-path-to-node=\"8\"><\/h2>\n<h2 data-path-to-node=\"8\">Especificaciones T\u00e9cnicas Hp 14-dq3502la<\/h2>\n<p>&nbsp;<\/p>\n<ul data-path-to-node=\"11\">\n<li>\n<p data-path-to-node=\"11,0,0\"><b>Marca y Referencia:<\/b> Hp 14-dq3502la<\/p>\n<\/li>\n<li>\n<p data-path-to-node=\"11,1,0\"><b>Tipo:<\/b> LAPTOP<\/p>\n<\/li>\n<li>\n<p data-path-to-node=\"11,2,0\"><b>Sistema Operativo:<\/b> Windows 11 Home<\/p>\n<\/li>\n<li>\n<p data-path-to-node=\"11,3,0\"><b>Peso:<\/b> 1,4 Kilogramos<\/p>\n<\/li>\n<li>\n<p data-path-to-node=\"11,4,0\"><b>Color:<\/b> Plateado<\/p>\n<\/li>\n<li>\n<p data-path-to-node=\"11,5,0\"><b>C\u00e1mara:<\/b> WEB Integrada<\/p>\n<\/li>\n<\/ul>\n<p>&nbsp;<\/p>\n<h3 data-path-to-node=\"12\"><b>Rendimiento y Memoria Hp 14-dq3502la<\/b><\/h3>\n<p>&nbsp;<\/p>\n<ul data-path-to-node=\"13\">\n<li>\n<p data-path-to-node=\"13,0,0\"><b>Procesador:<\/b> <a href=\"https:\/\/www.intel.la\/content\/www\/xl\/es\/products\/sku\/212326\/intel-celeron-processor-n4500-4m-cache-up-to-2-80-ghz\/specifications.html\">Intel\u00ae Celeron\u00ae N4500<\/a><\/p>\n<ul data-path-to-node=\"13,0,1\">\n<li>\n<p data-path-to-node=\"13,0,1,0,0\">Frecuencia de r\u00e1faga de hasta 2,8 GHz<\/p>\n<\/li>\n<li>\n<p data-path-to-node=\"13,0,1,1,0\">Cach\u00e9 L3 de 4 MB<\/p>\n<\/li>\n<li>\n<p data-path-to-node=\"13,0,1,2,0\">2 n\u00facleos y 2 subprocesos<\/p>\n<\/li>\n<\/ul>\n<\/li>\n<li>\n<p data-path-to-node=\"13,1,0\"><b>Memoria RAM:<\/b> 8GB DDR4-2933 MT\/s<\/p>\n<\/li>\n<li>\n<p data-path-to-node=\"13,2,0\"><b>Almacenamiento:<\/b> 512GB SSD M.2 NVMe\u00ae<\/p>\n<\/li>\n<\/ul>\n<p>&nbsp;<\/p>\n<h3 data-path-to-node=\"14\"><b>Pantalla y Conectividad<\/b><\/h3>\n<p>&nbsp;<\/p>\n<ul data-path-to-node=\"15\">\n<li>\n<p data-path-to-node=\"15,0,0\"><b>Pantalla:<\/b> 14 pulgadas HD (Resoluci\u00f3n: 1366 x 768)<\/p>\n<\/li>\n<\/ul>\n<p data-path-to-node=\"16\"><b>Puertos de Entrada\/Salida:<\/b><\/p>\n<ul data-path-to-node=\"17\">\n<li>\n<p data-path-to-node=\"17,0,0\">2x puertos USB est\u00e1ndar<\/p>\n<\/li>\n<li>\n<p data-path-to-node=\"17,1,0\">1x puerto USB-C\u00ae<\/p>\n<\/li>\n<li>\n<p data-path-to-node=\"17,2,0\">1x puerto HDMI\u00ae<\/p>\n<\/li>\n<li>\n<p data-path-to-node=\"17,3,0\">1x Conector combinado de auriculares\/micr\u00f3fono (3,5 mm)<\/p>\n<\/li>\n<li>\n<p data-path-to-node=\"17,4,0\">1x Lector de tarjetas SD<\/p>\n<\/li>\n<li>\n<p data-path-to-node=\"17,5,0\">1x Conector de alimentaci\u00f3n<\/p>\n<\/li>\n<\/ul>\n<p data-path-to-node=\"18\"><b>Opciones Inal\u00e1mbricas:<\/b><\/p>\n<ul data-path-to-node=\"19\">\n<li>\n<p data-path-to-node=\"19,0,0\">Wi-Fi\u00ae<\/p>\n<\/li>\n<li>\n<p data-path-to-node=\"19,1,0\">Bluetooth<\/p>\n<\/li>\n<\/ul>\n<p data-path-to-node=\"20\"><b>Alimentaci\u00f3n:<\/b><\/p>\n<ul data-path-to-node=\"21\">\n<li>\n<p data-path-to-node=\"21,0,0\">Fuente de Alimentaci\u00f3n de Energ\u00eda incluida.<\/p>\n<\/li>\n<li>\n<p data-path-to-node=\"21,1,0\">La duraci\u00f3n de la bater\u00eda es un valor aproximado y depende totalmente del uso espec\u00edfico que se le d\u00e9 al equipo.<\/p>\n<\/li>\n<\/ul>\n<p>&nbsp;<\/p>\n<hr data-path-to-node=\"22\" \/>\n<h2 data-path-to-node=\"23\">Informaci\u00f3n Importante y Garant\u00eda<\/h2>\n<p>&nbsp;<\/p>\n<h3 data-path-to-node=\"25\"><b>Recomendaciones de Compra<\/b><\/h3>\n<p>&nbsp;<\/p>\n<ul data-path-to-node=\"26\">\n<li>\n<p data-path-to-node=\"26,0,0\"><b>Lectura:<\/b> Lea <b>cuidadosamente<\/b> la descripci\u00f3n del producto y las condiciones de venta antes de realizar la compra.<\/p>\n<\/li>\n<li>\n<p data-path-to-node=\"26,1,0\"><b>Facturaci\u00f3n:<\/b> La factura es <b>Legal de Venta y Electr\u00f3nica<\/b>. <b>NO se realizan modificaciones<\/b> (cambios de datos o de factura) una vez emitida. <b>Aseg\u00farese<\/b> de que los datos de facturaci\u00f3n sean los correctos.<\/p>\n<\/li>\n<li>\n<p data-path-to-node=\"26,2,0\"><b>Im\u00e1genes:<\/b> Las im\u00e1genes son representaciones fotogr\u00e1ficas que ilustran las caracter\u00edsticas. El color y las caracter\u00edsticas pueden variar ligeramente seg\u00fan el dispositivo de visualizaci\u00f3n.<\/p>\n<\/li>\n<\/ul>\n<p>&nbsp;<\/p>\n<h3 data-path-to-node=\"27\"><b>Condiciones de Garant\u00eda<\/b><\/h3>\n<p>&nbsp;<\/p>\n<ul data-path-to-node=\"28\">\n<li>\n<p data-path-to-node=\"28,0,0\"><b>Respaldo:<\/b> Se otorga <b>1 a\u00f1o de respaldo<\/b> por <b>defectos de fabricaci\u00f3n<\/b> directamente con la marca.<\/p>\n<\/li>\n<li>\n<p data-path-to-node=\"28,1,0\"><b>Obligatorio:<\/b> Para cualquier proceso de garant\u00eda, debe <b>Conservar y Entregar<\/b> el producto con los <b>empaques y accesorios ORIGINALES<\/b>.<\/p>\n<\/li>\n<li>\n<p data-path-to-node=\"28,2,0\"><b>Exclusiones:<\/b> La garant\u00eda <b>NO cubre<\/b> da\u00f1os ocasionados por:<\/p>\n<ul data-path-to-node=\"28,2,1\">\n<li>\n<p data-path-to-node=\"28,2,1,0,0\">Manipulaci\u00f3n no autorizada.<\/p>\n<\/li>\n<li>\n<p data-path-to-node=\"28,2,1,1,0\">Golpes o ca\u00eddas.<\/p>\n<\/li>\n<li>\n<p data-path-to-node=\"28,2,1,2,0\">Derrames de l\u00edquidos.<\/p>\n<\/li>\n<li>\n<p data-path-to-node=\"28,2,1,3,0\">Mal uso general del equipo.<\/p>\n<\/li>\n<li>&lt;a href=\u00bbhttp:\/\/giftronic04.com\u00bb target=\u00bb_blank\u00bb&gt;giftronic04.com&lt;\/a&gt;<\/li>\n<\/ul>\n<\/li>\n<\/ul>\n","protected":false},"excerpt":{"rendered":"<p>HP 14-dq3502la: Portabilidad y Productividad &nbsp; El port\u00e1til HP 14-dq3502la es tu aliado perfecto para el trabajo y el entretenimiento. Su dise\u00f1o delgado y elegante te ofrece una gran portabilidad, con una pantalla de 14 pulgadas f\u00e1cil de llevar a cualquier lugar. Asistencia IA: Incluye la tecla Copilot para facilitar tus tareas y aumentar tu [&hellip;]<\/p>\n","protected":false},"featured_media":9712,"comment_status":"open","ping_status":"closed","template":"","meta":{"_surecart_dashboard_logo_width":"180px","_surecart_dashboard_show_logo":true,"_surecart_dashboard_navigation_orders":true,"_surecart_dashboard_navigation_invoices":true,"_surecart_dashboard_navigation_subscriptions":true,"_surecart_dashboard_navigation_downloads":true,"_surecart_dashboard_navigation_billing":true,"_surecart_dashboard_navigation_account":true,"site-sidebar-layout":"default","site-content-layout":"","ast-site-content-layout":"default","site-content-style":"default","site-sidebar-style":"default","ast-global-header-display":"","ast-banner-title-visibility":"","ast-main-header-display":"","ast-hfb-above-header-display":"","ast-hfb-below-header-display":"","ast-hfb-mobile-header-display":"","site-post-title":"","ast-breadcrumbs-content":"","ast-featured-img":"","footer-sml-layout":"","ast-disable-related-posts":"","theme-transparent-header-meta":"default","adv-header-id-meta":"","stick-header-meta":"","header-above-stick-meta":"","header-main-stick-meta":"","header-below-stick-meta":"","astra-migrate-meta-layouts":"set","ast-page-background-enabled":"default","ast-page-background-meta":{"desktop":{"background-color":"var(--ast-global-color-4)","background-image":"","background-repeat":"repeat","background-position":"center center","background-size":"auto","background-attachment":"scroll","background-type":"","background-media":"","overlay-type":"","overlay-color":"","overlay-opacity":"","overlay-gradient":""},"tablet":{"background-color":"","background-image":"","background-repeat":"repeat","background-position":"center center","background-size":"auto","background-attachment":"scroll","background-type":"","background-media":"","overlay-type":"","overlay-color":"","overlay-opacity":"","overlay-gradient":""},"mobile":{"background-color":"","background-image":"","background-repeat":"repeat","background-position":"center center","background-size":"auto","background-attachment":"scroll","background-type":"","background-media":"","overlay-type":"","overlay-color":"","overlay-opacity":"","overlay-gradient":""}},"ast-content-background-meta":{"desktop":{"background-color":"var(--ast-global-color-5)","background-image":"","background-repeat":"repeat","background-position":"center center","background-size":"auto","background-attachment":"scroll","background-type":"","background-media":"","overlay-type":"","overlay-color":"","overlay-opacity":"","overlay-gradient":""},"tablet":{"background-color":"var(--ast-global-color-5)","background-image":"","background-repeat":"repeat","background-position":"center center","background-size":"auto","background-attachment":"scroll","background-type":"","background-media":"","overlay-type":"","overlay-color":"","overlay-opacity":"","overlay-gradient":""},"mobile":{"background-color":"var(--ast-global-color-5)","background-image":"","background-repeat":"repeat","background-position":"center center","background-size":"auto","background-attachment":"scroll","background-type":"","background-media":"","overlay-type":"","overlay-color":"","overlay-opacity":"","overlay-gradient":""}}},"product_brand":[],"product_cat":[22,30],"product_tag":[],"class_list":{"0":"post-9711","1":"product","2":"type-product","3":"status-publish","4":"has-post-thumbnail","6":"product_cat-computacion","7":"product_cat-componentes-de-pc-portatiles","8":"desktop-align-left","9":"tablet-align-left","10":"mobile-align-left","12":"first","13":"outofstock","14":"sale","15":"featured","16":"taxable","17":"shipping-taxable","18":"purchasable","19":"product-type-simple"},"yoast_head":"<!-- This site is optimized with the Yoast SEO plugin v27.5 - https:\/\/yoast.com\/product\/yoast-seo-wordpress\/ -->\n<title>Port\u00e1til HP 14-dq3502la | 8GB DDR4 RAM, 512GB SSD | 14&quot; HD..<\/title>\n<meta name=\"description\" content=\"Potencia y portabilidad en el Portatil HP 14-dq3502la. Con 8GB RAM, 512GB SSD ultrarr\u00e1pido y tecla Copilot AI. Dise\u00f1o plateado y ligero. \u00a1Compra el tuyo!\" \/>\n<meta name=\"robots\" content=\"index, follow, max-snippet:-1, max-image-preview:large, max-video-preview:-1\" \/>\n<link rel=\"canonical\" href=\"https:\/\/giftronic04.com\/index.php\/product\/portatil-hp-14-dq3502la-14-hd-intel-celeron-n4500-8gb-ram-512gb-ssd-plateado\/\" \/>\n<meta property=\"og:locale\" content=\"es_ES\" \/>\n<meta property=\"og:type\" content=\"article\" \/>\n<meta property=\"og:title\" content=\"Port\u00e1til HP 14-dq3502la | 8GB DDR4 RAM, 512GB SSD | 14&quot; HD..\" \/>\n<meta property=\"og:description\" content=\"Potencia y portabilidad en el Portatil HP 14-dq3502la. Con 8GB RAM, 512GB SSD ultrarr\u00e1pido y tecla Copilot AI. Dise\u00f1o plateado y ligero. \u00a1Compra el tuyo!\" \/>\n<meta property=\"og:url\" content=\"https:\/\/giftronic04.com\/index.php\/product\/portatil-hp-14-dq3502la-14-hd-intel-celeron-n4500-8gb-ram-512gb-ssd-plateado\/\" \/>\n<meta property=\"og:site_name\" content=\"Giftronic.04\" \/>\n<meta property=\"article:modified_time\" content=\"2026-03-04T21:40:11+00:00\" \/>\n<meta property=\"og:image\" content=\"https:\/\/giftronic04.com\/wp-content\/uploads\/2025\/12\/LOGO-2.jpg\" \/>\n\t<meta property=\"og:image:width\" content=\"2000\" \/>\n\t<meta property=\"og:image:height\" content=\"2000\" \/>\n\t<meta property=\"og:image:type\" content=\"image\/jpeg\" \/>\n<meta name=\"twitter:card\" content=\"summary_large_image\" \/>\n<meta name=\"twitter:label1\" content=\"Tiempo de lectura\" \/>\n\t<meta name=\"twitter:data1\" content=\"2 minutos\" \/>\n<script type=\"application\/ld+json\" class=\"yoast-schema-graph\">{\"@context\":\"https:\\\/\\\/schema.org\",\"@graph\":[{\"@type\":\"WebPage\",\"@id\":\"https:\\\/\\\/giftronic04.com\\\/index.php\\\/product\\\/portatil-hp-14-dq3502la-14-hd-intel-celeron-n4500-8gb-ram-512gb-ssd-plateado\\\/\",\"url\":\"https:\\\/\\\/giftronic04.com\\\/index.php\\\/product\\\/portatil-hp-14-dq3502la-14-hd-intel-celeron-n4500-8gb-ram-512gb-ssd-plateado\\\/\",\"name\":\"Port\u00e1til HP 14-dq3502la | 8GB DDR4 RAM, 512GB SSD | 14\\\" HD..\",\"isPartOf\":{\"@id\":\"https:\\\/\\\/giftronic04.com\\\/#website\"},\"primaryImageOfPage\":{\"@id\":\"https:\\\/\\\/giftronic04.com\\\/index.php\\\/product\\\/portatil-hp-14-dq3502la-14-hd-intel-celeron-n4500-8gb-ram-512gb-ssd-plateado\\\/#primaryimage\"},\"image\":{\"@id\":\"https:\\\/\\\/giftronic04.com\\\/index.php\\\/product\\\/portatil-hp-14-dq3502la-14-hd-intel-celeron-n4500-8gb-ram-512gb-ssd-plateado\\\/#primaryimage\"},\"thumbnailUrl\":\"https:\\\/\\\/giftronic04.com\\\/wp-content\\\/uploads\\\/2025\\\/12\\\/LOGO-2.jpg\",\"datePublished\":\"2025-12-12T22:36:18+00:00\",\"dateModified\":\"2026-03-04T21:40:11+00:00\",\"description\":\"Potencia y portabilidad en el Portatil HP 14-dq3502la. Con 8GB RAM, 512GB SSD ultrarr\u00e1pido y tecla Copilot AI. Dise\u00f1o plateado y ligero. \u00a1Compra el tuyo!\",\"breadcrumb\":{\"@id\":\"https:\\\/\\\/giftronic04.com\\\/index.php\\\/product\\\/portatil-hp-14-dq3502la-14-hd-intel-celeron-n4500-8gb-ram-512gb-ssd-plateado\\\/#breadcrumb\"},\"inLanguage\":\"es\",\"potentialAction\":[{\"@type\":\"ReadAction\",\"target\":[\"https:\\\/\\\/giftronic04.com\\\/index.php\\\/product\\\/portatil-hp-14-dq3502la-14-hd-intel-celeron-n4500-8gb-ram-512gb-ssd-plateado\\\/\"]}]},{\"@type\":\"ImageObject\",\"inLanguage\":\"es\",\"@id\":\"https:\\\/\\\/giftronic04.com\\\/index.php\\\/product\\\/portatil-hp-14-dq3502la-14-hd-intel-celeron-n4500-8gb-ram-512gb-ssd-plateado\\\/#primaryimage\",\"url\":\"https:\\\/\\\/giftronic04.com\\\/wp-content\\\/uploads\\\/2025\\\/12\\\/LOGO-2.jpg\",\"contentUrl\":\"https:\\\/\\\/giftronic04.com\\\/wp-content\\\/uploads\\\/2025\\\/12\\\/LOGO-2.jpg\",\"width\":2000,\"height\":2000,\"caption\":\"port\u00e1til hp 14 dq3502la | 14\\\" hd | intel celeron n4500 | 8gb ram 512gb ssd | plateado\"},{\"@type\":\"BreadcrumbList\",\"@id\":\"https:\\\/\\\/giftronic04.com\\\/index.php\\\/product\\\/portatil-hp-14-dq3502la-14-hd-intel-celeron-n4500-8gb-ram-512gb-ssd-plateado\\\/#breadcrumb\",\"itemListElement\":[{\"@type\":\"ListItem\",\"position\":1,\"name\":\"Portada\",\"item\":\"https:\\\/\\\/giftronic04.com\\\/\"},{\"@type\":\"ListItem\",\"position\":2,\"name\":\"Tienda\",\"item\":\"https:\\\/\\\/giftronic04.com\\\/index.php\\\/shop\\\/\"},{\"@type\":\"ListItem\",\"position\":3,\"name\":\"Port\u00e1til Hp 14-dq3502la | 14&#8243; HD | Intel Celeron N4500 | 8GB RAM 512GB SSD | Plateado\"}]},{\"@type\":\"WebSite\",\"@id\":\"https:\\\/\\\/giftronic04.com\\\/#website\",\"url\":\"https:\\\/\\\/giftronic04.com\\\/\",\"name\":\"Giftronic.04\",\"description\":\"Venta de equipos tecnologicos\",\"publisher\":{\"@id\":\"https:\\\/\\\/giftronic04.com\\\/#organization\"},\"potentialAction\":[{\"@type\":\"SearchAction\",\"target\":{\"@type\":\"EntryPoint\",\"urlTemplate\":\"https:\\\/\\\/giftronic04.com\\\/?s={search_term_string}\"},\"query-input\":{\"@type\":\"PropertyValueSpecification\",\"valueRequired\":true,\"valueName\":\"search_term_string\"}}],\"inLanguage\":\"es\"},{\"@type\":\"Organization\",\"@id\":\"https:\\\/\\\/giftronic04.com\\\/#organization\",\"name\":\"giftronic04\",\"url\":\"https:\\\/\\\/giftronic04.com\\\/\",\"logo\":{\"@type\":\"ImageObject\",\"inLanguage\":\"es\",\"@id\":\"https:\\\/\\\/giftronic04.com\\\/#\\\/schema\\\/logo\\\/image\\\/\",\"url\":\"https:\\\/\\\/giftronic04.com\\\/wp-content\\\/uploads\\\/2021\\\/08\\\/logo.png\",\"contentUrl\":\"https:\\\/\\\/giftronic04.com\\\/wp-content\\\/uploads\\\/2021\\\/08\\\/logo.png\",\"width\":6640,\"height\":2192,\"caption\":\"giftronic04\"},\"image\":{\"@id\":\"https:\\\/\\\/giftronic04.com\\\/#\\\/schema\\\/logo\\\/image\\\/\"},\"sameAs\":[\"https:\\\/\\\/www.instagram.com\\\/giftronic.04\\\/\"]}]}<\/script>\n<!-- \/ Yoast SEO plugin. -->","yoast_head_json":{"title":"Port\u00e1til HP 14-dq3502la | 8GB DDR4 RAM, 512GB SSD | 14\" HD..","description":"Potencia y portabilidad en el Portatil HP 14-dq3502la. Con 8GB RAM, 512GB SSD ultrarr\u00e1pido y tecla Copilot AI. Dise\u00f1o plateado y ligero. \u00a1Compra el tuyo!","robots":{"index":"index","follow":"follow","max-snippet":"max-snippet:-1","max-image-preview":"max-image-preview:large","max-video-preview":"max-video-preview:-1"},"canonical":"https:\/\/giftronic04.com\/index.php\/product\/portatil-hp-14-dq3502la-14-hd-intel-celeron-n4500-8gb-ram-512gb-ssd-plateado\/","og_locale":"es_ES","og_type":"article","og_title":"Port\u00e1til HP 14-dq3502la | 8GB DDR4 RAM, 512GB SSD | 14\" HD..","og_description":"Potencia y portabilidad en el Portatil HP 14-dq3502la. Con 8GB RAM, 512GB SSD ultrarr\u00e1pido y tecla Copilot AI. Dise\u00f1o plateado y ligero. \u00a1Compra el tuyo!","og_url":"https:\/\/giftronic04.com\/index.php\/product\/portatil-hp-14-dq3502la-14-hd-intel-celeron-n4500-8gb-ram-512gb-ssd-plateado\/","og_site_name":"Giftronic.04","article_modified_time":"2026-03-04T21:40:11+00:00","og_image":[{"width":2000,"height":2000,"url":"https:\/\/giftronic04.com\/wp-content\/uploads\/2025\/12\/LOGO-2.jpg","type":"image\/jpeg"}],"twitter_card":"summary_large_image","twitter_misc":{"Tiempo de lectura":"2 minutos"},"schema":{"@context":"https:\/\/schema.org","@graph":[{"@type":"WebPage","@id":"https:\/\/giftronic04.com\/index.php\/product\/portatil-hp-14-dq3502la-14-hd-intel-celeron-n4500-8gb-ram-512gb-ssd-plateado\/","url":"https:\/\/giftronic04.com\/index.php\/product\/portatil-hp-14-dq3502la-14-hd-intel-celeron-n4500-8gb-ram-512gb-ssd-plateado\/","name":"Port\u00e1til HP 14-dq3502la | 8GB DDR4 RAM, 512GB SSD | 14\" HD..","isPartOf":{"@id":"https:\/\/giftronic04.com\/#website"},"primaryImageOfPage":{"@id":"https:\/\/giftronic04.com\/index.php\/product\/portatil-hp-14-dq3502la-14-hd-intel-celeron-n4500-8gb-ram-512gb-ssd-plateado\/#primaryimage"},"image":{"@id":"https:\/\/giftronic04.com\/index.php\/product\/portatil-hp-14-dq3502la-14-hd-intel-celeron-n4500-8gb-ram-512gb-ssd-plateado\/#primaryimage"},"thumbnailUrl":"https:\/\/giftronic04.com\/wp-content\/uploads\/2025\/12\/LOGO-2.jpg","datePublished":"2025-12-12T22:36:18+00:00","dateModified":"2026-03-04T21:40:11+00:00","description":"Potencia y portabilidad en el Portatil HP 14-dq3502la. Con 8GB RAM, 512GB SSD ultrarr\u00e1pido y tecla Copilot AI. Dise\u00f1o plateado y ligero. \u00a1Compra el tuyo!","breadcrumb":{"@id":"https:\/\/giftronic04.com\/index.php\/product\/portatil-hp-14-dq3502la-14-hd-intel-celeron-n4500-8gb-ram-512gb-ssd-plateado\/#breadcrumb"},"inLanguage":"es","potentialAction":[{"@type":"ReadAction","target":["https:\/\/giftronic04.com\/index.php\/product\/portatil-hp-14-dq3502la-14-hd-intel-celeron-n4500-8gb-ram-512gb-ssd-plateado\/"]}]},{"@type":"ImageObject","inLanguage":"es","@id":"https:\/\/giftronic04.com\/index.php\/product\/portatil-hp-14-dq3502la-14-hd-intel-celeron-n4500-8gb-ram-512gb-ssd-plateado\/#primaryimage","url":"https:\/\/giftronic04.com\/wp-content\/uploads\/2025\/12\/LOGO-2.jpg","contentUrl":"https:\/\/giftronic04.com\/wp-content\/uploads\/2025\/12\/LOGO-2.jpg","width":2000,"height":2000,"caption":"port\u00e1til hp 14 dq3502la | 14\" hd | intel celeron n4500 | 8gb ram 512gb ssd | plateado"},{"@type":"BreadcrumbList","@id":"https:\/\/giftronic04.com\/index.php\/product\/portatil-hp-14-dq3502la-14-hd-intel-celeron-n4500-8gb-ram-512gb-ssd-plateado\/#breadcrumb","itemListElement":[{"@type":"ListItem","position":1,"name":"Portada","item":"https:\/\/giftronic04.com\/"},{"@type":"ListItem","position":2,"name":"Tienda","item":"https:\/\/giftronic04.com\/index.php\/shop\/"},{"@type":"ListItem","position":3,"name":"Port\u00e1til Hp 14-dq3502la | 14&#8243; HD | Intel Celeron N4500 | 8GB RAM 512GB SSD | Plateado"}]},{"@type":"WebSite","@id":"https:\/\/giftronic04.com\/#website","url":"https:\/\/giftronic04.com\/","name":"Giftronic.04","description":"Venta de equipos tecnologicos","publisher":{"@id":"https:\/\/giftronic04.com\/#organization"},"potentialAction":[{"@type":"SearchAction","target":{"@type":"EntryPoint","urlTemplate":"https:\/\/giftronic04.com\/?s={search_term_string}"},"query-input":{"@type":"PropertyValueSpecification","valueRequired":true,"valueName":"search_term_string"}}],"inLanguage":"es"},{"@type":"Organization","@id":"https:\/\/giftronic04.com\/#organization","name":"giftronic04","url":"https:\/\/giftronic04.com\/","logo":{"@type":"ImageObject","inLanguage":"es","@id":"https:\/\/giftronic04.com\/#\/schema\/logo\/image\/","url":"https:\/\/giftronic04.com\/wp-content\/uploads\/2021\/08\/logo.png","contentUrl":"https:\/\/giftronic04.com\/wp-content\/uploads\/2021\/08\/logo.png","width":6640,"height":2192,"caption":"giftronic04"},"image":{"@id":"https:\/\/giftronic04.com\/#\/schema\/logo\/image\/"},"sameAs":["https:\/\/www.instagram.com\/giftronic.04\/"]}]}},"jetpack_sharing_enabled":true,"_links":{"self":[{"href":"https:\/\/giftronic04.com\/index.php\/wp-json\/wp\/v2\/product\/9711","targetHints":{"allow":["GET"]}}],"collection":[{"href":"https:\/\/giftronic04.com\/index.php\/wp-json\/wp\/v2\/product"}],"about":[{"href":"https:\/\/giftronic04.com\/index.php\/wp-json\/wp\/v2\/types\/product"}],"replies":[{"embeddable":true,"href":"https:\/\/giftronic04.com\/index.php\/wp-json\/wp\/v2\/comments?post=9711"}],"wp:featuredmedia":[{"embeddable":true,"href":"https:\/\/giftronic04.com\/index.php\/wp-json\/wp\/v2\/media\/9712"}],"wp:attachment":[{"href":"https:\/\/giftronic04.com\/index.php\/wp-json\/wp\/v2\/media?parent=9711"}],"wp:term":[{"taxonomy":"product_brand","embeddable":true,"href":"https:\/\/giftronic04.com\/index.php\/wp-json\/wp\/v2\/product_brand?post=9711"},{"taxonomy":"product_cat","embeddable":true,"href":"https:\/\/giftronic04.com\/index.php\/wp-json\/wp\/v2\/product_cat?post=9711"},{"taxonomy":"product_tag","embeddable":true,"href":"https:\/\/giftronic04.com\/index.php\/wp-json\/wp\/v2\/product_tag?post=9711"}],"curies":[{"name":"wp","href":"https:\/\/api.w.org\/{rel}","templated":true}]}}