{"id":9978,"date":"2026-02-20T17:29:36","date_gmt":"2026-02-20T22:29:36","guid":{"rendered":"https:\/\/giftronic04.com\/?post_type=product&#038;p=9978"},"modified":"2026-02-23T19:00:12","modified_gmt":"2026-02-24T00:00:12","slug":"portatil-asus-vivobook-15-x1502v-i5-13420h-16gb-ram-1tb-ssd-azul","status":"publish","type":"product","link":"https:\/\/giftronic04.com\/index.php\/product\/portatil-asus-vivobook-15-x1502v-i5-13420h-16gb-ram-1tb-ssd-azul\/","title":{"rendered":"Port\u00e1til ASUS Vivobook 15 X1502V: i5-13420H, 16GB RAM, 1TB SSD &#8211; Azul"},"content":{"rendered":"<h1 data-path-to-node=\"2\">ASUS Vivobook 15 X1502V: Potencia de 13\u00aa Gen y Elegancia en Azul para tu Productividad<\/h1>\n<p>&nbsp;<\/p>\n<p data-path-to-node=\"3\">\u00bfBuscas un equipo que combine un dise\u00f1o sofisticado con un rendimiento implacable? El <b data-path-to-node=\"3\" data-index-in-node=\"86\">ASUS Vivobook 15 X1502V<\/b> no es solo un port\u00e1til; es tu centro de comando para el trabajo, el estudio y el entretenimiento. Equipado con un procesador Intel Core i5 de \u00faltima generaci\u00f3n y un almacenamiento masivo de 1TB, este equipo est\u00e1 dise\u00f1ado para quienes no aceptan interrupciones y exigen estilo en cada clic.<\/p>\n<h2 data-path-to-node=\"4\">Caracter\u00edsticas Principales ASUS Vivobook 15 X1502V<\/h2>\n<p>&nbsp;<\/p>\n<ul data-path-to-node=\"5\">\n<li>\n<p data-path-to-node=\"5,0,0\"><b data-path-to-node=\"5,0,0\" data-index-in-node=\"0\">Rendimiento Superior:<\/b> Procesador Intel Core i5-13420H de 13\u00aa generaci\u00f3n, ideal para multitarea exigente.<\/p>\n<\/li>\n<li>\n<p data-path-to-node=\"5,1,0\"><b data-path-to-node=\"5,1,0\" data-index-in-node=\"0\">Multitarea Fluida:<\/b> 16GB de memoria RAM DDR4 que garantizan una navegaci\u00f3n sin retrasos.<\/p>\n<\/li>\n<li>\n<p data-path-to-node=\"5,2,0\"><b data-path-to-node=\"5,2,0\" data-index-in-node=\"0\">Velocidad y Espacio:<\/b> Disco s\u00f3lido de 1TB SSD NVMe para arranques instant\u00e1neos y espacio de sobra para tus archivos.<\/p>\n<\/li>\n<li>\n<p data-path-to-node=\"5,3,0\"><b data-path-to-node=\"5,3,0\" data-index-in-node=\"0\">Pantalla Inmersiva:<\/b> Panel de 15.6&#8243; Full HD con bordes delgados para una experiencia visual cinematogr\u00e1fica.<\/p>\n<\/li>\n<li>\n<p data-path-to-node=\"5,4,0\"><b data-path-to-node=\"5,4,0\" data-index-in-node=\"0\">Seguridad al Instante:<\/b> Lector de huella digital integrado para un inicio de sesi\u00f3n r\u00e1pido y seguro con Windows Hello.<\/p>\n<\/li>\n<li>\n<p data-path-to-node=\"5,5,0\"><b data-path-to-node=\"5,5,0\" data-index-in-node=\"0\">Conectividad Moderna:<\/b> Equipado con Windows 11 para una interfaz intuitiva y eficiente.<\/p>\n<\/li>\n<\/ul>\n<p>&nbsp;<\/p>\n<h2 data-path-to-node=\"6\">Especificaciones T\u00e9cnicas ASUS <a href=\"https:\/\/www.asus.com\/co\/laptops\/for-home\/vivobook\/vivobook-15-x1502\/\">Vivobook<\/a> 15 X1502V<\/h2>\n<p>&nbsp;<\/p>\n<div class=\"horizontal-scroll-wrapper\">\n<div class=\"table-block-component\">\n<div class=\"table-block has-export-button is-at-scroll-start is-at-scroll-end\">\n<div class=\"table-content not-end-of-paragraph\" data-hveid=\"0\" data-ved=\"0CAAQ3ecQahcKEwjGy4qgjemSAxUAAAAAHQAAAAAQGQ\">\n<table data-path-to-node=\"7\">\n<thead>\n<tr>\n<td><span data-path-to-node=\"7,0,0,0\">Componente<\/span><\/td>\n<td><span data-path-to-node=\"7,0,1,0\">Detalle T\u00e9cnico<\/span><\/td>\n<\/tr>\n<\/thead>\n<tbody>\n<tr>\n<td><span data-path-to-node=\"7,1,0,0\"><b data-path-to-node=\"7,1,0,0\" data-index-in-node=\"0\">Procesador<\/b><\/span><\/td>\n<td><span data-path-to-node=\"7,1,1,0\">Intel Core i5-13420H (Hasta 4.60 GHz, 12M Cache)<\/span><\/td>\n<\/tr>\n<tr>\n<td><span data-path-to-node=\"7,2,0,0\"><b data-path-to-node=\"7,2,0,0\" data-index-in-node=\"0\">Memoria RAM<\/b><\/span><\/td>\n<td><span data-path-to-node=\"7,2,1,0\">16GB DDR4<\/span><\/td>\n<\/tr>\n<tr>\n<td><span data-path-to-node=\"7,3,0,0\"><b data-path-to-node=\"7,3,0,0\" data-index-in-node=\"0\">Almacenamiento<\/b><\/span><\/td>\n<td><span data-path-to-node=\"7,3,1,0\">1TB SSD M.2 NVMe\u2122 PCIe\u00ae<\/span><\/td>\n<\/tr>\n<tr>\n<td><span data-path-to-node=\"7,4,0,0\"><b data-path-to-node=\"7,4,0,0\" data-index-in-node=\"0\">Pantalla<\/b><\/span><\/td>\n<td><span data-path-to-node=\"7,4,1,0\">15.6&#8243; FHD (1920 x 1080) 16:9, Anti-glare<\/span><\/td>\n<\/tr>\n<tr>\n<td><span data-path-to-node=\"7,5,0,0\"><b data-path-to-node=\"7,5,0,0\" data-index-in-node=\"0\">Gr\u00e1ficos<\/b><\/span><\/td>\n<td><span data-path-to-node=\"7,5,1,0\">Intel\u00ae UHD Graphics (Integrados)<\/span><\/td>\n<\/tr>\n<tr>\n<td><span data-path-to-node=\"7,6,0,0\"><b data-path-to-node=\"7,6,0,0\" data-index-in-node=\"0\">Seguridad<\/b><\/span><\/td>\n<td><span data-path-to-node=\"7,6,1,0\">Lector de Huella Dactilar (Fingerprint)<\/span><\/td>\n<\/tr>\n<tr>\n<td><span data-path-to-node=\"7,7,0,0\"><b data-path-to-node=\"7,7,0,0\" data-index-in-node=\"0\">Color<\/b><\/span><\/td>\n<td><span data-path-to-node=\"7,7,1,0\">Quiet Blue (Azul Silencioso)<\/span><\/td>\n<\/tr>\n<tr>\n<td><span data-path-to-node=\"7,8,0,0\"><b data-path-to-node=\"7,8,0,0\" data-index-in-node=\"0\">Sistema Operativo<\/b><\/span><\/td>\n<td><span data-path-to-node=\"7,8,1,0\">Windows 11 Home<\/span><\/td>\n<\/tr>\n<tr>\n<td><span data-path-to-node=\"7,9,0,0\"><b data-path-to-node=\"7,9,0,0\" data-index-in-node=\"0\">Puertos<\/b><\/span><\/td>\n<td><span data-path-to-node=\"7,9,1,0\">USB 3.2 Gen 1 (Tipo A y C), USB 2.0, HDMI 1.4, Jack 3.5mm<\/span><\/td>\n<\/tr>\n<\/tbody>\n<\/table>\n<\/div>\n<div class=\"table-footer hide-from-message-actions\">\n<h2 data-path-to-node=\"8\"><\/h2>\n<h2 data-path-to-node=\"8\">\u00bfPor qu\u00e9 el ASUS Vivobook 15 es la elecci\u00f3n inteligente?<\/h2>\n<p>&nbsp;<\/p>\n<p data-path-to-node=\"9\">En un mundo que se mueve r\u00e1pido, necesitas una herramienta que te siga el ritmo. Este port\u00e1til ha sido creado bajo tres pilares fundamentales:<\/p>\n<ol start=\"1\" data-path-to-node=\"10\">\n<li>\n<p data-path-to-node=\"10,0,0\"><b data-path-to-node=\"10,0,0\" data-index-in-node=\"0\">Productividad sin L\u00edmites:<\/b> Gracias a sus 8 n\u00facleos de procesamiento, podr\u00e1s editar documentos, realizar videollamadas y gestionar bases de datos simult\u00e1neamente sin que el equipo sufra.<\/p>\n<\/li>\n<li>\n<p data-path-to-node=\"10,1,0\"><b data-path-to-node=\"10,1,0\" data-index-in-node=\"0\">Portabilidad con Estilo:<\/b> Su acabado en color azul y su perfil delgado lo convierten en el accesorio perfecto para llevar a la oficina o a la universidad, destacando por su elegancia.<\/p>\n<\/li>\n<li>\n<p data-path-to-node=\"10,2,0\"><b data-path-to-node=\"10,2,0\" data-index-in-node=\"0\">Experiencia de Usuario Mejorada:<\/b> El teclado ergon\u00f3mico y el sistema de audio optimizado hacen que cada hora de trabajo sea m\u00e1s c\u00f3moda, mientras que Windows 11 optimiza el flujo de tus ventanas de forma inteligente.<\/p>\n<\/li>\n<\/ol>\n<p>&nbsp;<\/p>\n<hr data-path-to-node=\"11\" \/>\n<h3 data-path-to-node=\"12\">Recomendaciones y Pol\u00edticas de Venta<\/h3>\n<p>&nbsp;<\/p>\n<ul data-path-to-node=\"13\">\n<li>\n<p data-path-to-node=\"13,0,0\"><b data-path-to-node=\"13,0,0\" data-index-in-node=\"0\">Recomendaciones:<\/b> Lea cuidadosamente la descripci\u00f3n del producto y condiciones de venta.<\/p>\n<\/li>\n<li>\n<p data-path-to-node=\"13,1,0\"><b data-path-to-node=\"13,1,0\" data-index-in-node=\"0\">Garant\u00eda:<\/b> Se otorga 1 a\u00f1o de respaldo por defectos de fabricaci\u00f3n directamente con la marca, conservando empaques originales. No cubre da\u00f1os por manipulaci\u00f3n no autorizada, golpes, derrames o mal uso. Es obligatorio entregar el producto con empaques y accesorios ORIGINALES.<\/p>\n<\/li>\n<li>\n<p data-path-to-node=\"13,2,0\"><b data-path-to-node=\"13,2,0\" data-index-in-node=\"0\">Im\u00e1genes:<\/b> Las im\u00e1genes son representaciones fotogr\u00e1ficas aproximadas y pueden variar seg\u00fan la resoluci\u00f3n del dispositivo.<\/p>\n<\/li>\n<li>\n<p data-path-to-node=\"13,3,0\"><b data-path-to-node=\"13,3,0\" data-index-in-node=\"0\">Factura Legal de Venta:<\/b> Al ser facturaci\u00f3n electr\u00f3nica, NO se realizan modificaciones ni cambios de datos una vez emitida. Por favor, verifica tus datos antes de finalizar la compra.<\/p>\n<\/li>\n<li>&lt;a href=\u00bbhttp:\/\/giftronic04.com\u00bb target=\u00bb_blank\u00bb&gt;giftronic04.com&lt;\/a&gt;<\/li>\n<\/ul>\n<\/div>\n<\/div>\n<\/div>\n<\/div>\n","protected":false},"excerpt":{"rendered":"[video width=\"1920\" height=\"1080\" mp4=\"https:\/\/giftronic04.com\/wp-content\/uploads\/2026\/02\/Low-1.mp4\"][\/video]\n","protected":false},"featured_media":9980,"comment_status":"open","ping_status":"closed","template":"","meta":{"_surecart_dashboard_logo_width":"180px","_surecart_dashboard_show_logo":true,"_surecart_dashboard_navigation_orders":true,"_surecart_dashboard_navigation_invoices":true,"_surecart_dashboard_navigation_subscriptions":true,"_surecart_dashboard_navigation_downloads":true,"_surecart_dashboard_navigation_billing":true,"_surecart_dashboard_navigation_account":true,"site-sidebar-layout":"default","site-content-layout":"","ast-site-content-layout":"default","site-content-style":"default","site-sidebar-style":"default","ast-global-header-display":"","ast-banner-title-visibility":"","ast-main-header-display":"","ast-hfb-above-header-display":"","ast-hfb-below-header-display":"","ast-hfb-mobile-header-display":"","site-post-title":"","ast-breadcrumbs-content":"","ast-featured-img":"","footer-sml-layout":"","ast-disable-related-posts":"","theme-transparent-header-meta":"default","adv-header-id-meta":"","stick-header-meta":"","header-above-stick-meta":"","header-main-stick-meta":"","header-below-stick-meta":"","astra-migrate-meta-layouts":"set","ast-page-background-enabled":"default","ast-page-background-meta":{"desktop":{"background-color":"var(--ast-global-color-4)","background-image":"","background-repeat":"repeat","background-position":"center center","background-size":"auto","background-attachment":"scroll","background-type":"","background-media":"","overlay-type":"","overlay-color":"","overlay-opacity":"","overlay-gradient":""},"tablet":{"background-color":"","background-image":"","background-repeat":"repeat","background-position":"center center","background-size":"auto","background-attachment":"scroll","background-type":"","background-media":"","overlay-type":"","overlay-color":"","overlay-opacity":"","overlay-gradient":""},"mobile":{"background-color":"","background-image":"","background-repeat":"repeat","background-position":"center center","background-size":"auto","background-attachment":"scroll","background-type":"","background-media":"","overlay-type":"","overlay-color":"","overlay-opacity":"","overlay-gradient":""}},"ast-content-background-meta":{"desktop":{"background-color":"var(--ast-global-color-5)","background-image":"","background-repeat":"repeat","background-position":"center center","background-size":"auto","background-attachment":"scroll","background-type":"","background-media":"","overlay-type":"","overlay-color":"","overlay-opacity":"","overlay-gradient":""},"tablet":{"background-color":"var(--ast-global-color-5)","background-image":"","background-repeat":"repeat","background-position":"center center","background-size":"auto","background-attachment":"scroll","background-type":"","background-media":"","overlay-type":"","overlay-color":"","overlay-opacity":"","overlay-gradient":""},"mobile":{"background-color":"var(--ast-global-color-5)","background-image":"","background-repeat":"repeat","background-position":"center center","background-size":"auto","background-attachment":"scroll","background-type":"","background-media":"","overlay-type":"","overlay-color":"","overlay-opacity":"","overlay-gradient":""}}},"product_brand":[],"product_cat":[22,30],"product_tag":[],"class_list":{"0":"post-9978","1":"product","2":"type-product","3":"status-publish","4":"has-post-thumbnail","6":"product_cat-computacion","7":"product_cat-componentes-de-pc-portatiles","8":"desktop-align-left","9":"tablet-align-left","10":"mobile-align-left","12":"first","13":"instock","14":"sale","15":"taxable","16":"shipping-taxable","17":"purchasable","18":"product-type-simple"},"yoast_head":"<!-- This site is optimized with the Yoast SEO plugin v27.3 - https:\/\/yoast.com\/product\/yoast-seo-wordpress\/ -->\n<title>ASUS Vivobook 15 X1502V | i5-13420H | 16GB RAM | 1TB SSD...<\/title>\n<meta name=\"description\" content=\"Compra el ASUS Vivobook 15 X1502V: Intel Core i5-13420H, 16GB RAM y 1TB SSD. Potencia de 13\u00aa Gen, lector de huella y Windows 11. \u00a1Env\u00edo r\u00e1pido y garant\u00eda!\" \/>\n<meta name=\"robots\" content=\"index, follow, max-snippet:-1, max-image-preview:large, max-video-preview:-1\" \/>\n<link rel=\"canonical\" href=\"https:\/\/giftronic04.com\/index.php\/product\/portatil-asus-vivobook-15-x1502v-i5-13420h-16gb-ram-1tb-ssd-azul\/\" \/>\n<meta property=\"og:locale\" content=\"es_ES\" \/>\n<meta property=\"og:type\" content=\"article\" \/>\n<meta property=\"og:title\" content=\"ASUS Vivobook 15 X1502V | i5-13420H | 16GB RAM | 1TB SSD...\" \/>\n<meta property=\"og:description\" content=\"Compra el ASUS Vivobook 15 X1502V: Intel Core i5-13420H, 16GB RAM y 1TB SSD. Potencia de 13\u00aa Gen, lector de huella y Windows 11. \u00a1Env\u00edo r\u00e1pido y garant\u00eda!\" \/>\n<meta property=\"og:url\" content=\"https:\/\/giftronic04.com\/index.php\/product\/portatil-asus-vivobook-15-x1502v-i5-13420h-16gb-ram-1tb-ssd-azul\/\" \/>\n<meta property=\"og:site_name\" content=\"Giftronic.04\" \/>\n<meta property=\"article:modified_time\" content=\"2026-02-24T00:00:12+00:00\" \/>\n<meta property=\"og:image\" content=\"https:\/\/giftronic04.com\/wp-content\/uploads\/2026\/02\/LOGO-6.jpg\" \/>\n\t<meta property=\"og:image:width\" content=\"2000\" \/>\n\t<meta property=\"og:image:height\" content=\"2000\" \/>\n\t<meta property=\"og:image:type\" content=\"image\/jpeg\" \/>\n<meta name=\"twitter:card\" content=\"summary_large_image\" \/>\n<meta name=\"twitter:label1\" content=\"Tiempo de lectura\" \/>\n\t<meta name=\"twitter:data1\" content=\"3 minutos\" \/>\n<script type=\"application\/ld+json\" class=\"yoast-schema-graph\">{\"@context\":\"https:\\\/\\\/schema.org\",\"@graph\":[{\"@type\":\"WebPage\",\"@id\":\"https:\\\/\\\/giftronic04.com\\\/index.php\\\/product\\\/portatil-asus-vivobook-15-x1502v-i5-13420h-16gb-ram-1tb-ssd-azul\\\/\",\"url\":\"https:\\\/\\\/giftronic04.com\\\/index.php\\\/product\\\/portatil-asus-vivobook-15-x1502v-i5-13420h-16gb-ram-1tb-ssd-azul\\\/\",\"name\":\"ASUS Vivobook 15 X1502V | i5-13420H | 16GB RAM | 1TB SSD...\",\"isPartOf\":{\"@id\":\"https:\\\/\\\/giftronic04.com\\\/#website\"},\"primaryImageOfPage\":{\"@id\":\"https:\\\/\\\/giftronic04.com\\\/index.php\\\/product\\\/portatil-asus-vivobook-15-x1502v-i5-13420h-16gb-ram-1tb-ssd-azul\\\/#primaryimage\"},\"image\":{\"@id\":\"https:\\\/\\\/giftronic04.com\\\/index.php\\\/product\\\/portatil-asus-vivobook-15-x1502v-i5-13420h-16gb-ram-1tb-ssd-azul\\\/#primaryimage\"},\"thumbnailUrl\":\"https:\\\/\\\/giftronic04.com\\\/wp-content\\\/uploads\\\/2026\\\/02\\\/LOGO-6.jpg\",\"datePublished\":\"2026-02-20T22:29:36+00:00\",\"dateModified\":\"2026-02-24T00:00:12+00:00\",\"description\":\"Compra el ASUS Vivobook 15 X1502V: Intel Core i5-13420H, 16GB RAM y 1TB SSD. Potencia de 13\u00aa Gen, lector de huella y Windows 11. \u00a1Env\u00edo r\u00e1pido y garant\u00eda!\",\"breadcrumb\":{\"@id\":\"https:\\\/\\\/giftronic04.com\\\/index.php\\\/product\\\/portatil-asus-vivobook-15-x1502v-i5-13420h-16gb-ram-1tb-ssd-azul\\\/#breadcrumb\"},\"inLanguage\":\"es\",\"potentialAction\":[{\"@type\":\"ReadAction\",\"target\":[\"https:\\\/\\\/giftronic04.com\\\/index.php\\\/product\\\/portatil-asus-vivobook-15-x1502v-i5-13420h-16gb-ram-1tb-ssd-azul\\\/\"]}]},{\"@type\":\"ImageObject\",\"inLanguage\":\"es\",\"@id\":\"https:\\\/\\\/giftronic04.com\\\/index.php\\\/product\\\/portatil-asus-vivobook-15-x1502v-i5-13420h-16gb-ram-1tb-ssd-azul\\\/#primaryimage\",\"url\":\"https:\\\/\\\/giftronic04.com\\\/wp-content\\\/uploads\\\/2026\\\/02\\\/LOGO-6.jpg\",\"contentUrl\":\"https:\\\/\\\/giftronic04.com\\\/wp-content\\\/uploads\\\/2026\\\/02\\\/LOGO-6.jpg\",\"width\":2000,\"height\":2000,\"caption\":\"port\u00e1til asus vivobook 15 x1502v: i5 13420h, 16gb ram, 1tb ssd azul\"},{\"@type\":\"BreadcrumbList\",\"@id\":\"https:\\\/\\\/giftronic04.com\\\/index.php\\\/product\\\/portatil-asus-vivobook-15-x1502v-i5-13420h-16gb-ram-1tb-ssd-azul\\\/#breadcrumb\",\"itemListElement\":[{\"@type\":\"ListItem\",\"position\":1,\"name\":\"Portada\",\"item\":\"https:\\\/\\\/giftronic04.com\\\/\"},{\"@type\":\"ListItem\",\"position\":2,\"name\":\"Tienda\",\"item\":\"https:\\\/\\\/giftronic04.com\\\/index.php\\\/shop\\\/\"},{\"@type\":\"ListItem\",\"position\":3,\"name\":\"Port\u00e1til ASUS Vivobook 15 X1502V: i5-13420H, 16GB RAM, 1TB SSD &#8211; Azul\"}]},{\"@type\":\"WebSite\",\"@id\":\"https:\\\/\\\/giftronic04.com\\\/#website\",\"url\":\"https:\\\/\\\/giftronic04.com\\\/\",\"name\":\"Giftronic.04\",\"description\":\"Venta de equipos tecnologicos\",\"publisher\":{\"@id\":\"https:\\\/\\\/giftronic04.com\\\/#organization\"},\"potentialAction\":[{\"@type\":\"SearchAction\",\"target\":{\"@type\":\"EntryPoint\",\"urlTemplate\":\"https:\\\/\\\/giftronic04.com\\\/?s={search_term_string}\"},\"query-input\":{\"@type\":\"PropertyValueSpecification\",\"valueRequired\":true,\"valueName\":\"search_term_string\"}}],\"inLanguage\":\"es\"},{\"@type\":\"Organization\",\"@id\":\"https:\\\/\\\/giftronic04.com\\\/#organization\",\"name\":\"giftronic04\",\"url\":\"https:\\\/\\\/giftronic04.com\\\/\",\"logo\":{\"@type\":\"ImageObject\",\"inLanguage\":\"es\",\"@id\":\"https:\\\/\\\/giftronic04.com\\\/#\\\/schema\\\/logo\\\/image\\\/\",\"url\":\"https:\\\/\\\/giftronic04.com\\\/wp-content\\\/uploads\\\/2021\\\/08\\\/logo.png\",\"contentUrl\":\"https:\\\/\\\/giftronic04.com\\\/wp-content\\\/uploads\\\/2021\\\/08\\\/logo.png\",\"width\":6640,\"height\":2192,\"caption\":\"giftronic04\"},\"image\":{\"@id\":\"https:\\\/\\\/giftronic04.com\\\/#\\\/schema\\\/logo\\\/image\\\/\"},\"sameAs\":[\"https:\\\/\\\/www.instagram.com\\\/giftronic.04\\\/\"]}]}<\/script>\n<!-- \/ Yoast SEO plugin. -->","yoast_head_json":{"title":"ASUS Vivobook 15 X1502V | i5-13420H | 16GB RAM | 1TB SSD...","description":"Compra el ASUS Vivobook 15 X1502V: Intel Core i5-13420H, 16GB RAM y 1TB SSD. Potencia de 13\u00aa Gen, lector de huella y Windows 11. \u00a1Env\u00edo r\u00e1pido y garant\u00eda!","robots":{"index":"index","follow":"follow","max-snippet":"max-snippet:-1","max-image-preview":"max-image-preview:large","max-video-preview":"max-video-preview:-1"},"canonical":"https:\/\/giftronic04.com\/index.php\/product\/portatil-asus-vivobook-15-x1502v-i5-13420h-16gb-ram-1tb-ssd-azul\/","og_locale":"es_ES","og_type":"article","og_title":"ASUS Vivobook 15 X1502V | i5-13420H | 16GB RAM | 1TB SSD...","og_description":"Compra el ASUS Vivobook 15 X1502V: Intel Core i5-13420H, 16GB RAM y 1TB SSD. Potencia de 13\u00aa Gen, lector de huella y Windows 11. \u00a1Env\u00edo r\u00e1pido y garant\u00eda!","og_url":"https:\/\/giftronic04.com\/index.php\/product\/portatil-asus-vivobook-15-x1502v-i5-13420h-16gb-ram-1tb-ssd-azul\/","og_site_name":"Giftronic.04","article_modified_time":"2026-02-24T00:00:12+00:00","og_image":[{"width":2000,"height":2000,"url":"https:\/\/giftronic04.com\/wp-content\/uploads\/2026\/02\/LOGO-6.jpg","type":"image\/jpeg"}],"twitter_card":"summary_large_image","twitter_misc":{"Tiempo de lectura":"3 minutos"},"schema":{"@context":"https:\/\/schema.org","@graph":[{"@type":"WebPage","@id":"https:\/\/giftronic04.com\/index.php\/product\/portatil-asus-vivobook-15-x1502v-i5-13420h-16gb-ram-1tb-ssd-azul\/","url":"https:\/\/giftronic04.com\/index.php\/product\/portatil-asus-vivobook-15-x1502v-i5-13420h-16gb-ram-1tb-ssd-azul\/","name":"ASUS Vivobook 15 X1502V | i5-13420H | 16GB RAM | 1TB SSD...","isPartOf":{"@id":"https:\/\/giftronic04.com\/#website"},"primaryImageOfPage":{"@id":"https:\/\/giftronic04.com\/index.php\/product\/portatil-asus-vivobook-15-x1502v-i5-13420h-16gb-ram-1tb-ssd-azul\/#primaryimage"},"image":{"@id":"https:\/\/giftronic04.com\/index.php\/product\/portatil-asus-vivobook-15-x1502v-i5-13420h-16gb-ram-1tb-ssd-azul\/#primaryimage"},"thumbnailUrl":"https:\/\/giftronic04.com\/wp-content\/uploads\/2026\/02\/LOGO-6.jpg","datePublished":"2026-02-20T22:29:36+00:00","dateModified":"2026-02-24T00:00:12+00:00","description":"Compra el ASUS Vivobook 15 X1502V: Intel Core i5-13420H, 16GB RAM y 1TB SSD. Potencia de 13\u00aa Gen, lector de huella y Windows 11. \u00a1Env\u00edo r\u00e1pido y garant\u00eda!","breadcrumb":{"@id":"https:\/\/giftronic04.com\/index.php\/product\/portatil-asus-vivobook-15-x1502v-i5-13420h-16gb-ram-1tb-ssd-azul\/#breadcrumb"},"inLanguage":"es","potentialAction":[{"@type":"ReadAction","target":["https:\/\/giftronic04.com\/index.php\/product\/portatil-asus-vivobook-15-x1502v-i5-13420h-16gb-ram-1tb-ssd-azul\/"]}]},{"@type":"ImageObject","inLanguage":"es","@id":"https:\/\/giftronic04.com\/index.php\/product\/portatil-asus-vivobook-15-x1502v-i5-13420h-16gb-ram-1tb-ssd-azul\/#primaryimage","url":"https:\/\/giftronic04.com\/wp-content\/uploads\/2026\/02\/LOGO-6.jpg","contentUrl":"https:\/\/giftronic04.com\/wp-content\/uploads\/2026\/02\/LOGO-6.jpg","width":2000,"height":2000,"caption":"port\u00e1til asus vivobook 15 x1502v: i5 13420h, 16gb ram, 1tb ssd azul"},{"@type":"BreadcrumbList","@id":"https:\/\/giftronic04.com\/index.php\/product\/portatil-asus-vivobook-15-x1502v-i5-13420h-16gb-ram-1tb-ssd-azul\/#breadcrumb","itemListElement":[{"@type":"ListItem","position":1,"name":"Portada","item":"https:\/\/giftronic04.com\/"},{"@type":"ListItem","position":2,"name":"Tienda","item":"https:\/\/giftronic04.com\/index.php\/shop\/"},{"@type":"ListItem","position":3,"name":"Port\u00e1til ASUS Vivobook 15 X1502V: i5-13420H, 16GB RAM, 1TB SSD &#8211; Azul"}]},{"@type":"WebSite","@id":"https:\/\/giftronic04.com\/#website","url":"https:\/\/giftronic04.com\/","name":"Giftronic.04","description":"Venta de equipos tecnologicos","publisher":{"@id":"https:\/\/giftronic04.com\/#organization"},"potentialAction":[{"@type":"SearchAction","target":{"@type":"EntryPoint","urlTemplate":"https:\/\/giftronic04.com\/?s={search_term_string}"},"query-input":{"@type":"PropertyValueSpecification","valueRequired":true,"valueName":"search_term_string"}}],"inLanguage":"es"},{"@type":"Organization","@id":"https:\/\/giftronic04.com\/#organization","name":"giftronic04","url":"https:\/\/giftronic04.com\/","logo":{"@type":"ImageObject","inLanguage":"es","@id":"https:\/\/giftronic04.com\/#\/schema\/logo\/image\/","url":"https:\/\/giftronic04.com\/wp-content\/uploads\/2021\/08\/logo.png","contentUrl":"https:\/\/giftronic04.com\/wp-content\/uploads\/2021\/08\/logo.png","width":6640,"height":2192,"caption":"giftronic04"},"image":{"@id":"https:\/\/giftronic04.com\/#\/schema\/logo\/image\/"},"sameAs":["https:\/\/www.instagram.com\/giftronic.04\/"]}]}},"jetpack_sharing_enabled":true,"_links":{"self":[{"href":"https:\/\/giftronic04.com\/index.php\/wp-json\/wp\/v2\/product\/9978","targetHints":{"allow":["GET"]}}],"collection":[{"href":"https:\/\/giftronic04.com\/index.php\/wp-json\/wp\/v2\/product"}],"about":[{"href":"https:\/\/giftronic04.com\/index.php\/wp-json\/wp\/v2\/types\/product"}],"replies":[{"embeddable":true,"href":"https:\/\/giftronic04.com\/index.php\/wp-json\/wp\/v2\/comments?post=9978"}],"wp:featuredmedia":[{"embeddable":true,"href":"https:\/\/giftronic04.com\/index.php\/wp-json\/wp\/v2\/media\/9980"}],"wp:attachment":[{"href":"https:\/\/giftronic04.com\/index.php\/wp-json\/wp\/v2\/media?parent=9978"}],"wp:term":[{"taxonomy":"product_brand","embeddable":true,"href":"https:\/\/giftronic04.com\/index.php\/wp-json\/wp\/v2\/product_brand?post=9978"},{"taxonomy":"product_cat","embeddable":true,"href":"https:\/\/giftronic04.com\/index.php\/wp-json\/wp\/v2\/product_cat?post=9978"},{"taxonomy":"product_tag","embeddable":true,"href":"https:\/\/giftronic04.com\/index.php\/wp-json\/wp\/v2\/product_tag?post=9978"}],"curies":[{"name":"wp","href":"https:\/\/api.w.org\/{rel}","templated":true}]}}