{"id":9992,"date":"2026-02-25T13:35:33","date_gmt":"2026-02-25T18:35:33","guid":{"rendered":"https:\/\/giftronic04.com\/?post_type=product&#038;p=9992"},"modified":"2026-02-25T13:45:48","modified_gmt":"2026-02-25T18:45:48","slug":"portatil-asus-vivobook-15-x1504va-intel-core-i5-120u-12gb-ram-y-ssd-de-512gb-azul","status":"publish","type":"product","link":"https:\/\/giftronic04.com\/index.php\/product\/portatil-asus-vivobook-15-x1504va-intel-core-i5-120u-12gb-ram-y-ssd-de-512gb-azul\/","title":{"rendered":"Portatil ASUS Vivobook 15 X1504VA: Intel Core i5-120U 12GB RAM y SSD de 512GB \u2013 Azul"},"content":{"rendered":"<h3><\/h3>\n<h2 data-path-to-node=\"3\">Port\u00e1til ASUS Vivobook 15.6&#8243; X1504VA: Potencia Intel Core i5 de 12.\u00aa Generaci\u00f3n para tu Productividad<\/h2>\n<p>&nbsp;<\/p>\n<p data-path-to-node=\"4\">Eleva tu rendimiento diario con el <b data-path-to-node=\"4\" data-index-in-node=\"35\">Port\u00e1til ASUS Vivobook X1504VA<\/b>, el equilibrio perfecto entre un dise\u00f1o elegante en color Quiet Blue y una potencia excepcional. Equipado con el procesador Intel Core i5-120U y una generosa memoria de 12GB, este equipo est\u00e1 dise\u00f1ado para quienes buscan fluidez absoluta en multitarea, ya sea en el estudio, la oficina o el entretenimiento dom\u00e9stico.<\/p>\n<hr data-path-to-node=\"5\" \/>\n<h2 data-path-to-node=\"6\"><\/h2>\n<h3 data-path-to-node=\"6\">Caracter\u00edsticas Principales Port\u00e1til ASUS Vivobook X1504VA<\/h3>\n<p>&nbsp;<\/p>\n<ul data-path-to-node=\"7\">\n<li>\n<p data-path-to-node=\"7,0,0\"><b data-path-to-node=\"7,0,0\" data-index-in-node=\"0\">Rendimiento de \u00daltima Generaci\u00f3n:<\/b> Procesador Intel\u00ae Core\u2122 <a href=\"https:\/\/www.intel.la\/content\/www\/xl\/es\/products\/sku\/236796\/intel-core-5-processor-120u-12m-cache-up-to-5-00-ghz\/ordering.html\">i5-120U<\/a> que garantiza una respuesta r\u00e1pida en todas tus aplicaciones.<\/p>\n<\/li>\n<li>\n<p data-path-to-node=\"7,1,0\"><b data-path-to-node=\"7,1,0\" data-index-in-node=\"0\">Multitarea sin Interrupciones:<\/b> 12GB de memoria RAM para trabajar con m\u00faltiples pesta\u00f1as y programas simult\u00e1neamente sin lentitud.<\/p>\n<\/li>\n<li>\n<p data-path-to-node=\"7,2,0\"><b data-path-to-node=\"7,2,0\" data-index-in-node=\"0\">Almacenamiento de Alta Velocidad:<\/b> 512GB SSD PCIe que permiten un arranque de sistema y carga de archivos en cuesti\u00f3n de segundos.<\/p>\n<\/li>\n<li>\n<p data-path-to-node=\"7,3,0\"><b data-path-to-node=\"7,3,0\" data-index-in-node=\"0\">Pantalla Inmersiva:<\/b> Panel de 15.6 pulgadas con bordes delgados para una experiencia visual amplia y c\u00f3moda.<\/p>\n<\/li>\n<li>\n<p data-path-to-node=\"7,4,0\"><b data-path-to-node=\"7,4,0\" data-index-in-node=\"0\">Conectividad Total:<\/b> Equipado con puertos USB-C, USB 3.2 y HDMI para conectar todos tus perif\u00e9ricos sin adaptadores.<\/p>\n<\/li>\n<li>\n<p data-path-to-node=\"7,5,0\"><b data-path-to-node=\"7,5,0\" data-index-in-node=\"0\">Portabilidad y Estilo:<\/b> Chasis ligero y acabado en azul profesional, ideal para llevarlo a cualquier parte.<\/p>\n<\/li>\n<\/ul>\n<p>&nbsp;<\/p>\n<hr data-path-to-node=\"8\" \/>\n<h3 data-path-to-node=\"9\"><\/h3>\n<h3 data-path-to-node=\"9\">Especificaciones T\u00e9cnicas Port\u00e1til ASUS Vivobook X1504VA<\/h3>\n<p>&nbsp;<\/p>\n<div class=\"horizontal-scroll-wrapper\">\n<div class=\"table-block-component\">\n<div class=\"table-block has-export-button is-at-scroll-start is-at-scroll-end\">\n<div class=\"table-content not-end-of-paragraph\" data-hveid=\"0\" data-ved=\"0CAAQ3ecQahcKEwjPwN7C8fSSAxUAAAAAHQAAAAAQGw\">\n<table data-path-to-node=\"10\">\n<thead>\n<tr>\n<td><span data-path-to-node=\"10,0,0,0\">Componente<\/span><\/td>\n<td><span data-path-to-node=\"10,0,1,0\">Detalle T\u00e9cnico<\/span><\/td>\n<\/tr>\n<\/thead>\n<tbody>\n<tr>\n<td><span data-path-to-node=\"10,1,0,0\"><b data-path-to-node=\"10,1,0,0\" data-index-in-node=\"0\">Modelo<\/b><\/span><\/td>\n<td><span data-path-to-node=\"10,1,1,0\">ASUS Vivobook 15 X1504VA<\/span><\/td>\n<\/tr>\n<tr>\n<td><span data-path-to-node=\"10,2,0,0\"><b data-path-to-node=\"10,2,0,0\" data-index-in-node=\"0\">Procesador<\/b><\/span><\/td>\n<td><span data-path-to-node=\"10,2,1,0\">Intel\u00ae Core\u2122 i5-120U (12.\u00aa Generaci\u00f3n)<\/span><\/td>\n<\/tr>\n<tr>\n<td><span data-path-to-node=\"10,3,0,0\"><b data-path-to-node=\"10,3,0,0\" data-index-in-node=\"0\">Memoria RAM<\/b><\/span><\/td>\n<td><span data-path-to-node=\"10,3,1,0\">12GB DDR4<\/span><\/td>\n<\/tr>\n<tr>\n<td><span data-path-to-node=\"10,4,0,0\"><b data-path-to-node=\"10,4,0,0\" data-index-in-node=\"0\">Almacenamiento<\/b><\/span><\/td>\n<td><span data-path-to-node=\"10,4,1,0\">512GB SSD M.2 NVMe\u2122 PCIe\u00ae<\/span><\/td>\n<\/tr>\n<tr>\n<td><span data-path-to-node=\"10,5,0,0\"><b data-path-to-node=\"10,5,0,0\" data-index-in-node=\"0\">Pantalla<\/b><\/span><\/td>\n<td><span data-path-to-node=\"10,5,1,0\">15.6&#8243; Full HD (1920 x 1080)<\/span><\/td>\n<\/tr>\n<tr>\n<td><span data-path-to-node=\"10,6,0,0\"><b data-path-to-node=\"10,6,0,0\" data-index-in-node=\"0\">Gr\u00e1ficos<\/b><\/span><\/td>\n<td><span data-path-to-node=\"10,6,1,0\">Intel\u00ae Graphics (Integrados)<\/span><\/td>\n<\/tr>\n<tr>\n<td><span data-path-to-node=\"10,7,0,0\"><b data-path-to-node=\"10,7,0,0\" data-index-in-node=\"0\">Sistema Operativo<\/b><\/span><\/td>\n<td><span data-path-to-node=\"10,7,1,0\">Windows 11 Home<\/span><\/td>\n<\/tr>\n<tr>\n<td><span data-path-to-node=\"10,8,0,0\"><b data-path-to-node=\"10,8,0,0\" data-index-in-node=\"0\">Bater\u00eda<\/b><\/span><\/td>\n<td><span data-path-to-node=\"10,8,1,0\">3 Celdas (42WHrs)<\/span><\/td>\n<\/tr>\n<tr>\n<td><span data-path-to-node=\"10,9,0,0\"><b data-path-to-node=\"10,9,0,0\" data-index-in-node=\"0\">Color<\/b><\/span><\/td>\n<td><span data-path-to-node=\"10,9,1,0\">Quiet Blue (Azul)<\/span><\/td>\n<\/tr>\n<\/tbody>\n<\/table>\n<\/div>\n<div class=\"table-footer hide-from-message-actions\">\n<h3 data-path-to-node=\"12\"><\/h3>\n<h3 data-path-to-node=\"12\">Beneficios de uso: \u00bfPor qu\u00e9 elegir el ASUS Vivobook 15?<\/h3>\n<p>&nbsp;<\/p>\n<ol start=\"1\" data-path-to-node=\"13\">\n<li>\n<p data-path-to-node=\"13,0,0\"><b data-path-to-node=\"13,0,0\" data-index-in-node=\"0\">Optimiza tu flujo de trabajo:<\/b> Gracias al procesador i5 de 12.\u00aa generaci\u00f3n, las hojas de c\u00e1lculo pesadas, las videollamadas y la edici\u00f3n de documentos se sienten instant\u00e1neas.<\/p>\n<\/li>\n<li>\n<p data-path-to-node=\"13,1,0\"><b data-path-to-node=\"13,1,0\" data-index-in-node=\"0\">Experiencia Visual Superior:<\/b> Su pantalla de 15.6 pulgadas es ideal para largas jornadas de trabajo o para disfrutar de tus series favoritas con colores vibrantes y nitidez FHD.<\/p>\n<\/li>\n<li>\n<p data-path-to-node=\"13,2,0\"><b data-path-to-node=\"13,2,0\" data-index-in-node=\"0\">Preparado para el futuro:<\/b> Con Windows 11 preinstalado, disfrutas de la interfaz m\u00e1s moderna y segura de Microsoft desde el primer encendido.<\/p>\n<\/li>\n<li>\n<p data-path-to-node=\"13,3,0\"><b data-path-to-node=\"13,3,0\" data-index-in-node=\"0\">Movilidad sin peso:<\/b> A pesar de su gran pantalla, su dise\u00f1o compacto permite guardarlo en cualquier morral est\u00e1ndar sin a\u00f1adir peso excesivo a tu d\u00eda a d\u00eda.<\/p>\n<\/li>\n<\/ol>\n<p>&nbsp;<\/p>\n<hr data-path-to-node=\"14\" \/>\n<h3 data-path-to-node=\"15\">Recomendaciones y Pol\u00edticas<\/h3>\n<\/div>\n<p>&nbsp;<\/p>\n<div class=\"table-footer hide-from-message-actions\">\n<ul data-path-to-node=\"16\">\n<li>\n<p data-path-to-node=\"16,0,0\"><b data-path-to-node=\"16,0,0\" data-index-in-node=\"0\">Lea cuidadosamente<\/b> la descripci\u00f3n del producto y condiciones de venta.<\/p>\n<\/li>\n<li>\n<p data-path-to-node=\"16,1,0\"><b data-path-to-node=\"16,1,0\" data-index-in-node=\"0\">Se otorga 1 a\u00f1o de respaldo<\/b> por defectos de fabricaci\u00f3n directamente con la marca, conservando empaques originales. No cubre da\u00f1os por manipulaci\u00f3n no autorizada, golpes, derrames o mal uso.<\/p>\n<\/li>\n<li>\n<p data-path-to-node=\"16,2,0\"><b data-path-to-node=\"16,2,0\" data-index-in-node=\"0\">Las im\u00e1genes son representaciones fotogr\u00e1ficas aproximadas<\/b> y pueden variar seg\u00fan la resoluci\u00f3n del dispositivo.<\/p>\n<\/li>\n<li>\n<p data-path-to-node=\"16,3,0\"><b data-path-to-node=\"16,3,0\" data-index-in-node=\"0\">Garant\u00eda:<\/b> Es obligatorio entregar el producto con empaques y accesorios ORIGINALES.<\/p>\n<\/li>\n<li>\n<p data-path-to-node=\"16,4,0\"><b data-path-to-node=\"16,4,0\" data-index-in-node=\"0\">Factura Legal de Venta:<\/b> Al ser facturaci\u00f3n electr\u00f3nica, NO se realizan modificaciones ni cambios de datos una vez emitida. Por favor, verifica tus datos antes de finalizar la compra.<\/p>\n<\/li>\n<li>&lt;a href=\u00bbhttp:\/\/giftronic04.com\u00bb target=\u00bb_blank\u00bb&gt;giftronic04.com&lt;\/a&gt;<\/li>\n<\/ul>\n<\/div>\n<\/div>\n<\/div>\n<\/div>\n","protected":false},"excerpt":{"rendered":"[video width=\"1920\" height=\"1080\" mp4=\"https:\/\/giftronic04.com\/wp-content\/uploads\/2026\/02\/Low-2.mp4\"][\/video]\n","protected":false},"featured_media":9993,"comment_status":"open","ping_status":"closed","template":"","meta":{"_surecart_dashboard_logo_width":"180px","_surecart_dashboard_show_logo":true,"_surecart_dashboard_navigation_orders":true,"_surecart_dashboard_navigation_invoices":true,"_surecart_dashboard_navigation_subscriptions":true,"_surecart_dashboard_navigation_downloads":true,"_surecart_dashboard_navigation_billing":true,"_surecart_dashboard_navigation_account":true,"site-sidebar-layout":"default","site-content-layout":"","ast-site-content-layout":"default","site-content-style":"default","site-sidebar-style":"default","ast-global-header-display":"","ast-banner-title-visibility":"","ast-main-header-display":"","ast-hfb-above-header-display":"","ast-hfb-below-header-display":"","ast-hfb-mobile-header-display":"","site-post-title":"","ast-breadcrumbs-content":"","ast-featured-img":"","footer-sml-layout":"","ast-disable-related-posts":"","theme-transparent-header-meta":"default","adv-header-id-meta":"","stick-header-meta":"","header-above-stick-meta":"","header-main-stick-meta":"","header-below-stick-meta":"","astra-migrate-meta-layouts":"set","ast-page-background-enabled":"default","ast-page-background-meta":{"desktop":{"background-color":"var(--ast-global-color-4)","background-image":"","background-repeat":"repeat","background-position":"center center","background-size":"auto","background-attachment":"scroll","background-type":"","background-media":"","overlay-type":"","overlay-color":"","overlay-opacity":"","overlay-gradient":""},"tablet":{"background-color":"","background-image":"","background-repeat":"repeat","background-position":"center center","background-size":"auto","background-attachment":"scroll","background-type":"","background-media":"","overlay-type":"","overlay-color":"","overlay-opacity":"","overlay-gradient":""},"mobile":{"background-color":"","background-image":"","background-repeat":"repeat","background-position":"center center","background-size":"auto","background-attachment":"scroll","background-type":"","background-media":"","overlay-type":"","overlay-color":"","overlay-opacity":"","overlay-gradient":""}},"ast-content-background-meta":{"desktop":{"background-color":"var(--ast-global-color-5)","background-image":"","background-repeat":"repeat","background-position":"center center","background-size":"auto","background-attachment":"scroll","background-type":"","background-media":"","overlay-type":"","overlay-color":"","overlay-opacity":"","overlay-gradient":""},"tablet":{"background-color":"var(--ast-global-color-5)","background-image":"","background-repeat":"repeat","background-position":"center center","background-size":"auto","background-attachment":"scroll","background-type":"","background-media":"","overlay-type":"","overlay-color":"","overlay-opacity":"","overlay-gradient":""},"mobile":{"background-color":"var(--ast-global-color-5)","background-image":"","background-repeat":"repeat","background-position":"center center","background-size":"auto","background-attachment":"scroll","background-type":"","background-media":"","overlay-type":"","overlay-color":"","overlay-opacity":"","overlay-gradient":""}}},"product_brand":[],"product_cat":[22,30],"product_tag":[],"class_list":{"0":"post-9992","1":"product","2":"type-product","3":"status-publish","4":"has-post-thumbnail","6":"product_cat-computacion","7":"product_cat-componentes-de-pc-portatiles","8":"desktop-align-left","9":"tablet-align-left","10":"mobile-align-left","12":"first","13":"instock","14":"sale","15":"taxable","16":"shipping-taxable","17":"purchasable","18":"product-type-simple"},"yoast_head":"<!-- This site is optimized with the Yoast SEO plugin v27.3 - https:\/\/yoast.com\/product\/yoast-seo-wordpress\/ -->\n<title>Port\u00e1til ASUS Vivobook X1504VA Intel i5-120U 12GB RAM 512<\/title>\n<meta name=\"description\" content=\"Compra Port\u00e1til ASUS Vivobook X1504VA con Intel i5, 12GB RAM y 512GB SSD. Potencia, dise\u00f1o azul y Windows 11 al mejor precio. \u00a1Mejora tu productividad hoy!\" \/>\n<meta name=\"robots\" content=\"index, follow, max-snippet:-1, max-image-preview:large, max-video-preview:-1\" \/>\n<link rel=\"canonical\" href=\"https:\/\/giftronic04.com\/index.php\/product\/portatil-asus-vivobook-15-x1504va-intel-core-i5-120u-12gb-ram-y-ssd-de-512gb-azul\/\" \/>\n<meta property=\"og:locale\" content=\"es_ES\" \/>\n<meta property=\"og:type\" content=\"article\" \/>\n<meta property=\"og:title\" content=\"Port\u00e1til ASUS Vivobook X1504VA Intel i5-120U 12GB RAM 512\" \/>\n<meta property=\"og:description\" content=\"Compra Port\u00e1til ASUS Vivobook X1504VA con Intel i5, 12GB RAM y 512GB SSD. Potencia, dise\u00f1o azul y Windows 11 al mejor precio. \u00a1Mejora tu productividad hoy!\" \/>\n<meta property=\"og:url\" content=\"https:\/\/giftronic04.com\/index.php\/product\/portatil-asus-vivobook-15-x1504va-intel-core-i5-120u-12gb-ram-y-ssd-de-512gb-azul\/\" \/>\n<meta property=\"og:site_name\" content=\"Giftronic.04\" \/>\n<meta property=\"article:modified_time\" content=\"2026-02-25T18:45:48+00:00\" \/>\n<meta property=\"og:image\" content=\"https:\/\/giftronic04.com\/wp-content\/uploads\/2026\/02\/LOGO-7.jpg\" \/>\n\t<meta property=\"og:image:width\" content=\"2000\" \/>\n\t<meta property=\"og:image:height\" content=\"2000\" \/>\n\t<meta property=\"og:image:type\" content=\"image\/jpeg\" \/>\n<meta name=\"twitter:card\" content=\"summary_large_image\" \/>\n<meta name=\"twitter:label1\" content=\"Tiempo de lectura\" \/>\n\t<meta name=\"twitter:data1\" content=\"3 minutos\" \/>\n<script type=\"application\/ld+json\" class=\"yoast-schema-graph\">{\"@context\":\"https:\\\/\\\/schema.org\",\"@graph\":[{\"@type\":\"WebPage\",\"@id\":\"https:\\\/\\\/giftronic04.com\\\/index.php\\\/product\\\/portatil-asus-vivobook-15-x1504va-intel-core-i5-120u-12gb-ram-y-ssd-de-512gb-azul\\\/\",\"url\":\"https:\\\/\\\/giftronic04.com\\\/index.php\\\/product\\\/portatil-asus-vivobook-15-x1504va-intel-core-i5-120u-12gb-ram-y-ssd-de-512gb-azul\\\/\",\"name\":\"Port\u00e1til ASUS Vivobook X1504VA Intel i5-120U 12GB RAM 512\",\"isPartOf\":{\"@id\":\"https:\\\/\\\/giftronic04.com\\\/#website\"},\"primaryImageOfPage\":{\"@id\":\"https:\\\/\\\/giftronic04.com\\\/index.php\\\/product\\\/portatil-asus-vivobook-15-x1504va-intel-core-i5-120u-12gb-ram-y-ssd-de-512gb-azul\\\/#primaryimage\"},\"image\":{\"@id\":\"https:\\\/\\\/giftronic04.com\\\/index.php\\\/product\\\/portatil-asus-vivobook-15-x1504va-intel-core-i5-120u-12gb-ram-y-ssd-de-512gb-azul\\\/#primaryimage\"},\"thumbnailUrl\":\"https:\\\/\\\/giftronic04.com\\\/wp-content\\\/uploads\\\/2026\\\/02\\\/LOGO-7.jpg\",\"datePublished\":\"2026-02-25T18:35:33+00:00\",\"dateModified\":\"2026-02-25T18:45:48+00:00\",\"description\":\"Compra Port\u00e1til ASUS Vivobook X1504VA con Intel i5, 12GB RAM y 512GB SSD. Potencia, dise\u00f1o azul y Windows 11 al mejor precio. \u00a1Mejora tu productividad hoy!\",\"breadcrumb\":{\"@id\":\"https:\\\/\\\/giftronic04.com\\\/index.php\\\/product\\\/portatil-asus-vivobook-15-x1504va-intel-core-i5-120u-12gb-ram-y-ssd-de-512gb-azul\\\/#breadcrumb\"},\"inLanguage\":\"es\",\"potentialAction\":[{\"@type\":\"ReadAction\",\"target\":[\"https:\\\/\\\/giftronic04.com\\\/index.php\\\/product\\\/portatil-asus-vivobook-15-x1504va-intel-core-i5-120u-12gb-ram-y-ssd-de-512gb-azul\\\/\"]}]},{\"@type\":\"ImageObject\",\"inLanguage\":\"es\",\"@id\":\"https:\\\/\\\/giftronic04.com\\\/index.php\\\/product\\\/portatil-asus-vivobook-15-x1504va-intel-core-i5-120u-12gb-ram-y-ssd-de-512gb-azul\\\/#primaryimage\",\"url\":\"https:\\\/\\\/giftronic04.com\\\/wp-content\\\/uploads\\\/2026\\\/02\\\/LOGO-7.jpg\",\"contentUrl\":\"https:\\\/\\\/giftronic04.com\\\/wp-content\\\/uploads\\\/2026\\\/02\\\/LOGO-7.jpg\",\"width\":2000,\"height\":2000,\"caption\":\"portatil asus vivobook 15 x1504va: intel core i5 120u 12gb ram y ssd de 512gb \u2013 azul\"},{\"@type\":\"BreadcrumbList\",\"@id\":\"https:\\\/\\\/giftronic04.com\\\/index.php\\\/product\\\/portatil-asus-vivobook-15-x1504va-intel-core-i5-120u-12gb-ram-y-ssd-de-512gb-azul\\\/#breadcrumb\",\"itemListElement\":[{\"@type\":\"ListItem\",\"position\":1,\"name\":\"Portada\",\"item\":\"https:\\\/\\\/giftronic04.com\\\/\"},{\"@type\":\"ListItem\",\"position\":2,\"name\":\"Tienda\",\"item\":\"https:\\\/\\\/giftronic04.com\\\/index.php\\\/shop\\\/\"},{\"@type\":\"ListItem\",\"position\":3,\"name\":\"Portatil ASUS Vivobook 15 X1504VA: Intel Core i5-120U 12GB RAM y SSD de 512GB \u2013 Azul\"}]},{\"@type\":\"WebSite\",\"@id\":\"https:\\\/\\\/giftronic04.com\\\/#website\",\"url\":\"https:\\\/\\\/giftronic04.com\\\/\",\"name\":\"Giftronic.04\",\"description\":\"Venta de equipos tecnologicos\",\"publisher\":{\"@id\":\"https:\\\/\\\/giftronic04.com\\\/#organization\"},\"potentialAction\":[{\"@type\":\"SearchAction\",\"target\":{\"@type\":\"EntryPoint\",\"urlTemplate\":\"https:\\\/\\\/giftronic04.com\\\/?s={search_term_string}\"},\"query-input\":{\"@type\":\"PropertyValueSpecification\",\"valueRequired\":true,\"valueName\":\"search_term_string\"}}],\"inLanguage\":\"es\"},{\"@type\":\"Organization\",\"@id\":\"https:\\\/\\\/giftronic04.com\\\/#organization\",\"name\":\"giftronic04\",\"url\":\"https:\\\/\\\/giftronic04.com\\\/\",\"logo\":{\"@type\":\"ImageObject\",\"inLanguage\":\"es\",\"@id\":\"https:\\\/\\\/giftronic04.com\\\/#\\\/schema\\\/logo\\\/image\\\/\",\"url\":\"https:\\\/\\\/giftronic04.com\\\/wp-content\\\/uploads\\\/2021\\\/08\\\/logo.png\",\"contentUrl\":\"https:\\\/\\\/giftronic04.com\\\/wp-content\\\/uploads\\\/2021\\\/08\\\/logo.png\",\"width\":6640,\"height\":2192,\"caption\":\"giftronic04\"},\"image\":{\"@id\":\"https:\\\/\\\/giftronic04.com\\\/#\\\/schema\\\/logo\\\/image\\\/\"},\"sameAs\":[\"https:\\\/\\\/www.instagram.com\\\/giftronic.04\\\/\"]}]}<\/script>\n<!-- \/ Yoast SEO plugin. -->","yoast_head_json":{"title":"Port\u00e1til ASUS Vivobook X1504VA Intel i5-120U 12GB RAM 512","description":"Compra Port\u00e1til ASUS Vivobook X1504VA con Intel i5, 12GB RAM y 512GB SSD. Potencia, dise\u00f1o azul y Windows 11 al mejor precio. \u00a1Mejora tu productividad hoy!","robots":{"index":"index","follow":"follow","max-snippet":"max-snippet:-1","max-image-preview":"max-image-preview:large","max-video-preview":"max-video-preview:-1"},"canonical":"https:\/\/giftronic04.com\/index.php\/product\/portatil-asus-vivobook-15-x1504va-intel-core-i5-120u-12gb-ram-y-ssd-de-512gb-azul\/","og_locale":"es_ES","og_type":"article","og_title":"Port\u00e1til ASUS Vivobook X1504VA Intel i5-120U 12GB RAM 512","og_description":"Compra Port\u00e1til ASUS Vivobook X1504VA con Intel i5, 12GB RAM y 512GB SSD. Potencia, dise\u00f1o azul y Windows 11 al mejor precio. \u00a1Mejora tu productividad hoy!","og_url":"https:\/\/giftronic04.com\/index.php\/product\/portatil-asus-vivobook-15-x1504va-intel-core-i5-120u-12gb-ram-y-ssd-de-512gb-azul\/","og_site_name":"Giftronic.04","article_modified_time":"2026-02-25T18:45:48+00:00","og_image":[{"width":2000,"height":2000,"url":"https:\/\/giftronic04.com\/wp-content\/uploads\/2026\/02\/LOGO-7.jpg","type":"image\/jpeg"}],"twitter_card":"summary_large_image","twitter_misc":{"Tiempo de lectura":"3 minutos"},"schema":{"@context":"https:\/\/schema.org","@graph":[{"@type":"WebPage","@id":"https:\/\/giftronic04.com\/index.php\/product\/portatil-asus-vivobook-15-x1504va-intel-core-i5-120u-12gb-ram-y-ssd-de-512gb-azul\/","url":"https:\/\/giftronic04.com\/index.php\/product\/portatil-asus-vivobook-15-x1504va-intel-core-i5-120u-12gb-ram-y-ssd-de-512gb-azul\/","name":"Port\u00e1til ASUS Vivobook X1504VA Intel i5-120U 12GB RAM 512","isPartOf":{"@id":"https:\/\/giftronic04.com\/#website"},"primaryImageOfPage":{"@id":"https:\/\/giftronic04.com\/index.php\/product\/portatil-asus-vivobook-15-x1504va-intel-core-i5-120u-12gb-ram-y-ssd-de-512gb-azul\/#primaryimage"},"image":{"@id":"https:\/\/giftronic04.com\/index.php\/product\/portatil-asus-vivobook-15-x1504va-intel-core-i5-120u-12gb-ram-y-ssd-de-512gb-azul\/#primaryimage"},"thumbnailUrl":"https:\/\/giftronic04.com\/wp-content\/uploads\/2026\/02\/LOGO-7.jpg","datePublished":"2026-02-25T18:35:33+00:00","dateModified":"2026-02-25T18:45:48+00:00","description":"Compra Port\u00e1til ASUS Vivobook X1504VA con Intel i5, 12GB RAM y 512GB SSD. Potencia, dise\u00f1o azul y Windows 11 al mejor precio. \u00a1Mejora tu productividad hoy!","breadcrumb":{"@id":"https:\/\/giftronic04.com\/index.php\/product\/portatil-asus-vivobook-15-x1504va-intel-core-i5-120u-12gb-ram-y-ssd-de-512gb-azul\/#breadcrumb"},"inLanguage":"es","potentialAction":[{"@type":"ReadAction","target":["https:\/\/giftronic04.com\/index.php\/product\/portatil-asus-vivobook-15-x1504va-intel-core-i5-120u-12gb-ram-y-ssd-de-512gb-azul\/"]}]},{"@type":"ImageObject","inLanguage":"es","@id":"https:\/\/giftronic04.com\/index.php\/product\/portatil-asus-vivobook-15-x1504va-intel-core-i5-120u-12gb-ram-y-ssd-de-512gb-azul\/#primaryimage","url":"https:\/\/giftronic04.com\/wp-content\/uploads\/2026\/02\/LOGO-7.jpg","contentUrl":"https:\/\/giftronic04.com\/wp-content\/uploads\/2026\/02\/LOGO-7.jpg","width":2000,"height":2000,"caption":"portatil asus vivobook 15 x1504va: intel core i5 120u 12gb ram y ssd de 512gb \u2013 azul"},{"@type":"BreadcrumbList","@id":"https:\/\/giftronic04.com\/index.php\/product\/portatil-asus-vivobook-15-x1504va-intel-core-i5-120u-12gb-ram-y-ssd-de-512gb-azul\/#breadcrumb","itemListElement":[{"@type":"ListItem","position":1,"name":"Portada","item":"https:\/\/giftronic04.com\/"},{"@type":"ListItem","position":2,"name":"Tienda","item":"https:\/\/giftronic04.com\/index.php\/shop\/"},{"@type":"ListItem","position":3,"name":"Portatil ASUS Vivobook 15 X1504VA: Intel Core i5-120U 12GB RAM y SSD de 512GB \u2013 Azul"}]},{"@type":"WebSite","@id":"https:\/\/giftronic04.com\/#website","url":"https:\/\/giftronic04.com\/","name":"Giftronic.04","description":"Venta de equipos tecnologicos","publisher":{"@id":"https:\/\/giftronic04.com\/#organization"},"potentialAction":[{"@type":"SearchAction","target":{"@type":"EntryPoint","urlTemplate":"https:\/\/giftronic04.com\/?s={search_term_string}"},"query-input":{"@type":"PropertyValueSpecification","valueRequired":true,"valueName":"search_term_string"}}],"inLanguage":"es"},{"@type":"Organization","@id":"https:\/\/giftronic04.com\/#organization","name":"giftronic04","url":"https:\/\/giftronic04.com\/","logo":{"@type":"ImageObject","inLanguage":"es","@id":"https:\/\/giftronic04.com\/#\/schema\/logo\/image\/","url":"https:\/\/giftronic04.com\/wp-content\/uploads\/2021\/08\/logo.png","contentUrl":"https:\/\/giftronic04.com\/wp-content\/uploads\/2021\/08\/logo.png","width":6640,"height":2192,"caption":"giftronic04"},"image":{"@id":"https:\/\/giftronic04.com\/#\/schema\/logo\/image\/"},"sameAs":["https:\/\/www.instagram.com\/giftronic.04\/"]}]}},"jetpack_sharing_enabled":true,"_links":{"self":[{"href":"https:\/\/giftronic04.com\/index.php\/wp-json\/wp\/v2\/product\/9992","targetHints":{"allow":["GET"]}}],"collection":[{"href":"https:\/\/giftronic04.com\/index.php\/wp-json\/wp\/v2\/product"}],"about":[{"href":"https:\/\/giftronic04.com\/index.php\/wp-json\/wp\/v2\/types\/product"}],"replies":[{"embeddable":true,"href":"https:\/\/giftronic04.com\/index.php\/wp-json\/wp\/v2\/comments?post=9992"}],"wp:featuredmedia":[{"embeddable":true,"href":"https:\/\/giftronic04.com\/index.php\/wp-json\/wp\/v2\/media\/9993"}],"wp:attachment":[{"href":"https:\/\/giftronic04.com\/index.php\/wp-json\/wp\/v2\/media?parent=9992"}],"wp:term":[{"taxonomy":"product_brand","embeddable":true,"href":"https:\/\/giftronic04.com\/index.php\/wp-json\/wp\/v2\/product_brand?post=9992"},{"taxonomy":"product_cat","embeddable":true,"href":"https:\/\/giftronic04.com\/index.php\/wp-json\/wp\/v2\/product_cat?post=9992"},{"taxonomy":"product_tag","embeddable":true,"href":"https:\/\/giftronic04.com\/index.php\/wp-json\/wp\/v2\/product_tag?post=9992"}],"curies":[{"name":"wp","href":"https:\/\/api.w.org\/{rel}","templated":true}]}}